{"id":825,"date":"2023-07-19T19:28:20","date_gmt":"2023-07-19T22:28:20","guid":{"rendered":"https:\/\/portal.uern.br\/paudosferros\/cienciaseconomicas\/?page_id=825"},"modified":"2025-01-29T10:35:55","modified_gmt":"2025-01-29T13:35:55","slug":"seder","status":"publish","type":"page","link":"https:\/\/portal.uern.br\/paudosferros\/cienciaseconomicas\/seder\/","title":{"rendered":"VI SEDER"},"content":{"rendered":"<p><img fetchpriority=\"high\" decoding=\"async\" src=\"https:\/\/www.uern.br\/controledepaginas\/SEDER\/imagens\/4281logo_seder.jpg\" alt=\"\" width=\"500\" height=\"409\" \/><\/p>\n<p>VI Semana de Estudos em Desenvolvimento Regional (VI SEDER)<\/p>\n<p><a href=\"https:\/\/www.uern.br\/controledepaginas\/eventos-do-curso\/arquivos\/4281primeira_circular_seder_2019_.pdf\">1\u00ba Circular<\/a><\/p>\n<p><a href=\"https:\/\/www.uern.br\/controledepaginas\/eventos-do-curso\/arquivos\/4281segunda_circular_vi_seder_2019.pdf\">2\u00ba Circular<\/a><\/p>\n<p><a href=\"https:\/\/www.uern.br\/controledepaginas\/eventos-do-curso\/arquivos\/4281terceira_circular_vi_seder_2019.pdf\" target=\"_blank\" rel=\"noopener\">3\u00ba Circular<\/a><\/p>\n<p><a href=\"https:\/\/www.uern.br\/controledepaginas\/SEDER\/arquivos\/4281quarta_circular_vi_seder_2019_em_22.07.2019.pdf\" target=\"_blank\" rel=\"noopener\">4\u00ba Circular<\/a><\/p>\n<p><a href=\"https:\/\/www.uern.br\/controledepaginas\/\/arquivos\/0000template_vi_seder_2019.zip\" target=\"_blank\" rel=\"noopener\">Template<\/a><\/p>\n<p><a href=\"https:\/\/www.uern.br\/controledepaginas\/\/arquivos\/0000vi_seder_2019_formula%C2%A1rio_inscria%C2%A7a%C2%A3o.zip\" target=\"_blank\" rel=\"noopener\">Formul\u00e1rio de Inscri\u00e7\u00e3o do participante<\/a><\/p>\n<p><a href=\"https:\/\/www.uern.br\/controledepaginas\/SEDER\/arquivos\/4281folder_vi_seder_2019_divulgaa%C2%A7a%C2%A3o.pdf\" target=\"_blank\" rel=\"noopener\">\u00a0<\/a><a href=\"https:\/\/www.uern.br\/controledepaginas\/SEDER\/arquivos\/4281programaa%E2%80%A1ao_final_vi_seder.pdf\" target=\"_blank\" rel=\"noopener\">\u00a0Programa\u00e7\u00e3o<\/a><\/p>\n<p><a href=\"https:\/\/www.uern.br\/controledepaginas\/SEDER\/arquivos\/4281anais_vi_seder_2019.pdf\" target=\"_blank\" rel=\"noopener\">Anais VI SEDER\u00a0<\/a><\/p>\n<p><a href=\"https:\/\/www.uern.br\/controledepaginas\/SEDER\/arquivos\/4281ebook_vi_seder_final.pdf\" target=\"_blank\" rel=\"noopener\">Ebook_VI_SEDER<\/a><\/p>\n","protected":false},"excerpt":{"rendered":"<p>VI Semana de Estudos em Desenvolvimento Regional (VI SEDER) 1\u00ba Circular 2\u00ba Circular 3\u00ba Circular 4\u00ba Circular Template Formul\u00e1rio de Inscri\u00e7\u00e3o do participante \u00a0\u00a0Programa\u00e7\u00e3o Anais VI SEDER\u00a0 Ebook_VI_SEDER<\/p>\n","protected":false},"author":1,"featured_media":0,"parent":0,"menu_order":0,"comment_status":"closed","ping_status":"closed","template":"","meta":{"footnotes":""},"class_list":["post-825","page","type-page","status-publish","hentry"],"_links":{"self":[{"href":"https:\/\/portal.uern.br\/paudosferros\/cienciaseconomicas\/wp-json\/wp\/v2\/pages\/825","targetHints":{"allow":["GET"]}}],"collection":[{"href":"https:\/\/portal.uern.br\/paudosferros\/cienciaseconomicas\/wp-json\/wp\/v2\/pages"}],"about":[{"href":"https:\/\/portal.uern.br\/paudosferros\/cienciaseconomicas\/wp-json\/wp\/v2\/types\/page"}],"author":[{"embeddable":true,"href":"https:\/\/portal.uern.br\/paudosferros\/cienciaseconomicas\/wp-json\/wp\/v2\/users\/1"}],"replies":[{"embeddable":true,"href":"https:\/\/portal.uern.br\/paudosferros\/cienciaseconomicas\/wp-json\/wp\/v2\/comments?post=825"}],"version-history":[{"count":2,"href":"https:\/\/portal.uern.br\/paudosferros\/cienciaseconomicas\/wp-json\/wp\/v2\/pages\/825\/revisions"}],"predecessor-version":[{"id":1933,"href":"https:\/\/portal.uern.br\/paudosferros\/cienciaseconomicas\/wp-json\/wp\/v2\/pages\/825\/revisions\/1933"}],"wp:attachment":[{"href":"https:\/\/portal.uern.br\/paudosferros\/cienciaseconomicas\/wp-json\/wp\/v2\/media?parent=825"}],"curies":[{"name":"wp","href":"https:\/\/api.w.org\/{rel}","templated":true}]}}