{"id":823,"date":"2023-07-19T19:26:51","date_gmt":"2023-07-19T22:26:51","guid":{"rendered":"https:\/\/portal.uern.br\/paudosferros\/cienciaseconomicas\/?page_id=823"},"modified":"2023-07-19T19:26:51","modified_gmt":"2023-07-19T22:26:51","slug":"concluintes-2022-2","status":"publish","type":"page","link":"https:\/\/portal.uern.br\/paudosferros\/cienciaseconomicas\/concluintes-2022-2\/","title":{"rendered":"Concluintes 2022.2"},"content":{"rendered":"<p><strong>NOME:<\/strong>Adri\u00e9la Mycol da Silva<\/p>\n<p><strong>T\u00cdTULO:<\/strong>\u00a0INFORMALIDADE E AS FORMAS CONTEMPOR\u00c2NEAS DE EXPLORA\u00c7\u00c3O DO TRABALHO: O CASO DAS REVENDEDORAS DE COSM\u00c9TICOS NO MUNIC\u00cdPIO DE JOS\u00c9 DA PENHA\/RN<\/p>\n<p><a href=\"http:\/\/www.uern.br\/controledepaginas\/Concluintes%202022.2\/arquivos\/7361monografia_adria%C2%A9la_mycol_da_silva_versa%C2%A3o_final_assinada.pdf\" target=\"_blank\" rel=\"noopener\">Monografia Completa<\/a><\/p>\n<hr \/>\n<p><strong>NOME:\u00a0<\/strong>Antonio Ivanildo Cavalcante J\u00fanior<\/p>\n<p><strong>T\u00cdTULO:<\/strong><\/p>\n<p>Monografia Completa<\/p>\n<hr \/>\n<p><strong>NOME:\u00a0<\/strong>Carlos Rangel de Freitas Meneses<\/p>\n<p><strong>T\u00cdTULO:<\/strong>\u00a0EFEITOS DO ENDIVIDAMENTO P\u00daBLICO NO CRESCIMENTO ECON\u00d4MICO: UMA AN\u00c1LISE PARA A ECONOMIA BRASILEIRA ENTRE 2002 \u2013 2022<\/p>\n<p><a href=\"http:\/\/www.uern.br\/controledepaginas\/Concluintes%202022.2\/arquivos\/7361monografia_completa_de_carlos_rangel_versao_2._assinado_assinado_assinado_assinado_(1).pdf\" target=\"_blank\" rel=\"noopener\">Monografia Completa<\/a><\/p>\n<hr \/>\n<p><strong>NOME:<\/strong>Deise Dantas de Oliveira Alencar<\/p>\n<p><strong>T\u00cdTULO:<\/strong>\u00a0MOEDAS VIRTUAIS: PRINCIPAIS RISCOS E A REGULAMENTA\u00c7\u00c3O NO BRASIL<\/p>\n<p><a href=\"http:\/\/www.uern.br\/controledepaginas\/Concluintes%202022.2\/arquivos\/7361monografia_ii_deise_dantas_assinada.pdf\" target=\"_blank\" rel=\"noopener\">Monografia Completa<\/a><\/p>\n<hr \/>\n<p><strong>NOME:\u00a0<\/strong>Kassia Tamires Nascimento Oliveira<\/p>\n<p><strong>T\u00cdTULO:<\/strong>\u00a0DETERMINANTES DA EXPANS\u00c3O URBANA EM S\u00c3O MIGUEL\/RN NO S\u00c9CULO XXI<\/p>\n<p><a href=\"http:\/\/www.uern.br\/controledepaginas\/Concluintes%202022.2\/arquivos\/7361mono_kassia_tamires_deposito_final_1_29_assinado29_assinado.pdf\" target=\"_blank\" rel=\"noopener\">Monografia Completa<\/a><\/p>\n<hr \/>\n<p><strong>NOME:\u00a0<\/strong>Maria Luiza do nascimento Lins<\/p>\n<p><strong>T\u00cdTULO:<\/strong>\u00a0PRINCIPAIS SEMELHAN\u00c7AS E DIFEREN\u00c7AS ENTRE AS CRISES DE 1929 E 2008<\/p>\n<p><a href=\"http:\/\/www.uern.br\/controledepaginas\/Concluintes%202022.2\/arquivos\/7361monografia_maria_luiza_do_nascimento_lins_assinado_2.pdf\" target=\"_blank\" rel=\"noopener\">Monografia Completa<\/a><\/p>\n<hr \/>\n<p><strong>NOME:\u00a0<\/strong>Mayara Maria Saturno da Silva<\/p>\n<p><strong>T\u00cdTULO:<\/strong>\u00a0PERFIL SOCIOECON\u00d4MICO DOS USU\u00c1RIOS DE EMPR\u00c9STIMOS CONSIGNADOS NO MUNIC\u00cdPIO DE ALEXANDRIA-RN<\/p>\n<p><a href=\"http:\/\/www.uern.br\/controledepaginas\/Concluintes%202022.2\/arquivos\/7361tcc_mayara_silva_versao_final_assinado_assinado_assinado_(1)_assinado.pdf\" target=\"_blank\" rel=\"noopener\">Monografia Completa<\/a><\/p>\n","protected":false},"excerpt":{"rendered":"<p>NOME:Adri\u00e9la Mycol da Silva T\u00cdTULO:\u00a0INFORMALIDADE E AS FORMAS CONTEMPOR\u00c2NEAS DE EXPLORA\u00c7\u00c3O DO TRABALHO: O CASO DAS REVENDEDORAS DE COSM\u00c9TICOS NO MUNIC\u00cdPIO DE JOS\u00c9 DA PENHA\/RN Monografia Completa NOME:\u00a0Antonio Ivanildo Cavalcante J\u00fanior T\u00cdTULO: Monografia Completa NOME:\u00a0Carlos Rangel de Freitas Meneses T\u00cdTULO:\u00a0EFEITOS DO ENDIVIDAMENTO P\u00daBLICO NO CRESCIMENTO ECON\u00d4MICO: UMA AN\u00c1LISE PARA A ECONOMIA BRASILEIRA ENTRE 2002 \u2013 [&hellip;]<\/p>\n","protected":false},"author":1,"featured_media":0,"parent":0,"menu_order":0,"comment_status":"closed","ping_status":"closed","template":"","meta":{"footnotes":""},"class_list":["post-823","page","type-page","status-publish","hentry"],"_links":{"self":[{"href":"https:\/\/portal.uern.br\/paudosferros\/cienciaseconomicas\/wp-json\/wp\/v2\/pages\/823","targetHints":{"allow":["GET"]}}],"collection":[{"href":"https:\/\/portal.uern.br\/paudosferros\/cienciaseconomicas\/wp-json\/wp\/v2\/pages"}],"about":[{"href":"https:\/\/portal.uern.br\/paudosferros\/cienciaseconomicas\/wp-json\/wp\/v2\/types\/page"}],"author":[{"embeddable":true,"href":"https:\/\/portal.uern.br\/paudosferros\/cienciaseconomicas\/wp-json\/wp\/v2\/users\/1"}],"replies":[{"embeddable":true,"href":"https:\/\/portal.uern.br\/paudosferros\/cienciaseconomicas\/wp-json\/wp\/v2\/comments?post=823"}],"version-history":[{"count":1,"href":"https:\/\/portal.uern.br\/paudosferros\/cienciaseconomicas\/wp-json\/wp\/v2\/pages\/823\/revisions"}],"predecessor-version":[{"id":824,"href":"https:\/\/portal.uern.br\/paudosferros\/cienciaseconomicas\/wp-json\/wp\/v2\/pages\/823\/revisions\/824"}],"wp:attachment":[{"href":"https:\/\/portal.uern.br\/paudosferros\/cienciaseconomicas\/wp-json\/wp\/v2\/media?parent=823"}],"curies":[{"name":"wp","href":"https:\/\/api.w.org\/{rel}","templated":true}]}}