{"id":821,"date":"2023-07-19T19:26:29","date_gmt":"2023-07-19T22:26:29","guid":{"rendered":"https:\/\/portal.uern.br\/paudosferros\/cienciaseconomicas\/?page_id=821"},"modified":"2023-07-19T19:26:29","modified_gmt":"2023-07-19T22:26:29","slug":"concluintes-2021-2","status":"publish","type":"page","link":"https:\/\/portal.uern.br\/paudosferros\/cienciaseconomicas\/concluintes-2021-2\/","title":{"rendered":"Concluintes 2021.2"},"content":{"rendered":"<p><strong>NOME:\u00a0<\/strong>Alexandra Ingrid Medeiros de Lima<\/p>\n<p><strong>T\u00cdTULO:<\/strong>\u00a0<span class=\"fontstyle0\">AGRICULTURA FAMILIAR E SUCESS\u00c3O HEREDIT\u00c1RIA: ESTUDO DE CASO NO MUNIC\u00cdPIO DE ERER\u00c9\/CE &#8211; 2021<\/span><\/p>\n<p><a href=\"http:\/\/www.uern.br\/controledepaginas\/Monografia%202021.2\/arquivos\/7360monografia_alexandra_ingrid_medeiros_de_lima.pdf\" target=\"_blank\" rel=\"noopener\">Monografia Completa<\/a><\/p>\n<hr \/>\n<p><strong>NOME:\u00a0<\/strong>Ana Paula Batista do Nascimento<\/p>\n<p><strong>T\u00cdTULO:<\/strong>\u00a0O PAPEL DO PRONAF E O DESENVOLVIMENTO RURAL NO ALTO OESTE POTIGUAR: ESTUDO DO MUNIC\u00cdPIO DE MARCELINO VIEIRA\/RN<strong><br \/>\n<\/strong><\/p>\n<p><a href=\"http:\/\/www.uern.br\/controledepaginas\/Monografia%202021.2\/arquivos\/7360monografia_de_ana_paula_batista_do_nascimento_(versa%C2%A3o_final_depa%E2%80%9Csito)_08.06.22.pdf\" target=\"_blank\" rel=\"noopener\">Monografia Completa<\/a><\/p>\n<hr \/>\n<p><strong>NOME:<\/strong>\u00a0Ant\u00f4nia Nat\u00e1lia Bezerra Am\u00e2ncio<\/p>\n<p><strong>T\u00cdTULO:<\/strong>\u00a0<span class=\"fontstyle0\">CONCENTRA\u00c7\u00c3O DE MERCADO NOS SERVI\u00c7OS DE INTERNET BANDA LARGA FIXA PARA O ESTADO DO RIO GRANDE DO NORTE: UMA AN\u00c1LISE PARA O PER\u00cdODO 2017 A 2021<\/span><\/p>\n<p><a href=\"http:\/\/www.uern.br\/controledepaginas\/Monografia%202021.2\/arquivos\/7360monografia_natalia_amancio_entregue_dia_15.06.pdf\" target=\"_blank\" rel=\"noopener\">Monografia Completa<\/a><\/p>\n<hr \/>\n<p><strong>NOME:\u00a0<\/strong>Ant\u00f4nio Sobrinho de Oliveira<\/p>\n<p><strong>T\u00cdTULO:<\/strong>\u00a0<span class=\"fontstyle0\">EDUCA\u00c7\u00c3O FINANCEIRA E GEST\u00c3O FINANCEIRA FAMILIAR: UM ESTUDO DE CASO NO MUNIC\u00cdPIO DE RIACHO DA CRUZ\/RN<\/span><\/p>\n<p><a href=\"http:\/\/www.uern.br\/controledepaginas\/Monografia%202021.2\/arquivos\/7360monografia_ii_anta%C2%B4nio_sobrinho_de_oliveira_2021.2.pdf\" target=\"_blank\" rel=\"noopener\">Monografia Completa<\/a><\/p>\n<hr \/>\n<p><strong>NOME:<\/strong>\u00a0Eric Neres Vieira<\/p>\n<p><strong>T\u00cdTULO:<\/strong>\u00a0A CENTRALIDADE URBANA E A EXPANS\u00c3O DO TERCI\u00c1RIO DAS CIDADES INTERMEDI\u00c1RIAS: UM ESTUDO DE CASO PAU DOS FERROS-RN (2010-2020)<\/p>\n<p><a href=\"http:\/\/www.uern.br\/controledepaginas\/Monografia%202021.2\/arquivos\/7360monografia_de_eric_(depa%C2%B3sito_final)_assinada_13.06.22.pdf\" target=\"_blank\" rel=\"noopener\">Monografia Completa<\/a><\/p>\n<hr \/>\n<p><strong>NOME:\u00a0<\/strong>Gabriel Pedro da Silva<\/p>\n<p><strong>T\u00cdTULO:<\/strong>\u00a0<span class=\"fontstyle0\">DESENVOLVIMENTO TERRITORIAL E O PROGRAMA DE MICROEMPREENDEDOR INDIVIDUAL EM QUATRO MUNIC\u00cdPIOS DO RIO GRANDE DO NORTE ENTRE 2020 E 2022<\/span><\/p>\n<p><a href=\"http:\/\/www.uern.br\/controledepaginas\/Monografia%202021.2\/arquivos\/7360monografia_final_gabriel_pedro_da_silva.pdf\" target=\"_blank\" rel=\"noopener\">Monografia Completa<\/a><\/p>\n<hr \/>\n<p><strong>NOME:<\/strong>\u00a0Luciana Maria da Silva<\/p>\n<p><strong>T\u00cdTULO:<\/strong>\u00a0<span class=\"fontstyle0\">O IMPACTO DO GASTO P\u00daBLICO DESAGREGADO SOBRE O CRESCIMENTO ECON\u00d4MICO: UMA AN\u00c1LISE PARA OS ESTADOS BRASILEIROS ENTRE 2002 E 2018<\/span><\/p>\n<p><a href=\"http:\/\/www.uern.br\/controledepaginas\/Monografia%202021.2\/arquivos\/7360monografia_depa%C2%B3sito_final_luciana_maria_da_silva.pdf\" target=\"_blank\" rel=\"noopener\">Monografia Completa<\/a><\/p>\n<hr \/>\n<p><strong>NOME:<\/strong>\u00a0Paula Priscilla Rodrigues Maia<\/p>\n<p><strong>T\u00cdTULO:<\/strong>\u00a0<span class=\"fontstyle0\">A INSER\u00c7\u00c3O DA MULHER NO MERCADO DE TRABALHO NO MUNIC\u00cdPIO DA ITA\u00da-RN<\/span><\/p>\n<p><a href=\"http:\/\/www.uern.br\/controledepaginas\/Monografia%202021.2\/arquivos\/7360monografia_paula_priscilla_rodrigues_maia.pdf\" target=\"_blank\" rel=\"noopener\">Monografia Completa<\/a><\/p>\n<hr \/>\n<p><strong>NOME:<\/strong>\u00a0Ronaria Nayane Santos da Silva<\/p>\n<p><strong>T\u00cdTULO:<\/strong>\u00a0<span class=\"fontstyle0\">EXPANS\u00c3O DA ENERGIA FOTOVOLTAICA NO RIO GRANDE DO NORTE: EFICI\u00caNCIA, VIABILIDADE ECON\u00d4MICA E SUSTENTABILIDADE<\/span><\/p>\n<p><a href=\"http:\/\/www.uern.br\/controledepaginas\/Monografia%202021.2\/arquivos\/7360monografia_ronaria_nayane_santos_da_silva_deposito_final_termo_assinado.pdf\" target=\"_blank\" rel=\"noopener\">Monografia Completa<\/a><\/p>\n<hr \/>\n<p><strong>NOME:<\/strong>\u00a0Vanessa da Silva Oliveira<\/p>\n<p><strong>T\u00cdTULO:<\/strong>\u00a0<span class=\"fontstyle0\">OS CANAIS DE COMERCIALIZA\u00c7\u00c3O DA AGRICULTURA FAMILIAR EM S\u00c3O MIGUEL\/RN NO CONTEXTO DA PANDEMIA DE COVID-19: AN\u00c1LISE ECON\u00d4MICA COMPARATIVA DA FEIRA LIVRE E DA FEIRA AGROECOL\u00d3GICA (2021\/2022)<\/span><\/p>\n<p><a href=\"http:\/\/www.uern.br\/controledepaginas\/Monografia%202021.2\/arquivos\/7360monografia_(versa%C2%A3o_final)_vanessa_da_silva_oliveira.pdf\" target=\"_blank\" rel=\"noopener\">Monografia Completa<\/a><\/p>\n","protected":false},"excerpt":{"rendered":"<p>NOME:\u00a0Alexandra Ingrid Medeiros de Lima T\u00cdTULO:\u00a0AGRICULTURA FAMILIAR E SUCESS\u00c3O HEREDIT\u00c1RIA: ESTUDO DE CASO NO MUNIC\u00cdPIO DE ERER\u00c9\/CE &#8211; 2021 Monografia Completa NOME:\u00a0Ana Paula Batista do Nascimento T\u00cdTULO:\u00a0O PAPEL DO PRONAF E O DESENVOLVIMENTO RURAL NO ALTO OESTE POTIGUAR: ESTUDO DO MUNIC\u00cdPIO DE MARCELINO VIEIRA\/RN Monografia Completa NOME:\u00a0Ant\u00f4nia Nat\u00e1lia Bezerra Am\u00e2ncio T\u00cdTULO:\u00a0CONCENTRA\u00c7\u00c3O DE MERCADO NOS SERVI\u00c7OS [&hellip;]<\/p>\n","protected":false},"author":1,"featured_media":0,"parent":0,"menu_order":0,"comment_status":"closed","ping_status":"closed","template":"","meta":{"footnotes":""},"class_list":["post-821","page","type-page","status-publish","hentry"],"_links":{"self":[{"href":"https:\/\/portal.uern.br\/paudosferros\/cienciaseconomicas\/wp-json\/wp\/v2\/pages\/821","targetHints":{"allow":["GET"]}}],"collection":[{"href":"https:\/\/portal.uern.br\/paudosferros\/cienciaseconomicas\/wp-json\/wp\/v2\/pages"}],"about":[{"href":"https:\/\/portal.uern.br\/paudosferros\/cienciaseconomicas\/wp-json\/wp\/v2\/types\/page"}],"author":[{"embeddable":true,"href":"https:\/\/portal.uern.br\/paudosferros\/cienciaseconomicas\/wp-json\/wp\/v2\/users\/1"}],"replies":[{"embeddable":true,"href":"https:\/\/portal.uern.br\/paudosferros\/cienciaseconomicas\/wp-json\/wp\/v2\/comments?post=821"}],"version-history":[{"count":1,"href":"https:\/\/portal.uern.br\/paudosferros\/cienciaseconomicas\/wp-json\/wp\/v2\/pages\/821\/revisions"}],"predecessor-version":[{"id":822,"href":"https:\/\/portal.uern.br\/paudosferros\/cienciaseconomicas\/wp-json\/wp\/v2\/pages\/821\/revisions\/822"}],"wp:attachment":[{"href":"https:\/\/portal.uern.br\/paudosferros\/cienciaseconomicas\/wp-json\/wp\/v2\/media?parent=821"}],"curies":[{"name":"wp","href":"https:\/\/api.w.org\/{rel}","templated":true}]}}