{"id":819,"date":"2023-07-19T19:25:49","date_gmt":"2023-07-19T22:25:49","guid":{"rendered":"https:\/\/portal.uern.br\/paudosferros\/cienciaseconomicas\/?page_id=819"},"modified":"2023-07-19T19:25:49","modified_gmt":"2023-07-19T22:25:49","slug":"concluintes-2020-2","status":"publish","type":"page","link":"https:\/\/portal.uern.br\/paudosferros\/cienciaseconomicas\/concluintes-2020-2\/","title":{"rendered":"Concluintes 2020.2"},"content":{"rendered":"<p><strong>NOME:\u00a0<\/strong>AMANDA RAYANE DE LIMA FERREIRA<\/p>\n<p><strong>T\u00cdTULO:<\/strong>\u00a0A ATUA\u00c7\u00c3O DA MULHER NO MERCADO DE TRABALHO: UM ENFOQUE SOBRE A CIDADE DE PAU DOS FERROS \u2013 RN (2010-2019)<\/p>\n<p><a href=\"http:\/\/www.uern.br\/controledepaginas\/Concluintes%202020.2\/arquivos\/6390monografia_5.pdf\" target=\"_blank\" rel=\"noopener\">Monografia Completa<\/a><\/p>\n<hr \/>\n<p><strong>NOME:<\/strong>\u00a0AROLDO DE FREITAS JUNIOR<\/p>\n<p><strong>T\u00cdTULO:<\/strong>\u00a0EFEITOS DOS CHOQUES DE POL\u00cdTICA MONET\u00c1RIA SOBRE AS TAXAS DE INFLA\u00c7\u00c3O DESAGREGADAS: UMA AN\u00c1LISE A PARTIR DE UM TVP-VAR ENTRE 2003 E 2020<\/p>\n<p><a href=\"http:\/\/www.uern.br\/controledepaginas\/Concluintes%202020.2\/arquivos\/6390monografia_final.pdf\" target=\"_blank\" rel=\"noopener\">Monografia Completa<\/a><\/p>\n<hr \/>\n<p><strong>NOME:<\/strong>\u00a0DHIEGO C\u00c2MARA DE ARAUJO<\/p>\n<p><strong>T\u00cdTULO:<\/strong>\u00a0A ECONOMIA CRIATIVA: ESTUDO DO SETOR FONOGR\u00c1FICO EM PAU DOS FERROS-RN<\/p>\n<p><a href=\"http:\/\/www.uern.br\/controledepaginas\/Concluintes%202020.2\/arquivos\/6390monografia_economia_criativa_assinada.pdf\" target=\"_blank\" rel=\"noopener\">Monografia Completa<\/a><\/p>\n<hr \/>\n<p><strong>NOME:<\/strong>\u00a0FERNANDA RAFAELA GERMANO DE LIMA<\/p>\n<p><strong>T\u00cdTULO:<\/strong>\u00a0O SUS E SEUS 30 ANOS: A TRAJET\u00d3RIA ECON\u00d4MICA DO SISTEMA P\u00daBLICO DE SA\u00daDE BRASILEIRO, DA ORIGEM A PANDEMIA<\/p>\n<p><a href=\"http:\/\/www.uern.br\/controledepaginas\/Concluintes%202020.2\/arquivos\/6390o_sus_e_seus_30_anos_a_trajeta%E2%80%9Cria_econa%E2%80%9Dmica_do_sistema_pa%C5%A1blico_de_saa%C5%A1de_brasileiro_da_origem_a_pandemia_(1).pdf\" target=\"_blank\" rel=\"noopener\">Monografia Completa<\/a><\/p>\n<hr \/>\n<p><strong>NOME:<\/strong>\u00a0FRANCISCO F\u00c1BIO PINHEIRO<\/p>\n<p><strong>T\u00cdTULO:<\/strong>\u00a0IMPACTOS DA PANDEMIA DA COVID-19 NO COM\u00c9RCIO VAREJISTA: UM ESTUDO DE CASO EM S\u00c3O MIGUEL RN<\/p>\n<p><a href=\"http:\/\/www.uern.br\/controledepaginas\/Concluintes%202020.2\/arquivos\/6390tcc_fa%C2%A1bio.pdf\" target=\"_blank\" rel=\"noopener\">Monografia Completa<\/a><\/p>\n<hr \/>\n<p><strong>NOME:<\/strong>\u00a0MARIA DO SOCORRO DOS SANTOS<\/p>\n<p><strong>T\u00cdTULO:<\/strong>\u00a0OS IMPACTOS DA PANDEMIA DA COVID-19 NO TRABALHO INFORMAL EM ALEXANDRIA\/RN: UM ESTUDO DE CASO.<\/p>\n<p><a href=\"http:\/\/www.uern.br\/controledepaginas\/Concluintes%202020.2\/arquivos\/6390monografia_maria_versao4_convertido.pdf\" target=\"_blank\" rel=\"noopener\">Monografia Completa<\/a><\/p>\n<hr \/>\n<p><strong>NOME:<\/strong>\u00a0PAULO HENRIQUE OLIVEIRA LEITE<\/p>\n<p><strong>T\u00cdTULO:<\/strong>\u00a0COM\u00c9RCIO VAREJISTA EM TEMPOS DE PANDEMIA: UM ESTUDO DE CASO EM S\u00c3O BERNARDO DO CAMPO\/SP<\/p>\n<p><a href=\"http:\/\/www.uern.br\/controledepaginas\/Concluintes%202020.2\/arquivos\/6390leite_paulo_h._o._monografia_depa%C2%B3sito_final_15_jul_2021_assinada.pdf\" target=\"_blank\" rel=\"noopener\">Monografia Completa<\/a><\/p>\n<hr \/>\n<p><strong>NOME:<\/strong>\u00a0RAFAEL FERREIRA DOS SANTOS<\/p>\n<p><strong>T\u00cdTULO:<\/strong>\u00a0DISTRIBUI\u00c7\u00c3O DOS ROYALTIES, DESENVOLVIMENTO E CRESCIMENTO ECON\u00d4MICO PARA OS MUN\u00cdC\u00cdPIOS POTIGUARES NO PER\u00cdODO 2005 A 2016: UMA AN\u00c1LISE DE VETORES AUTORREGRESSIVOS PARA DADOS EM PAINEL (PVAR)<\/p>\n<p><a href=\"http:\/\/www.uern.br\/controledepaginas\/Concluintes%202020.2\/arquivos\/6390monografia_rafael_(1).pdf\" target=\"_blank\" rel=\"noopener\">Monografia Completa<\/a><\/p>\n<hr \/>\n<p><strong>NOME:<\/strong>\u00a0RENATA KATIELE DA COSTA SANTIAGO<\/p>\n<p><strong>T\u00cdTULO:<\/strong>\u00a0A PECU\u00c1RIA DA BOVINOCULTURA LEITEIRA NAS PEQUENAS PROPRIEDADES RURAIS: UMA AN\u00c1LISE COMPARATIVA ENTRE AS MICRORREGI\u00d5ES BAIXO JAGUARIBE-CE E PAU DOS FERROS-RN<\/p>\n<p><a href=\"http:\/\/www.uern.br\/controledepaginas\/Concluintes%202020.2\/arquivos\/6390tcc_renata_katiele.pdf\" target=\"_blank\" rel=\"noopener\">Monografia Completa<\/a><\/p>\n<hr \/>\n<p><strong>NOME:\u00a0<\/strong>RENATO ISMAEL CAETANO DE SOUZA<\/p>\n<p><strong>T\u00cdTULO:<\/strong>\u00a0PRECARIZA\u00c7\u00c3O DO TRABALHO, E AS SUAS REPERCUSS\u00d5ES NO DESENVOLVIMENTO AO LONGO DA HIST\u00d3RIA PAU DOS FERROS &#8211; RN<\/p>\n<p><a href=\"http:\/\/www.uern.br\/controledepaginas\/Concluintes%202020.2\/arquivos\/6390renato_ismael_caetano_de_souza.pdf\" target=\"_blank\" rel=\"noopener\">Monografia completa<\/a><\/p>\n","protected":false},"excerpt":{"rendered":"<p>NOME:\u00a0AMANDA RAYANE DE LIMA FERREIRA T\u00cdTULO:\u00a0A ATUA\u00c7\u00c3O DA MULHER NO MERCADO DE TRABALHO: UM ENFOQUE SOBRE A CIDADE DE PAU DOS FERROS \u2013 RN (2010-2019) Monografia Completa NOME:\u00a0AROLDO DE FREITAS JUNIOR T\u00cdTULO:\u00a0EFEITOS DOS CHOQUES DE POL\u00cdTICA MONET\u00c1RIA SOBRE AS TAXAS DE INFLA\u00c7\u00c3O DESAGREGADAS: UMA AN\u00c1LISE A PARTIR DE UM TVP-VAR ENTRE 2003 E 2020 Monografia [&hellip;]<\/p>\n","protected":false},"author":1,"featured_media":0,"parent":0,"menu_order":0,"comment_status":"closed","ping_status":"closed","template":"","meta":{"footnotes":""},"class_list":["post-819","page","type-page","status-publish","hentry"],"_links":{"self":[{"href":"https:\/\/portal.uern.br\/paudosferros\/cienciaseconomicas\/wp-json\/wp\/v2\/pages\/819","targetHints":{"allow":["GET"]}}],"collection":[{"href":"https:\/\/portal.uern.br\/paudosferros\/cienciaseconomicas\/wp-json\/wp\/v2\/pages"}],"about":[{"href":"https:\/\/portal.uern.br\/paudosferros\/cienciaseconomicas\/wp-json\/wp\/v2\/types\/page"}],"author":[{"embeddable":true,"href":"https:\/\/portal.uern.br\/paudosferros\/cienciaseconomicas\/wp-json\/wp\/v2\/users\/1"}],"replies":[{"embeddable":true,"href":"https:\/\/portal.uern.br\/paudosferros\/cienciaseconomicas\/wp-json\/wp\/v2\/comments?post=819"}],"version-history":[{"count":1,"href":"https:\/\/portal.uern.br\/paudosferros\/cienciaseconomicas\/wp-json\/wp\/v2\/pages\/819\/revisions"}],"predecessor-version":[{"id":820,"href":"https:\/\/portal.uern.br\/paudosferros\/cienciaseconomicas\/wp-json\/wp\/v2\/pages\/819\/revisions\/820"}],"wp:attachment":[{"href":"https:\/\/portal.uern.br\/paudosferros\/cienciaseconomicas\/wp-json\/wp\/v2\/media?parent=819"}],"curies":[{"name":"wp","href":"https:\/\/api.w.org\/{rel}","templated":true}]}}