{"id":816,"date":"2023-07-19T19:24:59","date_gmt":"2023-07-19T22:24:59","guid":{"rendered":"https:\/\/portal.uern.br\/paudosferros\/cienciaseconomicas\/?page_id=816"},"modified":"2023-07-19T19:24:59","modified_gmt":"2023-07-19T22:24:59","slug":"concluintes-2019-2","status":"publish","type":"page","link":"https:\/\/portal.uern.br\/paudosferros\/cienciaseconomicas\/concluintes-2019-2\/","title":{"rendered":"Concluintes 2019.2"},"content":{"rendered":"<p><strong>NOME:<\/strong>\u00a0ALESXANDRO FERNANDO DO CARMO<\/p>\n<p><strong>T\u00cdTULO:<\/strong>\u00a0A EXPANS\u00c3O E A INTERIORIZA\u00c7\u00c3O DO ENSINO SUPERIOR P\u00daBLICO COMO VETOR DE DESENVOLVIMENTO REGIONAL: UM ESTUDO SOBRE A REGI\u00c3O GEOGR\u00c1FICA IMEDIATA DE PAU DOS FERROS\/RN<\/p>\n<p><a href=\"https:\/\/www.uern.br\/controledepaginas\/Concluintes%202019.2\/arquivos\/5940alesxandro_fernando_do_carmo.pdf\" target=\"_blank\" rel=\"noopener\">Monografia Completa<\/a><\/p>\n<hr \/>\n<p><strong>NOME:<\/strong>\u00a0CAMILA OLIVEIRA SOUSA SANTOS<\/p>\n<p><strong>T\u00cdTULO:<\/strong>\u00a0UMA AVALIA\u00c7\u00c3O DA PARTICIPA\u00c7\u00c3O DO SETOR P\u00daBLICO NA ECONOMIA: UM ESTUDO DE CASO DE PIL\u00d5ES\/RN (1999-2019)<\/p>\n<p><a href=\"https:\/\/www.uern.br\/controledepaginas\/Concluintes%202019.2\/arquivos\/5940camila_oliveira_sousa_santos.pdf\" target=\"_blank\" rel=\"noopener\">Monografia Completa<\/a><\/p>\n<hr \/>\n<p><strong>NOME:<\/strong>\u00a0ERNANDO LIMA SALUSTIANO<\/p>\n<p><strong>T\u00cdTULO:<\/strong>\u00a0ESPECIALIZA\u00c7\u00c3O E FLUXO COMERCIAL DA ECONOMIA CEARENSE P\u00d3S ANOS 2000: UMA CARACTERIZA\u00c7\u00c3O DO COM\u00c9RCIO EXTERIOR DO ESTADO<\/p>\n<p><a href=\"https:\/\/www.uern.br\/controledepaginas\/Concluintes%202019.2\/arquivos\/5940ernando_lima_salustiano.pdf\" target=\"_blank\" rel=\"noopener\">Monografia Completa<\/a><\/p>\n<hr \/>\n<p><strong>NOME:<\/strong>\u00a0FRANCISCA RAFAELA RODRIGUES SILVA<\/p>\n<p><strong>T\u00cdTULO:<\/strong>\u00a0A IMPORT\u00c2NCIA DA PREVID\u00caNCIA SOCIAL NA ECONOMIA DOS PEQUENOS MUNIC\u00cdPIOS: O CASO DE DOUTOR SEVERIANO\/RN<\/p>\n<p><a href=\"https:\/\/www.uern.br\/controledepaginas\/Concluintes%202019.2\/arquivos\/5940francisca_rafaela_rodrigues_silva.pdf\" target=\"_blank\" rel=\"noopener\">Monografia Completa<\/a><\/p>\n<hr \/>\n<p><strong>NOME:<\/strong>\u00a0JANIELE JANU\u00c1RIO DE AQUINO<\/p>\n<p><strong>T\u00cdTULO:\u00a0<\/strong>A IMPORT\u00c2NCIA DA ATIVIDADE DE PLANTIO DE ACEROLA PARA O MUNIC\u00cdPIO DE PEREIRO\/CE.<\/p>\n<p><a href=\"https:\/\/www.uern.br\/controledepaginas\/Concluintes%202019.2\/arquivos\/5940janiele_janua%C2%81rio_de_aquino.pdf\" target=\"_blank\" rel=\"noopener\">Monografia Completa<\/a><\/p>\n<hr \/>\n<p><strong>NOME:<\/strong>\u00a0JOS\u00c9 SILAS OLIVEIRA DA SILVA<\/p>\n<p><strong>T\u00cdTULO:<\/strong>\u00a0IMPLANTA\u00c7\u00c3O, OPERA\u00c7\u00c3O E DESATIVA\u00c7\u00c3O DA FERROVIA MOSSOR\u00d3\/RN-SOUSA\/PB<\/p>\n<p><a href=\"https:\/\/www.uern.br\/controledepaginas\/Concluintes%202019.2\/arquivos\/5940josa%E2%80%B0_silas_oliveira_da_silva.pdf\" target=\"_blank\" rel=\"noopener\">Monografia Completa<\/a><\/p>\n<hr \/>\n<p><strong>NOME:<\/strong>\u00a0LUCAS ANTONIO VIANA<\/p>\n<p><strong>T\u00cdTULO:\u00a0<\/strong>AS F\u00c1BRICAS DE CONFEC\u00c7\u00d5ES DE S\u00c3O FRANCISCO DO OESTE E A POSS\u00cdVEL MELHORIA SOCIOECON\u00d4MICA DE SEUS TRABALHADORES<\/p>\n<p><a href=\"https:\/\/www.uern.br\/controledepaginas\/Concluintes%202019.2\/arquivos\/5940lucas_antonio_viana.pdf\" target=\"_blank\" rel=\"noopener\">Monografia Completa<\/a><\/p>\n<hr \/>\n<p><strong>NOME:<\/strong>\u00a0MARCOS MICAEL ARAUJO VIEIRA<\/p>\n<p><strong>T\u00cdTULO:<\/strong>\u00a0A CRISE ECON\u00d4MICA E OS REBATIMENTOS NAS ESFERAS SUBNACIONAIS: ESTUDO DE CASO DE UIRA\u00daNA\/PB (2015-2019)<\/p>\n<p><a href=\"https:\/\/www.uern.br\/controledepaginas\/Concluintes%202019.2\/arquivos\/5940marcos_micael_araujo_vieira.pdf\" target=\"_blank\" rel=\"noopener\">Monografia Completa<\/a><\/p>\n<hr \/>\n<p><strong>NOME:<\/strong>\u00a0ROZANA MAIARA PEREIRA SILVA<\/p>\n<p><strong>T\u00cdTULO:<\/strong>\u00a0A EVOLU\u00c7\u00c3O DO SETOR DE ENERGIA E\u00d3LICA NOS MUNIC\u00cdPIOS DA COSTA BRANCA POTIGUAR (2014-2018)<\/p>\n<p><a href=\"https:\/\/www.uern.br\/controledepaginas\/Concluintes%202019.2\/arquivos\/5940rozana_maiara_pereira_silva.pdf\" target=\"_blank\" rel=\"noopener\">Monografia Completa<\/a><\/p>\n<hr \/>\n<p><strong>NOME:<\/strong>\u00a0THA\u00cdSA BRUNA COSTA NASCIMENTO<\/p>\n<p><strong>T\u00cdTULO:<\/strong>\u00a0DESENVOLVIMENTO SOCIOECON\u00d4MICO: DETERMINANTES E CONDI\u00c7\u00d5ES EXISTENTES EM S\u00c3O MIGUEL\/RN A PARTIR DO \u00cdNDICE DE VULNERABILIDADE SOCIAL (IVS)<\/p>\n<p><a href=\"http:\/\/www.uern.br\/controledepaginas\/Concluintes%202019.2\/arquivos\/5940monografia_pra_deposito.pdf\" target=\"_blank\" rel=\"noopener\">Monografia Completa<\/a><\/p>\n<hr \/>\n","protected":false},"excerpt":{"rendered":"<p>NOME:\u00a0ALESXANDRO FERNANDO DO CARMO T\u00cdTULO:\u00a0A EXPANS\u00c3O E A INTERIORIZA\u00c7\u00c3O DO ENSINO SUPERIOR P\u00daBLICO COMO VETOR DE DESENVOLVIMENTO REGIONAL: UM ESTUDO SOBRE A REGI\u00c3O GEOGR\u00c1FICA IMEDIATA DE PAU DOS FERROS\/RN Monografia Completa NOME:\u00a0CAMILA OLIVEIRA SOUSA SANTOS T\u00cdTULO:\u00a0UMA AVALIA\u00c7\u00c3O DA PARTICIPA\u00c7\u00c3O DO SETOR P\u00daBLICO NA ECONOMIA: UM ESTUDO DE CASO DE PIL\u00d5ES\/RN (1999-2019) Monografia Completa NOME:\u00a0ERNANDO LIMA [&hellip;]<\/p>\n","protected":false},"author":1,"featured_media":0,"parent":0,"menu_order":0,"comment_status":"closed","ping_status":"closed","template":"","meta":{"footnotes":""},"class_list":["post-816","page","type-page","status-publish","hentry"],"_links":{"self":[{"href":"https:\/\/portal.uern.br\/paudosferros\/cienciaseconomicas\/wp-json\/wp\/v2\/pages\/816","targetHints":{"allow":["GET"]}}],"collection":[{"href":"https:\/\/portal.uern.br\/paudosferros\/cienciaseconomicas\/wp-json\/wp\/v2\/pages"}],"about":[{"href":"https:\/\/portal.uern.br\/paudosferros\/cienciaseconomicas\/wp-json\/wp\/v2\/types\/page"}],"author":[{"embeddable":true,"href":"https:\/\/portal.uern.br\/paudosferros\/cienciaseconomicas\/wp-json\/wp\/v2\/users\/1"}],"replies":[{"embeddable":true,"href":"https:\/\/portal.uern.br\/paudosferros\/cienciaseconomicas\/wp-json\/wp\/v2\/comments?post=816"}],"version-history":[{"count":1,"href":"https:\/\/portal.uern.br\/paudosferros\/cienciaseconomicas\/wp-json\/wp\/v2\/pages\/816\/revisions"}],"predecessor-version":[{"id":817,"href":"https:\/\/portal.uern.br\/paudosferros\/cienciaseconomicas\/wp-json\/wp\/v2\/pages\/816\/revisions\/817"}],"wp:attachment":[{"href":"https:\/\/portal.uern.br\/paudosferros\/cienciaseconomicas\/wp-json\/wp\/v2\/media?parent=816"}],"curies":[{"name":"wp","href":"https:\/\/api.w.org\/{rel}","templated":true}]}}