{"id":812,"date":"2023-07-19T19:23:54","date_gmt":"2023-07-19T22:23:54","guid":{"rendered":"https:\/\/portal.uern.br\/paudosferros\/cienciaseconomicas\/?page_id=812"},"modified":"2023-07-19T19:23:54","modified_gmt":"2023-07-19T22:23:54","slug":"concluintes-2018-2","status":"publish","type":"page","link":"https:\/\/portal.uern.br\/paudosferros\/cienciaseconomicas\/concluintes-2018-2\/","title":{"rendered":"Concluintes 2018.2"},"content":{"rendered":"<p><strong>NOME:<\/strong>ADRIANA SOARES DE FREITAS<\/p>\n<p><strong>T\u00cdTULO:<\/strong>A\u00c7UDE DO CARNEIRO EM JERIC\u00d3\/PB: SECA, VULNERABILIDADES SOCIOECON\u00d4MICAS E ESTRAT\u00c9GIAS DE MITIGA\u00c7\u00d5ES (2012-2017)<\/p>\n<p><a href=\"https:\/\/www.uern.br\/controledepaginas\/Concluintes%202018.2\/arquivos\/5340monografia_adriana_soares_de_freitas.pdf\" target=\"_blank\" rel=\"noopener\">Monografia Completa<\/a><\/p>\n<hr \/>\n<p><strong>NOME:<\/strong>ALAN MATEUS FONTES GADELHA<\/p>\n<p><strong>T\u00cdTULO:\u00a0<\/strong>MOTIVA\u00c7\u00d5ES E FORMA\u00c7\u00c3O: O QUE PENSAM OS ALUNOS E EGRESSOS DO CURSO DE CI\u00caNCIAS ECON\u00d4MICAS DO CAMPUS DE PAU DOS FERROS\/RN DA UNIVERSIDADE DO ESTADO DO RIO GRANDE DO NORTE.<\/p>\n<p><a href=\"https:\/\/www.uern.br\/controledepaginas\/Concluintes%202018.2\/arquivos\/5340monografia_alan_mateus_fontes_gadelha.pdf\" target=\"_blank\" rel=\"noopener\">Monografia Completa<\/a><\/p>\n<hr \/>\n<p><strong>NOME:<\/strong>AMANDA AQUINO DE FRAN\u00c7A<\/p>\n<p><strong>T\u00cdTULO:<\/strong>\u00a0O PAPEL DO MICROEMPREENDEDORISMO NO DESENVOLVIMENTO LOCAL EM PORTALEGRE\/RN: PANORAMA ATUAL<\/p>\n<p><a href=\"https:\/\/www.uern.br\/controledepaginas\/Concluintes%202018.2\/arquivos\/5340monografia_amanda_aquino_de_frana%E2%80%A1a.pdf\" target=\"_blank\" rel=\"noopener\">Monografia Completa<\/a><\/p>\n<hr \/>\n<p><strong>NOME:<\/strong>\u00a0ANA CLEIA RODRIGUES DA SILVA<\/p>\n<p><strong>T\u00cdTULO:\u00a0<\/strong>OS EFEITOS DA SECA SOBRE A AGROPECU\u00c1RIA NA COMUNIDADE DO S\u00cdTIO BONITO NO MUNIC\u00cdPIO DE S\u00c3O MIGUEL\/RN<\/p>\n<p><a href=\"https:\/\/www.uern.br\/controledepaginas\/Concluintes%202018.2\/arquivos\/5340ana_cleia_rodrigues_da_silva.pdf\" target=\"_blank\" rel=\"noopener\">Monogra Completa<\/a><\/p>\n<hr \/>\n<p><strong>NOME:\u00a0<\/strong>ANNE KARYNE MAIA LOPES<\/p>\n<p><strong>T\u00cdTULO:<\/strong>\u00a0AS MUDAN\u00c7AS SOCIOECON\u00d4MICAS DAS FAM\u00cdLIAS BENEFICIADAS PELO PROGRAMA BOLSA FAM\u00cdLIA NO MUNIC\u00cdPIO DE JOS\u00c9 DA PENHA \u2013 RN.<\/p>\n<p><a href=\"https:\/\/www.uern.br\/controledepaginas\/Concluintes%202018.2\/arquivos\/5340monografia_anne_karyne_maia_lopes.pdf\" target=\"_blank\" rel=\"noopener\">Monografia Completa<\/a><\/p>\n<hr \/>\n<p><strong>NOME:<\/strong>\u00a0ANT\u00d4NIO EDICLEITON DA SILVA MARCELINO<\/p>\n<p><strong>T\u00cdTULO:<\/strong>\u00a0ESTIMA\u00c7\u00c3O DA FUN\u00c7\u00c3O DE DEMANDA POR GASOLINA PARA O RIO GRANDE DO NORTE: UMA ABORDAGEM UTILIZANDO MODELOS ARDL<\/p>\n<p><a href=\"https:\/\/www.uern.br\/controledepaginas\/Concluintes%202018.2\/arquivos\/5340monografia_anta%E2%80%9Dnio_edicleiton_da_silva_marcelino.pdf\" target=\"_blank\" rel=\"noopener\">Monografia Completa<\/a><\/p>\n<hr \/>\n<p><strong>NOME:<\/strong>\u00a0ARR\u00caNIA MON\u00c1RIA DE OLIVEIRA RAULINO<\/p>\n<p><strong>T\u00cdTULO:<\/strong>\u00a0POL\u00cdTICAS P\u00daBLICAS PARA A AGRICULTURA FAMILIAR: UMA AN\u00c1LISE DO PROGRAMA DE AQUISI\u00c7\u00c3O DE ALIMENTOS EM ANT\u00d4NIO MARTINS\/RN NO PER\u00cdODO DE 2017 A 2019<\/p>\n<p><a href=\"https:\/\/www.uern.br\/controledepaginas\/Concluintes%202018.2\/arquivos\/5340arra%C5%A1nia_mona%C2%81ria_de_oliveira_raulino.pdf\" target=\"_blank\" rel=\"noopener\">Monografia Completa<\/a><\/p>\n<hr \/>\n<p><strong>NOME:<\/strong>\u00a0AYSLA GABRIELA LOPES DA SILVA<\/p>\n<p><strong>T\u00cdTULO:<\/strong>\u00a0A CONTRIBUI\u00c7\u00c3O DA COAPIL PARA O DESENVOLVIMENTO DE ITA\u00da\/RN A PARTIR DA PERCEP\u00c7\u00c3O DOS ASSOCIADOS E COOPERATIVADOS<\/p>\n<p><a href=\"https:\/\/www.uern.br\/controledepaginas\/Concluintes%202018.2\/arquivos\/5340monografia_aysla_gabriela_lopes_da_silva.pdf\" target=\"_blank\" rel=\"noopener\">Monografia Completa<\/a><\/p>\n<hr \/>\n<p><strong>NOME:<\/strong>\u00a0COSME GEILSON SILVA DUARTE<\/p>\n<p><strong>T\u00cdTULO:<\/strong>\u00a0DIVERSIFICA\u00c7\u00c3O X CONCENTRA\u00c7\u00c3O SETORIAL: UMA AN\u00c1LISE PARA OS ESTADOS BRASILEIROS<\/p>\n<p><a href=\"https:\/\/www.uern.br\/controledepaginas\/Concluintes%202018.2\/arquivos\/5340monografia_cosme_geilson_silva_duarte.pdf\" target=\"_blank\" rel=\"noopener\">Monografia Completa<\/a><\/p>\n<hr \/>\n<p><strong>NOME:<\/strong>\u00a0ERIDENES NAYANNE DE SOUZA CASTRO<\/p>\n<p><strong>T\u00cdTULO:<\/strong>\u00a0UM ESTUDO DO MERCADO IMOBILI\u00c1RIO EM PAU DOS FERROS\/RN NO PER\u00cdODO 2010 &#8211; 2019 PAU DOS FERROS\/RN<\/p>\n<p><a href=\"https:\/\/www.uern.br\/controledepaginas\/Concluintes%202018.2\/arquivos\/5340monografia_eridenes_nayanne_de_souza_castro.pdf\" target=\"_blank\" rel=\"noopener\">Monografia Completa<\/a><\/p>\n<hr \/>\n<p><strong>NOME:<\/strong>\u00a0FATIMA MAIARA DE LIMA<\/p>\n<p><strong>T\u00cdTULO:<\/strong>\u00a0OS EFEITOS DOS CORTES DOS BENEF\u00cdCIOS DA PREVID\u00caNCIA SOCIAL NA COMPOSI\u00c7\u00c3O DE RENDA DAS FAM\u00cdLIAS NO MUNIC\u00cdPIO DE JOS\u00c9 DA PENHA- RN<\/p>\n<p><a href=\"https:\/\/www.uern.br\/controledepaginas\/Concluintes%202018.2\/arquivos\/5340monografia_fatima_maiara_de_lima.pdf\" target=\"_blank\" rel=\"noopener\">Monografia Completa<\/a><\/p>\n<hr \/>\n<p><strong>NOME:<\/strong>\u00a0FL\u00c1VIA HELENA TEIXEIRA SOUZA<\/p>\n<p><strong>T\u00cdTULO:<\/strong>\u00a0A IMPORT\u00c2NCIA DA PREVID\u00caNCIA SOCIAL NA FORMA\u00c7\u00c3O DA RENDA NOS MUNIC\u00cdPIOS DO ALTO OESTE POTIGUAR<\/p>\n<p><a href=\"https:\/\/www.uern.br\/controledepaginas\/Concluintes%202018.2\/arquivos\/5340monografia_fla%C2%81via_helena_teixeira_souza.pdf\" target=\"_blank\" rel=\"noopener\">Monografia Completa<\/a><\/p>\n<hr \/>\n<p><strong>NOME:<\/strong>\u00a0FRANCINALDO AQUINO ALVES<\/p>\n<p><strong>T\u00cdTULO:<\/strong>\u00a0AN\u00c1LISE DA SUSTENTABILIDADE DO REGIME PR\u00d3PRIO DE PREVID\u00caNCIA SOCIAL DO ESTADO DO RIO GRANDE DO NORTE.<\/p>\n<p><a href=\"https:\/\/www.uern.br\/controledepaginas\/Concluintes%202018.2\/arquivos\/5340monografia_francinaldo_aquino_alves.pdf\" target=\"_blank\" rel=\"noopener\">Monografia Completa<\/a><\/p>\n<hr \/>\n<p><strong>NOME:<\/strong>\u00a0FRANCISCA J\u00c9SSICA MICAELA DE OLIVEIRA<\/p>\n<p><strong>T\u00cdTULO:<\/strong>\u00a0UMA AN\u00c1LISE SOBRE A LOG\u00cdSTICA REVERSA COMO T\u00c9CNICA DE SUSTENTABILILIDADE: O PONTO DE VISTA DOS GESTORES ELETRODOM\u00c9STICOS DO MUN\u00cdCIPIO DE PAU DOS FERROS\/RN<\/p>\n<p><a href=\"https:\/\/www.uern.br\/controledepaginas\/Concluintes%202018.2\/arquivos\/5340monografia_francisca_ja%E2%80%B0ssica_micaela_de_oliveira.pdf\" target=\"_blank\" rel=\"noopener\">Monografia Completa<\/a><\/p>\n<hr \/>\n<p><strong>NOME:<\/strong>\u00a0FRANCISCA KEDIMA DE AQUINO ANDRADE<\/p>\n<p><strong>T\u00cdTULO:<\/strong>\u00a0LEVANTAMENTO DO PERFIL GERAL DOS APOSENTADOS E PENSIONISTAS DO INSS USU\u00c1RIOS DO CR\u00c9DITO CONSIGNADO NO MUNIC\u00cdPIO DE ALEXANDRIA\/RN<\/p>\n<p><a href=\"https:\/\/www.uern.br\/controledepaginas\/Concluintes%202018.2\/arquivos\/5340monografia_francisca_kedima_de_aquino_andrade.pdf\" target=\"_blank\" rel=\"noopener\">Monografia Completa<\/a><\/p>\n<hr \/>\n<p><strong>NOME:<\/strong>\u00a0FRANCISCO LISBOA DAS CHAGAS FILHO<\/p>\n<p><strong>T\u00cdTULO:<\/strong>\u00a0GEST\u00c3O DO PROCESSO DE PRODU\u00c7\u00c3O E DISTRIBUI\u00c7\u00c3O EFICIENTE DE \u00c1GUA: Um estudo de caso no Munic\u00edpio de Pau dos Ferros<\/p>\n<p><a href=\"https:\/\/www.uern.br\/controledepaginas\/Concluintes%202018.2\/arquivos\/5340monografia_francisco_lisboa_das_chagas_filho.pdf\" target=\"_blank\" rel=\"noopener\">Monografia Completa<\/a><\/p>\n<hr \/>\n<p><strong>NOME:<\/strong>\u00a0ITAIANE DA SILVA NUNES<\/p>\n<p><strong>T\u00cdTULO:<\/strong>\u00a0A INFLU\u00caNCIA DO PROGRAMA MINHA CASA MINHA VIDA NA PRODU\u00c7\u00c3O DO ESPA\u00c7O URNANO EM PAU DOS FERROS\/RN (2009-2019)<\/p>\n<p><a href=\"https:\/\/www.uern.br\/controledepaginas\/Concluintes%202018.2\/arquivos\/5340itaiane_da_silva_nunes.pdf\" target=\"_blank\" rel=\"noopener\">Monografia Completa<\/a><\/p>\n<hr \/>\n<p><strong>NOME:<\/strong>\u00a0\u00cdTALO EVANGELISTA DA SILVA QUEIROZ<\/p>\n<p><strong>T\u00cdTULO:<\/strong>\u00a0O DESEMPREGO E ABUSCA POR VAGA DE TRABALHO NO SETOR P\u00daBLICO: UMA AN\u00c1LISE PELA PERCEP\u00c7\u00c3O DOS CONCURSEIROS.<\/p>\n<p><a href=\"https:\/\/www.uern.br\/controledepaginas\/Concluintes%202018.2\/arquivos\/5340monografia_a%C2%8Dtalo_evangelista_da_silva_queiroz.pdf\" target=\"_blank\" rel=\"noopener\">Monografia Completa<\/a><\/p>\n<hr \/>\n<p><strong>NOME:<\/strong>\u00a0J\u00c9SSICA RAQUEL GURGEL REGO<\/p>\n<p><strong>T\u00cdTULO:<\/strong>\u00a0COM\u00c9RCIO VAREJISTA E DINAMIZA\u00c7\u00c3O COMERCIAL: O CASO DE PAU DOS FERROS\/RN<\/p>\n<p><a href=\"https:\/\/www.uern.br\/controledepaginas\/Concluintes%202018.2\/arquivos\/5340monografia_ja%E2%80%B0ssica_raquel_gurgel_rego.pdf\" target=\"_blank\" rel=\"noopener\">Monografia completa<\/a><\/p>\n<hr \/>\n<p><strong>NOME:\u00a0<\/strong>JOANA MORENO DE QUEIROZ<\/p>\n<p><strong>T\u00cdTULO:<\/strong>\u00a0FATORES QUE INFLUENCIAM O RENDIMENTO ACAD\u00caMICO DOS ALUNOS DOS CURSOS DE CIENCIAS ECONOMICAS E GEOGRAFIA DA UERN-CAMEAM<\/p>\n<p><a href=\"https:\/\/www.uern.br\/controledepaginas\/Concluintes%202018.2\/arquivos\/5340monografia_joana_moreno_de_queiroz.pdf\" target=\"_blank\" rel=\"noopener\">Monografia Completa<\/a><\/p>\n<hr \/>\n<p><strong>NOME:<\/strong>\u00a0JO\u00c3O AIRTON BESSA LIMA<\/p>\n<p><strong>T\u00cdTULO:<\/strong>\u00a0A ATIVIDADE CANAVIEIRA NO MUNIC\u00cdPIO DE CORONEL JO\u00c3O PESSOA-RN<\/p>\n<p><a href=\"https:\/\/www.uern.br\/controledepaginas\/Concluintes%202018.2\/arquivos\/5340monografia_uern_joa%C6%92o_airton_bessa_lima.pdf\" target=\"_blank\" rel=\"noopener\">Monografia Completa<\/a><\/p>\n<hr \/>\n<p><strong>NOME:<\/strong>\u00a0LAURICIANA DAMARES DA SILVA<\/p>\n<p><strong>T\u00cdTULO:<\/strong>\u00a0A FUMICULTURA EM PIL\u00d5ES\/RN: CONSIDERA\u00c7\u00d5ES SOBRE A DIN\u00c2MICA PRODUTIVA E O ESGOTAMENTO DA ATIVIDADE (2000-2018)<\/p>\n<p><a href=\"https:\/\/www.uern.br\/controledepaginas\/Concluintes%202018.2\/arquivos\/5340monografia_lauriciana_damares_da_silva.pdf\" target=\"_blank\" rel=\"noopener\">Monografia Completo<\/a><\/p>\n<hr \/>\n<p><strong>NOME:<\/strong>\u00a0LUCIELDA BEZERRA DA SILVA<\/p>\n<p><strong>T\u00cdTULO:<\/strong>\u00a0AS MULHERES EMPREENDEDORAS NA CIDADE DE PAU DOS FERROS\/RN: UM ESTUDO NO COM\u00c9RCIO VAREJISTA DE CONFEC\u00c7\u00d5ES<\/p>\n<p><a href=\"https:\/\/www.uern.br\/controledepaginas\/Concluintes%202018.2\/arquivos\/5340monografia_lucielda_bezerra_da_silva_.pdf\" target=\"_blank\" rel=\"noopener\">Monografia Completa<\/a><\/p>\n<hr \/>\n<p><strong>NOME:<\/strong>\u00a0L\u00daCIO MAURO DOS SANTOS<\/p>\n<p><strong>T\u00cdTULO:<\/strong>\u00a0CR\u00c9DITO BANC\u00c1RIO COMO INSTRUMENTO DE APOIO AO DESENVOLVIMENTO DAS MICRO E PEQUENAS EMPRESAS NO BRASIL<\/p>\n<p><a href=\"https:\/\/www.uern.br\/controledepaginas\/Concluintes%202018.2\/arquivos\/5340monografia_la%C5%A1cio_mauro_dos_santos.pdf\" target=\"_blank\" rel=\"noopener\">Monografia Completa<\/a><\/p>\n<p><strong>NOME:<\/strong>\u00a0MAIKE DA SILVA MATA<\/p>\n<p><strong>T\u00cdTULO:<\/strong>\u00a0DETERMINANTES ECON\u00d4MICOS DA MIGRA\u00c7\u00c3O DO NORDESTE PARA O SUDESTE: DO FIM DA ATIVIDADE A\u00c7UCAREIRA AO S\u00c9CULO XXI<\/p>\n<p><a href=\"https:\/\/www.uern.br\/controledepaginas\/Concluintes%202018.2\/arquivos\/5340monografia_maike_da_silva_mata.pdf\" target=\"_blank\" rel=\"noopener\">Monografia Completa<\/a><\/p>\n<hr \/>\n<p><strong>NOME:<\/strong>\u00a0MARINA SARMENTO DE ARA\u00daJO<\/p>\n<p><strong>T\u00cdTULO:<\/strong>\u00a0AN\u00c1LISE DOS INDICADORES SOCIOECON\u00d4MICOS DA MICRORREGI\u00c3O DA SERRA DE S\u00c3O MIGUEL-RN (1991-2018)<\/p>\n<p><a href=\"https:\/\/www.uern.br\/controledepaginas\/Concluintes%202018.2\/arquivos\/5340monografia_marina_sarmento_de_araa%C5%A1jo.pdf\" target=\"_blank\" rel=\"noopener\">Monografia Completa<\/a><\/p>\n<hr \/>\n<p><strong>NOME:<\/strong>\u00a0MERCIA HERCULANO ARAUJO<\/p>\n<p><strong>T\u00cdTULO:<\/strong>\u00a0A IMPORT\u00c2NCIA DO SETOR DE SERVI\u00c7OS PARA O CRESCIMENTO ECON\u00d4MICO DE PAU DOS FERROS\/RN<\/p>\n<p><a href=\"https:\/\/www.uern.br\/controledepaginas\/Concluintes%202018.2\/arquivos\/5340monografia_mercia_herculano_araujo.pdf\" target=\"_blank\" rel=\"noopener\">Monografia Completa<\/a><\/p>\n<hr \/>\n<p><strong>NOME:<\/strong>\u00a0NAIRA HAIANE BENTO DA SILVA<\/p>\n<p><strong>T\u00cdTULO:<\/strong>\u00a0A MAQUIAGEM PROFISSIONAL COMO ALTERNATIVA DE EMPREGO E RENDA NO MUNICIPIO DE PAU DOS FERROS<\/p>\n<p><a href=\"https:\/\/www.uern.br\/controledepaginas\/Concluintes%202018.2\/arquivos\/5340tcc_naira_haiane_bento_da_silva.pdf\" target=\"_blank\" rel=\"noopener\">Monografia Completa<\/a><\/p>\n<hr \/>\n<p><strong>NOME:<\/strong>TA\u00cdSA MIRELLY DOS SANTOS<\/p>\n<p><strong>T\u00cdTULO:<\/strong>\u00a0A INFLU\u00caNCIA DE UM GRANDE RESERVAT\u00d3RIO NO DESENVOLVIMENTO LOCAL A PARTIR DA PERCEP\u00c7\u00c3O DOS MORADORES DO ENTORNO DA BARRAGEM DE PAU DOS FERROS\/RN<\/p>\n<p><a href=\"https:\/\/www.uern.br\/controledepaginas\/Concluintes%202018.2\/arquivos\/5340monografia_taa%C2%8Dsa_mirelly_dos_santos.pdf\" target=\"_blank\" rel=\"noopener\">Monografia Completo<\/a><\/p>\n<hr \/>\n<p><strong>NOME:\u00a0<\/strong>YARA KATERYNE DE OLIVEIRA VALCACER<\/p>\n<p><strong>T\u00cdTULO:\u00a0<\/strong>OPINI\u00d5ES DOS EX-TRABALHADORES DO CAF\u00c9 SANTA CLARA ACERCA DA IMPORT\u00c2NCIA DA EMPRESA PARA A ECONOMIA DE S\u00c3O MIGUEL\/RN (1990-2000)<\/p>\n<p><a href=\"https:\/\/www.uern.br\/controledepaginas\/Concluintes%202018.2\/arquivos\/5340monografia_yara_kateryne_de_oliveira_valcacer.pdf\" target=\"_blank\" rel=\"noopener\">Monografia Completa<\/a><\/p>\n","protected":false},"excerpt":{"rendered":"<p>NOME:ADRIANA SOARES DE FREITAS T\u00cdTULO:A\u00c7UDE DO CARNEIRO EM JERIC\u00d3\/PB: SECA, VULNERABILIDADES SOCIOECON\u00d4MICAS E ESTRAT\u00c9GIAS DE MITIGA\u00c7\u00d5ES (2012-2017) Monografia Completa NOME:ALAN MATEUS FONTES GADELHA T\u00cdTULO:\u00a0MOTIVA\u00c7\u00d5ES E FORMA\u00c7\u00c3O: O QUE PENSAM OS ALUNOS E EGRESSOS DO CURSO DE CI\u00caNCIAS ECON\u00d4MICAS DO CAMPUS DE PAU DOS FERROS\/RN DA UNIVERSIDADE DO ESTADO DO RIO GRANDE DO NORTE. Monografia Completa [&hellip;]<\/p>\n","protected":false},"author":1,"featured_media":0,"parent":0,"menu_order":0,"comment_status":"closed","ping_status":"closed","template":"","meta":{"footnotes":""},"class_list":["post-812","page","type-page","status-publish","hentry"],"_links":{"self":[{"href":"https:\/\/portal.uern.br\/paudosferros\/cienciaseconomicas\/wp-json\/wp\/v2\/pages\/812","targetHints":{"allow":["GET"]}}],"collection":[{"href":"https:\/\/portal.uern.br\/paudosferros\/cienciaseconomicas\/wp-json\/wp\/v2\/pages"}],"about":[{"href":"https:\/\/portal.uern.br\/paudosferros\/cienciaseconomicas\/wp-json\/wp\/v2\/types\/page"}],"author":[{"embeddable":true,"href":"https:\/\/portal.uern.br\/paudosferros\/cienciaseconomicas\/wp-json\/wp\/v2\/users\/1"}],"replies":[{"embeddable":true,"href":"https:\/\/portal.uern.br\/paudosferros\/cienciaseconomicas\/wp-json\/wp\/v2\/comments?post=812"}],"version-history":[{"count":1,"href":"https:\/\/portal.uern.br\/paudosferros\/cienciaseconomicas\/wp-json\/wp\/v2\/pages\/812\/revisions"}],"predecessor-version":[{"id":813,"href":"https:\/\/portal.uern.br\/paudosferros\/cienciaseconomicas\/wp-json\/wp\/v2\/pages\/812\/revisions\/813"}],"wp:attachment":[{"href":"https:\/\/portal.uern.br\/paudosferros\/cienciaseconomicas\/wp-json\/wp\/v2\/media?parent=812"}],"curies":[{"name":"wp","href":"https:\/\/api.w.org\/{rel}","templated":true}]}}