{"id":799,"date":"2023-07-19T19:18:04","date_gmt":"2023-07-19T22:18:04","guid":{"rendered":"https:\/\/portal.uern.br\/paudosferros\/cienciaseconomicas\/?page_id=799"},"modified":"2025-11-12T16:33:09","modified_gmt":"2025-11-12T19:33:09","slug":"editais","status":"publish","type":"page","link":"https:\/\/portal.uern.br\/paudosferros\/cienciaseconomicas\/editais\/","title":{"rendered":"Editais"},"content":{"rendered":"<p>&nbsp;<\/p>\n<table style=\"border-collapse: collapse;width: 100%\">\n<tbody>\n<tr>\n<td style=\"width: 100%\"><a href=\"https:\/\/drive.google.com\/file\/d\/10bgUaB_nHKryr583ZoTRaNOgcFAgV19W\/view?usp=sharing\" target=\"_blank\" rel=\"noopener\">Edital N\u00ba 05\/2025 &#8211; DEC\/CAPF &#8211; Sele\u00e7\u00e3o de alunos(as) para o Programa Institucional de Monitoria 2026.1 para o curso de Ci\u00eancias Econ\u00f4micas<\/a><\/td>\n<\/tr>\n<tr>\n<td style=\"width: 100%\"><a href=\"https:\/\/drive.google.com\/file\/d\/1H1x77zj0A_0SeQPImY8lmWCIGemLnXDe\/view?usp=drive_link\" target=\"_blank\" rel=\"noopener\">Edital N\u00ba 01\/2025 \u2013 DEC\/CAPF\/UERN &#8211; Sele\u00e7\u00e3o simplificada do Programa Institucional de Bolsas de Extens\u00e3o &#8211; PIBEX 2025 para o Projeto de Extens\u00e3o <strong>Finan\u00e7as Pessoais No Ensino Fundamental: Aprendendo A Lidar Com O Dinheiro<\/strong><\/a><\/td>\n<\/tr>\n<tr>\n<td style=\"width: 100%\"><a href=\"https:\/\/portal.uern.br\/proex\/wp-content\/uploads\/2025\/02\/EDITAL-N.-01-2025-Projetos-de-Extensao.pdf\" target=\"_blank\" rel=\"noopener\">Edital n\u00ba 01\/2025 \u2013 PIBEX 2025 (Projetos de Extens\u00e3o)<\/a><\/p>\n<ul>\n<li><a href=\"https:\/\/drive.google.com\/file\/d\/1GiiH-1O3iXXHwQLptnacorWJmw7MSrPt\/view?usp=sharing\" target=\"_blank\" rel=\"noopener\">Anexos<\/a><\/li>\n<\/ul>\n<\/td>\n<\/tr>\n<tr>\n<td style=\"width: 100%\"><a href=\"https:\/\/drive.google.com\/open?id=1e6qXGAlRAWDfEkg7Fm4JonSojBDm7n3A&amp;usp=drive_fs\" target=\"_blank\" rel=\"noopener\">Edital n\u00ba 01\/2025-PROEG\/UERN, que disp\u00f5e sobre as normas para ocupa\u00e7\u00e3o de vagas iniciais dos cursos regulares de gradua\u00e7\u00e3o, na modalidade presencial, da UERN<\/a><\/td>\n<\/tr>\n<\/tbody>\n<\/table>\n<p>&nbsp;<\/p>\n<p>&nbsp;<\/p>\n","protected":false},"excerpt":{"rendered":"<p>&nbsp; Edital N\u00ba 05\/2025 &#8211; DEC\/CAPF &#8211; Sele\u00e7\u00e3o de alunos(as) para o Programa Institucional de Monitoria 2026.1 para o curso de Ci\u00eancias Econ\u00f4micas Edital N\u00ba 01\/2025 \u2013 DEC\/CAPF\/UERN &#8211; Sele\u00e7\u00e3o simplificada do Programa Institucional de Bolsas de Extens\u00e3o &#8211; PIBEX 2025 para o Projeto de Extens\u00e3o Finan\u00e7as Pessoais No Ensino Fundamental: Aprendendo A Lidar Com [&hellip;]<\/p>\n","protected":false},"author":1,"featured_media":0,"parent":0,"menu_order":0,"comment_status":"closed","ping_status":"closed","template":"","meta":{"footnotes":""},"class_list":["post-799","page","type-page","status-publish","hentry"],"_links":{"self":[{"href":"https:\/\/portal.uern.br\/paudosferros\/cienciaseconomicas\/wp-json\/wp\/v2\/pages\/799","targetHints":{"allow":["GET"]}}],"collection":[{"href":"https:\/\/portal.uern.br\/paudosferros\/cienciaseconomicas\/wp-json\/wp\/v2\/pages"}],"about":[{"href":"https:\/\/portal.uern.br\/paudosferros\/cienciaseconomicas\/wp-json\/wp\/v2\/types\/page"}],"author":[{"embeddable":true,"href":"https:\/\/portal.uern.br\/paudosferros\/cienciaseconomicas\/wp-json\/wp\/v2\/users\/1"}],"replies":[{"embeddable":true,"href":"https:\/\/portal.uern.br\/paudosferros\/cienciaseconomicas\/wp-json\/wp\/v2\/comments?post=799"}],"version-history":[{"count":15,"href":"https:\/\/portal.uern.br\/paudosferros\/cienciaseconomicas\/wp-json\/wp\/v2\/pages\/799\/revisions"}],"predecessor-version":[{"id":2286,"href":"https:\/\/portal.uern.br\/paudosferros\/cienciaseconomicas\/wp-json\/wp\/v2\/pages\/799\/revisions\/2286"}],"wp:attachment":[{"href":"https:\/\/portal.uern.br\/paudosferros\/cienciaseconomicas\/wp-json\/wp\/v2\/media?parent=799"}],"curies":[{"name":"wp","href":"https:\/\/api.w.org\/{rel}","templated":true}]}}