{"id":797,"date":"2023-07-19T19:17:43","date_gmt":"2023-07-19T22:17:43","guid":{"rendered":"https:\/\/portal.uern.br\/paudosferros\/cienciaseconomicas\/?page_id=797"},"modified":"2025-05-09T18:45:47","modified_gmt":"2025-05-09T21:45:47","slug":"resolucoes-regulamentos","status":"publish","type":"page","link":"https:\/\/portal.uern.br\/paudosferros\/cienciaseconomicas\/resolucoes-regulamentos\/","title":{"rendered":"Resolu\u00e7\u00f5es\/Regulamentos"},"content":{"rendered":"<p>&nbsp;<\/p>\n<table style=\"border-collapse: collapse;width: 100%\">\n<tbody>\n<tr>\n<td style=\"width: 100%\"><a href=\"https:\/\/drive.google.com\/file\/d\/12eGV2oNb4_CV_-cuEYnFOzCemxMEpgsG\/view?usp=sharing\" target=\"_blank\" rel=\"noopener\">RESOLU\u00c7\u00c3O N\u00ba 070\/2021 &#8211; CONSEPE, que trata das normas para a distribui\u00e7\u00e3o de carga hor\u00e1ria docente na Universidade do Estado do Rio Grande do Norte.<\/a><\/td>\n<\/tr>\n<\/tbody>\n<\/table>\n<p>&nbsp;<\/p>\n<table style=\"border-collapse: collapse;width: 100%\">\n<tbody>\n<tr>\n<td style=\"width: 100%;text-align: left\"><a href=\"https:\/\/drive.google.com\/file\/d\/1uCcwM30nKcVNePgv5TOwrMTEltE-AlGB\/view?usp=sharing\" target=\"_blank\" rel=\"noopener\">RESOLU\u00c7\u00c3O N\u00ba 26\/2017 &#8211; CONSEPE, que aprova o regulamento dos cursos de gradua\u00e7\u00e3o da UERN e revoga a Resolu\u00e7\u00e3o n\u00ba5\/2014- CONSEPE.<\/a><\/td>\n<\/tr>\n<\/tbody>\n<\/table>\n<p>&nbsp;<\/p>\n<table style=\"border-collapse: collapse;width: 100%\">\n<tbody>\n<tr>\n<td style=\"width: 100%\"><a href=\"https:\/\/portal.uern.br\/wp-content\/uploads\/2022\/02\/UERN-Regimento-Geral-2022.pdf\" target=\"_blank\" rel=\"noopener\">REGIMENTO GERAL &#8211; Aprovado pela RESOLU\u00c7\u00c3O N\u00ba 01\/2022 &#8211; CONSUNI, de 8 de fevereiro de 2022<\/a><\/td>\n<\/tr>\n<\/tbody>\n<\/table>\n","protected":false},"excerpt":{"rendered":"<p>&nbsp; RESOLU\u00c7\u00c3O N\u00ba 070\/2021 &#8211; CONSEPE, que trata das normas para a distribui\u00e7\u00e3o de carga hor\u00e1ria docente na Universidade do Estado do Rio Grande do Norte. &nbsp; RESOLU\u00c7\u00c3O N\u00ba 26\/2017 &#8211; CONSEPE, que aprova o regulamento dos cursos de gradua\u00e7\u00e3o da UERN e revoga a Resolu\u00e7\u00e3o n\u00ba5\/2014- CONSEPE. &nbsp; REGIMENTO GERAL &#8211; Aprovado pela RESOLU\u00c7\u00c3O [&hellip;]<\/p>\n","protected":false},"author":1,"featured_media":0,"parent":0,"menu_order":0,"comment_status":"closed","ping_status":"closed","template":"elementor_theme","meta":{"footnotes":""},"class_list":["post-797","page","type-page","status-publish","hentry"],"_links":{"self":[{"href":"https:\/\/portal.uern.br\/paudosferros\/cienciaseconomicas\/wp-json\/wp\/v2\/pages\/797","targetHints":{"allow":["GET"]}}],"collection":[{"href":"https:\/\/portal.uern.br\/paudosferros\/cienciaseconomicas\/wp-json\/wp\/v2\/pages"}],"about":[{"href":"https:\/\/portal.uern.br\/paudosferros\/cienciaseconomicas\/wp-json\/wp\/v2\/types\/page"}],"author":[{"embeddable":true,"href":"https:\/\/portal.uern.br\/paudosferros\/cienciaseconomicas\/wp-json\/wp\/v2\/users\/1"}],"replies":[{"embeddable":true,"href":"https:\/\/portal.uern.br\/paudosferros\/cienciaseconomicas\/wp-json\/wp\/v2\/comments?post=797"}],"version-history":[{"count":13,"href":"https:\/\/portal.uern.br\/paudosferros\/cienciaseconomicas\/wp-json\/wp\/v2\/pages\/797\/revisions"}],"predecessor-version":[{"id":2122,"href":"https:\/\/portal.uern.br\/paudosferros\/cienciaseconomicas\/wp-json\/wp\/v2\/pages\/797\/revisions\/2122"}],"wp:attachment":[{"href":"https:\/\/portal.uern.br\/paudosferros\/cienciaseconomicas\/wp-json\/wp\/v2\/media?parent=797"}],"curies":[{"name":"wp","href":"https:\/\/api.w.org\/{rel}","templated":true}]}}