{"id":776,"date":"2023-07-19T19:12:55","date_gmt":"2023-07-19T22:12:55","guid":{"rendered":"https:\/\/portal.uern.br\/paudosferros\/cienciaseconomicas\/?page_id=776"},"modified":"2026-03-26T11:16:19","modified_gmt":"2026-03-26T14:16:19","slug":"calendario-universitario","status":"publish","type":"page","link":"https:\/\/portal.uern.br\/paudosferros\/cienciaseconomicas\/calendario-universitario\/","title":{"rendered":"Calend\u00e1rio Universit\u00e1rio"},"content":{"rendered":"<p><a href=\"https:\/\/www.uern.br\/controledepaginas\/Calend%C3%A1rio_acad%C3%AAmico\/arquivos\/5299ad_referendum_na091_2019_novo_calenda%C2%A1rio_universita%C2%A1rio.pdf\" target=\"_blank\" rel=\"noopener\">Ad Referendum N\u00ba 091\/2019- CONSEPE-Aprova o Calend\u00e1rio Universit\u00e1rio 2019 da UERN e revoga a resolu\u00e7\u00e3o N\u00ba02\/2019-CONSEPE<\/a><\/p>\n<p><a href=\"https:\/\/www.uern.br\/controledepaginas\/Calend%C3%A1rio_acad%C3%AAmico\/arquivos\/5299calendaa%C2%A1rio_acadamico_2020.1_ina_cio_31_de_agosto.pdf\" target=\"_blank\" rel=\"noopener\">Calend\u00e1rio acad\u00eamico 2020.1<\/a><\/p>\n<p><a href=\"http:\/\/www.uern.br\/controledepaginas\/Monografia%202021.2\/arquivos\/73600976calendario_academico_2021.1.pdf\" target=\"_blank\" rel=\"noopener\">Calend\u00e1rio acad\u00eamico 2021.1<\/a><\/p>\n<p><a href=\"http:\/\/www.uern.br\/controledepaginas\/Monografia%202021.2\/arquivos\/73605964calendario_2021.2_aprovado_consepe_(1).pdf\" target=\"_blank\" rel=\"noopener\">Calend\u00e1rio acad\u00eamico 2021.2<\/a><\/p>\n<p><a href=\"http:\/\/www.uern.br\/controledepaginas\/Concluintes%202022.2\/arquivos\/73610574resoluaa%C2%A7ao_na_34_2022_consepe_aprova_o_calendaa%C2%A1rio_universitaa%C2%A1rio_referente_ao_ano_letivo_2022_da_uern_.pdf\" target=\"_blank\" rel=\"noopener\">Calend\u00e1rio Universit\u00e1rio 2022.1 e 2022.2<\/a><\/p>\n<p><a href=\"http:\/\/www.uern.br\/controledepaginas\/Concluintes%202022.2\/arquivos\/73610976calendaa%C2%A1rio_universitario_2023_(1).pdf\" target=\"_blank\" rel=\"noopener\">Calend\u00e1rio Universit\u00e1rio 2023.1 e 2023.2<\/a><\/p>\n<p><a href=\"https:\/\/drive.google.com\/file\/d\/1oeFtcqIV4D5XTfnOsKg8s-Tq6Fp0-5ei\/view?usp=drive_link\" target=\"_blank\" rel=\"noopener\">Calend\u00e1rio Universit\u00e1rio 2024.1 e 2024.2<\/a><\/p>\n<p><a href=\"https:\/\/drive.google.com\/file\/d\/1-aK9ed2TDOxKxtLD0qaLy9dNMB9nXF6h\/view?usp=drive_link\" target=\"_blank\" rel=\"noopener\">Calend\u00e1rio Universit\u00e1rio 2025.1 e 2025.2<\/a><\/p>\n<p><a href=\"https:\/\/portal.uern.br\/paudosferros\/cienciaseconomicas\/wp-content\/uploads\/sites\/4\/2026\/03\/Calendario_universitario_2026.pdf\" target=\"_blank\" rel=\"noopener\">Calend\u00e1rio Universit\u00e1rio 2026.1 e 2026.2<\/a><\/p>\n","protected":false},"excerpt":{"rendered":"<p>Ad Referendum N\u00ba 091\/2019- CONSEPE-Aprova o Calend\u00e1rio Universit\u00e1rio 2019 da UERN e revoga a resolu\u00e7\u00e3o N\u00ba02\/2019-CONSEPE Calend\u00e1rio acad\u00eamico 2020.1 Calend\u00e1rio acad\u00eamico 2021.1 Calend\u00e1rio acad\u00eamico 2021.2 Calend\u00e1rio Universit\u00e1rio 2022.1 e 2022.2 Calend\u00e1rio Universit\u00e1rio 2023.1 e 2023.2 Calend\u00e1rio Universit\u00e1rio 2024.1 e 2024.2 Calend\u00e1rio Universit\u00e1rio 2025.1 e 2025.2 Calend\u00e1rio Universit\u00e1rio 2026.1 e 2026.2<\/p>\n","protected":false},"author":1,"featured_media":0,"parent":0,"menu_order":0,"comment_status":"closed","ping_status":"closed","template":"","meta":{"footnotes":""},"class_list":["post-776","page","type-page","status-publish","hentry"],"_links":{"self":[{"href":"https:\/\/portal.uern.br\/paudosferros\/cienciaseconomicas\/wp-json\/wp\/v2\/pages\/776","targetHints":{"allow":["GET"]}}],"collection":[{"href":"https:\/\/portal.uern.br\/paudosferros\/cienciaseconomicas\/wp-json\/wp\/v2\/pages"}],"about":[{"href":"https:\/\/portal.uern.br\/paudosferros\/cienciaseconomicas\/wp-json\/wp\/v2\/types\/page"}],"author":[{"embeddable":true,"href":"https:\/\/portal.uern.br\/paudosferros\/cienciaseconomicas\/wp-json\/wp\/v2\/users\/1"}],"replies":[{"embeddable":true,"href":"https:\/\/portal.uern.br\/paudosferros\/cienciaseconomicas\/wp-json\/wp\/v2\/comments?post=776"}],"version-history":[{"count":4,"href":"https:\/\/portal.uern.br\/paudosferros\/cienciaseconomicas\/wp-json\/wp\/v2\/pages\/776\/revisions"}],"predecessor-version":[{"id":2424,"href":"https:\/\/portal.uern.br\/paudosferros\/cienciaseconomicas\/wp-json\/wp\/v2\/pages\/776\/revisions\/2424"}],"wp:attachment":[{"href":"https:\/\/portal.uern.br\/paudosferros\/cienciaseconomicas\/wp-json\/wp\/v2\/media?parent=776"}],"curies":[{"name":"wp","href":"https:\/\/api.w.org\/{rel}","templated":true}]}}