{"id":774,"date":"2023-07-19T19:12:25","date_gmt":"2023-07-19T22:12:25","guid":{"rendered":"https:\/\/portal.uern.br\/paudosferros\/cienciaseconomicas\/?page_id=774"},"modified":"2023-07-19T19:12:25","modified_gmt":"2023-07-19T22:12:25","slug":"relatorio-de-atividade-para-renovacao-de-reconhecimento-do-curso-de-economia","status":"publish","type":"page","link":"https:\/\/portal.uern.br\/paudosferros\/cienciaseconomicas\/relatorio-de-atividade-para-renovacao-de-reconhecimento-do-curso-de-economia\/","title":{"rendered":"Relat\u00f3rio de atividade para renova\u00e7\u00e3o de reconhecimento do Curso de Economia"},"content":{"rendered":"<p><a href=\"http:\/\/www.uern.br\/controledepaginas\/Relat%C3%B3rio%20de%20atividade%20para%20renova%C3%A7%C3%A3o%20de%20reconheci\/arquivos\/6476relatorio_de_renovaa%E2%80%A1a%C6%92o_versao_final_09_set_2021.pdf\" target=\"_blank\" rel=\"noopener\">Relat\u00f3rio de atividade para renova\u00e7\u00e3o de reconhecimento do Curso de Economia 2021<\/a><\/p>\n","protected":false},"excerpt":{"rendered":"<p>Relat\u00f3rio de atividade para renova\u00e7\u00e3o de reconhecimento do Curso de Economia 2021<\/p>\n","protected":false},"author":1,"featured_media":0,"parent":0,"menu_order":0,"comment_status":"closed","ping_status":"closed","template":"","meta":{"footnotes":""},"class_list":["post-774","page","type-page","status-publish","hentry"],"_links":{"self":[{"href":"https:\/\/portal.uern.br\/paudosferros\/cienciaseconomicas\/wp-json\/wp\/v2\/pages\/774","targetHints":{"allow":["GET"]}}],"collection":[{"href":"https:\/\/portal.uern.br\/paudosferros\/cienciaseconomicas\/wp-json\/wp\/v2\/pages"}],"about":[{"href":"https:\/\/portal.uern.br\/paudosferros\/cienciaseconomicas\/wp-json\/wp\/v2\/types\/page"}],"author":[{"embeddable":true,"href":"https:\/\/portal.uern.br\/paudosferros\/cienciaseconomicas\/wp-json\/wp\/v2\/users\/1"}],"replies":[{"embeddable":true,"href":"https:\/\/portal.uern.br\/paudosferros\/cienciaseconomicas\/wp-json\/wp\/v2\/comments?post=774"}],"version-history":[{"count":1,"href":"https:\/\/portal.uern.br\/paudosferros\/cienciaseconomicas\/wp-json\/wp\/v2\/pages\/774\/revisions"}],"predecessor-version":[{"id":775,"href":"https:\/\/portal.uern.br\/paudosferros\/cienciaseconomicas\/wp-json\/wp\/v2\/pages\/774\/revisions\/775"}],"wp:attachment":[{"href":"https:\/\/portal.uern.br\/paudosferros\/cienciaseconomicas\/wp-json\/wp\/v2\/media?parent=774"}],"curies":[{"name":"wp","href":"https:\/\/api.w.org\/{rel}","templated":true}]}}