{"id":770,"date":"2023-07-19T19:10:35","date_gmt":"2023-07-19T22:10:35","guid":{"rendered":"https:\/\/portal.uern.br\/paudosferros\/cienciaseconomicas\/?page_id=770"},"modified":"2025-07-14T12:34:36","modified_gmt":"2025-07-14T15:34:36","slug":"docentes-do-curso-de-ciencias-economicas","status":"publish","type":"page","link":"https:\/\/portal.uern.br\/paudosferros\/cienciaseconomicas\/docentes-do-curso-de-ciencias-economicas\/","title":{"rendered":"Equipe"},"content":{"rendered":"<h5>Corpo Docente<\/h5>\n<table style=\"width: 100%;height: 1833px\">\n<tbody>\n<tr style=\"height: 228px\">\n<td style=\"width: 25.6638%;height: 228px\"><img fetchpriority=\"high\" decoding=\"async\" class=\"alignnone wp-image-1222 size-medium\" src=\"https:\/\/portal.uern.br\/paudosferros\/cienciaseconomicas\/wp-content\/uploads\/sites\/4\/2024\/10\/tgjnaoda-297x300.png\" alt=\"\" width=\"297\" height=\"300\" srcset=\"https:\/\/portal.uern.br\/paudosferros\/cienciaseconomicas\/wp-content\/uploads\/sites\/4\/2024\/10\/tgjnaoda-297x300.png 297w, https:\/\/portal.uern.br\/paudosferros\/cienciaseconomicas\/wp-content\/uploads\/sites\/4\/2024\/10\/tgjnaoda.png 341w\" sizes=\"(max-width: 297px) 100vw, 297px\" \/><\/td>\n<td style=\"width: 73.5496%;height: 228px\">\n<h3>Prof. Me. Boanerges de Freitas Barreto Filho<\/h3>\n<p align=\"justify\">E-mail:\u00a0<span style=\"color: #467886\"><u><a href=\"mailto:boanergesfilho@uern.br\">boanergesfilho@uern.br<\/a><\/u><\/span><\/p>\n<p align=\"justify\">Curr\u00edculo Lattes: <span style=\"color: #467886\"><u><a href=\"http:\/\/lattes.cnpq.br\/4110715663058131\">http:\/\/lattes.cnpq.br\/4110715663058131<\/a><\/u><\/span><\/p>\n<\/td>\n<\/tr>\n<tr style=\"height: 141px\">\n<td style=\"width: 25.6638%;height: 141px\"><img decoding=\"async\" class=\"alignnone wp-image-1570 size-medium\" src=\"https:\/\/portal.uern.br\/paudosferros\/cienciaseconomicas\/wp-content\/uploads\/sites\/4\/2025\/01\/WhatsApp-Image-2025-01-13-at-09.09.42-300x296.jpeg\" alt=\"\" width=\"300\" height=\"296\" srcset=\"https:\/\/portal.uern.br\/paudosferros\/cienciaseconomicas\/wp-content\/uploads\/sites\/4\/2025\/01\/WhatsApp-Image-2025-01-13-at-09.09.42-300x296.jpeg 300w, https:\/\/portal.uern.br\/paudosferros\/cienciaseconomicas\/wp-content\/uploads\/sites\/4\/2025\/01\/WhatsApp-Image-2025-01-13-at-09.09.42-768x758.jpeg 768w, https:\/\/portal.uern.br\/paudosferros\/cienciaseconomicas\/wp-content\/uploads\/sites\/4\/2025\/01\/WhatsApp-Image-2025-01-13-at-09.09.42.jpeg 915w\" sizes=\"(max-width: 300px) 100vw, 300px\" \/><\/td>\n<td style=\"width: 73.5496%;height: 141px\">\n<h3>Prof. Me. Flaubert Fernandes Torquato Lopes<\/h3>\n<p align=\"justify\">E-mail: <span style=\"color: #467886\"><u><a href=\"mailto:flaubertlopes@uern.br\">flaubertlopes@uern.br<\/a><\/u><\/span><\/p>\n<p align=\"justify\">Curr\u00edculo Lattes: <span style=\"color: #467886\"><u><a href=\"http:\/\/lattes.cnpq.br\/1729724065583784\">http:\/\/lattes.cnpq.br\/1729724065583784<\/a><\/u><\/span><a href=\"http:\/\/lattes.cnpq.br\/3882414577607536\" target=\"_blank\" rel=\"noopener\"><br \/>\n<\/a><\/p>\n<\/td>\n<\/tr>\n<tr style=\"height: 229px\">\n<td style=\"width: 25.6638%;height: 229px\"><img decoding=\"async\" class=\"alignnone wp-image-1571 size-medium\" src=\"https:\/\/portal.uern.br\/paudosferros\/cienciaseconomicas\/wp-content\/uploads\/sites\/4\/2025\/01\/WhatsApp-Image-2025-01-13-at-09.11.39-298x300.jpeg\" alt=\"\" width=\"298\" height=\"300\" srcset=\"https:\/\/portal.uern.br\/paudosferros\/cienciaseconomicas\/wp-content\/uploads\/sites\/4\/2025\/01\/WhatsApp-Image-2025-01-13-at-09.11.39-298x300.jpeg 298w, https:\/\/portal.uern.br\/paudosferros\/cienciaseconomicas\/wp-content\/uploads\/sites\/4\/2025\/01\/WhatsApp-Image-2025-01-13-at-09.11.39-1017x1024.jpeg 1017w, https:\/\/portal.uern.br\/paudosferros\/cienciaseconomicas\/wp-content\/uploads\/sites\/4\/2025\/01\/WhatsApp-Image-2025-01-13-at-09.11.39-150x150.jpeg 150w, https:\/\/portal.uern.br\/paudosferros\/cienciaseconomicas\/wp-content\/uploads\/sites\/4\/2025\/01\/WhatsApp-Image-2025-01-13-at-09.11.39-768x773.jpeg 768w, https:\/\/portal.uern.br\/paudosferros\/cienciaseconomicas\/wp-content\/uploads\/sites\/4\/2025\/01\/WhatsApp-Image-2025-01-13-at-09.11.39.jpeg 1271w\" sizes=\"(max-width: 298px) 100vw, 298px\" \/><\/td>\n<td style=\"width: 73.5496%;height: 229px\">\n<h3>Profa. Dra. Francicl\u00e9zia de Sousa Barreto Silva<\/h3>\n<p align=\"justify\">E-mail:\u00a0<span style=\"color: #467886\"><u><a href=\"mailto:francicleziabarreto@uern.br\">francicleziabarreto@uern.br<\/a><\/u><\/span><\/p>\n<p align=\"justify\">Curr\u00edculo Lattes: <span style=\"color: #467886\"><u><a href=\"http:\/\/lattes.cnpq.br\/3882414577607536\">http:\/\/lattes.cnpq.br\/3882414577607536<\/a><\/u><\/span><\/p>\n<\/td>\n<\/tr>\n<tr style=\"height: 264px\">\n<td style=\"width: 25.6638%;height: 264px\">\n<h3><img loading=\"lazy\" decoding=\"async\" class=\"alignnone wp-image-1961\" src=\"https:\/\/portal.uern.br\/paudosferros\/cienciaseconomicas\/wp-content\/uploads\/sites\/4\/2025\/02\/136395572_598228028235892_6436793670228608532_n.jpg\" alt=\"\" width=\"298\" height=\"298\" srcset=\"https:\/\/portal.uern.br\/paudosferros\/cienciaseconomicas\/wp-content\/uploads\/sites\/4\/2025\/02\/136395572_598228028235892_6436793670228608532_n.jpg 640w, https:\/\/portal.uern.br\/paudosferros\/cienciaseconomicas\/wp-content\/uploads\/sites\/4\/2025\/02\/136395572_598228028235892_6436793670228608532_n-300x300.jpg 300w, https:\/\/portal.uern.br\/paudosferros\/cienciaseconomicas\/wp-content\/uploads\/sites\/4\/2025\/02\/136395572_598228028235892_6436793670228608532_n-150x150.jpg 150w\" sizes=\"(max-width: 298px) 100vw, 298px\" \/><\/h3>\n<\/td>\n<td style=\"width: 73.5496%;height: 264px\">\n<h3>Prof. Me. Francisco Wellington Ribeiro<\/h3>\n<p>E-mail: <a href=\"mailto:wellingtonribeiro@uern.br\" target=\"_blank\" rel=\"noopener\">wellingtonribeiro@uern.br<\/a><\/p>\n<p>Curr\u00edculo Lattes: <span style=\"text-decoration: underline\"><a href=\"http:\/\/lattes.cnpq.br\/2012906953906620\" target=\"_blank\" rel=\"noopener\">http:\/\/lattes.cnpq.br\/2012906953906620<\/a><\/span><\/p>\n<h3><\/h3>\n<\/td>\n<\/tr>\n<tr style=\"height: 141px\">\n<td style=\"width: 25.6638%;height: 141px\"><img loading=\"lazy\" decoding=\"async\" class=\"alignnone wp-image-1572 size-medium\" src=\"https:\/\/portal.uern.br\/paudosferros\/cienciaseconomicas\/wp-content\/uploads\/sites\/4\/2025\/01\/WhatsApp-Image-2025-01-13-at-09.09.41-1-300x278.jpeg\" alt=\"\" width=\"300\" height=\"278\" srcset=\"https:\/\/portal.uern.br\/paudosferros\/cienciaseconomicas\/wp-content\/uploads\/sites\/4\/2025\/01\/WhatsApp-Image-2025-01-13-at-09.09.41-1-300x278.jpeg 300w, https:\/\/portal.uern.br\/paudosferros\/cienciaseconomicas\/wp-content\/uploads\/sites\/4\/2025\/01\/WhatsApp-Image-2025-01-13-at-09.09.41-1-1024x948.jpeg 1024w, https:\/\/portal.uern.br\/paudosferros\/cienciaseconomicas\/wp-content\/uploads\/sites\/4\/2025\/01\/WhatsApp-Image-2025-01-13-at-09.09.41-1-768x711.jpeg 768w, https:\/\/portal.uern.br\/paudosferros\/cienciaseconomicas\/wp-content\/uploads\/sites\/4\/2025\/01\/WhatsApp-Image-2025-01-13-at-09.09.41-1.jpeg 1280w\" sizes=\"(max-width: 300px) 100vw, 300px\" \/><\/td>\n<td style=\"width: 73.5496%;height: 141px\">\n<h3>Prof. Dr. Jos\u00e9 Elesb\u00e3o de Almeida<\/h3>\n<p align=\"justify\">E-mail: <span style=\"color: #467886\"><u><a href=\"mailto:elesbaoalmeida@uern.br\">elesbaoalmeida@uern.br<\/a><\/u><\/span><\/p>\n<p align=\"justify\">Curr\u00edculo Lattes: <span style=\"color: #467886\"><u><a href=\"http:\/\/lattes.cnpq.br\/5876326984306885\">http:\/\/lattes.cnpq.br\/5876326984306885<\/a><\/u><\/span><\/p>\n<\/td>\n<\/tr>\n<tr style=\"height: 141px\">\n<td style=\"width: 25.6638%;height: 141px\"><img loading=\"lazy\" decoding=\"async\" class=\"alignnone wp-image-1573 size-medium\" src=\"https:\/\/portal.uern.br\/paudosferros\/cienciaseconomicas\/wp-content\/uploads\/sites\/4\/2025\/01\/WhatsApp-Image-2025-01-13-at-09.08.51-297x300.jpeg\" alt=\"\" width=\"297\" height=\"300\" srcset=\"https:\/\/portal.uern.br\/paudosferros\/cienciaseconomicas\/wp-content\/uploads\/sites\/4\/2025\/01\/WhatsApp-Image-2025-01-13-at-09.08.51-297x300.jpeg 297w, https:\/\/portal.uern.br\/paudosferros\/cienciaseconomicas\/wp-content\/uploads\/sites\/4\/2025\/01\/WhatsApp-Image-2025-01-13-at-09.08.51.jpeg 720w\" sizes=\"(max-width: 297px) 100vw, 297px\" \/><\/td>\n<td style=\"width: 73.5496%;height: 141px\">\n<h3>Prof. Me. Jos\u00e9 Fausto Magalh\u00e3es Filho<\/h3>\n<p align=\"justify\">E-mail: <span style=\"color: #467886\"><u><a href=\"mailto:josefausto@uern.br\">josefausto@uern.br<\/a><\/u><\/span><\/p>\n<p align=\"justify\">Curr\u00edculo Lattes: <span style=\"color: #467886\"><u><a href=\"http:\/\/lattes.cnpq.br\/7309089412437687\">http:\/\/lattes.cnpq.br\/7309089412437687<\/a><\/u><\/span><b> <\/b><\/p>\n<\/td>\n<\/tr>\n<tr style=\"height: 141px\">\n<td style=\"width: 25.6638%;height: 141px\"><img loading=\"lazy\" decoding=\"async\" class=\"alignnone wp-image-1574 size-medium\" src=\"https:\/\/portal.uern.br\/paudosferros\/cienciaseconomicas\/wp-content\/uploads\/sites\/4\/2025\/01\/WhatsApp-Image-2025-01-13-at-09.09.42-1-e1736771996331-297x300.jpeg\" alt=\"\" width=\"297\" height=\"300\" srcset=\"https:\/\/portal.uern.br\/paudosferros\/cienciaseconomicas\/wp-content\/uploads\/sites\/4\/2025\/01\/WhatsApp-Image-2025-01-13-at-09.09.42-1-e1736771996331-297x300.jpeg 297w, https:\/\/portal.uern.br\/paudosferros\/cienciaseconomicas\/wp-content\/uploads\/sites\/4\/2025\/01\/WhatsApp-Image-2025-01-13-at-09.09.42-1-e1736771996331.jpeg 481w\" sizes=\"(max-width: 297px) 100vw, 297px\" \/><\/td>\n<td style=\"width: 73.5496%;height: 141px\">\n<h3>Prof. Dr. Miguel Henrique da Cunha Filho<\/h3>\n<p align=\"justify\">E-mail: <span style=\"color: #467886\"><u><a href=\"mailto:miguelfilho@uern.br\">miguelfilho@uern.br<\/a><\/u><\/span><b> <\/b><\/p>\n<p align=\"justify\">Curr\u00edculo Lattes: <span style=\"color: #467886\"><u><a href=\"http:\/\/lattes.cnpq.br\/9722689448081352\">http:\/\/lattes.cnpq.br\/9722689448081352<\/a><\/u><\/span><\/p>\n<\/td>\n<\/tr>\n<tr style=\"height: 141px\">\n<td style=\"width: 25.6638%;height: 141px\"><img loading=\"lazy\" decoding=\"async\" class=\"alignnone wp-image-1575 size-full\" src=\"https:\/\/portal.uern.br\/paudosferros\/cienciaseconomicas\/wp-content\/uploads\/sites\/4\/2025\/01\/WhatsApp-Image-2025-01-13-at-09.09.42-3-e1736772060280.jpeg\" alt=\"\" width=\"297\" height=\"302\" \/><\/td>\n<td style=\"width: 73.5496%;height: 141px\">\n<h3>Prof. Dr. Ronie Cleber de Souza<\/h3>\n<p align=\"justify\">E-mail: <span style=\"color: #467886\"><u><a href=\"mailto:roniecleber@uern.br\">roniecleber@uern.br<\/a><\/u><\/span><\/p>\n<p align=\"justify\">Curr\u00edculo Lattes: <span style=\"color: #467886\"><u><a href=\"http:\/\/lattes.cnpq.br\/2104181488031287\">http:\/\/lattes.cnpq.br\/2104181488031287<\/a><\/u><\/span><\/p>\n<\/td>\n<\/tr>\n<tr style=\"height: 141px\">\n<td style=\"width: 25.6638%;height: 141px\"><img loading=\"lazy\" decoding=\"async\" class=\"alignnone wp-image-2174 size-full\" src=\"https:\/\/portal.uern.br\/paudosferros\/cienciaseconomicas\/wp-content\/uploads\/sites\/4\/2025\/07\/servletrecuperafoto-e1752507202926.jpg\" alt=\"\" width=\"831\" height=\"846\" srcset=\"https:\/\/portal.uern.br\/paudosferros\/cienciaseconomicas\/wp-content\/uploads\/sites\/4\/2025\/07\/servletrecuperafoto-e1752507202926.jpg 831w, https:\/\/portal.uern.br\/paudosferros\/cienciaseconomicas\/wp-content\/uploads\/sites\/4\/2025\/07\/servletrecuperafoto-e1752507202926-295x300.jpg 295w, https:\/\/portal.uern.br\/paudosferros\/cienciaseconomicas\/wp-content\/uploads\/sites\/4\/2025\/07\/servletrecuperafoto-e1752507202926-768x782.jpg 768w\" sizes=\"(max-width: 831px) 100vw, 831px\" \/><\/td>\n<td style=\"width: 73.5496%;height: 141px\">\n<h3>Profa. Me. Tanara J\u00e9ssica Marques Ara\u00fajo<\/h3>\n<p>E-mail: <a href=\"mailto:tanarajessica@uern.br\">tanarajessica@uern.br<\/a><\/p>\n<p>Curr\u00edculo Lattes: <a href=\"http:\/\/lattes.cnpq.br\/0666859465807699\" target=\"_blank\" rel=\"noopener\">http:\/\/lattes.cnpq.br\/0666859465807699<\/a><\/td>\n<\/tr>\n<tr style=\"height: 266px\">\n<td style=\"width: 25.6638%;height: 266px\">\n<h3><img loading=\"lazy\" decoding=\"async\" class=\"wp-image-1645 size-medium aligncenter\" src=\"https:\/\/portal.uern.br\/paudosferros\/cienciaseconomicas\/wp-content\/uploads\/sites\/4\/2025\/01\/caad17b1-7340-45f8-ba07-3c8868b189df-e1736943399970-297x300.jpeg\" alt=\"\" width=\"297\" height=\"300\" srcset=\"https:\/\/portal.uern.br\/paudosferros\/cienciaseconomicas\/wp-content\/uploads\/sites\/4\/2025\/01\/caad17b1-7340-45f8-ba07-3c8868b189df-e1736943399970-297x300.jpeg 297w, https:\/\/portal.uern.br\/paudosferros\/cienciaseconomicas\/wp-content\/uploads\/sites\/4\/2025\/01\/caad17b1-7340-45f8-ba07-3c8868b189df-e1736943399970-768x776.jpeg 768w, https:\/\/portal.uern.br\/paudosferros\/cienciaseconomicas\/wp-content\/uploads\/sites\/4\/2025\/01\/caad17b1-7340-45f8-ba07-3c8868b189df-e1736943399970.jpeg 800w\" sizes=\"(max-width: 297px) 100vw, 297px\" \/><\/h3>\n<\/td>\n<td style=\"width: 73.5496%;height: 266px\">\n<h3>Profa. Dra. Vanuza Maria Pontes Sena<\/h3>\n<p class=\"western\" align=\"justify\">E-mail: <span style=\"color: #467886\"><u><a href=\"mailto:vanuzasena@uern.br\">vanuzasena@uern.br<\/a><\/u><\/span><\/p>\n<p class=\"western\" align=\"justify\">Curr\u00edculo Lattes: <span style=\"color: #467886\"><u><a href=\"http:\/\/lattes.cnpq.br\/0392763692507209\">http:\/\/lattes.cnpq.br\/0392763692507209<\/a><\/u><\/span><\/p>\n<\/td>\n<\/tr>\n<\/tbody>\n<\/table>\n<h5>Corpo T\u00e9cnico<\/h5>\n<table style=\"border-collapse: collapse;width: 100%\">\n<tbody>\n<tr>\n<td style=\"width: 26.2597%\"><img loading=\"lazy\" decoding=\"async\" class=\"alignnone wp-image-1576 size-medium\" src=\"https:\/\/portal.uern.br\/paudosferros\/cienciaseconomicas\/wp-content\/uploads\/sites\/4\/2025\/01\/WhatsApp-Image-2025-01-13-at-09.48.50-e1736772612593-297x300.jpeg\" alt=\"\" width=\"297\" height=\"300\" srcset=\"https:\/\/portal.uern.br\/paudosferros\/cienciaseconomicas\/wp-content\/uploads\/sites\/4\/2025\/01\/WhatsApp-Image-2025-01-13-at-09.48.50-e1736772612593-297x300.jpeg 297w, https:\/\/portal.uern.br\/paudosferros\/cienciaseconomicas\/wp-content\/uploads\/sites\/4\/2025\/01\/WhatsApp-Image-2025-01-13-at-09.48.50-e1736772612593.jpeg 719w\" sizes=\"(max-width: 297px) 100vw, 297px\" \/><\/td>\n<td style=\"width: 73.7403%\">\n<h3>TNM Esp. Caio Matheus Ferreira Maia<\/h3>\n<p>E-mail: <span style=\"text-decoration: underline\"><a href=\"mailto:caiomatheus@uern.br\">caiomatheus@uern.br<\/a><\/span><\/td>\n<\/tr>\n<tr>\n<td style=\"width: 26.2597%\"><img loading=\"lazy\" decoding=\"async\" class=\"alignnone wp-image-1577 size-medium\" src=\"https:\/\/portal.uern.br\/paudosferros\/cienciaseconomicas\/wp-content\/uploads\/sites\/4\/2025\/01\/WhatsApp-Image-2025-01-13-at-09.48.54-e1736772720500-298x300.jpeg\" alt=\"\" width=\"298\" height=\"300\" srcset=\"https:\/\/portal.uern.br\/paudosferros\/cienciaseconomicas\/wp-content\/uploads\/sites\/4\/2025\/01\/WhatsApp-Image-2025-01-13-at-09.48.54-e1736772720500-298x300.jpeg 298w, https:\/\/portal.uern.br\/paudosferros\/cienciaseconomicas\/wp-content\/uploads\/sites\/4\/2025\/01\/WhatsApp-Image-2025-01-13-at-09.48.54-e1736772720500-1016x1024.jpeg 1016w, https:\/\/portal.uern.br\/paudosferros\/cienciaseconomicas\/wp-content\/uploads\/sites\/4\/2025\/01\/WhatsApp-Image-2025-01-13-at-09.48.54-e1736772720500-150x150.jpeg 150w, https:\/\/portal.uern.br\/paudosferros\/cienciaseconomicas\/wp-content\/uploads\/sites\/4\/2025\/01\/WhatsApp-Image-2025-01-13-at-09.48.54-e1736772720500-768x774.jpeg 768w, https:\/\/portal.uern.br\/paudosferros\/cienciaseconomicas\/wp-content\/uploads\/sites\/4\/2025\/01\/WhatsApp-Image-2025-01-13-at-09.48.54-e1736772720500.jpeg 1220w\" sizes=\"(max-width: 298px) 100vw, 298px\" \/><\/td>\n<td style=\"width: 73.7403%\">\n<h3>TNS Esp. Dayana Thais da Concei\u00e7\u00e3o Costa<\/h3>\n<p>E-mail: <span style=\"text-decoration: underline\"><a href=\"mailto:dayanathais@uern.br\">dayanathais@uern.br<\/a><\/span><\/td>\n<\/tr>\n<\/tbody>\n<\/table>\n","protected":false},"excerpt":{"rendered":"<p>Corpo Docente Prof. Me. Boanerges de Freitas Barreto Filho E-mail:\u00a0boanergesfilho@uern.br Curr\u00edculo Lattes: http:\/\/lattes.cnpq.br\/4110715663058131 Prof. Me. Flaubert Fernandes Torquato Lopes E-mail: flaubertlopes@uern.br Curr\u00edculo Lattes: http:\/\/lattes.cnpq.br\/1729724065583784 Profa. Dra. Francicl\u00e9zia de Sousa Barreto Silva E-mail:\u00a0francicleziabarreto@uern.br Curr\u00edculo Lattes: http:\/\/lattes.cnpq.br\/3882414577607536 Prof. Me. Francisco Wellington Ribeiro E-mail: wellingtonribeiro@uern.br Curr\u00edculo Lattes: http:\/\/lattes.cnpq.br\/2012906953906620 Prof. Dr. Jos\u00e9 Elesb\u00e3o de Almeida E-mail: elesbaoalmeida@uern.br Curr\u00edculo Lattes: [&hellip;]<\/p>\n","protected":false},"author":1,"featured_media":0,"parent":0,"menu_order":0,"comment_status":"closed","ping_status":"closed","template":"","meta":{"footnotes":""},"class_list":["post-770","page","type-page","status-publish","hentry"],"_links":{"self":[{"href":"https:\/\/portal.uern.br\/paudosferros\/cienciaseconomicas\/wp-json\/wp\/v2\/pages\/770","targetHints":{"allow":["GET"]}}],"collection":[{"href":"https:\/\/portal.uern.br\/paudosferros\/cienciaseconomicas\/wp-json\/wp\/v2\/pages"}],"about":[{"href":"https:\/\/portal.uern.br\/paudosferros\/cienciaseconomicas\/wp-json\/wp\/v2\/types\/page"}],"author":[{"embeddable":true,"href":"https:\/\/portal.uern.br\/paudosferros\/cienciaseconomicas\/wp-json\/wp\/v2\/users\/1"}],"replies":[{"embeddable":true,"href":"https:\/\/portal.uern.br\/paudosferros\/cienciaseconomicas\/wp-json\/wp\/v2\/comments?post=770"}],"version-history":[{"count":21,"href":"https:\/\/portal.uern.br\/paudosferros\/cienciaseconomicas\/wp-json\/wp\/v2\/pages\/770\/revisions"}],"predecessor-version":[{"id":1556,"href":"https:\/\/portal.uern.br\/paudosferros\/cienciaseconomicas\/wp-json\/wp\/v2\/pages\/770\/revisions\/1556"}],"wp:attachment":[{"href":"https:\/\/portal.uern.br\/paudosferros\/cienciaseconomicas\/wp-json\/wp\/v2\/media?parent=770"}],"curies":[{"name":"wp","href":"https:\/\/api.w.org\/{rel}","templated":true}]}}