{"id":2449,"date":"2026-03-30T11:29:17","date_gmt":"2026-03-30T14:29:17","guid":{"rendered":"https:\/\/portal.uern.br\/paudosferros\/cienciaseconomicas\/?page_id=2449"},"modified":"2026-03-30T11:29:34","modified_gmt":"2026-03-30T14:29:34","slug":"sambace-2026-1","status":"publish","type":"page","link":"https:\/\/portal.uern.br\/paudosferros\/cienciaseconomicas\/sambace-2026-1\/","title":{"rendered":"SAMBACE 2026.1"},"content":{"rendered":"<p><a href=\"https:\/\/portal.uern.br\/paudosferros\/cienciaseconomicas\/sambace-2026-1\/whatsapp-image-2026-03-27-at-21-07-45\/\" rel=\"attachment wp-att-2450\"><img fetchpriority=\"high\" decoding=\"async\" class=\"aligncenter wp-image-2450 size-large\" src=\"https:\/\/portal.uern.br\/paudosferros\/cienciaseconomicas\/wp-content\/uploads\/sites\/4\/2026\/03\/WhatsApp-Image-2026-03-27-at-21.07.45-1024x768.jpeg\" alt=\"\" width=\"800\" height=\"600\" srcset=\"https:\/\/portal.uern.br\/paudosferros\/cienciaseconomicas\/wp-content\/uploads\/sites\/4\/2026\/03\/WhatsApp-Image-2026-03-27-at-21.07.45-1024x768.jpeg 1024w, https:\/\/portal.uern.br\/paudosferros\/cienciaseconomicas\/wp-content\/uploads\/sites\/4\/2026\/03\/WhatsApp-Image-2026-03-27-at-21.07.45-300x225.jpeg 300w, https:\/\/portal.uern.br\/paudosferros\/cienciaseconomicas\/wp-content\/uploads\/sites\/4\/2026\/03\/WhatsApp-Image-2026-03-27-at-21.07.45-768x576.jpeg 768w, https:\/\/portal.uern.br\/paudosferros\/cienciaseconomicas\/wp-content\/uploads\/sites\/4\/2026\/03\/WhatsApp-Image-2026-03-27-at-21.07.45-1536x1152.jpeg 1536w, https:\/\/portal.uern.br\/paudosferros\/cienciaseconomicas\/wp-content\/uploads\/sites\/4\/2026\/03\/WhatsApp-Image-2026-03-27-at-21.07.45.jpeg 1600w\" sizes=\"(max-width: 800px) 100vw, 800px\" \/><\/a><\/p>\n<p>\ud83d\udcda\u2728 Semin\u00e1rio de Ambienta\u00e7\u00e3o Acad\u00eamica \u2013 Ci\u00eancias Econ\u00f4micas (SAMBACE 2026.1)<\/p>\n<p>O Departamento de Economia do CAPF\/UERN realizou mais uma edi\u00e7\u00e3o do Semin\u00e1rio de Ambienta\u00e7\u00e3o Acad\u00eamica, um momento fundamental de acolhimento, integra\u00e7\u00e3o e orienta\u00e7\u00e3o para nossos estudantes.<\/p>\n<p>Estiveram presentes o chefe do Departamento, Prof. Dr. Miguel Henrique, a orientadora acad\u00eamica, Profa. Dra. Vanuza Maria Pontes Sena, a Profa. Dra. Francicl\u00e9zia Silva, coordenadora do N\u00facleo Docente Estruturante (NDE), e a secret\u00e1ria do curso, Dayana Thais, contribuindo com informa\u00e7\u00f5es importantes sobre a vida acad\u00eamica e o percurso no curso de Ci\u00eancias Econ\u00f4micas.<\/p>\n<p>Mais do que apresentar normas e estrutura, o encontro refor\u00e7a nosso compromisso com a forma\u00e7\u00e3o, o acompanhamento e o fortalecimento da trajet\u00f3ria dos nossos alunos na universidade.<\/p>\n","protected":false},"excerpt":{"rendered":"<p>\ud83d\udcda\u2728 Semin\u00e1rio de Ambienta\u00e7\u00e3o Acad\u00eamica \u2013 Ci\u00eancias Econ\u00f4micas (SAMBACE 2026.1) O Departamento de Economia do CAPF\/UERN realizou mais uma edi\u00e7\u00e3o do Semin\u00e1rio de Ambienta\u00e7\u00e3o Acad\u00eamica, um momento fundamental de acolhimento, integra\u00e7\u00e3o e orienta\u00e7\u00e3o para nossos estudantes. Estiveram presentes o chefe do Departamento, Prof. Dr. Miguel Henrique, a orientadora acad\u00eamica, Profa. Dra. Vanuza Maria Pontes Sena, [&hellip;]<\/p>\n","protected":false},"author":13,"featured_media":0,"parent":0,"menu_order":0,"comment_status":"closed","ping_status":"closed","template":"","meta":{"footnotes":""},"class_list":["post-2449","page","type-page","status-publish","hentry"],"_links":{"self":[{"href":"https:\/\/portal.uern.br\/paudosferros\/cienciaseconomicas\/wp-json\/wp\/v2\/pages\/2449","targetHints":{"allow":["GET"]}}],"collection":[{"href":"https:\/\/portal.uern.br\/paudosferros\/cienciaseconomicas\/wp-json\/wp\/v2\/pages"}],"about":[{"href":"https:\/\/portal.uern.br\/paudosferros\/cienciaseconomicas\/wp-json\/wp\/v2\/types\/page"}],"author":[{"embeddable":true,"href":"https:\/\/portal.uern.br\/paudosferros\/cienciaseconomicas\/wp-json\/wp\/v2\/users\/13"}],"replies":[{"embeddable":true,"href":"https:\/\/portal.uern.br\/paudosferros\/cienciaseconomicas\/wp-json\/wp\/v2\/comments?post=2449"}],"version-history":[{"count":2,"href":"https:\/\/portal.uern.br\/paudosferros\/cienciaseconomicas\/wp-json\/wp\/v2\/pages\/2449\/revisions"}],"predecessor-version":[{"id":2452,"href":"https:\/\/portal.uern.br\/paudosferros\/cienciaseconomicas\/wp-json\/wp\/v2\/pages\/2449\/revisions\/2452"}],"wp:attachment":[{"href":"https:\/\/portal.uern.br\/paudosferros\/cienciaseconomicas\/wp-json\/wp\/v2\/media?parent=2449"}],"curies":[{"name":"wp","href":"https:\/\/api.w.org\/{rel}","templated":true}]}}