{"id":2441,"date":"2026-03-30T11:17:34","date_gmt":"2026-03-30T14:17:34","guid":{"rendered":"https:\/\/portal.uern.br\/paudosferros\/cienciaseconomicas\/?page_id=2441"},"modified":"2026-04-13T10:49:21","modified_gmt":"2026-04-13T13:49:21","slug":"retire-aqui-seu-certificado","status":"publish","type":"page","link":"https:\/\/portal.uern.br\/paudosferros\/cienciaseconomicas\/retire-aqui-seu-certificado\/","title":{"rendered":"Retire aqui o seu Certificado"},"content":{"rendered":"<table style=\"border-collapse: collapse;width: 100%\">\n<tbody>\n<tr>\n<td style=\"width: 100%\"><a href=\"https:\/\/portal.uern.br\/paudosferros\/cienciaseconomicas\/wp-content\/uploads\/sites\/4\/2026\/04\/CERTIFICADO-SEMINARIO-DE-MONOGRAFIA.pdf\" target=\"_blank\" rel=\"noopener\"><span style=\"font-size: 14pt\"><em>Certificado de participa\u00e7\u00e3o destinado aos discentes que assistiram \u00e0s apresenta\u00e7\u00f5es do Semin\u00e1rio de Monografias \u2013 2025.2.<\/em><\/span><\/a><\/td>\n<\/tr>\n<\/tbody>\n<\/table>\n<table style=\"border-collapse: collapse;width: 100%\">\n<tbody>\n<tr>\n<td style=\"width: 100%\"><a href=\"https:\/\/portal.uern.br\/paudosferros\/cienciaseconomicas\/wp-content\/uploads\/sites\/4\/2026\/04\/CERTIFICADO-SAMBACE-II_compressed.pdf\" target=\"_blank\" rel=\"noopener\"><span style=\"font-size: 14pt\"><em>Certicicado de participa\u00e7\u00e3o SAMBACE 2026.1<\/em><\/span><\/a><\/td>\n<\/tr>\n<\/tbody>\n<\/table>\n<table style=\"border-collapse: collapse;width: 100%\">\n<tbody>\n<tr>\n<td style=\"width: 100%\"><a href=\"https:\/\/portal.uern.br\/paudosferros\/cienciaseconomicas\/wp-content\/uploads\/sites\/4\/2026\/04\/ilovepdf_merged-1_merged.pdf\" target=\"_blank\" rel=\"noopener\"><em><span style=\"font-size: 14pt\">Certificados do minicurso de Mapas Mentais<\/span><\/em><\/a><\/td>\n<\/tr>\n<\/tbody>\n<\/table>\n","protected":false},"excerpt":{"rendered":"<p>Certificado de participa\u00e7\u00e3o destinado aos discentes que assistiram \u00e0s apresenta\u00e7\u00f5es do Semin\u00e1rio de Monografias \u2013 2025.2. Certicicado de participa\u00e7\u00e3o SAMBACE 2026.1 Certificados do minicurso de Mapas Mentais<\/p>\n","protected":false},"author":13,"featured_media":0,"parent":0,"menu_order":0,"comment_status":"closed","ping_status":"closed","template":"","meta":{"footnotes":""},"class_list":["post-2441","page","type-page","status-publish","hentry"],"_links":{"self":[{"href":"https:\/\/portal.uern.br\/paudosferros\/cienciaseconomicas\/wp-json\/wp\/v2\/pages\/2441","targetHints":{"allow":["GET"]}}],"collection":[{"href":"https:\/\/portal.uern.br\/paudosferros\/cienciaseconomicas\/wp-json\/wp\/v2\/pages"}],"about":[{"href":"https:\/\/portal.uern.br\/paudosferros\/cienciaseconomicas\/wp-json\/wp\/v2\/types\/page"}],"author":[{"embeddable":true,"href":"https:\/\/portal.uern.br\/paudosferros\/cienciaseconomicas\/wp-json\/wp\/v2\/users\/13"}],"replies":[{"embeddable":true,"href":"https:\/\/portal.uern.br\/paudosferros\/cienciaseconomicas\/wp-json\/wp\/v2\/comments?post=2441"}],"version-history":[{"count":11,"href":"https:\/\/portal.uern.br\/paudosferros\/cienciaseconomicas\/wp-json\/wp\/v2\/pages\/2441\/revisions"}],"predecessor-version":[{"id":2463,"href":"https:\/\/portal.uern.br\/paudosferros\/cienciaseconomicas\/wp-json\/wp\/v2\/pages\/2441\/revisions\/2463"}],"wp:attachment":[{"href":"https:\/\/portal.uern.br\/paudosferros\/cienciaseconomicas\/wp-json\/wp\/v2\/media?parent=2441"}],"curies":[{"name":"wp","href":"https:\/\/api.w.org\/{rel}","templated":true}]}}