{"id":2329,"date":"2026-03-23T09:57:10","date_gmt":"2026-03-23T12:57:10","guid":{"rendered":"https:\/\/portal.uern.br\/paudosferros\/cienciaseconomicas\/?page_id=2329"},"modified":"2026-03-23T10:54:53","modified_gmt":"2026-03-23T13:54:53","slug":"concluintes-2025-2","status":"publish","type":"page","link":"https:\/\/portal.uern.br\/paudosferros\/cienciaseconomicas\/concluintes-2025-2\/","title":{"rendered":"Concluintes 2025.2"},"content":{"rendered":"<p><strong>NOME:<\/strong> ANDR\u00c9IA MARIA OLIVEIRA DA SILVA<\/p>\n<p><strong>T\u00cdTULO: <\/strong>O TURISMO COMO FATOR DO DESENVOLVIMENTO LOCAL EM MARTINS RN: INFLU\u00caNCIAS, DESAFIOS E PERSPECTIVAS (2015- 2025)<\/p>\n<p><a href=\"https:\/\/portal.uern.br\/paudosferros\/cienciaseconomicas\/wp-content\/uploads\/sites\/4\/2026\/03\/Monografia-ANDREIA-MARIA-1.pdf\" target=\"_blank\" rel=\"noopener\">Monografia Completa<\/a><\/p>\n<p>__________________________________________________________________________________________________________________________________________________________________________________<\/p>\n<p><strong>NOME: <\/strong>ANDR\u00c9IA MATIAS DE LIRA<\/p>\n<p><strong>T\u00cdTULO: <\/strong>CAUSAS E EFEITOS DA DESINDUSTRIALIZA\u00c7\u00c3O NO RIO GRANDE DO NORTE NO PER\u00cdODO DE 2010 A 2020.<\/p>\n<p><a href=\"https:\/\/portal.uern.br\/paudosferros\/cienciaseconomicas\/wp-content\/uploads\/sites\/4\/2026\/03\/Monografia-ANDREIA-MARIA-1.pdf\" target=\"_blank\" rel=\"noopener\">Monografia Completa<\/a><\/p>\n<p>__________________________________________________________________________________________________________________________________________________________________________________<\/p>\n<p><strong>NOME: <\/strong>ARTUR CEZAR ROCHA DE SOUZA<\/p>\n<p><strong>T\u00cdTULO: <\/strong>APICULTURA EM PAU DOS FERROS (RN): ASPECTOS ECON\u00d4MICOS, SOCIAIS, ALIMENTARES E AMBIENTAIS ENTRE 2014 E 2024.<\/p>\n<p><a href=\"https:\/\/portal.uern.br\/paudosferros\/cienciaseconomicas\/wp-content\/uploads\/sites\/4\/2026\/03\/MONOGRAFIA-ARTUR-CEZAR-ROCHA-DE-SOUZA-1.pdf\" target=\"_blank\" rel=\"noopener\">Monografia Completa<\/a><\/p>\n<p>__________________________________________________________________________________________________________________________________________________________________________________<\/p>\n<p><strong>NOME: <\/strong>CARLA ANIELY DE LIMA SILVA<\/p>\n<p><strong>T\u00cdTULO:<\/strong> ENTRE A FLEXIBILIDADE E A PRECARIZA\u00c7\u00c3O: A ECONOMIA GIG E AS NOVAS CONFIGURA\u00c7\u00d5ES DO TRABALHO NO BRASIL<\/p>\n<p><a href=\"https:\/\/portal.uern.br\/paudosferros\/cienciaseconomicas\/wp-content\/uploads\/sites\/4\/2026\/03\/II_Monografia-CARLA-ANIELY-DE-LIMA-SILVA.pdf\" target=\"_blank\" rel=\"noopener\">Monografia Completa<\/a><\/p>\n<p>__________________________________________________________________________________________________________________________________________________________________________________<\/p>\n<p><strong>NOME: <\/strong>CLAUDENILZA DA SILVA FERNANDES<\/p>\n<p><strong>T\u00cdTULO: <\/strong>ESTUDO SOBRE O CRESCIMENTO DAS STARTUPS NO RIO GRANDE DO NORTE: UMA AN\u00c1LISE SOBRE OS EFEITOS DO ECOSSISTEMA DE INOVA\u00c7\u00c3O COMO VETOR DE DESENVOLVIMENTO, NO PER\u00cdODO DE 2013 2024<\/p>\n<p><a href=\"https:\/\/portal.uern.br\/paudosferros\/cienciaseconomicas\/wp-content\/uploads\/sites\/4\/2026\/03\/MONOGRAFIA-CLAUDENILZA-DA-SILVA-FERNANDES.pdf\" target=\"_blank\" rel=\"noopener\">Monografia Completa<\/a><\/p>\n<p>__________________________________________________________________________________________________________________________________________________________________________________<\/p>\n<p><strong>NOME: <\/strong>FRANCISCA NADIR DA SILVA BATISTA<\/p>\n<p><strong>T\u00cdTULO: <\/strong>CUIDADO INVIS\u00cdVEL: MULHERES, ENVELHECIMENTO POPULACIONAL E IMPLICA\u00c7\u00d5ES ECON\u00d4MICAS<\/p>\n<p><a href=\"https:\/\/portal.uern.br\/paudosferros\/cienciaseconomicas\/wp-content\/uploads\/sites\/4\/2026\/03\/MONOGRAFIA-FRANCISCA-NADIR-DA-SILVA-BATISTA.pdf\" target=\"_blank\" rel=\"noopener\">Monografia Completa<\/a><\/p>\n<p>__________________________________________________________________________________________________________________________________________________________________________________<\/p>\n<p><strong>NOME: <\/strong>GIZELLY NUNES DA SILVA<\/p>\n<p><strong>T\u00cdTULO: <\/strong>DO PROADI AO PROEDI: A TRAJET\u00d3RIA DA INDUSTRIALIZA\u00c7\u00c3O NO RIO GRANDE DO NORTE (1985-2025)<\/p>\n<p><a href=\"https:\/\/portal.uern.br\/paudosferros\/cienciaseconomicas\/wp-content\/uploads\/sites\/4\/2026\/03\/MONOGRAFIA_GIZELLY-NUNES-DA-SILVA.pdf\" target=\"_blank\" rel=\"noopener\">Monografia Completa<\/a><\/p>\n<p>__________________________________________________________________________________________________________________________________________________________________________________<\/p>\n<p><strong>NOME: <\/strong>JEFFERSON FERREIRA DE OLIVEIRA<\/p>\n<p><strong>T\u00cdTULO: <\/strong>A ECONOMIA DO NORDESTE DO BRASIL NO S\u00c9CULO XXI: A IDIOSSINCRASIA DOS PRINCIPAIS AGREGADOS MACROECON\u00d4MICOS<\/p>\n<p><a href=\"https:\/\/portal.uern.br\/paudosferros\/cienciaseconomicas\/wp-content\/uploads\/sites\/4\/2026\/03\/MONOGRAFIA-JEFFERSON-FERREIRA-DE-OLIVEIRA.pdf\" target=\"_blank\" rel=\"noopener\">Monografia Completa<\/a><\/p>\n<p>__________________________________________________________________________________________________________________________________________________________________________________<\/p>\n<p><strong>NOME: <\/strong>JOCEANA DUARTE CAMARA<\/p>\n<p><strong>T\u00cdTULO: <\/strong>MIGRA\u00c7\u00d5ES INTERNAS: A ASSOCIA\u00c7\u00c3O ENTRE A IMIGRA\u00c7\u00c3O E O DESENVOLVIMENTO DOS MUNIC\u00cdPIOS DO NORDESTE BRASILEIRO NO ANO 2022<\/p>\n<p><a href=\"https:\/\/portal.uern.br\/paudosferros\/cienciaseconomicas\/wp-content\/uploads\/sites\/4\/2026\/03\/Monografia_JOCEANA-DUARTE-CAMARA.pdf\" target=\"_blank\" rel=\"noopener\">Monografia Completa<\/a><\/p>\n<p>__________________________________________________________________________________________________________________________________________________________________________________<\/p>\n<p><strong>NOME: <\/strong>JOZEANY MAYRIS ARLINDO MIRANDA<\/p>\n<p><strong>T\u00cdTULO:<\/strong> AGRICULTURA FAMILIAR E AS ESTRAT\u00c9GIAS DE PLURIATIVIDADE EM PIL\u00d5ES-RN NO CONTEXTO RECENTE<\/p>\n<p><a href=\"https:\/\/portal.uern.br\/paudosferros\/cienciaseconomicas\/wp-content\/uploads\/sites\/4\/2026\/03\/Monografia_JOZEANY-MAYRIS-ARLINDO-MIRANDA.pdf\" target=\"_blank\" rel=\"noopener\">Monografia Completa<\/a><\/p>\n<p>__________________________________________________________________________________________________________________________________________________________________________________<\/p>\n<p><strong>NOME: <\/strong>LETICIA BERNARDES DA SILVA<\/p>\n<p><strong>T\u00cdTULO: <\/strong>A INSER\u00c7\u00c3O DOS JOVENS NO MERCADO DE TRABALHO FORMAL NA CIDADE DE PAU DOS FERROS-RN: Um estudo do setor comercial atacadista<br \/>\nde Supermercados em 2025<\/p>\n<p><a href=\"https:\/\/portal.uern.br\/paudosferros\/cienciaseconomicas\/wp-content\/uploads\/sites\/4\/2026\/03\/Monografia-LETICIA-BERNARDES-DA-SILVA-3-56.pdf\" target=\"_blank\" rel=\"noopener\">Monografia Completa<\/a><\/p>\n<p>__________________________________________________________________________________________________________________________________________________________________________________<\/p>\n<p><strong>NOME: <\/strong>MARCELO ESTEVAM DA SILVA<\/p>\n<p><strong>T\u00cdTULO: <\/strong>EDUCA\u00c7\u00c3O FINANCEIRA, VIESES COGNITIVOS E ENDIVIDAMENTO NO BRASIL: UMA REVIS\u00c3O NARRATIVA \u00c0 LUZ DA ECONOMIA COMPORTAMENTAL<\/p>\n<p><a href=\"https:\/\/portal.uern.br\/paudosferros\/cienciaseconomicas\/wp-content\/uploads\/sites\/4\/2026\/03\/Monografia-MARCELO-ESTEVAM-DA-SILVA.pdf\" target=\"_blank\" rel=\"noopener\">Monografia Completa<\/a><\/p>\n<p>__________________________________________________________________________________________________________________________________________________________________________________<\/p>\n<p><strong>NOME: <\/strong>VIVIANE KALYNE QUEIROZ DE LIMA<\/p>\n<p><strong>T\u00cdTULO: <\/strong>IMPACTOS DA TRIBUTA\u00c7\u00c3O DIRETA E INDIRETA SOBRE A DESIGUALDADE DE RENDA NOS ESTADOS BRASILEIROS ENTRE 2012 E 2021<\/p>\n<p><a href=\"https:\/\/portal.uern.br\/paudosferros\/cienciaseconomicas\/wp-content\/uploads\/sites\/4\/2026\/03\/Monografia-VIVIANE-KALYNE-QUEIROZ-DE-LIMA.pdf\" target=\"_blank\" rel=\"noopener\">Monografia Completa<\/a><\/p>\n<p>__________________________________________________________________________________________________________________________________________________________________________________<\/p>\n<p><strong>NOME: <\/strong>YANDRA BARBARA DA SILVA PEREIRA<\/p>\n<p><strong>T\u00cdTULO: <\/strong>O EMPREENDEDORISMO EM ERER\u00c9-CE: uma an\u00e1lise sobre sua configura\u00e7\u00e3o como estrat\u00e9gia de investimento ou de sobreviv\u00eancia econ\u00f4mica.<\/p>\n<p><a href=\"https:\/\/portal.uern.br\/paudosferros\/cienciaseconomicas\/wp-content\/uploads\/sites\/4\/2026\/03\/Monografia_YANDRA-BARBARA-DA-SILVA-PEREIRA.pdf\" target=\"_blank\" rel=\"noopener\">Monografia Completa<\/a><\/p>\n<p>__________________________________________________________________________________________________________________________________________________________________________________<\/p>\n<p>&nbsp;<\/p>\n<p>&nbsp;<\/p>\n","protected":false},"excerpt":{"rendered":"<p>NOME: ANDR\u00c9IA MARIA OLIVEIRA DA SILVA T\u00cdTULO: O TURISMO COMO FATOR DO DESENVOLVIMENTO LOCAL EM MARTINS RN: INFLU\u00caNCIAS, DESAFIOS E PERSPECTIVAS (2015- 2025) Monografia Completa __________________________________________________________________________________________________________________________________________________________________________________ NOME: ANDR\u00c9IA MATIAS DE LIRA T\u00cdTULO: CAUSAS E EFEITOS DA DESINDUSTRIALIZA\u00c7\u00c3O NO RIO GRANDE DO NORTE NO PER\u00cdODO DE 2010 A 2020. Monografia Completa __________________________________________________________________________________________________________________________________________________________________________________ NOME: ARTUR CEZAR ROCHA [&hellip;]<\/p>\n","protected":false},"author":13,"featured_media":0,"parent":0,"menu_order":0,"comment_status":"closed","ping_status":"closed","template":"","meta":{"footnotes":""},"class_list":["post-2329","page","type-page","status-publish","hentry"],"_links":{"self":[{"href":"https:\/\/portal.uern.br\/paudosferros\/cienciaseconomicas\/wp-json\/wp\/v2\/pages\/2329","targetHints":{"allow":["GET"]}}],"collection":[{"href":"https:\/\/portal.uern.br\/paudosferros\/cienciaseconomicas\/wp-json\/wp\/v2\/pages"}],"about":[{"href":"https:\/\/portal.uern.br\/paudosferros\/cienciaseconomicas\/wp-json\/wp\/v2\/types\/page"}],"author":[{"embeddable":true,"href":"https:\/\/portal.uern.br\/paudosferros\/cienciaseconomicas\/wp-json\/wp\/v2\/users\/13"}],"replies":[{"embeddable":true,"href":"https:\/\/portal.uern.br\/paudosferros\/cienciaseconomicas\/wp-json\/wp\/v2\/comments?post=2329"}],"version-history":[{"count":12,"href":"https:\/\/portal.uern.br\/paudosferros\/cienciaseconomicas\/wp-json\/wp\/v2\/pages\/2329\/revisions"}],"predecessor-version":[{"id":2359,"href":"https:\/\/portal.uern.br\/paudosferros\/cienciaseconomicas\/wp-json\/wp\/v2\/pages\/2329\/revisions\/2359"}],"wp:attachment":[{"href":"https:\/\/portal.uern.br\/paudosferros\/cienciaseconomicas\/wp-json\/wp\/v2\/media?parent=2329"}],"curies":[{"name":"wp","href":"https:\/\/api.w.org\/{rel}","templated":true}]}}