{"id":2242,"date":"2025-10-13T19:11:04","date_gmt":"2025-10-13T22:11:04","guid":{"rendered":"https:\/\/portal.uern.br\/paudosferros\/cienciaseconomicas\/?page_id=2242"},"modified":"2025-10-13T20:37:30","modified_gmt":"2025-10-13T23:37:30","slug":"visita-ao-museu-do-sertao","status":"publish","type":"page","link":"https:\/\/portal.uern.br\/paudosferros\/cienciaseconomicas\/visita-ao-museu-do-sertao\/","title":{"rendered":"Visita ao Museu do Sert\u00e3o"},"content":{"rendered":"<figure id=\"attachment_2243\" aria-describedby=\"caption-attachment-2243\" style=\"width: 800px\" class=\"wp-caption aligncenter\"><img fetchpriority=\"high\" decoding=\"async\" class=\"wp-image-2243 size-large\" src=\"https:\/\/portal.uern.br\/paudosferros\/cienciaseconomicas\/wp-content\/uploads\/sites\/4\/2025\/10\/WhatsApp-Image-2025-10-13-at-16.25.23-5-1024x1024.jpeg\" alt=\"\" width=\"800\" height=\"800\" srcset=\"https:\/\/portal.uern.br\/paudosferros\/cienciaseconomicas\/wp-content\/uploads\/sites\/4\/2025\/10\/WhatsApp-Image-2025-10-13-at-16.25.23-5-1024x1024.jpeg 1024w, https:\/\/portal.uern.br\/paudosferros\/cienciaseconomicas\/wp-content\/uploads\/sites\/4\/2025\/10\/WhatsApp-Image-2025-10-13-at-16.25.23-5-300x300.jpeg 300w, https:\/\/portal.uern.br\/paudosferros\/cienciaseconomicas\/wp-content\/uploads\/sites\/4\/2025\/10\/WhatsApp-Image-2025-10-13-at-16.25.23-5-150x150.jpeg 150w, https:\/\/portal.uern.br\/paudosferros\/cienciaseconomicas\/wp-content\/uploads\/sites\/4\/2025\/10\/WhatsApp-Image-2025-10-13-at-16.25.23-5-768x768.jpeg 768w, https:\/\/portal.uern.br\/paudosferros\/cienciaseconomicas\/wp-content\/uploads\/sites\/4\/2025\/10\/WhatsApp-Image-2025-10-13-at-16.25.23-5.jpeg 1080w\" sizes=\"(max-width: 800px) 100vw, 800px\" \/><figcaption id=\"caption-attachment-2243\" class=\"wp-caption-text\">O Museu do Sert\u00e3o est\u00e1 localizado na zona rural de Mossor\u00f3 (RN).<\/figcaption><\/figure>\n<h6 style=\"text-align: center\"><\/h6>\n<p>De uma forma sint\u00e9tica, a Economia Ecol\u00f3gica busca alcan\u00e7ar o desenvolvimento econ\u00f4mico sem comprometer o limite dos recursos naturais.<\/p>\n<p>Dentro dessa perspectiva \u00e9 que alunos e alunas, do 8\u00b0 per\u00edodo do curso de Economia da UERN Pau dos Ferros, visitaram, hoje (11\/10), o Museu do Sert\u00e3o, onde se constatou, de forma direta e indireta, as potencialidades produtivas da nossa flora, fauna, de culturas tradicionais e de \u00e1guas de po\u00e7os tubulares, de pouca profundidade.<\/p>\n<p>Al\u00e9m disso, foram vistos m\u00e1quinas, implementos e equipamentos agr\u00edcolas, bem como pe\u00e7as e produ\u00e7\u00f5es art\u00edsticas que nos reportam \u00e0 cultura sertaneja, que tanto pode influenciar alternativas econ\u00f4micas quanto a economia pode se utilizar de aspectos culturais para concretizar prop\u00f3sitos seus.<\/p>\n<p>Conduzindo o alunado esteve o Prof. Fausto Magalh\u00e3es, tendo sido, todos os outros presentes, honrados com a presen\u00e7a da Profa. Dra. Francicl\u00e9zia Barreto.<\/p>\n<p>Como expositores sobre em que consiste o Museu do Sert\u00e3o e que atividades vem exercendo, tivemos a pedagoga Suzana Goretti Lima Leite e curador do Museu, Prof. Dr. Benedito Vasconcelos Mendes.<\/p>\n<p><em><img decoding=\"async\" class=\"alignnone wp-image-2244\" src=\"https:\/\/portal.uern.br\/paudosferros\/cienciaseconomicas\/wp-content\/uploads\/sites\/4\/2025\/10\/WhatsApp-Image-2025-10-13-at-16.25.21-2.jpeg\" alt=\"\" width=\"470\" height=\"470\" srcset=\"https:\/\/portal.uern.br\/paudosferros\/cienciaseconomicas\/wp-content\/uploads\/sites\/4\/2025\/10\/WhatsApp-Image-2025-10-13-at-16.25.21-2.jpeg 1080w, https:\/\/portal.uern.br\/paudosferros\/cienciaseconomicas\/wp-content\/uploads\/sites\/4\/2025\/10\/WhatsApp-Image-2025-10-13-at-16.25.21-2-300x300.jpeg 300w, https:\/\/portal.uern.br\/paudosferros\/cienciaseconomicas\/wp-content\/uploads\/sites\/4\/2025\/10\/WhatsApp-Image-2025-10-13-at-16.25.21-2-1024x1024.jpeg 1024w, https:\/\/portal.uern.br\/paudosferros\/cienciaseconomicas\/wp-content\/uploads\/sites\/4\/2025\/10\/WhatsApp-Image-2025-10-13-at-16.25.21-2-150x150.jpeg 150w, https:\/\/portal.uern.br\/paudosferros\/cienciaseconomicas\/wp-content\/uploads\/sites\/4\/2025\/10\/WhatsApp-Image-2025-10-13-at-16.25.21-2-768x768.jpeg 768w\" sizes=\"(max-width: 470px) 100vw, 470px\" \/> <img decoding=\"async\" class=\"alignnone wp-image-2245\" src=\"https:\/\/portal.uern.br\/paudosferros\/cienciaseconomicas\/wp-content\/uploads\/sites\/4\/2025\/10\/WhatsApp-Image-2025-10-13-at-16.25.22-3.jpeg\" alt=\"\" width=\"470\" height=\"470\" srcset=\"https:\/\/portal.uern.br\/paudosferros\/cienciaseconomicas\/wp-content\/uploads\/sites\/4\/2025\/10\/WhatsApp-Image-2025-10-13-at-16.25.22-3.jpeg 1080w, https:\/\/portal.uern.br\/paudosferros\/cienciaseconomicas\/wp-content\/uploads\/sites\/4\/2025\/10\/WhatsApp-Image-2025-10-13-at-16.25.22-3-300x300.jpeg 300w, https:\/\/portal.uern.br\/paudosferros\/cienciaseconomicas\/wp-content\/uploads\/sites\/4\/2025\/10\/WhatsApp-Image-2025-10-13-at-16.25.22-3-1024x1024.jpeg 1024w, https:\/\/portal.uern.br\/paudosferros\/cienciaseconomicas\/wp-content\/uploads\/sites\/4\/2025\/10\/WhatsApp-Image-2025-10-13-at-16.25.22-3-150x150.jpeg 150w, https:\/\/portal.uern.br\/paudosferros\/cienciaseconomicas\/wp-content\/uploads\/sites\/4\/2025\/10\/WhatsApp-Image-2025-10-13-at-16.25.22-3-768x768.jpeg 768w\" sizes=\"(max-width: 470px) 100vw, 470px\" \/> <img loading=\"lazy\" decoding=\"async\" class=\"alignnone wp-image-2246\" src=\"https:\/\/portal.uern.br\/paudosferros\/cienciaseconomicas\/wp-content\/uploads\/sites\/4\/2025\/10\/WhatsApp-Image-2025-10-13-at-16.25.22-5.jpeg\" alt=\"\" width=\"470\" height=\"470\" srcset=\"https:\/\/portal.uern.br\/paudosferros\/cienciaseconomicas\/wp-content\/uploads\/sites\/4\/2025\/10\/WhatsApp-Image-2025-10-13-at-16.25.22-5.jpeg 1080w, https:\/\/portal.uern.br\/paudosferros\/cienciaseconomicas\/wp-content\/uploads\/sites\/4\/2025\/10\/WhatsApp-Image-2025-10-13-at-16.25.22-5-300x300.jpeg 300w, https:\/\/portal.uern.br\/paudosferros\/cienciaseconomicas\/wp-content\/uploads\/sites\/4\/2025\/10\/WhatsApp-Image-2025-10-13-at-16.25.22-5-1024x1024.jpeg 1024w, https:\/\/portal.uern.br\/paudosferros\/cienciaseconomicas\/wp-content\/uploads\/sites\/4\/2025\/10\/WhatsApp-Image-2025-10-13-at-16.25.22-5-150x150.jpeg 150w, https:\/\/portal.uern.br\/paudosferros\/cienciaseconomicas\/wp-content\/uploads\/sites\/4\/2025\/10\/WhatsApp-Image-2025-10-13-at-16.25.22-5-768x768.jpeg 768w\" sizes=\"(max-width: 470px) 100vw, 470px\" \/><\/em><em><img loading=\"lazy\" decoding=\"async\" class=\"alignnone wp-image-2260\" src=\"https:\/\/portal.uern.br\/paudosferros\/cienciaseconomicas\/wp-content\/uploads\/sites\/4\/2025\/10\/WhatsApp-Image-2025-10-13-at-16.25.22.jpeg\" alt=\"\" width=\"470\" height=\"470\" srcset=\"https:\/\/portal.uern.br\/paudosferros\/cienciaseconomicas\/wp-content\/uploads\/sites\/4\/2025\/10\/WhatsApp-Image-2025-10-13-at-16.25.22.jpeg 1080w, https:\/\/portal.uern.br\/paudosferros\/cienciaseconomicas\/wp-content\/uploads\/sites\/4\/2025\/10\/WhatsApp-Image-2025-10-13-at-16.25.22-300x300.jpeg 300w, https:\/\/portal.uern.br\/paudosferros\/cienciaseconomicas\/wp-content\/uploads\/sites\/4\/2025\/10\/WhatsApp-Image-2025-10-13-at-16.25.22-1024x1024.jpeg 1024w, https:\/\/portal.uern.br\/paudosferros\/cienciaseconomicas\/wp-content\/uploads\/sites\/4\/2025\/10\/WhatsApp-Image-2025-10-13-at-16.25.22-150x150.jpeg 150w, https:\/\/portal.uern.br\/paudosferros\/cienciaseconomicas\/wp-content\/uploads\/sites\/4\/2025\/10\/WhatsApp-Image-2025-10-13-at-16.25.22-768x768.jpeg 768w\" sizes=\"(max-width: 470px) 100vw, 470px\" \/><\/em><em><img loading=\"lazy\" decoding=\"async\" class=\"alignnone wp-image-2247\" src=\"https:\/\/portal.uern.br\/paudosferros\/cienciaseconomicas\/wp-content\/uploads\/sites\/4\/2025\/10\/WhatsApp-Image-2025-10-13-at-16.25.23-1.jpeg\" alt=\"\" width=\"470\" height=\"470\" srcset=\"https:\/\/portal.uern.br\/paudosferros\/cienciaseconomicas\/wp-content\/uploads\/sites\/4\/2025\/10\/WhatsApp-Image-2025-10-13-at-16.25.23-1.jpeg 1080w, https:\/\/portal.uern.br\/paudosferros\/cienciaseconomicas\/wp-content\/uploads\/sites\/4\/2025\/10\/WhatsApp-Image-2025-10-13-at-16.25.23-1-300x300.jpeg 300w, https:\/\/portal.uern.br\/paudosferros\/cienciaseconomicas\/wp-content\/uploads\/sites\/4\/2025\/10\/WhatsApp-Image-2025-10-13-at-16.25.23-1-1024x1024.jpeg 1024w, https:\/\/portal.uern.br\/paudosferros\/cienciaseconomicas\/wp-content\/uploads\/sites\/4\/2025\/10\/WhatsApp-Image-2025-10-13-at-16.25.23-1-150x150.jpeg 150w, https:\/\/portal.uern.br\/paudosferros\/cienciaseconomicas\/wp-content\/uploads\/sites\/4\/2025\/10\/WhatsApp-Image-2025-10-13-at-16.25.23-1-768x768.jpeg 768w\" sizes=\"(max-width: 470px) 100vw, 470px\" \/> \u00a0<img loading=\"lazy\" decoding=\"async\" class=\"alignnone wp-image-2249\" src=\"https:\/\/portal.uern.br\/paudosferros\/cienciaseconomicas\/wp-content\/uploads\/sites\/4\/2025\/10\/WhatsApp-Image-2025-10-13-at-16.25.23-3.jpeg\" alt=\"\" width=\"470\" height=\"470\" srcset=\"https:\/\/portal.uern.br\/paudosferros\/cienciaseconomicas\/wp-content\/uploads\/sites\/4\/2025\/10\/WhatsApp-Image-2025-10-13-at-16.25.23-3.jpeg 1080w, https:\/\/portal.uern.br\/paudosferros\/cienciaseconomicas\/wp-content\/uploads\/sites\/4\/2025\/10\/WhatsApp-Image-2025-10-13-at-16.25.23-3-300x300.jpeg 300w, https:\/\/portal.uern.br\/paudosferros\/cienciaseconomicas\/wp-content\/uploads\/sites\/4\/2025\/10\/WhatsApp-Image-2025-10-13-at-16.25.23-3-1024x1024.jpeg 1024w, https:\/\/portal.uern.br\/paudosferros\/cienciaseconomicas\/wp-content\/uploads\/sites\/4\/2025\/10\/WhatsApp-Image-2025-10-13-at-16.25.23-3-150x150.jpeg 150w, https:\/\/portal.uern.br\/paudosferros\/cienciaseconomicas\/wp-content\/uploads\/sites\/4\/2025\/10\/WhatsApp-Image-2025-10-13-at-16.25.23-3-768x768.jpeg 768w\" sizes=\"(max-width: 470px) 100vw, 470px\" \/><\/em><em><img loading=\"lazy\" decoding=\"async\" class=\"alignnone wp-image-2248\" src=\"https:\/\/portal.uern.br\/paudosferros\/cienciaseconomicas\/wp-content\/uploads\/sites\/4\/2025\/10\/WhatsApp-Image-2025-10-13-at-16.25.23-2.jpeg\" alt=\"\" width=\"470\" height=\"470\" srcset=\"https:\/\/portal.uern.br\/paudosferros\/cienciaseconomicas\/wp-content\/uploads\/sites\/4\/2025\/10\/WhatsApp-Image-2025-10-13-at-16.25.23-2.jpeg 1080w, https:\/\/portal.uern.br\/paudosferros\/cienciaseconomicas\/wp-content\/uploads\/sites\/4\/2025\/10\/WhatsApp-Image-2025-10-13-at-16.25.23-2-300x300.jpeg 300w, https:\/\/portal.uern.br\/paudosferros\/cienciaseconomicas\/wp-content\/uploads\/sites\/4\/2025\/10\/WhatsApp-Image-2025-10-13-at-16.25.23-2-1024x1024.jpeg 1024w, https:\/\/portal.uern.br\/paudosferros\/cienciaseconomicas\/wp-content\/uploads\/sites\/4\/2025\/10\/WhatsApp-Image-2025-10-13-at-16.25.23-2-150x150.jpeg 150w, https:\/\/portal.uern.br\/paudosferros\/cienciaseconomicas\/wp-content\/uploads\/sites\/4\/2025\/10\/WhatsApp-Image-2025-10-13-at-16.25.23-2-768x768.jpeg 768w\" sizes=\"(max-width: 470px) 100vw, 470px\" \/><\/em><em><img loading=\"lazy\" decoding=\"async\" class=\"alignnone wp-image-2251\" src=\"https:\/\/portal.uern.br\/paudosferros\/cienciaseconomicas\/wp-content\/uploads\/sites\/4\/2025\/10\/WhatsApp-Image-2025-10-13-at-16.19.06-1.jpeg\" alt=\"\" width=\"470\" height=\"470\" srcset=\"https:\/\/portal.uern.br\/paudosferros\/cienciaseconomicas\/wp-content\/uploads\/sites\/4\/2025\/10\/WhatsApp-Image-2025-10-13-at-16.19.06-1.jpeg 1080w, https:\/\/portal.uern.br\/paudosferros\/cienciaseconomicas\/wp-content\/uploads\/sites\/4\/2025\/10\/WhatsApp-Image-2025-10-13-at-16.19.06-1-300x300.jpeg 300w, https:\/\/portal.uern.br\/paudosferros\/cienciaseconomicas\/wp-content\/uploads\/sites\/4\/2025\/10\/WhatsApp-Image-2025-10-13-at-16.19.06-1-1024x1024.jpeg 1024w, https:\/\/portal.uern.br\/paudosferros\/cienciaseconomicas\/wp-content\/uploads\/sites\/4\/2025\/10\/WhatsApp-Image-2025-10-13-at-16.19.06-1-150x150.jpeg 150w, https:\/\/portal.uern.br\/paudosferros\/cienciaseconomicas\/wp-content\/uploads\/sites\/4\/2025\/10\/WhatsApp-Image-2025-10-13-at-16.19.06-1-768x768.jpeg 768w\" sizes=\"(max-width: 470px) 100vw, 470px\" \/><\/em><\/p>\n","protected":false},"excerpt":{"rendered":"<p>De uma forma sint\u00e9tica, a Economia Ecol\u00f3gica busca alcan\u00e7ar o desenvolvimento econ\u00f4mico sem comprometer o limite dos recursos naturais. Dentro dessa perspectiva \u00e9 que alunos e alunas, do 8\u00b0 per\u00edodo do curso de Economia da UERN Pau dos Ferros, visitaram, hoje (11\/10), o Museu do Sert\u00e3o, onde se constatou, de forma direta e indireta, as [&hellip;]<\/p>\n","protected":false},"author":20,"featured_media":0,"parent":0,"menu_order":0,"comment_status":"closed","ping_status":"closed","template":"","meta":{"footnotes":""},"class_list":["post-2242","page","type-page","status-publish","hentry"],"_links":{"self":[{"href":"https:\/\/portal.uern.br\/paudosferros\/cienciaseconomicas\/wp-json\/wp\/v2\/pages\/2242","targetHints":{"allow":["GET"]}}],"collection":[{"href":"https:\/\/portal.uern.br\/paudosferros\/cienciaseconomicas\/wp-json\/wp\/v2\/pages"}],"about":[{"href":"https:\/\/portal.uern.br\/paudosferros\/cienciaseconomicas\/wp-json\/wp\/v2\/types\/page"}],"author":[{"embeddable":true,"href":"https:\/\/portal.uern.br\/paudosferros\/cienciaseconomicas\/wp-json\/wp\/v2\/users\/20"}],"replies":[{"embeddable":true,"href":"https:\/\/portal.uern.br\/paudosferros\/cienciaseconomicas\/wp-json\/wp\/v2\/comments?post=2242"}],"version-history":[{"count":13,"href":"https:\/\/portal.uern.br\/paudosferros\/cienciaseconomicas\/wp-json\/wp\/v2\/pages\/2242\/revisions"}],"predecessor-version":[{"id":2267,"href":"https:\/\/portal.uern.br\/paudosferros\/cienciaseconomicas\/wp-json\/wp\/v2\/pages\/2242\/revisions\/2267"}],"wp:attachment":[{"href":"https:\/\/portal.uern.br\/paudosferros\/cienciaseconomicas\/wp-json\/wp\/v2\/media?parent=2242"}],"curies":[{"name":"wp","href":"https:\/\/api.w.org\/{rel}","templated":true}]}}