{"id":2165,"date":"2025-07-09T11:36:00","date_gmt":"2025-07-09T14:36:00","guid":{"rendered":"https:\/\/portal.uern.br\/paudosferros\/cienciaseconomicas\/?page_id=2165"},"modified":"2025-07-09T12:45:23","modified_gmt":"2025-07-09T15:45:23","slug":"enade-2025","status":"publish","type":"page","link":"https:\/\/portal.uern.br\/paudosferros\/cienciaseconomicas\/enade-2025\/","title":{"rendered":"Enade 2025"},"content":{"rendered":"<h3><strong>Lista de Inscritos:<\/strong><\/h3>\n<p>Acesse a lista dos estudantes do Curso de Ci\u00eancias Econ\u00f4micas, inscritos para a prova do ENADE 2025, a ser realizada no dia 23 de novembro:<\/p>\n<p><a href=\"https:\/\/drive.google.com\/file\/d\/12u4nphNcCYfVtIpkK-ozrhiiCFr1j1Ka\/view?usp=sharing\">ENADE 2025<\/a><\/p>\n<p>&nbsp;<\/p>\n<h3><strong>Instrumentos normativos:<\/strong><\/h3>\n<p><a href=\"https:\/\/drive.google.com\/file\/d\/17F19Srco6WioBfJovaEtnBdFLVPG82Gd\/view?usp=sharing\">Editail n\u00ba 57 &#8211; INEP, que disp\u00f5e sobre as diretrizes, os procedimentos e os demais aspectos relativos ao Enade 2025, a serem cumpridos pelo Inep e pelas Institui\u00e7\u00f5es de Educa\u00e7\u00e3o Superior<\/a><\/p>\n<p>&nbsp;<\/p>\n<h3><strong>Cronograma das A\u00e7\u00f5es espec\u00edficas para avalia\u00e7\u00e3o te\u00f3rica do\u00a0<span class=\"il\">ENADE<\/span>\u00a0de Bacharelados\u00a0e CST &#8211;\u00a0<span class=\"il\">2025:<\/span><\/strong><\/h3>\n<p><img fetchpriority=\"high\" decoding=\"async\" class=\"alignnone size-full wp-image-2169\" src=\"https:\/\/portal.uern.br\/paudosferros\/cienciaseconomicas\/wp-content\/uploads\/sites\/4\/2025\/07\/Sem-titulo.png\" alt=\"\" width=\"1529\" height=\"884\" srcset=\"https:\/\/portal.uern.br\/paudosferros\/cienciaseconomicas\/wp-content\/uploads\/sites\/4\/2025\/07\/Sem-titulo.png 1529w, https:\/\/portal.uern.br\/paudosferros\/cienciaseconomicas\/wp-content\/uploads\/sites\/4\/2025\/07\/Sem-titulo-300x173.png 300w, https:\/\/portal.uern.br\/paudosferros\/cienciaseconomicas\/wp-content\/uploads\/sites\/4\/2025\/07\/Sem-titulo-1024x592.png 1024w, https:\/\/portal.uern.br\/paudosferros\/cienciaseconomicas\/wp-content\/uploads\/sites\/4\/2025\/07\/Sem-titulo-768x444.png 768w\" sizes=\"(max-width: 1529px) 100vw, 1529px\" \/><\/p>\n","protected":false},"excerpt":{"rendered":"<p>Lista de Inscritos: Acesse a lista dos estudantes do Curso de Ci\u00eancias Econ\u00f4micas, inscritos para a prova do ENADE 2025, a ser realizada no dia 23 de novembro: ENADE 2025 &nbsp; Instrumentos normativos: Editail n\u00ba 57 &#8211; INEP, que disp\u00f5e sobre as diretrizes, os procedimentos e os demais aspectos relativos ao Enade 2025, a serem [&hellip;]<\/p>\n","protected":false},"author":20,"featured_media":0,"parent":0,"menu_order":0,"comment_status":"closed","ping_status":"closed","template":"","meta":{"footnotes":""},"class_list":["post-2165","page","type-page","status-publish","hentry"],"_links":{"self":[{"href":"https:\/\/portal.uern.br\/paudosferros\/cienciaseconomicas\/wp-json\/wp\/v2\/pages\/2165","targetHints":{"allow":["GET"]}}],"collection":[{"href":"https:\/\/portal.uern.br\/paudosferros\/cienciaseconomicas\/wp-json\/wp\/v2\/pages"}],"about":[{"href":"https:\/\/portal.uern.br\/paudosferros\/cienciaseconomicas\/wp-json\/wp\/v2\/types\/page"}],"author":[{"embeddable":true,"href":"https:\/\/portal.uern.br\/paudosferros\/cienciaseconomicas\/wp-json\/wp\/v2\/users\/20"}],"replies":[{"embeddable":true,"href":"https:\/\/portal.uern.br\/paudosferros\/cienciaseconomicas\/wp-json\/wp\/v2\/comments?post=2165"}],"version-history":[{"count":6,"href":"https:\/\/portal.uern.br\/paudosferros\/cienciaseconomicas\/wp-json\/wp\/v2\/pages\/2165\/revisions"}],"predecessor-version":[{"id":2173,"href":"https:\/\/portal.uern.br\/paudosferros\/cienciaseconomicas\/wp-json\/wp\/v2\/pages\/2165\/revisions\/2173"}],"wp:attachment":[{"href":"https:\/\/portal.uern.br\/paudosferros\/cienciaseconomicas\/wp-json\/wp\/v2\/media?parent=2165"}],"curies":[{"name":"wp","href":"https:\/\/api.w.org\/{rel}","templated":true}]}}