{"id":2088,"date":"2025-04-16T17:30:50","date_gmt":"2025-04-16T20:30:50","guid":{"rendered":"https:\/\/portal.uern.br\/paudosferros\/cienciaseconomicas\/?page_id=2088"},"modified":"2025-04-16T18:37:59","modified_gmt":"2025-04-16T21:37:59","slug":"vii-ciclo-de-estudos-e-debates","status":"publish","type":"page","link":"https:\/\/portal.uern.br\/paudosferros\/cienciaseconomicas\/vii-ciclo-de-estudos-e-debates\/","title":{"rendered":"VII Ciclo de Estudos e Debates"},"content":{"rendered":"<p style=\"text-align: justify\">Nos dias 09 e 11 de abril, sempre a partir das 19h, no Audit\u00f3rio Central do CAPF, ocorreu o VII Ciclo de Estudos e Debates do Curso de Ci\u00eancias Econ\u00f4micas da UERN\/CAPF, evento j\u00e1 consolidado do Departamento de Economia de Pau dos Ferros, que nesta edi\u00e7\u00e3o contou com momentos importantes de reflex\u00e3o, di\u00e1logo e troca de experi\u00eancias sobre temas como:<\/p>\n<p style=\"text-align: justify\">\u2728 Capital humano e desenvolvimento infantil<br \/>\n\u2728 Forma\u00e7\u00e3o e trajet\u00f3ria profissional<br \/>\n\u2728 Pol\u00edticas inclusivas no CAPF<br \/>\n\u2728 Ecossistema de inova\u00e7\u00e3o e oportunidades no contexto pauferrense<\/p>\n<h4 style=\"text-align: justify\"><img fetchpriority=\"high\" decoding=\"async\" class=\"wp-image-2089 size-large aligncenter\" src=\"https:\/\/portal.uern.br\/paudosferros\/cienciaseconomicas\/wp-content\/uploads\/sites\/4\/2025\/04\/WhatsApp-Image-2025-04-16-at-16.18.26-1024x1024.jpeg\" alt=\"\" width=\"800\" height=\"800\" srcset=\"https:\/\/portal.uern.br\/paudosferros\/cienciaseconomicas\/wp-content\/uploads\/sites\/4\/2025\/04\/WhatsApp-Image-2025-04-16-at-16.18.26-1024x1024.jpeg 1024w, https:\/\/portal.uern.br\/paudosferros\/cienciaseconomicas\/wp-content\/uploads\/sites\/4\/2025\/04\/WhatsApp-Image-2025-04-16-at-16.18.26-300x300.jpeg 300w, https:\/\/portal.uern.br\/paudosferros\/cienciaseconomicas\/wp-content\/uploads\/sites\/4\/2025\/04\/WhatsApp-Image-2025-04-16-at-16.18.26-150x150.jpeg 150w, https:\/\/portal.uern.br\/paudosferros\/cienciaseconomicas\/wp-content\/uploads\/sites\/4\/2025\/04\/WhatsApp-Image-2025-04-16-at-16.18.26-768x768.jpeg 768w, https:\/\/portal.uern.br\/paudosferros\/cienciaseconomicas\/wp-content\/uploads\/sites\/4\/2025\/04\/WhatsApp-Image-2025-04-16-at-16.18.26.jpeg 1080w\" sizes=\"(max-width: 800px) 100vw, 800px\" \/><\/h4>\n<h4 style=\"text-align: justify\">Programa\u00e7\u00e3o<\/h4>\n<h4 style=\"text-align: justify\">Dia 09\/04\/2025,\u00a0 Quarta-feira<\/h4>\n<p style=\"text-align: justify\"><strong>Tema:\u00a0<\/strong>Capital Humano e Desenvolvimento Infantil<\/p>\n<p style=\"text-align: justify\"><strong>Palestrante:<\/strong>\u00a0Prof. Dr. Edi Flores<\/p>\n<p>&nbsp;<\/p>\n<p style=\"text-align: justify\"><strong>Tema:\u00a0<\/strong>Forma\u00e7\u00e3o e Trajet\u00f3ria em (ou com) Economia?<\/p>\n<p style=\"text-align: justify\"><strong>Palestrante:<\/strong>\u00a0Prof. Me. Wellington Ribeiro<\/p>\n<p>&nbsp;<\/p>\n<h4 style=\"text-align: justify\">Dia 11\/04\/2025 Sexta-feira<\/h4>\n<div>\n<p style=\"text-align: justify\"><strong>Tema:<\/strong> Divis\u00e3o de Pol\u00edticas e A\u00e7\u00f5es Inclusivas do CAPF<\/p>\n<p style=\"text-align: justify\"><strong>Ministrante:<\/strong> Prof\u00aa. Dr\u00aa. Disneyl\u00e2ndia Maria Ribeiro<\/p>\n<p>&nbsp;<\/p>\n<div>\n<p style=\"text-align: justify\"><strong>Tema:<\/strong>\u00a0Ecossistema de Inova\u00e7\u00e3o: Oportunidades para Universit\u00e1rios e Docentes no Contexto Pauferrense<\/p>\n<p style=\"text-align: justify\"><strong>Ministrante:<\/strong> Emanuely Marques<\/p>\n<\/div>\n<\/div>\n","protected":false},"excerpt":{"rendered":"<p>Nos dias 09 e 11 de abril, sempre a partir das 19h, no Audit\u00f3rio Central do CAPF, ocorreu o VII Ciclo de Estudos e Debates do Curso de Ci\u00eancias Econ\u00f4micas da UERN\/CAPF, evento j\u00e1 consolidado do Departamento de Economia de Pau dos Ferros, que nesta edi\u00e7\u00e3o contou com momentos importantes de reflex\u00e3o, di\u00e1logo e troca [&hellip;]<\/p>\n","protected":false},"author":20,"featured_media":0,"parent":0,"menu_order":0,"comment_status":"closed","ping_status":"closed","template":"","meta":{"footnotes":""},"class_list":["post-2088","page","type-page","status-publish","hentry"],"_links":{"self":[{"href":"https:\/\/portal.uern.br\/paudosferros\/cienciaseconomicas\/wp-json\/wp\/v2\/pages\/2088","targetHints":{"allow":["GET"]}}],"collection":[{"href":"https:\/\/portal.uern.br\/paudosferros\/cienciaseconomicas\/wp-json\/wp\/v2\/pages"}],"about":[{"href":"https:\/\/portal.uern.br\/paudosferros\/cienciaseconomicas\/wp-json\/wp\/v2\/types\/page"}],"author":[{"embeddable":true,"href":"https:\/\/portal.uern.br\/paudosferros\/cienciaseconomicas\/wp-json\/wp\/v2\/users\/20"}],"replies":[{"embeddable":true,"href":"https:\/\/portal.uern.br\/paudosferros\/cienciaseconomicas\/wp-json\/wp\/v2\/comments?post=2088"}],"version-history":[{"count":9,"href":"https:\/\/portal.uern.br\/paudosferros\/cienciaseconomicas\/wp-json\/wp\/v2\/pages\/2088\/revisions"}],"predecessor-version":[{"id":2099,"href":"https:\/\/portal.uern.br\/paudosferros\/cienciaseconomicas\/wp-json\/wp\/v2\/pages\/2088\/revisions\/2099"}],"wp:attachment":[{"href":"https:\/\/portal.uern.br\/paudosferros\/cienciaseconomicas\/wp-json\/wp\/v2\/media?parent=2088"}],"curies":[{"name":"wp","href":"https:\/\/api.w.org\/{rel}","templated":true}]}}