{"id":1965,"date":"2025-02-14T10:29:23","date_gmt":"2025-02-14T13:29:23","guid":{"rendered":"https:\/\/portal.uern.br\/paudosferros\/cienciaseconomicas\/?page_id=1965"},"modified":"2025-05-20T10:02:21","modified_gmt":"2025-05-20T13:02:21","slug":"concluintes-2024-2","status":"publish","type":"page","link":"https:\/\/portal.uern.br\/paudosferros\/cienciaseconomicas\/concluintes-2024-2\/","title":{"rendered":"Concluintes 2024.2"},"content":{"rendered":"<p><strong>NOME: <\/strong>ANTONIA ROBERTA CAVALCANTE BEVENUTO<\/p>\n<p><strong>T\u00cdTULO:<\/strong>O PRONAF E A AGRICULTURA FAMILIAR NA COMUNIDADE DO BONSUCESSO EM PORTALEGRE-RN: POTENCIALIDADES E DESAFIOS NO CEN\u00c1RIO RECENTE (2020-2024)<\/p>\n<p><a href=\"https:\/\/portal.uern.br\/paudosferros\/cienciaseconomicas\/wp-content\/uploads\/sites\/4\/2025\/05\/TCC-ANTONIA-ROBERTA-CAVALCANTE-BEVENUTO.pdf\" target=\"_blank\" rel=\"noopener\">Monografia Completa<\/a><\/p>\n<hr \/>\n<p><strong>NOME:<\/strong> FRANCISCA LUZIA DE FREITAS OLIVEIRA<\/p>\n<p><strong>T\u00cdTULO:<\/strong>\u00a0UM ESTUDO SOBRE AS ORIGENS, CONCEITO E ATUALIDADE DO DESENVOLVIMENTO SUSTENT\u00c1VEL<\/p>\n<p><a href=\"https:\/\/drive.google.com\/file\/d\/1BXjozqOURCNFS2f27zMfA0BZD_-gaczR\/view?usp=sharing\" target=\"_blank\" rel=\"noopener\"><span style=\"text-decoration: underline\">Monografia Completa<\/span><\/a><\/p>\n<hr \/>\n<p><strong>NOME: <\/strong>JEISLA LARISSA DE OLIVEIRA<\/p>\n<p><strong>T\u00cdTULO: <\/strong>UM ESTUDO SOBRE ALGUNS DETERMINANTES DAS CAUSAS DAS MUDAN\u00c7AS CLIM\u00c1TICAS NOS ANOS RECENTES E SUAS RESSON\u00c2NCIAS NO SEMI\u00c1RIDO NORDESTINO<\/p>\n<p><a href=\"https:\/\/portal.uern.br\/paudosferros\/cienciaseconomicas\/wp-content\/uploads\/sites\/4\/2025\/05\/Monografia_Jeisa_Larissa_de_Oliveira_29_v_final_para_deposito_assinado_assinado_29_assinado.pdf\" target=\"_blank\" rel=\"noopener\">Monografia Completa<\/a><\/p>\n<hr \/>\n<p><strong>NOME:<\/strong> LILIANE NARCISO DE OLIVEIRA<\/p>\n<p><strong>T\u00cdTULO:<\/strong> A MULHER NO MERCADO FINANCEIRO BRASILEIRO: UMA AN\u00c1LISE SOBRE SEUS DESAFIOS NO MERCADO DE INVESTIMENTOS ENTRE OS ANOS DE 2013 A 2023<\/p>\n<p><a href=\"https:\/\/drive.google.com\/file\/d\/1Bb0qZvvramVdCwAr7zu2jPcS-TP_JL1o\/view?usp=sharing\" target=\"_blank\" rel=\"noopener\"><span style=\"text-decoration: underline\">Monografia Completa<\/span><\/a><\/p>\n<hr \/>\n<p><strong>NOME: <\/strong>MARIANNE DA COSTA PORFIRIO<\/p>\n<p><strong>T\u00cdTULO: <\/strong>DESENVOLVIMENTO E EMPREGABILIDADE: UM ESTUDO SOBRE A DIN\u00c2MICA REGIONAL E O MERCADO DE TRABALHO NO MUNIC\u00cdPIO DE PAU DOS FERROS\/RN NO PER\u00cdODO 2000-2022.<\/p>\n<p><a href=\"https:\/\/portal.uern.br\/paudosferros\/cienciaseconomicas\/wp-content\/uploads\/sites\/4\/2025\/05\/Monografia_II_Marianne_2024.2_dep_FINAL_17.02.25_assinados.pdf\" target=\"_blank\" rel=\"noopener\">Monografia Completa<\/a><\/p>\n<hr \/>\n<p><strong>NOME: <\/strong>WIGINA DE CARVALHO NASCIMENTO<\/p>\n<p><strong>T\u00cdTULO: <\/strong>ESTABELECIMENTOS RURAIS DA AGRICULTURA FAMILIAR: UM ESTUDO SOBRE AS FORMAS DE ORGANIZA\u00c7\u00c3O PRODUTIVA NA LOCALIDADE DE PO\u00c7O DE PEDRA, MUNIC\u00cdPIO DE RIACHO DE SANTANA-RN, EM 2024<\/p>\n<p><a href=\"https:\/\/portal.uern.br\/paudosferros\/cienciaseconomicas\/wp-content\/uploads\/sites\/4\/2025\/05\/TCC-WIGINA-DE-CARVALHO-NASCIMENTO.pdf\" target=\"_blank\" rel=\"noopener\">Monografia Completa<\/a><\/p>\n","protected":false},"excerpt":{"rendered":"<p>NOME: ANTONIA ROBERTA CAVALCANTE BEVENUTO T\u00cdTULO:O PRONAF E A AGRICULTURA FAMILIAR NA COMUNIDADE DO BONSUCESSO EM PORTALEGRE-RN: POTENCIALIDADES E DESAFIOS NO CEN\u00c1RIO RECENTE (2020-2024) Monografia Completa NOME: FRANCISCA LUZIA DE FREITAS OLIVEIRA T\u00cdTULO:\u00a0UM ESTUDO SOBRE AS ORIGENS, CONCEITO E ATUALIDADE DO DESENVOLVIMENTO SUSTENT\u00c1VEL Monografia Completa NOME: JEISLA LARISSA DE OLIVEIRA T\u00cdTULO: UM ESTUDO SOBRE ALGUNS [&hellip;]<\/p>\n","protected":false},"author":20,"featured_media":0,"parent":0,"menu_order":0,"comment_status":"closed","ping_status":"closed","template":"","meta":{"footnotes":""},"class_list":["post-1965","page","type-page","status-publish","hentry"],"_links":{"self":[{"href":"https:\/\/portal.uern.br\/paudosferros\/cienciaseconomicas\/wp-json\/wp\/v2\/pages\/1965","targetHints":{"allow":["GET"]}}],"collection":[{"href":"https:\/\/portal.uern.br\/paudosferros\/cienciaseconomicas\/wp-json\/wp\/v2\/pages"}],"about":[{"href":"https:\/\/portal.uern.br\/paudosferros\/cienciaseconomicas\/wp-json\/wp\/v2\/types\/page"}],"author":[{"embeddable":true,"href":"https:\/\/portal.uern.br\/paudosferros\/cienciaseconomicas\/wp-json\/wp\/v2\/users\/20"}],"replies":[{"embeddable":true,"href":"https:\/\/portal.uern.br\/paudosferros\/cienciaseconomicas\/wp-json\/wp\/v2\/comments?post=1965"}],"version-history":[{"count":11,"href":"https:\/\/portal.uern.br\/paudosferros\/cienciaseconomicas\/wp-json\/wp\/v2\/pages\/1965\/revisions"}],"predecessor-version":[{"id":2139,"href":"https:\/\/portal.uern.br\/paudosferros\/cienciaseconomicas\/wp-json\/wp\/v2\/pages\/1965\/revisions\/2139"}],"wp:attachment":[{"href":"https:\/\/portal.uern.br\/paudosferros\/cienciaseconomicas\/wp-json\/wp\/v2\/media?parent=1965"}],"curies":[{"name":"wp","href":"https:\/\/api.w.org\/{rel}","templated":true}]}}