{"id":1958,"date":"2025-02-06T08:26:27","date_gmt":"2025-02-06T11:26:27","guid":{"rendered":"https:\/\/portal.uern.br\/paudosferros\/cienciaseconomicas\/?page_id=1958"},"modified":"2026-03-24T11:31:25","modified_gmt":"2026-03-24T14:31:25","slug":"programas-institucionais-de-monitoria-pims","status":"publish","type":"page","link":"https:\/\/portal.uern.br\/paudosferros\/cienciaseconomicas\/programas-institucionais-de-monitoria-pims\/","title":{"rendered":"Programas Institucionais de Monitoria (PIMs)"},"content":{"rendered":"<h3><strong>2026<\/strong><\/h3>\n<table style=\"border-collapse: collapse;width: 100%\">\n<tbody>\n<tr>\n<td style=\"width: 100%\"><span style=\"text-decoration: underline\">Programa Institucional de Monitoria (PIM) da disciplina Introdu\u00e7\u00e3o \u00e0 Economia<\/span><\/p>\n<p>Coord. Professora Dr. Francicl\u00e9zia de Sousa Barreto Silva<\/p>\n<p>Bolsista: Discente Jos\u00e9 Victor da Silva<\/td>\n<\/tr>\n<\/tbody>\n<\/table>\n<p>&nbsp;<\/p>\n<h3><strong>2025<\/strong><\/h3>\n<table style=\"border-collapse: collapse;width: 99.9149%\">\n<tbody>\n<tr>\n<td style=\"width: 100%\"><span style=\"text-decoration: underline\">Programa Institucional de Monitoria (PIM) de Economia Internacional<\/span><\/p>\n<p>Coord.: Prof. Dr. Ronie Cleber de Souza<\/td>\n<\/tr>\n<\/tbody>\n<\/table>\n<h3><strong>2024<\/strong><\/h3>\n<table style=\"border-collapse: collapse;width: 100%\">\n<tbody>\n<tr>\n<td style=\"width: 100%\"><span style=\"text-decoration: underline\">Programa Institucional de Monitoria (PIM) de Forma\u00e7\u00e3o Econ\u00f4mica do Brasil I<\/span><\/p>\n<p>Coord.: Prof. Dr. Ronie Cleber de Souza<\/td>\n<\/tr>\n<\/tbody>\n<\/table>\n<h3><strong>2023<\/strong><\/h3>\n<table style=\"border-collapse: collapse;width: 100%\">\n<tbody>\n<tr>\n<td style=\"width: 100%\"><span style=\"text-decoration: underline\">Programa Institucional de Monitoria (PIM) de Estat\u00edstica Econ\u00f4mica e Introdu\u00e7\u00e3o \u00e0 Econometria<\/span><\/p>\n<p>Coord.: Prof. Dr. Thiago Geovane Pereira Gomes<\/td>\n<\/tr>\n<tr>\n<td style=\"width: 100%\"><span style=\"text-decoration: underline\">Programa Institucional de Monitoria (PIM) de Introdu\u00e7\u00e3o \u00e0 Estat\u00edstica Econ\u00f4mica<\/span><\/p>\n<p>Coord.: Prof. Dr. Thiago Geovane Pereira Gomes<\/td>\n<\/tr>\n<\/tbody>\n<\/table>\n<h3><strong>2022<\/strong><\/h3>\n<table style=\"border-collapse: collapse;width: 100%\">\n<tbody>\n<tr>\n<td style=\"width: 100%\"><span style=\"text-decoration: underline\">Programa Institucional de Monitoria (PIM) de Estat\u00edstica Econ\u00f4mica e Introdu\u00e7\u00e3o \u00e0 Econometria<\/span><\/p>\n<p>Coord.: Prof. Dr. Thiago Geovane Pereira Gomes<\/td>\n<\/tr>\n<tr>\n<td style=\"width: 100%\"><span style=\"text-decoration: underline\">Programa Institucional de Monitoria (PIM) de Introdu\u00e7\u00e3o \u00e0 Estat\u00edstica Econ\u00f4mica<\/span><\/p>\n<p>Coord.: Prof. Dr. Thiago Geovane Pereira Gomes<\/td>\n<\/tr>\n<\/tbody>\n<\/table>\n<h3><strong>2021<\/strong><\/h3>\n<table style=\"border-collapse: collapse;width: 100%\">\n<tbody>\n<tr>\n<td style=\"width: 100%\"><span style=\"text-decoration: underline\">Programa Institucional de Monitoria (PIM) em C\u00e1lculo da Fun\u00e7\u00e3o de uma Vari\u00e1vel<\/span><\/p>\n<p>Coord.: Prof. Dr. Rodolfo Herald da Costa Campos<\/td>\n<\/tr>\n<\/tbody>\n<\/table>\n<h3><strong>2020<\/strong><\/h3>\n<table style=\"border-collapse: collapse;width: 100%\">\n<tbody>\n<tr>\n<td style=\"width: 100%\"><span style=\"text-decoration: underline\">Projeto Institucional de Monitoria (PIM) em C\u00e1lculo da Fun\u00e7\u00e3o de uma Vari\u00e1vel<\/span><\/p>\n<p>Coord.: Prof. Dr. Rodolfo Herald da Costa Campos<\/td>\n<\/tr>\n<\/tbody>\n<\/table>\n<p>&nbsp;<\/p>\n","protected":false},"excerpt":{"rendered":"<p>2026 Programa Institucional de Monitoria (PIM) da disciplina Introdu\u00e7\u00e3o \u00e0 Economia Coord. Professora Dr. Francicl\u00e9zia de Sousa Barreto Silva Bolsista: Discente Jos\u00e9 Victor da Silva &nbsp; 2025 Programa Institucional de Monitoria (PIM) de Economia Internacional Coord.: Prof. Dr. Ronie Cleber de Souza 2024 Programa Institucional de Monitoria (PIM) de Forma\u00e7\u00e3o Econ\u00f4mica do Brasil I Coord.: [&hellip;]<\/p>\n","protected":false},"author":20,"featured_media":0,"parent":0,"menu_order":0,"comment_status":"closed","ping_status":"closed","template":"","meta":{"footnotes":""},"class_list":["post-1958","page","type-page","status-publish","hentry"],"_links":{"self":[{"href":"https:\/\/portal.uern.br\/paudosferros\/cienciaseconomicas\/wp-json\/wp\/v2\/pages\/1958","targetHints":{"allow":["GET"]}}],"collection":[{"href":"https:\/\/portal.uern.br\/paudosferros\/cienciaseconomicas\/wp-json\/wp\/v2\/pages"}],"about":[{"href":"https:\/\/portal.uern.br\/paudosferros\/cienciaseconomicas\/wp-json\/wp\/v2\/types\/page"}],"author":[{"embeddable":true,"href":"https:\/\/portal.uern.br\/paudosferros\/cienciaseconomicas\/wp-json\/wp\/v2\/users\/20"}],"replies":[{"embeddable":true,"href":"https:\/\/portal.uern.br\/paudosferros\/cienciaseconomicas\/wp-json\/wp\/v2\/comments?post=1958"}],"version-history":[{"count":3,"href":"https:\/\/portal.uern.br\/paudosferros\/cienciaseconomicas\/wp-json\/wp\/v2\/pages\/1958\/revisions"}],"predecessor-version":[{"id":2372,"href":"https:\/\/portal.uern.br\/paudosferros\/cienciaseconomicas\/wp-json\/wp\/v2\/pages\/1958\/revisions\/2372"}],"wp:attachment":[{"href":"https:\/\/portal.uern.br\/paudosferros\/cienciaseconomicas\/wp-json\/wp\/v2\/media?parent=1958"}],"curies":[{"name":"wp","href":"https:\/\/api.w.org\/{rel}","templated":true}]}}