{"id":1914,"date":"2025-01-28T12:14:45","date_gmt":"2025-01-28T15:14:45","guid":{"rendered":"https:\/\/portal.uern.br\/paudosferros\/cienciaseconomicas\/?page_id=1914"},"modified":"2025-01-29T09:37:49","modified_gmt":"2025-01-29T12:37:49","slug":"dec-bela-vista","status":"publish","type":"page","link":"https:\/\/portal.uern.br\/paudosferros\/cienciaseconomicas\/dec-bela-vista\/","title":{"rendered":"DEC-Bela Vista"},"content":{"rendered":"<p style=\"text-align: justify\"><img fetchpriority=\"high\" decoding=\"async\" class=\"size-full wp-image-1922 aligncenter\" src=\"https:\/\/portal.uern.br\/paudosferros\/cienciaseconomicas\/wp-content\/uploads\/sites\/4\/2025\/01\/5147c0_1c824c6306b546359ef7ecff83a190b1mv2.webp\" alt=\"\" width=\"580\" height=\"420\" srcset=\"https:\/\/portal.uern.br\/paudosferros\/cienciaseconomicas\/wp-content\/uploads\/sites\/4\/2025\/01\/5147c0_1c824c6306b546359ef7ecff83a190b1mv2.webp 580w, https:\/\/portal.uern.br\/paudosferros\/cienciaseconomicas\/wp-content\/uploads\/sites\/4\/2025\/01\/5147c0_1c824c6306b546359ef7ecff83a190b1mv2-300x217.webp 300w\" sizes=\"(max-width: 580px) 100vw, 580px\" \/><\/p>\n<p style=\"text-align: justify\">Bela vista Cultural: O Departamento de Economia da UERN, em parceria com a Editora Bela Vista Cultural, celebrou a doa\u00e7\u00e3o de exemplares de dois importantes t\u00edtulos voltados \u00e0 educa\u00e7\u00e3o financeira: \u201cCaminhos da Riqueza no Brasil: O Guia da Educa\u00e7\u00e3o Financeira\u201d e \u201c<a href=\"https:\/\/www.belavistacultural.com.br\/audiobook-educacao-financeira\" target=\"_blank\" rel=\"noopener\">Educa\u00e7\u00e3o Financeira para Jovens &amp; Estudantes<\/a>\u201d. Essa iniciativa fortalece os projetos de extens\u00e3o desenvolvidos pelo curso de Ci\u00eancias Econ\u00f4micas, que utilizam esses materiais como refer\u00eancia pedag\u00f3gica na promo\u00e7\u00e3o do conhecimento sobre gest\u00e3o financeira e consumo consciente. A parceria reflete o compromisso m\u00fatuo em contribuir para a forma\u00e7\u00e3o de jovens e comunidades, difundindo pr\u00e1ticas de educa\u00e7\u00e3o financeira que impactam positivamente a sociedade.<\/p>\n<p><img decoding=\"async\" class=\"alignnone size-full wp-image-1924 aligncenter\" src=\"https:\/\/portal.uern.br\/paudosferros\/cienciaseconomicas\/wp-content\/uploads\/sites\/4\/2025\/01\/5147c0_4c7b9a29b56247a1b2df1d2b74853e64mv2.webp\" alt=\"\" width=\"480\" height=\"480\" srcset=\"https:\/\/portal.uern.br\/paudosferros\/cienciaseconomicas\/wp-content\/uploads\/sites\/4\/2025\/01\/5147c0_4c7b9a29b56247a1b2df1d2b74853e64mv2.webp 480w, https:\/\/portal.uern.br\/paudosferros\/cienciaseconomicas\/wp-content\/uploads\/sites\/4\/2025\/01\/5147c0_4c7b9a29b56247a1b2df1d2b74853e64mv2-300x300.webp 300w, https:\/\/portal.uern.br\/paudosferros\/cienciaseconomicas\/wp-content\/uploads\/sites\/4\/2025\/01\/5147c0_4c7b9a29b56247a1b2df1d2b74853e64mv2-150x150.webp 150w\" sizes=\"(max-width: 480px) 100vw, 480px\" \/><\/p>\n","protected":false},"excerpt":{"rendered":"<p>Bela vista Cultural: O Departamento de Economia da UERN, em parceria com a Editora Bela Vista Cultural, celebrou a doa\u00e7\u00e3o de exemplares de dois importantes t\u00edtulos voltados \u00e0 educa\u00e7\u00e3o financeira: \u201cCaminhos da Riqueza no Brasil: O Guia da Educa\u00e7\u00e3o Financeira\u201d e \u201cEduca\u00e7\u00e3o Financeira para Jovens &amp; Estudantes\u201d. Essa iniciativa fortalece os projetos de extens\u00e3o desenvolvidos [&hellip;]<\/p>\n","protected":false},"author":20,"featured_media":0,"parent":0,"menu_order":0,"comment_status":"closed","ping_status":"closed","template":"","meta":{"footnotes":""},"class_list":["post-1914","page","type-page","status-publish","hentry"],"_links":{"self":[{"href":"https:\/\/portal.uern.br\/paudosferros\/cienciaseconomicas\/wp-json\/wp\/v2\/pages\/1914","targetHints":{"allow":["GET"]}}],"collection":[{"href":"https:\/\/portal.uern.br\/paudosferros\/cienciaseconomicas\/wp-json\/wp\/v2\/pages"}],"about":[{"href":"https:\/\/portal.uern.br\/paudosferros\/cienciaseconomicas\/wp-json\/wp\/v2\/types\/page"}],"author":[{"embeddable":true,"href":"https:\/\/portal.uern.br\/paudosferros\/cienciaseconomicas\/wp-json\/wp\/v2\/users\/20"}],"replies":[{"embeddable":true,"href":"https:\/\/portal.uern.br\/paudosferros\/cienciaseconomicas\/wp-json\/wp\/v2\/comments?post=1914"}],"version-history":[{"count":4,"href":"https:\/\/portal.uern.br\/paudosferros\/cienciaseconomicas\/wp-json\/wp\/v2\/pages\/1914\/revisions"}],"predecessor-version":[{"id":1921,"href":"https:\/\/portal.uern.br\/paudosferros\/cienciaseconomicas\/wp-json\/wp\/v2\/pages\/1914\/revisions\/1921"}],"wp:attachment":[{"href":"https:\/\/portal.uern.br\/paudosferros\/cienciaseconomicas\/wp-json\/wp\/v2\/media?parent=1914"}],"curies":[{"name":"wp","href":"https:\/\/api.w.org\/{rel}","templated":true}]}}