{"id":1897,"date":"2025-01-28T10:38:16","date_gmt":"2025-01-28T13:38:16","guid":{"rendered":"https:\/\/portal.uern.br\/paudosferros\/cienciaseconomicas\/?page_id=1897"},"modified":"2025-02-05T11:48:58","modified_gmt":"2025-02-05T14:48:58","slug":"educacao-financeira","status":"publish","type":"page","link":"https:\/\/portal.uern.br\/paudosferros\/cienciaseconomicas\/educacao-financeira\/","title":{"rendered":"Educa\u00e7\u00e3o Financeira"},"content":{"rendered":"<h3 style=\"text-align: justify\">Parceria com o CORECON-RN fortalece projetos de extens\u00e3o do Departamento de Economia da UERN<\/h3>\n<p>&nbsp;<\/p>\n<p style=\"text-align: justify\">O Departamento de Economia (DEC) da UERN, campus de Pau dos Ferros-RN, mant\u00e9m uma importante parceria com o Conselho Regional de Economia (CORECON-RN), que tem sido essencial para o desenvolvimento de projetos de extens\u00e3o voltados \u00e0 educa\u00e7\u00e3o financeira e finan\u00e7as pessoais.<\/p>\n<p style=\"text-align: justify\">Por meio dessa parceria, o CORECON-RN contribui com o fornecimento de materiais impressos, como <a href=\"https:\/\/www.corecon-rn.org.br\/wp-content\/uploads\/2017\/08\/CartilhaCORECON.pdf\" target=\"_blank\" rel=\"noopener\">cartilhas<\/a> e folders, al\u00e9m de disponibilizar profissionais qualificados para a realiza\u00e7\u00e3o de palestras que abordam temas relevantes na \u00e1rea de educa\u00e7\u00e3o financeira. Essa colabora\u00e7\u00e3o tem sido fundamental para ampliar o alcance e a efic\u00e1cia dos projetos, beneficiando a comunidade acad\u00eamica e a popula\u00e7\u00e3o em geral.<\/p>\n<p style=\"text-align: justify\">Os projetos de extens\u00e3o do DEC t\u00eam como objetivo promover o conhecimento sobre planejamento financeiro e uso consciente de recursos, preparando os participantes para lidar com os desafios financeiros do cotidiano. A parceria com o CORECON-RN fortalece essas iniciativas, reafirmando o compromisso do Departamento de Economia em aliar a forma\u00e7\u00e3o acad\u00eamica \u00e0 responsabilidade social.<\/p>\n","protected":false},"excerpt":{"rendered":"<p>Parceria com o CORECON-RN fortalece projetos de extens\u00e3o do Departamento de Economia da UERN &nbsp; O Departamento de Economia (DEC) da UERN, campus de Pau dos Ferros-RN, mant\u00e9m uma importante parceria com o Conselho Regional de Economia (CORECON-RN), que tem sido essencial para o desenvolvimento de projetos de extens\u00e3o voltados \u00e0 educa\u00e7\u00e3o financeira e finan\u00e7as [&hellip;]<\/p>\n","protected":false},"author":20,"featured_media":0,"parent":0,"menu_order":0,"comment_status":"closed","ping_status":"closed","template":"","meta":{"footnotes":""},"class_list":["post-1897","page","type-page","status-publish","hentry"],"_links":{"self":[{"href":"https:\/\/portal.uern.br\/paudosferros\/cienciaseconomicas\/wp-json\/wp\/v2\/pages\/1897","targetHints":{"allow":["GET"]}}],"collection":[{"href":"https:\/\/portal.uern.br\/paudosferros\/cienciaseconomicas\/wp-json\/wp\/v2\/pages"}],"about":[{"href":"https:\/\/portal.uern.br\/paudosferros\/cienciaseconomicas\/wp-json\/wp\/v2\/types\/page"}],"author":[{"embeddable":true,"href":"https:\/\/portal.uern.br\/paudosferros\/cienciaseconomicas\/wp-json\/wp\/v2\/users\/20"}],"replies":[{"embeddable":true,"href":"https:\/\/portal.uern.br\/paudosferros\/cienciaseconomicas\/wp-json\/wp\/v2\/comments?post=1897"}],"version-history":[{"count":4,"href":"https:\/\/portal.uern.br\/paudosferros\/cienciaseconomicas\/wp-json\/wp\/v2\/pages\/1897\/revisions"}],"predecessor-version":[{"id":1931,"href":"https:\/\/portal.uern.br\/paudosferros\/cienciaseconomicas\/wp-json\/wp\/v2\/pages\/1897\/revisions\/1931"}],"wp:attachment":[{"href":"https:\/\/portal.uern.br\/paudosferros\/cienciaseconomicas\/wp-json\/wp\/v2\/media?parent=1897"}],"curies":[{"name":"wp","href":"https:\/\/api.w.org\/{rel}","templated":true}]}}