{"id":1894,"date":"2025-01-28T10:35:59","date_gmt":"2025-01-28T13:35:59","guid":{"rendered":"https:\/\/portal.uern.br\/paudosferros\/cienciaseconomicas\/?page_id=1894"},"modified":"2025-07-21T12:32:40","modified_gmt":"2025-07-21T15:32:40","slug":"projetos-de-pesquisa-2","status":"publish","type":"page","link":"https:\/\/portal.uern.br\/paudosferros\/cienciaseconomicas\/projetos-de-pesquisa-2\/","title":{"rendered":"Projetos de Pesquisa"},"content":{"rendered":"<h3><strong>2025<\/strong><\/h3>\n<table style=\"border-collapse: collapse;width: 100%\">\n<tbody>\n<tr>\n<td style=\"width: 100%\"><span style=\"text-decoration: underline\">Cidades Interm\u00e9dias no semi\u00e1rido nordestino e o emprego: uma an\u00e1lise da estrutura e da din\u00e2mica do mercado de trabalho na cidade de Pau dos Ferros, 2010 a 2022<\/span><\/p>\n<p>Coord.: Prof. Dr. Ronie Cleber de Souza<\/td>\n<\/tr>\n<tr>\n<td style=\"width: 100%\"><span style=\"text-decoration: underline\">PIBIC: O Emprego e A Renda Em Pau dos Ferros\/RN: Uma An\u00e1lise A Partir dos \u00daltimos Censos, 2010 e 2022<\/span><\/p>\n<p>Coord.: Prof. Dr. Ronie Cleber de Souza<\/td>\n<\/tr>\n<tr>\n<td style=\"width: 100%\"><span style=\"text-decoration: underline\">PIBIC: Pol\u00edticas p\u00fablicas, interioriza\u00e7\u00e3o do ensino superior e suas interfaces com o desenvolvimento local na regi\u00e3o geogr\u00e1fica intermedi\u00e1ria de Mossor\u00f3\/RN<\/span><\/p>\n<p>Coord.: Prof. Dr. Jos\u00e9 Elesb\u00e3o de Almeida<\/td>\n<\/tr>\n<\/tbody>\n<\/table>\n<h3><strong>2024<\/strong><\/h3>\n<table style=\"border-collapse: collapse;width: 100%\">\n<tbody>\n<tr>\n<td style=\"width: 100%\"><span style=\"text-decoration: underline\">Cidades Interm\u00e9dias no semi\u00e1rido nordestino e o emprego: uma an\u00e1lise da estrutura e da din\u00e2mica do mercado de trabalho na cidade de Pau dos Ferros\/RN, 2010 a 2022<\/span><\/p>\n<p>Coord.: Prof. Dr. Ronie Cleber de Souza<\/td>\n<\/tr>\n<\/tbody>\n<\/table>\n<h3><strong>2023<\/strong><\/h3>\n<table style=\"border-collapse: collapse;width: 100%\">\n<tbody>\n<tr>\n<td style=\"width: 100%\"><span style=\"text-decoration: underline\">PIBIC: Interioriza\u00e7\u00e3o do ensino p\u00fablico superior e desenvolvimento local na regi\u00e3o geogr\u00e1fica imediata de Pau dos Ferros-RN. Aluno bolsista: Jefferson Ferreira de Oliveira<\/span><\/p>\n<p>Coord.: Prof. Dr. Jos\u00e9 Elesb\u00e3o de Almeida<\/td>\n<\/tr>\n<tr>\n<td style=\"width: 100%\"><span style=\"text-decoration: underline\">Efeitos da Pol\u00edtica Fiscal e Corrup\u00e7\u00e3o sobre o setor informal dos estados brasileiros: uma investiga\u00e7\u00e3o emp\u00edrica<\/span><\/p>\n<p>Coord.: Prof. Dr. Thiago Geovane Pereira Gomes<\/td>\n<\/tr>\n<tr>\n<td style=\"width: 100%\"><span style=\"text-decoration: underline\">Flutua\u00e7\u00f5es comuns na atividade econ\u00f4mica dos estados brasileiros: uma an\u00e1lise a partir de modelos de fatores din\u00e2micos<\/span><\/p>\n<p>Coord.: Prof. Dr. Thiago Geovane Pereira Gomes<\/td>\n<\/tr>\n<\/tbody>\n<\/table>\n<h3><strong>2022<\/strong><\/h3>\n<table style=\"border-collapse: collapse;width: 100%\">\n<tbody>\n<tr>\n<td style=\"width: 100%\"><span style=\"text-decoration: underline\">Interconex\u00f5es entre a expans\u00e3o e interioriza\u00e7\u00e3o do ensino p\u00fablico superior e o desenvolvimento local na regi\u00e3o geogr\u00e1fica intermedi\u00e1ria de Mossor\u00f3\/RN<\/span><\/p>\n<p>Coord.: Prof. Dr. Jos\u00e9 Elesb\u00e3o de Almeida<\/td>\n<\/tr>\n<tr>\n<td style=\"width: 100%\"><span style=\"text-decoration: underline\">Efeitos n\u00e3o-lineares da desigualdade renda sobre o crescimento econ\u00f4mico dos pa\u00edses<\/span><\/p>\n<p>Coord.: Prof. Rodolfo Herald da Costa Campos<\/td>\n<\/tr>\n<tr>\n<td style=\"width: 100%\"><span style=\"text-decoration: underline\">Impostos x Informalidade: investiga\u00e7\u00e3o atrav\u00e9s de um modelo DSGE<\/span><\/p>\n<p>Coord.: Prof. Dr. Thiago Geovane Pereira Gomes<\/td>\n<\/tr>\n<\/tbody>\n<\/table>\n<h3><strong>2021<\/strong><\/h3>\n<table style=\"border-collapse: collapse;width: 100%;height: 372px\">\n<tbody>\n<tr style=\"height: 116px\">\n<td style=\"width: 100%;height: 116px\"><span style=\"text-decoration: underline\">PIBIC: Produ\u00e7\u00e3o de energia e\u00f3lica como vetor de desenvolvimento para economia norte riograndense &#8211; Aluna bolsista: Gabriela Cipriano<\/span><\/p>\n<p>Coord.: Prof. Dr. Ronie Cleber de Souza<\/td>\n<\/tr>\n<tr style=\"height: 116px\">\n<td style=\"width: 100%;height: 116px\"><span style=\"text-decoration: underline\">A centralidade urbana e a expan\u00e7\u00e3o do terci\u00e1rio das cidades intermedi\u00e1rias: um estudo do caso Pau dos Ferros-RN (2010-2020)<\/span><\/p>\n<p>Coord.: Prof. Dr. Ronie Cleber de Souza<\/td>\n<\/tr>\n<tr style=\"height: 116px\">\n<td style=\"width: 100%;height: 116px\"><span style=\"text-decoration: underline\">Desigualdade de Renda e Crescimento Econ\u00f4mico: uma an\u00e1lise para estados brasileiros a partir de um modelo em painel din\u00e2mico com efeito<\/span><\/p>\n<p>Coord.: Prof. Rodolfo Herald da Costa Campos<\/td>\n<\/tr>\n<tr style=\"height: 24px\">\n<td style=\"width: 100%;height: 24px\"><span style=\"text-decoration: underline\">Expans\u00e3o da energia fotovoltaica no Rio Grande do Norte: efici\u00eancia, viabilidade econ\u00f4mica e sustentabilidade<\/span><\/p>\n<p>Coord.: Prof. Dr. Jos\u00e9 Elesb\u00e3o de Almeida<\/td>\n<\/tr>\n<\/tbody>\n<\/table>\n<h3><strong>2020<\/strong><\/h3>\n<table style=\"border-collapse: collapse;width: 100%\">\n<tbody>\n<tr>\n<td style=\"width: 100%\"><span style=\"text-decoration: underline\">A expans\u00e3o e a interioriza\u00e7\u00e3o ensino superior no Brasil e o desenvolvimento regional: o caso de Pau dos Ferros RN<\/span><\/p>\n<p>Coord.: Prof. Dr. Ronie Cleber de Souza<\/td>\n<\/tr>\n<tr>\n<td style=\"width: 100%\"><span style=\"text-decoration: underline\">O impacto do tamanho do governo sobre o crescimento econ\u00f4mico: Uma an\u00e1lise para os estados e mun\u00edcipios brasileiros<\/span><\/p>\n<p>Coord.: Prof. Rodolfo Herald da Costa Campos<\/td>\n<\/tr>\n<tr>\n<td style=\"width: 100%\"><span style=\"text-decoration: underline\">Sincroniza\u00e7\u00e3o entre os \u00edndices do mercado de a\u00e7\u00f5es para o Brasil<\/span><\/p>\n<p>Coord.: Prof. Rodolfo Herald da Costa Campos<\/td>\n<\/tr>\n<tr>\n<td style=\"width: 100%\"><span style=\"text-decoration: underline\">Energia e\u00f3lica e desenvolvimento local sustent\u00e1vel no litoral potiguar<\/span><\/p>\n<p>Coord.: Prof. Dr. Jos\u00e9 Elesb\u00e3o de Almeida<\/td>\n<\/tr>\n<tr>\n<td style=\"width: 100%\"><span style=\"text-decoration: underline\">Impactos da expans\u00e3o de energia e\u00f3lica no litoral norte-rio-grandense<\/span><\/p>\n<p>Coord.: Prof. Dr. Jos\u00e9 Elesb\u00e3o de Almeida<\/td>\n<\/tr>\n<\/tbody>\n<\/table>\n<p>&nbsp;<\/p>\n","protected":false},"excerpt":{"rendered":"<p>2025 Cidades Interm\u00e9dias no semi\u00e1rido nordestino e o emprego: uma an\u00e1lise da estrutura e da din\u00e2mica do mercado de trabalho na cidade de Pau dos Ferros, 2010 a 2022 Coord.: Prof. Dr. Ronie Cleber de Souza PIBIC: O Emprego e A Renda Em Pau dos Ferros\/RN: Uma An\u00e1lise A Partir dos \u00daltimos Censos, 2010 e [&hellip;]<\/p>\n","protected":false},"author":20,"featured_media":0,"parent":0,"menu_order":0,"comment_status":"closed","ping_status":"closed","template":"","meta":{"footnotes":""},"class_list":["post-1894","page","type-page","status-publish","hentry"],"_links":{"self":[{"href":"https:\/\/portal.uern.br\/paudosferros\/cienciaseconomicas\/wp-json\/wp\/v2\/pages\/1894","targetHints":{"allow":["GET"]}}],"collection":[{"href":"https:\/\/portal.uern.br\/paudosferros\/cienciaseconomicas\/wp-json\/wp\/v2\/pages"}],"about":[{"href":"https:\/\/portal.uern.br\/paudosferros\/cienciaseconomicas\/wp-json\/wp\/v2\/types\/page"}],"author":[{"embeddable":true,"href":"https:\/\/portal.uern.br\/paudosferros\/cienciaseconomicas\/wp-json\/wp\/v2\/users\/20"}],"replies":[{"embeddable":true,"href":"https:\/\/portal.uern.br\/paudosferros\/cienciaseconomicas\/wp-json\/wp\/v2\/comments?post=1894"}],"version-history":[{"count":6,"href":"https:\/\/portal.uern.br\/paudosferros\/cienciaseconomicas\/wp-json\/wp\/v2\/pages\/1894\/revisions"}],"predecessor-version":[{"id":2176,"href":"https:\/\/portal.uern.br\/paudosferros\/cienciaseconomicas\/wp-json\/wp\/v2\/pages\/1894\/revisions\/2176"}],"wp:attachment":[{"href":"https:\/\/portal.uern.br\/paudosferros\/cienciaseconomicas\/wp-json\/wp\/v2\/media?parent=1894"}],"curies":[{"name":"wp","href":"https:\/\/api.w.org\/{rel}","templated":true}]}}