{"id":1707,"date":"2025-01-16T12:26:12","date_gmt":"2025-01-16T15:26:12","guid":{"rendered":"https:\/\/portal.uern.br\/paudosferros\/cienciaseconomicas\/?page_id=1707"},"modified":"2025-01-16T12:26:12","modified_gmt":"2025-01-16T15:26:12","slug":"ciclos-de-estudos-e-debates","status":"publish","type":"page","link":"https:\/\/portal.uern.br\/paudosferros\/cienciaseconomicas\/ciclos-de-estudos-e-debates\/","title":{"rendered":"Ciclos de Estudos e Debates"},"content":{"rendered":"<p class=\"western\" align=\"justify\"><span style=\"font-size: 12pt;color: #000000\"><span lang=\"pt-BR\">O Ciclo de Estudos e Debates do NEEPOD e GEPECT \u00e9 um espa\u00e7o de di\u00e1logo interdisciplinar voltado para a apresenta\u00e7\u00e3o e debate de teses, disserta\u00e7\u00f5es, monografias e artigos acad\u00eamicos de seus membros e demais docentes, t\u00e9cnicos(as) e alunos(as) da UERN. Aberto \u00e0 comunidade acad\u00eamica e ao p\u00fablico externo, o evento tamb\u00e9m acolhe trabalhos de pesquisadores de outras \u00e1reas e institui\u00e7\u00f5es, promovendo a integra\u00e7\u00e3o de saberes e o fortalecimento do debate cr\u00edtico sobre temas relacionados a economia, cultura, territ\u00f3rio e desenvolvimento.<\/span><\/span><\/p>\n<p align=\"justify\">\n<p class=\"western\" style=\"text-align: left\" align=\"center\"><span style=\"font-size: 12pt;color: #000000\"><span lang=\"pt-BR\"><b>EQUIPE EXECUTORA<\/b><\/span><\/span><\/p>\n<p class=\"western\" align=\"justify\"><span style=\"font-size: 12pt;color: #000000\"><span lang=\"pt-BR\">Prof. Me. Boanerges de Freitas Barreto Filho \u2013 Coordenador<\/span><\/span><\/p>\n<p class=\"western\" align=\"justify\"><span style=\"font-size: 12pt;color: #000000\"><span lang=\"pt-BR\">Profa. Dra. Francicl\u00e9zia de Sousa Barreto Silva<\/span><\/span><\/p>\n<p class=\"western\" align=\"justify\"><span style=\"font-size: 12pt;color: #000000\"><span lang=\"pt-BR\">Profa. Dra. Vanuza Maria Pontes Sena<\/span><\/span><\/p>\n<p class=\"western\" align=\"justify\"><span style=\"font-size: 12pt;color: #000000\"><span lang=\"pt-BR\">Discentes da gradua\u00e7\u00e3o<\/span><\/span><\/p>\n","protected":false},"excerpt":{"rendered":"<p>O Ciclo de Estudos e Debates do NEEPOD e GEPECT \u00e9 um espa\u00e7o de di\u00e1logo interdisciplinar voltado para a apresenta\u00e7\u00e3o e debate de teses, disserta\u00e7\u00f5es, monografias e artigos acad\u00eamicos de seus membros e demais docentes, t\u00e9cnicos(as) e alunos(as) da UERN. Aberto \u00e0 comunidade acad\u00eamica e ao p\u00fablico externo, o evento tamb\u00e9m acolhe trabalhos de pesquisadores [&hellip;]<\/p>\n","protected":false},"author":20,"featured_media":0,"parent":0,"menu_order":0,"comment_status":"closed","ping_status":"closed","template":"","meta":{"footnotes":""},"class_list":["post-1707","page","type-page","status-publish","hentry"],"_links":{"self":[{"href":"https:\/\/portal.uern.br\/paudosferros\/cienciaseconomicas\/wp-json\/wp\/v2\/pages\/1707","targetHints":{"allow":["GET"]}}],"collection":[{"href":"https:\/\/portal.uern.br\/paudosferros\/cienciaseconomicas\/wp-json\/wp\/v2\/pages"}],"about":[{"href":"https:\/\/portal.uern.br\/paudosferros\/cienciaseconomicas\/wp-json\/wp\/v2\/types\/page"}],"author":[{"embeddable":true,"href":"https:\/\/portal.uern.br\/paudosferros\/cienciaseconomicas\/wp-json\/wp\/v2\/users\/20"}],"replies":[{"embeddable":true,"href":"https:\/\/portal.uern.br\/paudosferros\/cienciaseconomicas\/wp-json\/wp\/v2\/comments?post=1707"}],"version-history":[{"count":1,"href":"https:\/\/portal.uern.br\/paudosferros\/cienciaseconomicas\/wp-json\/wp\/v2\/pages\/1707\/revisions"}],"predecessor-version":[{"id":1709,"href":"https:\/\/portal.uern.br\/paudosferros\/cienciaseconomicas\/wp-json\/wp\/v2\/pages\/1707\/revisions\/1709"}],"wp:attachment":[{"href":"https:\/\/portal.uern.br\/paudosferros\/cienciaseconomicas\/wp-json\/wp\/v2\/media?parent=1707"}],"curies":[{"name":"wp","href":"https:\/\/api.w.org\/{rel}","templated":true}]}}