{"id":1624,"date":"2025-01-14T12:08:35","date_gmt":"2025-01-14T15:08:35","guid":{"rendered":"https:\/\/portal.uern.br\/paudosferros\/cienciaseconomicas\/?page_id=1624"},"modified":"2025-03-12T21:43:34","modified_gmt":"2025-03-13T00:43:34","slug":"ene","status":"publish","type":"page","link":"https:\/\/portal.uern.br\/paudosferros\/cienciaseconomicas\/ene\/","title":{"rendered":"Encontro de Entidades de Economistas do Nordeste (ENE)"},"content":{"rendered":"<h4 style=\"text-align: justify\"><strong><img fetchpriority=\"high\" decoding=\"async\" class=\"aligncenter wp-image-2038\" src=\"https:\/\/portal.uern.br\/paudosferros\/cienciaseconomicas\/wp-content\/uploads\/sites\/4\/2025\/03\/Imagem-do-WhatsApp-de-2024-05-25-as-14.02.43_33470a1b.jpg\" alt=\"\" width=\"755\" height=\"425\" srcset=\"https:\/\/portal.uern.br\/paudosferros\/cienciaseconomicas\/wp-content\/uploads\/sites\/4\/2025\/03\/Imagem-do-WhatsApp-de-2024-05-25-as-14.02.43_33470a1b.jpg 1280w, https:\/\/portal.uern.br\/paudosferros\/cienciaseconomicas\/wp-content\/uploads\/sites\/4\/2025\/03\/Imagem-do-WhatsApp-de-2024-05-25-as-14.02.43_33470a1b-300x169.jpg 300w, https:\/\/portal.uern.br\/paudosferros\/cienciaseconomicas\/wp-content\/uploads\/sites\/4\/2025\/03\/Imagem-do-WhatsApp-de-2024-05-25-as-14.02.43_33470a1b-1024x576.jpg 1024w, https:\/\/portal.uern.br\/paudosferros\/cienciaseconomicas\/wp-content\/uploads\/sites\/4\/2025\/03\/Imagem-do-WhatsApp-de-2024-05-25-as-14.02.43_33470a1b-768x432.jpg 768w\" sizes=\"(max-width: 755px) 100vw, 755px\" \/>Departamento de Economia da UERN leva caravana de estudantes ao ENE 2024 em parceria com o CORECON-RN<\/strong><\/h4>\n<p style=\"text-align: justify\">O Departamento de Economia (DEC) da UERN, campus de Pau dos Ferros-RN, em parceria com o Conselho Regional de Economia (CORECON-RN), organizou a participa\u00e7\u00e3o de uma caravana de discentes no Encontro de Entidades de Economistas do Nordeste (ENE) 2024.<\/p>\n<p style=\"text-align: justify\">O evento, voltado para o debate das din\u00e2micas socioecon\u00f4micas do Nordeste, teve como objetivo principal discutir perspectivas, desafios e solu\u00e7\u00f5es para a interioriza\u00e7\u00e3o do desenvolvimento sustent\u00e1vel na regi\u00e3o. Durante o encontro, foram promovidas mesas-redondas, palestras e momentos de intera\u00e7\u00e3o entre economistas, pesquisadores e estudantes, destacando o papel estrat\u00e9gico do Nordeste no contexto econ\u00f4mico nacional.<\/p>\n<p style=\"text-align: justify\">A presen\u00e7a dos estudantes no ENE 2024 refor\u00e7ou o compromisso do DEC em aliar a forma\u00e7\u00e3o acad\u00eamica \u00e0 reflex\u00e3o cr\u00edtica sobre temas de grande relev\u00e2ncia para o desenvolvimento regional. A parceria com o CORECON-RN foi essencial para viabilizar essa oportunidade, fortalecendo os la\u00e7os entre academia e entidades representativas da \u00e1rea econ\u00f4mica.<\/p>\n<p style=\"text-align: justify\">Essa iniciativa reafirma o papel do Departamento de Economia da UERN como protagonista na forma\u00e7\u00e3o de profissionais comprometidos com a constru\u00e7\u00e3o de um Nordeste mais sustent\u00e1vel e integrado.<\/p>\n<p><img decoding=\"async\" class=\"aligncenter wp-image-2039\" src=\"https:\/\/portal.uern.br\/paudosferros\/cienciaseconomicas\/wp-content\/uploads\/sites\/4\/2025\/03\/Imagem-do-WhatsApp-de-2024-05-23-as-20.49.56_bcf3e6c5.jpg\" alt=\"\" width=\"600\" height=\"450\" srcset=\"https:\/\/portal.uern.br\/paudosferros\/cienciaseconomicas\/wp-content\/uploads\/sites\/4\/2025\/03\/Imagem-do-WhatsApp-de-2024-05-23-as-20.49.56_bcf3e6c5.jpg 1600w, https:\/\/portal.uern.br\/paudosferros\/cienciaseconomicas\/wp-content\/uploads\/sites\/4\/2025\/03\/Imagem-do-WhatsApp-de-2024-05-23-as-20.49.56_bcf3e6c5-300x225.jpg 300w, https:\/\/portal.uern.br\/paudosferros\/cienciaseconomicas\/wp-content\/uploads\/sites\/4\/2025\/03\/Imagem-do-WhatsApp-de-2024-05-23-as-20.49.56_bcf3e6c5-1024x768.jpg 1024w, https:\/\/portal.uern.br\/paudosferros\/cienciaseconomicas\/wp-content\/uploads\/sites\/4\/2025\/03\/Imagem-do-WhatsApp-de-2024-05-23-as-20.49.56_bcf3e6c5-768x576.jpg 768w, https:\/\/portal.uern.br\/paudosferros\/cienciaseconomicas\/wp-content\/uploads\/sites\/4\/2025\/03\/Imagem-do-WhatsApp-de-2024-05-23-as-20.49.56_bcf3e6c5-1536x1152.jpg 1536w\" sizes=\"(max-width: 600px) 100vw, 600px\" \/> <img decoding=\"async\" class=\"aligncenter wp-image-2040\" src=\"https:\/\/portal.uern.br\/paudosferros\/cienciaseconomicas\/wp-content\/uploads\/sites\/4\/2025\/03\/Imagem-do-WhatsApp-de-2024-05-23-as-21.23.46_be0a7c7e.jpg\" alt=\"\" width=\"600\" height=\"450\" srcset=\"https:\/\/portal.uern.br\/paudosferros\/cienciaseconomicas\/wp-content\/uploads\/sites\/4\/2025\/03\/Imagem-do-WhatsApp-de-2024-05-23-as-21.23.46_be0a7c7e.jpg 1600w, https:\/\/portal.uern.br\/paudosferros\/cienciaseconomicas\/wp-content\/uploads\/sites\/4\/2025\/03\/Imagem-do-WhatsApp-de-2024-05-23-as-21.23.46_be0a7c7e-300x225.jpg 300w, https:\/\/portal.uern.br\/paudosferros\/cienciaseconomicas\/wp-content\/uploads\/sites\/4\/2025\/03\/Imagem-do-WhatsApp-de-2024-05-23-as-21.23.46_be0a7c7e-1024x768.jpg 1024w, https:\/\/portal.uern.br\/paudosferros\/cienciaseconomicas\/wp-content\/uploads\/sites\/4\/2025\/03\/Imagem-do-WhatsApp-de-2024-05-23-as-21.23.46_be0a7c7e-768x576.jpg 768w, https:\/\/portal.uern.br\/paudosferros\/cienciaseconomicas\/wp-content\/uploads\/sites\/4\/2025\/03\/Imagem-do-WhatsApp-de-2024-05-23-as-21.23.46_be0a7c7e-1536x1152.jpg 1536w\" sizes=\"(max-width: 600px) 100vw, 600px\" \/> <img loading=\"lazy\" decoding=\"async\" class=\"aligncenter wp-image-2041\" src=\"https:\/\/portal.uern.br\/paudosferros\/cienciaseconomicas\/wp-content\/uploads\/sites\/4\/2025\/03\/Imagem-do-WhatsApp-de-2024-05-25-as-13.52.04_f3e6d9cf.jpg\" alt=\"\" width=\"600\" height=\"450\" srcset=\"https:\/\/portal.uern.br\/paudosferros\/cienciaseconomicas\/wp-content\/uploads\/sites\/4\/2025\/03\/Imagem-do-WhatsApp-de-2024-05-25-as-13.52.04_f3e6d9cf.jpg 1280w, https:\/\/portal.uern.br\/paudosferros\/cienciaseconomicas\/wp-content\/uploads\/sites\/4\/2025\/03\/Imagem-do-WhatsApp-de-2024-05-25-as-13.52.04_f3e6d9cf-300x225.jpg 300w, https:\/\/portal.uern.br\/paudosferros\/cienciaseconomicas\/wp-content\/uploads\/sites\/4\/2025\/03\/Imagem-do-WhatsApp-de-2024-05-25-as-13.52.04_f3e6d9cf-1024x768.jpg 1024w, https:\/\/portal.uern.br\/paudosferros\/cienciaseconomicas\/wp-content\/uploads\/sites\/4\/2025\/03\/Imagem-do-WhatsApp-de-2024-05-25-as-13.52.04_f3e6d9cf-768x576.jpg 768w\" sizes=\"(max-width: 600px) 100vw, 600px\" \/> <img loading=\"lazy\" decoding=\"async\" class=\"aligncenter wp-image-2042\" src=\"https:\/\/portal.uern.br\/paudosferros\/cienciaseconomicas\/wp-content\/uploads\/sites\/4\/2025\/03\/Imagem-do-WhatsApp-de-2024-05-25-as-13.59.48_72d857e5.jpg\" alt=\"\" width=\"600\" height=\"450\" srcset=\"https:\/\/portal.uern.br\/paudosferros\/cienciaseconomicas\/wp-content\/uploads\/sites\/4\/2025\/03\/Imagem-do-WhatsApp-de-2024-05-25-as-13.59.48_72d857e5.jpg 1280w, https:\/\/portal.uern.br\/paudosferros\/cienciaseconomicas\/wp-content\/uploads\/sites\/4\/2025\/03\/Imagem-do-WhatsApp-de-2024-05-25-as-13.59.48_72d857e5-300x225.jpg 300w, https:\/\/portal.uern.br\/paudosferros\/cienciaseconomicas\/wp-content\/uploads\/sites\/4\/2025\/03\/Imagem-do-WhatsApp-de-2024-05-25-as-13.59.48_72d857e5-1024x768.jpg 1024w, https:\/\/portal.uern.br\/paudosferros\/cienciaseconomicas\/wp-content\/uploads\/sites\/4\/2025\/03\/Imagem-do-WhatsApp-de-2024-05-25-as-13.59.48_72d857e5-768x576.jpg 768w\" sizes=\"(max-width: 600px) 100vw, 600px\" \/><\/p>\n","protected":false},"excerpt":{"rendered":"<p>Departamento de Economia da UERN leva caravana de estudantes ao ENE 2024 em parceria com o CORECON-RN O Departamento de Economia (DEC) da UERN, campus de Pau dos Ferros-RN, em parceria com o Conselho Regional de Economia (CORECON-RN), organizou a participa\u00e7\u00e3o de uma caravana de discentes no Encontro de Entidades de Economistas do Nordeste (ENE) [&hellip;]<\/p>\n","protected":false},"author":20,"featured_media":0,"parent":0,"menu_order":0,"comment_status":"closed","ping_status":"closed","template":"","meta":{"footnotes":""},"class_list":["post-1624","page","type-page","status-publish","hentry"],"_links":{"self":[{"href":"https:\/\/portal.uern.br\/paudosferros\/cienciaseconomicas\/wp-json\/wp\/v2\/pages\/1624","targetHints":{"allow":["GET"]}}],"collection":[{"href":"https:\/\/portal.uern.br\/paudosferros\/cienciaseconomicas\/wp-json\/wp\/v2\/pages"}],"about":[{"href":"https:\/\/portal.uern.br\/paudosferros\/cienciaseconomicas\/wp-json\/wp\/v2\/types\/page"}],"author":[{"embeddable":true,"href":"https:\/\/portal.uern.br\/paudosferros\/cienciaseconomicas\/wp-json\/wp\/v2\/users\/20"}],"replies":[{"embeddable":true,"href":"https:\/\/portal.uern.br\/paudosferros\/cienciaseconomicas\/wp-json\/wp\/v2\/comments?post=1624"}],"version-history":[{"count":8,"href":"https:\/\/portal.uern.br\/paudosferros\/cienciaseconomicas\/wp-json\/wp\/v2\/pages\/1624\/revisions"}],"predecessor-version":[{"id":2043,"href":"https:\/\/portal.uern.br\/paudosferros\/cienciaseconomicas\/wp-json\/wp\/v2\/pages\/1624\/revisions\/2043"}],"wp:attachment":[{"href":"https:\/\/portal.uern.br\/paudosferros\/cienciaseconomicas\/wp-json\/wp\/v2\/media?parent=1624"}],"curies":[{"name":"wp","href":"https:\/\/api.w.org\/{rel}","templated":true}]}}