{"id":1443,"date":"2025-01-07T10:21:50","date_gmt":"2025-01-07T13:21:50","guid":{"rendered":"https:\/\/portal.uern.br\/paudosferros\/cienciaseconomicas\/?page_id=1443"},"modified":"2025-01-28T12:43:24","modified_gmt":"2025-01-28T15:43:24","slug":"gincana-nacional-de-economia","status":"publish","type":"page","link":"https:\/\/portal.uern.br\/paudosferros\/cienciaseconomicas\/gincana-nacional-de-economia\/","title":{"rendered":"Gincana Nacional de Economia"},"content":{"rendered":"<h4 style=\"text-align: justify\"><strong>Estudantes da UERN participam da XII Gincana Nacional de Economia em parceria com o CORECON-RN<\/strong><\/h4>\n<p style=\"text-align: justify\"><img fetchpriority=\"high\" decoding=\"async\" class=\"aligncenter wp-image-1638 size-full\" src=\"https:\/\/portal.uern.br\/paudosferros\/cienciaseconomicas\/wp-content\/uploads\/sites\/4\/2025\/01\/IMG-20231106-WA0036-1-e1738078975789.jpg\" alt=\"\" width=\"1600\" height=\"541\" srcset=\"https:\/\/portal.uern.br\/paudosferros\/cienciaseconomicas\/wp-content\/uploads\/sites\/4\/2025\/01\/IMG-20231106-WA0036-1-e1738078975789.jpg 1600w, https:\/\/portal.uern.br\/paudosferros\/cienciaseconomicas\/wp-content\/uploads\/sites\/4\/2025\/01\/IMG-20231106-WA0036-1-e1738078975789-300x101.jpg 300w, https:\/\/portal.uern.br\/paudosferros\/cienciaseconomicas\/wp-content\/uploads\/sites\/4\/2025\/01\/IMG-20231106-WA0036-1-e1738078975789-1024x346.jpg 1024w, https:\/\/portal.uern.br\/paudosferros\/cienciaseconomicas\/wp-content\/uploads\/sites\/4\/2025\/01\/IMG-20231106-WA0036-1-e1738078975789-768x260.jpg 768w, https:\/\/portal.uern.br\/paudosferros\/cienciaseconomicas\/wp-content\/uploads\/sites\/4\/2025\/01\/IMG-20231106-WA0036-1-e1738078975789-1536x519.jpg 1536w\" sizes=\"(max-width: 1600px) 100vw, 1600px\" \/><br \/>\nEstudantes do curso de Ci\u00eancias Econ\u00f4micas da UERN, campus de Pau dos Ferros-RN, participaram da XII Gincana Nacional de Economia, realizada no Maranh\u00e3o em 2023. A participa\u00e7\u00e3o dos alunos foi poss\u00edvel gra\u00e7as \u00e0 parceria entre a UERN e o Conselho Regional de Economia (CORECON-RN), que viabilizou a ida da delega\u00e7\u00e3o ao evento.<\/p>\n<p style=\"text-align: justify\">\nA gincana, voltada exclusivamente para alunos de gradua\u00e7\u00e3o em Ci\u00eancias Econ\u00f4micas matriculados em institui\u00e7\u00f5es de ensino superior credenciadas pelo MEC, \u00e9 uma iniciativa que busca fomentar o aprendizado, a intera\u00e7\u00e3o acad\u00eamica e a aplica\u00e7\u00e3o pr\u00e1tica de conhecimentos te\u00f3ricos da \u00e1rea econ\u00f4mica.<\/p>\n<p style=\"text-align: justify\">\nEssa experi\u00eancia refor\u00e7ou a integra\u00e7\u00e3o dos discentes da UERN com o cen\u00e1rio nacional de discuss\u00f5es e pr\u00e1ticas acad\u00eamicas, promovendo o desenvolvimento de compet\u00eancias essenciais para a forma\u00e7\u00e3o dos futuros economistas. A parceria entre a UERN e o CORECON-RN foi crucial para proporcionar essa oportunidade, fortalecendo o elo entre o ambiente acad\u00eamico e as institui\u00e7\u00f5es que representam a classe econ\u00f4mica.<\/p>\n<p style=\"text-align: center\"><img decoding=\"async\" class=\"alignnone wp-image-1452\" src=\"https:\/\/portal.uern.br\/paudosferros\/cienciaseconomicas\/wp-content\/uploads\/sites\/4\/2025\/01\/IMG-20231106-WA0047-e1738078765366.jpg\" alt=\"\" width=\"450\" height=\"600\" srcset=\"https:\/\/portal.uern.br\/paudosferros\/cienciaseconomicas\/wp-content\/uploads\/sites\/4\/2025\/01\/IMG-20231106-WA0047-e1738078765366.jpg 721w, https:\/\/portal.uern.br\/paudosferros\/cienciaseconomicas\/wp-content\/uploads\/sites\/4\/2025\/01\/IMG-20231106-WA0047-e1738078765366-225x300.jpg 225w\" sizes=\"(max-width: 450px) 100vw, 450px\" \/>\u00a0 \u00a0 <img decoding=\"async\" class=\"alignleft wp-image-1454\" src=\"https:\/\/portal.uern.br\/paudosferros\/cienciaseconomicas\/wp-content\/uploads\/sites\/4\/2025\/01\/WhatsApp-Image-2023-11-12-at-22.50.14.jpeg\" alt=\"\" width=\"450\" height=\"600\" srcset=\"https:\/\/portal.uern.br\/paudosferros\/cienciaseconomicas\/wp-content\/uploads\/sites\/4\/2025\/01\/WhatsApp-Image-2023-11-12-at-22.50.14.jpeg 960w, https:\/\/portal.uern.br\/paudosferros\/cienciaseconomicas\/wp-content\/uploads\/sites\/4\/2025\/01\/WhatsApp-Image-2023-11-12-at-22.50.14-225x300.jpeg 225w, https:\/\/portal.uern.br\/paudosferros\/cienciaseconomicas\/wp-content\/uploads\/sites\/4\/2025\/01\/WhatsApp-Image-2023-11-12-at-22.50.14-768x1024.jpeg 768w\" sizes=\"(max-width: 450px) 100vw, 450px\" \/><\/p>\n","protected":false},"excerpt":{"rendered":"<p>Estudantes da UERN participam da XII Gincana Nacional de Economia em parceria com o CORECON-RN Estudantes do curso de Ci\u00eancias Econ\u00f4micas da UERN, campus de Pau dos Ferros-RN, participaram da XII Gincana Nacional de Economia, realizada no Maranh\u00e3o em 2023. A participa\u00e7\u00e3o dos alunos foi poss\u00edvel gra\u00e7as \u00e0 parceria entre a UERN e o Conselho [&hellip;]<\/p>\n","protected":false},"author":20,"featured_media":0,"parent":0,"menu_order":0,"comment_status":"closed","ping_status":"closed","template":"","meta":{"footnotes":""},"class_list":["post-1443","page","type-page","status-publish","hentry"],"_links":{"self":[{"href":"https:\/\/portal.uern.br\/paudosferros\/cienciaseconomicas\/wp-json\/wp\/v2\/pages\/1443","targetHints":{"allow":["GET"]}}],"collection":[{"href":"https:\/\/portal.uern.br\/paudosferros\/cienciaseconomicas\/wp-json\/wp\/v2\/pages"}],"about":[{"href":"https:\/\/portal.uern.br\/paudosferros\/cienciaseconomicas\/wp-json\/wp\/v2\/types\/page"}],"author":[{"embeddable":true,"href":"https:\/\/portal.uern.br\/paudosferros\/cienciaseconomicas\/wp-json\/wp\/v2\/users\/20"}],"replies":[{"embeddable":true,"href":"https:\/\/portal.uern.br\/paudosferros\/cienciaseconomicas\/wp-json\/wp\/v2\/comments?post=1443"}],"version-history":[{"count":8,"href":"https:\/\/portal.uern.br\/paudosferros\/cienciaseconomicas\/wp-json\/wp\/v2\/pages\/1443\/revisions"}],"predecessor-version":[{"id":1917,"href":"https:\/\/portal.uern.br\/paudosferros\/cienciaseconomicas\/wp-json\/wp\/v2\/pages\/1443\/revisions\/1917"}],"wp:attachment":[{"href":"https:\/\/portal.uern.br\/paudosferros\/cienciaseconomicas\/wp-json\/wp\/v2\/media?parent=1443"}],"curies":[{"name":"wp","href":"https:\/\/api.w.org\/{rel}","templated":true}]}}