{"id":1308,"date":"2025-01-03T09:22:21","date_gmt":"2025-01-03T12:22:21","guid":{"rendered":"https:\/\/portal.uern.br\/paudosferros\/cienciaseconomicas\/?page_id=1308"},"modified":"2025-01-10T12:31:43","modified_gmt":"2025-01-10T15:31:43","slug":"links-interessantes","status":"publish","type":"page","link":"https:\/\/portal.uern.br\/paudosferros\/cienciaseconomicas\/links-interessantes\/","title":{"rendered":"Links interessantes"},"content":{"rendered":"<p>&nbsp;<\/p>\n<table style=\"border-collapse: collapse;width: 100%\">\n<tbody>\n<tr>\n<td style=\"width: 100%\"><span style=\"text-decoration: underline\"><span style=\"color: #467886;text-decoration: underline\"><a href=\"https:\/\/propeg.uern.br\/plandites\/default.asp?item=pp3197-apresentacao\" target=\"_blank\" rel=\"noopener\">Programa de P\u00f3s-Gradua\u00e7\u00e3o em Planejamento e Din\u00e2micas Territoriais no Semi\u00e1rido<\/a><\/span><\/span><\/td>\n<\/tr>\n<\/tbody>\n<\/table>\n<table style=\"border-collapse: collapse;width: 100%\">\n<tbody>\n<tr>\n<td style=\"width: 100%\"><span style=\"text-decoration: underline\"><a href=\"https:\/\/portal.uern.br\/ouviuern\/contato\/\" target=\"_blank\" rel=\"noopener\">Contato &#8211; Ouvidoria UERN<\/a><\/span><\/td>\n<\/tr>\n<\/tbody>\n<\/table>\n<table style=\"border-collapse: collapse;width: 100%\">\n<tbody>\n<tr>\n<td style=\"width: 100%\"><span style=\"text-decoration: underline\"><a href=\"https:\/\/plataforma.bvirtual.com.br\/Account\/Login?redirectUrl=%2F\" target=\"_blank\" rel=\"noopener\">Biblioteca Virtual<\/a><\/span><\/td>\n<\/tr>\n<\/tbody>\n<\/table>\n<table style=\"border-collapse: collapse;width: 100%\">\n<tbody>\n<tr>\n<td style=\"width: 100%\"><span style=\"text-decoration: underline\"><span style=\"color: #467886;text-decoration: underline\"><a href=\"https:\/\/www.corecon-rn.org.br\/\" target=\"_blank\" rel=\"noopener\">CORECON-RN \u2013 Conselho Regional de Economia 19\u00aa Regi\u00e3o<\/a><\/span><\/span><\/td>\n<\/tr>\n<\/tbody>\n<\/table>\n<table style=\"border-collapse: collapse;width: 100%;height: 24px\">\n<tbody>\n<tr style=\"height: 24px\">\n<td style=\"width: 100%;height: 24px\"><span style=\"text-decoration: underline\"><a href=\"http:\/\/cidades.ibge.gov.br\" target=\"_blank\" rel=\"noopener\">IBGE Cidades<\/a><\/span><\/td>\n<\/tr>\n<\/tbody>\n<\/table>\n<table style=\"border-collapse: collapse;width: 100%\">\n<tbody>\n<tr>\n<td style=\"width: 100%\"><span style=\"text-decoration: underline\"><span style=\"color: #467886;text-decoration: underline\"><a href=\"https:\/\/www.periodicos.capes.gov.br\/\" target=\"_blank\" rel=\"noopener\">Portal de peri\u00f3dicos da CAPES<\/a><\/span><\/span><\/td>\n<\/tr>\n<\/tbody>\n<\/table>\n<table style=\"border-collapse: collapse;width: 100%\">\n<tbody>\n<tr>\n<td style=\"width: 100%\"><span style=\"text-decoration: underline\"><span style=\"color: #467886;text-decoration: underline\"><a href=\"https:\/\/www.scielo.br\/?lng=pt\" target=\"_blank\" rel=\"noopener\">SciELO Brasil<\/a><\/span><\/span><\/td>\n<\/tr>\n<\/tbody>\n<\/table>\n<table style=\"border-collapse: collapse;width: 100%\">\n<tbody>\n<tr>\n<td style=\"width: 100%\"><span style=\"text-decoration: underline\"><span style=\"color: #467886;text-decoration: underline\"><a href=\"https:\/\/www.ipea.gov.br\/portal\/\" target=\"_blank\" rel=\"noopener\">Ipea &#8211; Instituto de Pesquisa Econ\u00f4mica Aplicada<\/a><\/span><\/span><\/td>\n<\/tr>\n<\/tbody>\n<\/table>\n<table style=\"border-collapse: collapse;width: 100%\">\n<tbody>\n<tr>\n<td style=\"width: 100%\"><span style=\"text-decoration: underline\"><span style=\"color: #467886;text-decoration: underline\"><a href=\"https:\/\/lattes.cnpq.br\/\" target=\"_blank\" rel=\"noopener\">Plataforma Lattes<\/a><\/span><\/span><\/td>\n<\/tr>\n<\/tbody>\n<\/table>\n<table style=\"border-collapse: collapse;width: 100%\">\n<tbody>\n<tr>\n<td style=\"width: 100%\"><span style=\"text-decoration: underline\"><span style=\"color: #467886;text-decoration: underline\"><a href=\"https:\/\/www.youtube.com\/watch?v=0jMTUGz-QdU&amp;t=2393s\" target=\"_blank\" rel=\"noopener\">SIGAA: Forma\u00e7\u00e3o na Pr\u00e1tica para Docentes<\/a><\/span><\/span><\/td>\n<\/tr>\n<\/tbody>\n<\/table>\n<p>&nbsp;<\/p>\n","protected":false},"excerpt":{"rendered":"<p>&nbsp; Programa de P\u00f3s-Gradua\u00e7\u00e3o em Planejamento e Din\u00e2micas Territoriais no Semi\u00e1rido Contato &#8211; Ouvidoria UERN Biblioteca Virtual CORECON-RN \u2013 Conselho Regional de Economia 19\u00aa Regi\u00e3o IBGE Cidades Portal de peri\u00f3dicos da CAPES SciELO Brasil Ipea &#8211; Instituto de Pesquisa Econ\u00f4mica Aplicada Plataforma Lattes SIGAA: Forma\u00e7\u00e3o na Pr\u00e1tica para Docentes &nbsp;<\/p>\n","protected":false},"author":13,"featured_media":0,"parent":0,"menu_order":0,"comment_status":"closed","ping_status":"closed","template":"","meta":{"footnotes":""},"class_list":["post-1308","page","type-page","status-publish","hentry"],"_links":{"self":[{"href":"https:\/\/portal.uern.br\/paudosferros\/cienciaseconomicas\/wp-json\/wp\/v2\/pages\/1308","targetHints":{"allow":["GET"]}}],"collection":[{"href":"https:\/\/portal.uern.br\/paudosferros\/cienciaseconomicas\/wp-json\/wp\/v2\/pages"}],"about":[{"href":"https:\/\/portal.uern.br\/paudosferros\/cienciaseconomicas\/wp-json\/wp\/v2\/types\/page"}],"author":[{"embeddable":true,"href":"https:\/\/portal.uern.br\/paudosferros\/cienciaseconomicas\/wp-json\/wp\/v2\/users\/13"}],"replies":[{"embeddable":true,"href":"https:\/\/portal.uern.br\/paudosferros\/cienciaseconomicas\/wp-json\/wp\/v2\/comments?post=1308"}],"version-history":[{"count":4,"href":"https:\/\/portal.uern.br\/paudosferros\/cienciaseconomicas\/wp-json\/wp\/v2\/pages\/1308\/revisions"}],"predecessor-version":[{"id":1561,"href":"https:\/\/portal.uern.br\/paudosferros\/cienciaseconomicas\/wp-json\/wp\/v2\/pages\/1308\/revisions\/1561"}],"wp:attachment":[{"href":"https:\/\/portal.uern.br\/paudosferros\/cienciaseconomicas\/wp-json\/wp\/v2\/media?parent=1308"}],"curies":[{"name":"wp","href":"https:\/\/api.w.org\/{rel}","templated":true}]}}