{"id":1281,"date":"2025-01-03T09:13:21","date_gmt":"2025-01-03T12:13:21","guid":{"rendered":"https:\/\/portal.uern.br\/paudosferros\/cienciaseconomicas\/?page_id=1281"},"modified":"2025-01-08T09:46:45","modified_gmt":"2025-01-08T12:46:45","slug":"aulas-de-campo","status":"publish","type":"page","link":"https:\/\/portal.uern.br\/paudosferros\/cienciaseconomicas\/aulas-de-campo\/","title":{"rendered":"Aulas de Campo"},"content":{"rendered":"<h3><strong>Viv\u00eancia e Aprendizado na Pr\u00e1tica<\/strong><\/h3>\n<p style=\"text-align: left\">As aulas de campo do Departamento de Economia (DEC) s\u00e3o momentos que aliam teoria e pr\u00e1tica, proporcionando aos alunos uma imers\u00e3o direta nos cen\u00e1rios e contextos que estudam em sala de aula. Essas experi\u00eancias s\u00e3o fundamentais para ampliar a compreens\u00e3o de conceitos econ\u00f4micos, desenvolver habilidades anal\u00edticas e fortalecer a conex\u00e3o com a realidade regional e nacional.<\/p>\n<p><img fetchpriority=\"high\" decoding=\"async\" class=\"alignnone wp-image-1352 size-full\" src=\"https:\/\/portal.uern.br\/paudosferros\/cienciaseconomicas\/wp-content\/uploads\/sites\/4\/2025\/01\/20240909_192758-scaled-e1736339586130.jpg\" alt=\"\" width=\"470\" height=\"353\" \/> <img decoding=\"async\" class=\"alignnone wp-image-1353 size-full\" src=\"https:\/\/portal.uern.br\/paudosferros\/cienciaseconomicas\/wp-content\/uploads\/sites\/4\/2025\/01\/20240909_192924-scaled-e1736339609740.jpg\" alt=\"\" width=\"470\" height=\"353\" \/> <img decoding=\"async\" class=\"alignnone wp-image-1354 size-full\" src=\"https:\/\/portal.uern.br\/paudosferros\/cienciaseconomicas\/wp-content\/uploads\/sites\/4\/2025\/01\/20240909_195202-scaled-e1736339661462.jpg\" alt=\"\" width=\"470\" height=\"353\" \/> <img loading=\"lazy\" decoding=\"async\" class=\"alignnone wp-image-1356 size-full\" src=\"https:\/\/portal.uern.br\/paudosferros\/cienciaseconomicas\/wp-content\/uploads\/sites\/4\/2025\/01\/20241118_192448-scaled-e1736339688664.jpg\" alt=\"\" width=\"470\" height=\"353\" \/> <img loading=\"lazy\" decoding=\"async\" class=\"alignnone wp-image-1357 size-full\" src=\"https:\/\/portal.uern.br\/paudosferros\/cienciaseconomicas\/wp-content\/uploads\/sites\/4\/2025\/01\/20241118_193519-scaled-e1736339728923.jpg\" alt=\"\" width=\"470\" height=\"353\" \/> <img loading=\"lazy\" decoding=\"async\" class=\"alignnone wp-image-1358 size-full\" src=\"https:\/\/portal.uern.br\/paudosferros\/cienciaseconomicas\/wp-content\/uploads\/sites\/4\/2025\/01\/20241118_201647-scaled-e1736339816650.jpg\" alt=\"\" width=\"470\" height=\"353\" \/> <img loading=\"lazy\" decoding=\"async\" class=\"alignnone wp-image-1355 size-full\" src=\"https:\/\/portal.uern.br\/paudosferros\/cienciaseconomicas\/wp-content\/uploads\/sites\/4\/2025\/01\/20241118_192054-scaled-e1736339863821.jpg\" alt=\"\" width=\"470\" height=\"353\" \/> <img loading=\"lazy\" decoding=\"async\" class=\"alignnone wp-image-1359 size-full\" src=\"https:\/\/portal.uern.br\/paudosferros\/cienciaseconomicas\/wp-content\/uploads\/sites\/4\/2025\/01\/20241118_213346-scaled-e1736339881964.jpg\" alt=\"\" width=\"470\" height=\"353\" \/> <img loading=\"lazy\" decoding=\"async\" class=\"alignnone wp-image-1361\" src=\"https:\/\/portal.uern.br\/paudosferros\/cienciaseconomicas\/wp-content\/uploads\/sites\/4\/2025\/01\/Screenshot_20231201_000605_Instagram.jpg\" alt=\"\" width=\"432\" height=\"399\" \/> <img loading=\"lazy\" decoding=\"async\" class=\"alignnone wp-image-1360\" src=\"https:\/\/portal.uern.br\/paudosferros\/cienciaseconomicas\/wp-content\/uploads\/sites\/4\/2025\/01\/Screenshot_20231130_223650_Instagram-e1736340079916.jpg\" alt=\"\" width=\"508\" height=\"398\" \/><\/p>\n","protected":false},"excerpt":{"rendered":"<p>Viv\u00eancia e Aprendizado na Pr\u00e1tica As aulas de campo do Departamento de Economia (DEC) s\u00e3o momentos que aliam teoria e pr\u00e1tica, proporcionando aos alunos uma imers\u00e3o direta nos cen\u00e1rios e contextos que estudam em sala de aula. Essas experi\u00eancias s\u00e3o fundamentais para ampliar a compreens\u00e3o de conceitos econ\u00f4micos, desenvolver habilidades anal\u00edticas e fortalecer a conex\u00e3o [&hellip;]<\/p>\n","protected":false},"author":13,"featured_media":0,"parent":0,"menu_order":0,"comment_status":"closed","ping_status":"closed","template":"","meta":{"footnotes":""},"class_list":["post-1281","page","type-page","status-publish","hentry"],"_links":{"self":[{"href":"https:\/\/portal.uern.br\/paudosferros\/cienciaseconomicas\/wp-json\/wp\/v2\/pages\/1281","targetHints":{"allow":["GET"]}}],"collection":[{"href":"https:\/\/portal.uern.br\/paudosferros\/cienciaseconomicas\/wp-json\/wp\/v2\/pages"}],"about":[{"href":"https:\/\/portal.uern.br\/paudosferros\/cienciaseconomicas\/wp-json\/wp\/v2\/types\/page"}],"author":[{"embeddable":true,"href":"https:\/\/portal.uern.br\/paudosferros\/cienciaseconomicas\/wp-json\/wp\/v2\/users\/13"}],"replies":[{"embeddable":true,"href":"https:\/\/portal.uern.br\/paudosferros\/cienciaseconomicas\/wp-json\/wp\/v2\/comments?post=1281"}],"version-history":[{"count":8,"href":"https:\/\/portal.uern.br\/paudosferros\/cienciaseconomicas\/wp-json\/wp\/v2\/pages\/1281\/revisions"}],"predecessor-version":[{"id":1522,"href":"https:\/\/portal.uern.br\/paudosferros\/cienciaseconomicas\/wp-json\/wp\/v2\/pages\/1281\/revisions\/1522"}],"wp:attachment":[{"href":"https:\/\/portal.uern.br\/paudosferros\/cienciaseconomicas\/wp-json\/wp\/v2\/media?parent=1281"}],"curies":[{"name":"wp","href":"https:\/\/api.w.org\/{rel}","templated":true}]}}