{"id":1278,"date":"2025-01-03T09:11:12","date_gmt":"2025-01-03T12:11:12","guid":{"rendered":"https:\/\/portal.uern.br\/paudosferros\/cienciaseconomicas\/?page_id=1278"},"modified":"2026-03-24T11:08:09","modified_gmt":"2026-03-24T14:08:09","slug":"empresa-junior-e-capital-consultoria-e-assessoria","status":"publish","type":"page","link":"https:\/\/portal.uern.br\/paudosferros\/cienciaseconomicas\/empresa-junior-e-capital-consultoria-e-assessoria\/","title":{"rendered":"Empresa J\u00fanior &#8220;E-CAPITAL Consultoria e Assessoria&#8221;"},"content":{"rendered":"<p align=\"left\"><span style=\"font-size: medium\"><b>Miss\u00e3o da Empresa J\u00fanior <\/b><\/span><\/p>\n<p align=\"justify\"><span style=\"font-size: medium\">A E-Capital tem como miss\u00e3o transformar o futuro dos estudantes de ci\u00eancias econ\u00f4micas e impactar positivamente no desenvolvimento e crescimento econ\u00f4mico regional por meio da presta\u00e7\u00e3o de servi\u00e7os de alta qualidade \u00e0s empresas, al\u00e9m de proporcionar experi\u00eancias pr\u00e1ticas que moldam a forma\u00e7\u00e3o de seus membros. Acreditamos no poder da educa\u00e7\u00e3o e no impacto positivo que podemos trazer para a comunidade acad\u00eamica e empresarial e estamos aqui para apoiar empreendedores na tomada de decis\u00f5es estrat\u00e9gicas, viabilizar projetos e contribuir para o desenvolvimento sustent\u00e1vel desta regi\u00e3o. <\/span><\/p>\n<p align=\"left\"><span style=\"font-size: medium\"><b>Servi\u00e7os prestados<\/b><\/span><\/p>\n<p align=\"left\"><span style=\"font-size: medium\">Nossa equipe de talentosos estudantes e profissionais est\u00e1 comprometida em oferecer servi\u00e7os de alta qualidade que refor\u00e7am o engajamento <\/span><span style=\"font-size: medium\">d<\/span><span style=\"font-size: medium\">a E-Capital em ajudar sua empresa a alcan\u00e7ar novos patamares. <\/span><\/p>\n<ul>\n<li>\n<p align=\"left\"><span style=\"font-size: medium\">Consultoria Financeira;<\/span><\/p>\n<\/li>\n<li>\n<p align=\"left\"><span style=\"font-size: medium\">Planejamento Estrat\u00e9gico;<\/span><\/p>\n<\/li>\n<li>\n<p align=\"left\"><span style=\"font-size: medium\">Estudos de Viabilidade Econ\u00f4mica;<\/span><\/p>\n<\/li>\n<li>\n<p align=\"left\"><span style=\"font-size: medium\">An\u00e1lise de Mercado;<\/span><\/p>\n<\/li>\n<li>\n<p align=\"left\"><span style=\"font-size: medium\">Gest\u00e3o de Custos; <\/span><\/p>\n<\/li>\n<li>\n<p align=\"left\"><span style=\"font-size: medium\">Consultoria em Pol\u00edtica Tribut\u00e1ria;<\/span><\/p>\n<\/li>\n<li>\n<p align=\"left\"><span style=\"font-size: medium\">Finan\u00e7as P\u00fablicas;<\/span><\/p>\n<\/li>\n<li>\n<p align=\"left\"><span style=\"font-size: medium\">Acesso a Programas Sociais de Financiamento<\/span><span style=\"font-size: medium\">.<\/span><\/p>\n<\/li>\n<\/ul>\n<p><span style=\"font-size: 12pt\">\u00b7 Data de cria\u00e7\u00e3o da empresa j\u00fanior: mar\u00e7o de 2023<\/span><\/p>\n<p style=\"text-align: center\"><em><span style=\"font-size: 14pt\"><strong>\u00a0Composi\u00e7\u00e3o da diretoria da E-Capital Consultoria e Assessoria:<\/strong><\/span><\/em><\/p>\n<p>\u25cf Diretor Presidente: Leusangenys Melquiades Di\u00f3genes CPF: 062.727.583-40; RG:2008015664-3 Resid\u00eancia: Rua Afreu Di\u00f3genes &#8211; N\u00ba 78 &#8211; Zona Urbana &#8211; Iracema &#8211; CE<\/p>\n<p>\u25cf Diretora Vice-presidente: Francisca Camilly Pessoa Barbosa CPF: 062.152.743-21; RG: 004.035.789 Resid\u00eancia: Rua Jos\u00e9 Pessoa de Queiroz &#8211; N\u00ba 702 &#8211; Zona Urbana &#8211;<br \/>\nErer\u00e9 &#8211; CE<\/p>\n<p>\u25cf Diretora Financeira: Vanessa Bazilio Feitosa CPF: 713.626.044-29 RG: 003.671.763; Resid\u00eancia: Rua Jos\u00e9 Mariano de Melo &#8211; N\u00ba 183 &#8211; Zona Urbana &#8211; Rodolfo Fernandes -RN<\/p>\n<p>\u25cf Diretora de Recursos Humanos: Ana Larissa Gomes de Medeiros CPF:714.970.584-73; RG: 003.820.575 Resid\u00eancia: Rua Batista Melo &#8211; Zona Urbana -Severiano Melo- RN<\/p>\n<p>\u25cf Diretor Projetos: Jos\u00e9 Victor da Silva CPF: 077.508.264-32 RG: 002748454; Resid\u00eancia: Rua Constantino Henrique Fernandes, S\/N, Vila Nogueira, Doutor Severiano\u00a0 RN<\/p>\n<p>\u25cf Diretor de Marketing: Sarah Rhillary Souza Lisboa CPF: 042.548.123-96; RG:4.358.224 Resid\u00eancia: S\u00edtio Taboca 2, Venha Ver\/RN.<\/p>\n<p>\u25cf Diretora de Comercial: Luana Barbosa de Souza CPF: 711.734.844-50; RG:004.094.516 Resid\u00eancia:Rua Raul Lemos, n\u00b0 127, Bairro Cascalho, Alexandria\/RN.<\/p>\n<p style=\"text-align: center\"><span style=\"font-size: 14pt\"><em><strong>Respectivos cargos e suas fun\u00e7\u00f5es<\/strong><\/em><\/span><\/p>\n<p style=\"text-align: left\"><strong>Presidente:<\/strong> O presidente \u00e9 o l\u00edder m\u00e1ximo da empresa j\u00fanior. Ele\/ela \u00e9 respons\u00e1vel por supervisionar todas as atividades da empresa, definir metas e objetivos, representar a empresa j\u00fanior em eventos externos e tomar decis\u00f5es estrat\u00e9gicas em conjunto com a equipe diretiva. O presidente deve ter uma vis\u00e3o clara do caminho que a empresa j\u00fanior deve seguir e garantir que todas as \u00e1reas estejam trabalhando em harmonia.<\/p>\n<p style=\"text-align: left\"><strong>Vice-presidente:<\/strong> O vice-presidente auxilia o presidente em suas tarefas e assume o seu papel em sua aus\u00eancia. Al\u00e9m disso, ele\/ela pode ser respons\u00e1vel por \u00e1reas espec\u00edficas, como gest\u00e3o de projetos, recursos humanos, finan\u00e7as, entre outras. O\/A vice-presidente realiza o planejamento estrat\u00e9gico da empresa, estabelece metas de longo e curto prazo. Ele ou ela \u00e9 respons\u00e1vel por fornecer informa\u00e7\u00f5es e an\u00e1lises relevantes para a empresa.<\/p>\n<p style=\"text-align: left\"><strong> Diretor de RH (Recursos Humanos):<\/strong> O diretor de RH \u00e9 respons\u00e1vel por gerir e desenvolver a equipe da empresa j\u00fanior. Ele\/ela recruta novos membros, coordena treinamentos e workshops, promove a cultura e valores da empresa j\u00fanior, lida com quest\u00f5es de relacionamento interpessoal e motiva\u00e7\u00e3o dos membros e promove o desenvolvimento profissional dos colaboradores.<\/p>\n<p style=\"text-align: left\"><strong>Diretor de projetos:<\/strong> O diretor de projetos \u00e9 respons\u00e1vel por supervisionar todas as atividades relacionadas aos projetos da empresa j\u00fanior. Ele\/ela coordena a equipe de projetos, acompanha o andamento e o cumprimento de prazos, garante a qualidade na entrega dos projetos, realiza o planejamento estrat\u00e9gico dos projetos e mant\u00e9m a comunica\u00e7\u00e3o eficiente com os clientes.<\/p>\n<p style=\"text-align: left\"><strong>Diretor financeiro:<\/strong> O diretor financeiro \u00e9 respons\u00e1vel por gerir as finan\u00e7as da empresa j\u00fanior. Ele\/ela realiza o controle e an\u00e1lise dos recursos financeiros, elabora or\u00e7amentos, define pol\u00edticas de presta\u00e7\u00e3o de contas, identifica oportunidades de capta\u00e7\u00e3o de recursos e controla os custos da empresa j\u00fanior.<\/p>\n<p style=\"text-align: left\"><strong>Diretor de Marketing:<\/strong> O diretor de marketing \u00e9 respons\u00e1vel por promover a imagem e a marca da empresa j\u00fanior. Ele\/ela desenvolve estrat\u00e9gias de marketing, define a identidade visual, realiza pesquisas de mercado, planeja e executa campanhas de publicidade e comunica\u00e7\u00e3o, e acompanha o feedback dos clientes.<\/p>\n<p style=\"text-align: left\"><strong>Diretor Comercial:<\/strong> O diretor comercial \u00e9 o respons\u00e1vel por definir a estrat\u00e9gia, liderar a equipe de vendas e garantir o crescimento da receita e a expans\u00e3o de mercado da empresa. Ele\/ela alinha os objetivos comerciais \u00e0s metas globais do neg\u00f3cio, analisando dados, gerindo or\u00e7amentos e cultivando parcerias estrat\u00e9gicas.<\/p>\n<p style=\"text-align: center\"><strong>Gest\u00e3o 2024 &#8211; 2025<\/strong><\/p>\n<table class=\" alignright\" style=\"width: 100%;border-collapse: collapse;border-style: none\">\n<tbody>\n<tr>\n<td style=\"width: 32.9255%\"><img fetchpriority=\"high\" decoding=\"async\" class=\"wp-image-1604 size-medium aligncenter\" src=\"https:\/\/portal.uern.br\/paudosferros\/cienciaseconomicas\/wp-content\/uploads\/sites\/4\/2025\/01\/vv-233x300.jpg\" alt=\"\" width=\"233\" height=\"300\" srcset=\"https:\/\/portal.uern.br\/paudosferros\/cienciaseconomicas\/wp-content\/uploads\/sites\/4\/2025\/01\/vv-233x300.jpg 233w, https:\/\/portal.uern.br\/paudosferros\/cienciaseconomicas\/wp-content\/uploads\/sites\/4\/2025\/01\/vv.jpg 598w\" sizes=\"(max-width: 233px) 100vw, 233px\" \/><\/p>\n<p style=\"text-align: center\"><strong>Viviane Kalyne Queiroz de Lima<\/strong><\/p>\n<p style=\"text-align: center\">Diretora Presidente e Diretora Financeira<\/p>\n<\/td>\n<td style=\"width: 32.9255%\"><img decoding=\"async\" class=\"aligncenter wp-image-1605 \" src=\"https:\/\/portal.uern.br\/paudosferros\/cienciaseconomicas\/wp-content\/uploads\/sites\/4\/2025\/01\/va-e1736858331249.png\" alt=\"\" width=\"231\" height=\"297\" \/><\/p>\n<p style=\"text-align: center\" align=\"left\"><strong>Vanessa Bazilio Feitosa<\/strong><\/p>\n<p style=\"text-align: center\" align=\"left\">Diretora Vice-presidente<\/p>\n<\/td>\n<td style=\"width: 32.9255%\"><img decoding=\"async\" class=\"wp-image-1606 size-full aligncenter\" src=\"https:\/\/portal.uern.br\/paudosferros\/cienciaseconomicas\/wp-content\/uploads\/sites\/4\/2025\/01\/leu-e1736858563304.png\" alt=\"\" width=\"233\" height=\"300\" \/><\/p>\n<p style=\"text-align: center\" align=\"left\"><strong>Leusangenys Melquiades Di\u00f3genes<\/strong><\/p>\n<p style=\"text-align: center\">Diretor de Projetos<\/p>\n<\/td>\n<\/tr>\n<tr>\n<td style=\"width: 32.9255%\"><img loading=\"lazy\" decoding=\"async\" class=\"aligncenter wp-image-1607 size-full\" src=\"https:\/\/portal.uern.br\/paudosferros\/cienciaseconomicas\/wp-content\/uploads\/sites\/4\/2025\/01\/cla-e1736860239366.png\" alt=\"\" width=\"233\" height=\"300\" \/><\/p>\n<p style=\"text-align: center\" align=\"left\"><strong>Claudenilza da Silva Fernandes<\/strong><\/p>\n<p style=\"text-align: center\" align=\"left\">Diretora de Customer Experience<\/p>\n<\/td>\n<td style=\"width: 32.9255%\">\n<p style=\"text-align: center\" align=\"left\"><img loading=\"lazy\" decoding=\"async\" class=\"alignnone wp-image-1609 size-full\" src=\"https:\/\/portal.uern.br\/paudosferros\/cienciaseconomicas\/wp-content\/uploads\/sites\/4\/2025\/01\/mar-e1736861678498.png\" alt=\"\" width=\"233\" height=\"300\" \/><\/p>\n<p style=\"text-align: center\" align=\"left\"><strong>Marianne da Costa Porfirio<\/strong><\/p>\n<p style=\"text-align: center\" align=\"left\">Diretora de Recursos Humanos<\/p>\n<\/td>\n<td style=\"width: 32.9255%\">\n<p style=\"text-align: center\" align=\"left\"><img loading=\"lazy\" decoding=\"async\" class=\"alignnone wp-image-1608 size-full\" src=\"https:\/\/portal.uern.br\/paudosferros\/cienciaseconomicas\/wp-content\/uploads\/sites\/4\/2025\/01\/mac-e1736859509844.png\" alt=\"\" width=\"233\" height=\"299\" \/><\/p>\n<p style=\"text-align: center\" align=\"left\"><strong>Jos\u00e9 Macson do Nascimento Souza<\/strong><\/p>\n<p style=\"text-align: center\">Diretor de Marketing<\/p>\n<\/td>\n<\/tr>\n<\/tbody>\n<\/table>\n<p>&nbsp;<\/p>\n<p>&nbsp;<\/p>\n<p>&nbsp;<\/p>\n<p style=\"text-align: center\"><strong>Momentos<\/strong><\/p>\n<p style=\"text-align: center\"><img loading=\"lazy\" decoding=\"async\" class=\"alignnone wp-image-1393 size-full aligncenter\" src=\"https:\/\/portal.uern.br\/paudosferros\/cienciaseconomicas\/wp-content\/uploads\/sites\/4\/2025\/01\/1-e1736857116425.jpg\" alt=\"\" width=\"800\" height=\"800\" \/> <img loading=\"lazy\" decoding=\"async\" class=\"alignnone wp-image-1394 size-full\" src=\"https:\/\/portal.uern.br\/paudosferros\/cienciaseconomicas\/wp-content\/uploads\/sites\/4\/2025\/01\/2-e1736857954952.jpg\" alt=\"\" width=\"800\" height=\"800\" \/> <img loading=\"lazy\" decoding=\"async\" class=\"alignnone wp-image-1395 size-large\" src=\"https:\/\/portal.uern.br\/paudosferros\/cienciaseconomicas\/wp-content\/uploads\/sites\/4\/2025\/01\/3-1024x1024.jpg\" alt=\"\" width=\"800\" height=\"800\" srcset=\"https:\/\/portal.uern.br\/paudosferros\/cienciaseconomicas\/wp-content\/uploads\/sites\/4\/2025\/01\/3-1024x1024.jpg 1024w, https:\/\/portal.uern.br\/paudosferros\/cienciaseconomicas\/wp-content\/uploads\/sites\/4\/2025\/01\/3-300x300.jpg 300w, https:\/\/portal.uern.br\/paudosferros\/cienciaseconomicas\/wp-content\/uploads\/sites\/4\/2025\/01\/3-150x150.jpg 150w, https:\/\/portal.uern.br\/paudosferros\/cienciaseconomicas\/wp-content\/uploads\/sites\/4\/2025\/01\/3-768x768.jpg 768w, https:\/\/portal.uern.br\/paudosferros\/cienciaseconomicas\/wp-content\/uploads\/sites\/4\/2025\/01\/3.jpg 1080w\" sizes=\"(max-width: 800px) 100vw, 800px\" \/> <img loading=\"lazy\" decoding=\"async\" class=\"alignnone wp-image-1396 size-large\" src=\"https:\/\/portal.uern.br\/paudosferros\/cienciaseconomicas\/wp-content\/uploads\/sites\/4\/2025\/01\/4-1024x1024.jpg\" alt=\"\" width=\"800\" height=\"800\" srcset=\"https:\/\/portal.uern.br\/paudosferros\/cienciaseconomicas\/wp-content\/uploads\/sites\/4\/2025\/01\/4-1024x1024.jpg 1024w, https:\/\/portal.uern.br\/paudosferros\/cienciaseconomicas\/wp-content\/uploads\/sites\/4\/2025\/01\/4-300x300.jpg 300w, https:\/\/portal.uern.br\/paudosferros\/cienciaseconomicas\/wp-content\/uploads\/sites\/4\/2025\/01\/4-150x150.jpg 150w, https:\/\/portal.uern.br\/paudosferros\/cienciaseconomicas\/wp-content\/uploads\/sites\/4\/2025\/01\/4-768x768.jpg 768w, https:\/\/portal.uern.br\/paudosferros\/cienciaseconomicas\/wp-content\/uploads\/sites\/4\/2025\/01\/4.jpg 1080w\" sizes=\"(max-width: 800px) 100vw, 800px\" \/><\/p>\n<table style=\"border-collapse: collapse;width: 100%\">\n<tbody>\n<tr>\n<td style=\"width: 50%\"><img loading=\"lazy\" decoding=\"async\" class=\"alignnone wp-image-1397 size-full aligncenter\" src=\"https:\/\/portal.uern.br\/paudosferros\/cienciaseconomicas\/wp-content\/uploads\/sites\/4\/2025\/01\/20240403_205425-scaled-e1736858043587.jpg\" alt=\"\" width=\"400\" height=\"300\" \/><\/td>\n<td style=\"width: 50%\"><img loading=\"lazy\" decoding=\"async\" class=\"alignnone wp-image-1398 size-full aligncenter\" src=\"https:\/\/portal.uern.br\/paudosferros\/cienciaseconomicas\/wp-content\/uploads\/sites\/4\/2025\/01\/20240508_203745-scaled-e1736858141789.jpg\" alt=\"\" width=\"400\" height=\"300\" \/><\/td>\n<\/tr>\n<tr>\n<td style=\"width: 50%\"><img loading=\"lazy\" decoding=\"async\" class=\"alignnone wp-image-1399 aligncenter\" src=\"https:\/\/portal.uern.br\/paudosferros\/cienciaseconomicas\/wp-content\/uploads\/sites\/4\/2025\/01\/20240508_203752-300x225.jpg\" alt=\"\" width=\"400\" height=\"300\" srcset=\"https:\/\/portal.uern.br\/paudosferros\/cienciaseconomicas\/wp-content\/uploads\/sites\/4\/2025\/01\/20240508_203752-300x225.jpg 300w, https:\/\/portal.uern.br\/paudosferros\/cienciaseconomicas\/wp-content\/uploads\/sites\/4\/2025\/01\/20240508_203752-1024x768.jpg 1024w, https:\/\/portal.uern.br\/paudosferros\/cienciaseconomicas\/wp-content\/uploads\/sites\/4\/2025\/01\/20240508_203752-768x576.jpg 768w, https:\/\/portal.uern.br\/paudosferros\/cienciaseconomicas\/wp-content\/uploads\/sites\/4\/2025\/01\/20240508_203752-1536x1152.jpg 1536w, https:\/\/portal.uern.br\/paudosferros\/cienciaseconomicas\/wp-content\/uploads\/sites\/4\/2025\/01\/20240508_203752-2048x1536.jpg 2048w\" sizes=\"(max-width: 400px) 100vw, 400px\" \/><\/td>\n<td style=\"width: 50%\"><img loading=\"lazy\" decoding=\"async\" class=\"alignnone wp-image-1400 aligncenter\" src=\"https:\/\/portal.uern.br\/paudosferros\/cienciaseconomicas\/wp-content\/uploads\/sites\/4\/2025\/01\/20240508_205043-300x225.jpg\" alt=\"\" width=\"400\" height=\"300\" srcset=\"https:\/\/portal.uern.br\/paudosferros\/cienciaseconomicas\/wp-content\/uploads\/sites\/4\/2025\/01\/20240508_205043-300x225.jpg 300w, https:\/\/portal.uern.br\/paudosferros\/cienciaseconomicas\/wp-content\/uploads\/sites\/4\/2025\/01\/20240508_205043-1024x768.jpg 1024w, https:\/\/portal.uern.br\/paudosferros\/cienciaseconomicas\/wp-content\/uploads\/sites\/4\/2025\/01\/20240508_205043-768x576.jpg 768w, https:\/\/portal.uern.br\/paudosferros\/cienciaseconomicas\/wp-content\/uploads\/sites\/4\/2025\/01\/20240508_205043-1536x1152.jpg 1536w, https:\/\/portal.uern.br\/paudosferros\/cienciaseconomicas\/wp-content\/uploads\/sites\/4\/2025\/01\/20240508_205043-2048x1536.jpg 2048w\" sizes=\"(max-width: 400px) 100vw, 400px\" \/><\/td>\n<\/tr>\n<tr>\n<td style=\"width: 50%\"><img loading=\"lazy\" decoding=\"async\" class=\"alignnone wp-image-1402 aligncenter\" src=\"https:\/\/portal.uern.br\/paudosferros\/cienciaseconomicas\/wp-content\/uploads\/sites\/4\/2025\/01\/IMG-20230823-WA0009-300x225.jpg\" alt=\"\" width=\"400\" height=\"300\" srcset=\"https:\/\/portal.uern.br\/paudosferros\/cienciaseconomicas\/wp-content\/uploads\/sites\/4\/2025\/01\/IMG-20230823-WA0009-300x225.jpg 300w, https:\/\/portal.uern.br\/paudosferros\/cienciaseconomicas\/wp-content\/uploads\/sites\/4\/2025\/01\/IMG-20230823-WA0009-1024x768.jpg 1024w, https:\/\/portal.uern.br\/paudosferros\/cienciaseconomicas\/wp-content\/uploads\/sites\/4\/2025\/01\/IMG-20230823-WA0009-768x576.jpg 768w, https:\/\/portal.uern.br\/paudosferros\/cienciaseconomicas\/wp-content\/uploads\/sites\/4\/2025\/01\/IMG-20230823-WA0009.jpg 1280w\" sizes=\"(max-width: 400px) 100vw, 400px\" \/><\/td>\n<td style=\"width: 50%\"><img loading=\"lazy\" decoding=\"async\" class=\"alignnone wp-image-1401 aligncenter\" src=\"https:\/\/portal.uern.br\/paudosferros\/cienciaseconomicas\/wp-content\/uploads\/sites\/4\/2025\/01\/Empresa-Junior-de-Economia-300x225.jpg\" alt=\"\" width=\"400\" height=\"300\" srcset=\"https:\/\/portal.uern.br\/paudosferros\/cienciaseconomicas\/wp-content\/uploads\/sites\/4\/2025\/01\/Empresa-Junior-de-Economia-300x225.jpg 300w, https:\/\/portal.uern.br\/paudosferros\/cienciaseconomicas\/wp-content\/uploads\/sites\/4\/2025\/01\/Empresa-Junior-de-Economia-1024x768.jpg 1024w, https:\/\/portal.uern.br\/paudosferros\/cienciaseconomicas\/wp-content\/uploads\/sites\/4\/2025\/01\/Empresa-Junior-de-Economia-768x576.jpg 768w, https:\/\/portal.uern.br\/paudosferros\/cienciaseconomicas\/wp-content\/uploads\/sites\/4\/2025\/01\/Empresa-Junior-de-Economia-1536x1152.jpg 1536w, https:\/\/portal.uern.br\/paudosferros\/cienciaseconomicas\/wp-content\/uploads\/sites\/4\/2025\/01\/Empresa-Junior-de-Economia.jpg 1600w\" sizes=\"(max-width: 400px) 100vw, 400px\" \/><\/td>\n<\/tr>\n<\/tbody>\n<\/table>\n<p style=\"text-align: center\">\n","protected":false},"excerpt":{"rendered":"<p>Miss\u00e3o da Empresa J\u00fanior A E-Capital tem como miss\u00e3o transformar o futuro dos estudantes de ci\u00eancias econ\u00f4micas e impactar positivamente no desenvolvimento e crescimento econ\u00f4mico regional por meio da presta\u00e7\u00e3o de servi\u00e7os de alta qualidade \u00e0s empresas, al\u00e9m de proporcionar experi\u00eancias pr\u00e1ticas que moldam a forma\u00e7\u00e3o de seus membros. Acreditamos no poder da educa\u00e7\u00e3o e [&hellip;]<\/p>\n","protected":false},"author":13,"featured_media":0,"parent":0,"menu_order":0,"comment_status":"closed","ping_status":"closed","template":"","meta":{"footnotes":""},"class_list":["post-1278","page","type-page","status-publish","hentry"],"_links":{"self":[{"href":"https:\/\/portal.uern.br\/paudosferros\/cienciaseconomicas\/wp-json\/wp\/v2\/pages\/1278","targetHints":{"allow":["GET"]}}],"collection":[{"href":"https:\/\/portal.uern.br\/paudosferros\/cienciaseconomicas\/wp-json\/wp\/v2\/pages"}],"about":[{"href":"https:\/\/portal.uern.br\/paudosferros\/cienciaseconomicas\/wp-json\/wp\/v2\/types\/page"}],"author":[{"embeddable":true,"href":"https:\/\/portal.uern.br\/paudosferros\/cienciaseconomicas\/wp-json\/wp\/v2\/users\/13"}],"replies":[{"embeddable":true,"href":"https:\/\/portal.uern.br\/paudosferros\/cienciaseconomicas\/wp-json\/wp\/v2\/comments?post=1278"}],"version-history":[{"count":20,"href":"https:\/\/portal.uern.br\/paudosferros\/cienciaseconomicas\/wp-json\/wp\/v2\/pages\/1278\/revisions"}],"predecessor-version":[{"id":2366,"href":"https:\/\/portal.uern.br\/paudosferros\/cienciaseconomicas\/wp-json\/wp\/v2\/pages\/1278\/revisions\/2366"}],"wp:attachment":[{"href":"https:\/\/portal.uern.br\/paudosferros\/cienciaseconomicas\/wp-json\/wp\/v2\/media?parent=1278"}],"curies":[{"name":"wp","href":"https:\/\/api.w.org\/{rel}","templated":true}]}}