{"id":1265,"date":"2025-01-02T11:43:24","date_gmt":"2025-01-02T14:43:24","guid":{"rendered":"https:\/\/portal.uern.br\/paudosferros\/cienciaseconomicas\/?page_id=1265"},"modified":"2025-01-29T12:44:14","modified_gmt":"2025-01-29T15:44:14","slug":"projetos-de-ensino","status":"publish","type":"page","link":"https:\/\/portal.uern.br\/paudosferros\/cienciaseconomicas\/projetos-de-ensino\/","title":{"rendered":"Projetos de Ensino de Gradua\u00e7\u00e3o (PEGs)"},"content":{"rendered":"<h4><strong>2024<\/strong><\/h4>\n<table style=\"border-collapse: collapse;width: 100%\">\n<tbody>\n<tr>\n<td style=\"width: 100%\"><span style=\"text-decoration: underline\">Descomplicando o TCC: O Potencial dos Mapas Mentais na Estrutura\u00e7\u00e3o de Trabalhos Acad\u00eamicos (2024.2)<\/span><\/p>\n<p>Coord.: Profa. Dra. Francicl\u00e9zia de Sousa Barreto Silva<\/p>\n<p><img fetchpriority=\"high\" decoding=\"async\" class=\"alignnone wp-image-1949\" src=\"https:\/\/portal.uern.br\/paudosferros\/cienciaseconomicas\/wp-content\/uploads\/sites\/4\/2025\/01\/WhatsApp-Image-2025-01-29-at-12.02.44.jpeg\" alt=\"\" width=\"533\" height=\"300\" srcset=\"https:\/\/portal.uern.br\/paudosferros\/cienciaseconomicas\/wp-content\/uploads\/sites\/4\/2025\/01\/WhatsApp-Image-2025-01-29-at-12.02.44.jpeg 1600w, https:\/\/portal.uern.br\/paudosferros\/cienciaseconomicas\/wp-content\/uploads\/sites\/4\/2025\/01\/WhatsApp-Image-2025-01-29-at-12.02.44-300x169.jpeg 300w, https:\/\/portal.uern.br\/paudosferros\/cienciaseconomicas\/wp-content\/uploads\/sites\/4\/2025\/01\/WhatsApp-Image-2025-01-29-at-12.02.44-1024x576.jpeg 1024w, https:\/\/portal.uern.br\/paudosferros\/cienciaseconomicas\/wp-content\/uploads\/sites\/4\/2025\/01\/WhatsApp-Image-2025-01-29-at-12.02.44-768x432.jpeg 768w, https:\/\/portal.uern.br\/paudosferros\/cienciaseconomicas\/wp-content\/uploads\/sites\/4\/2025\/01\/WhatsApp-Image-2025-01-29-at-12.02.44-1536x864.jpeg 1536w\" sizes=\"(max-width: 533px) 100vw, 533px\" \/> <img decoding=\"async\" class=\"alignnone wp-image-1950\" src=\"https:\/\/portal.uern.br\/paudosferros\/cienciaseconomicas\/wp-content\/uploads\/sites\/4\/2025\/01\/WhatsApp-Image-2025-01-29-at-12.01.50.jpeg\" alt=\"\" width=\"533\" height=\"400\" srcset=\"https:\/\/portal.uern.br\/paudosferros\/cienciaseconomicas\/wp-content\/uploads\/sites\/4\/2025\/01\/WhatsApp-Image-2025-01-29-at-12.01.50.jpeg 1333w, https:\/\/portal.uern.br\/paudosferros\/cienciaseconomicas\/wp-content\/uploads\/sites\/4\/2025\/01\/WhatsApp-Image-2025-01-29-at-12.01.50-300x225.jpeg 300w, https:\/\/portal.uern.br\/paudosferros\/cienciaseconomicas\/wp-content\/uploads\/sites\/4\/2025\/01\/WhatsApp-Image-2025-01-29-at-12.01.50-1024x768.jpeg 1024w, https:\/\/portal.uern.br\/paudosferros\/cienciaseconomicas\/wp-content\/uploads\/sites\/4\/2025\/01\/WhatsApp-Image-2025-01-29-at-12.01.50-768x576.jpeg 768w\" sizes=\"(max-width: 533px) 100vw, 533px\" \/> <img decoding=\"async\" class=\"alignnone wp-image-1951\" src=\"https:\/\/portal.uern.br\/paudosferros\/cienciaseconomicas\/wp-content\/uploads\/sites\/4\/2025\/01\/WhatsApp-Image-2025-01-29-at-12.01.49.jpeg\" alt=\"\" width=\"533\" height=\"400\" srcset=\"https:\/\/portal.uern.br\/paudosferros\/cienciaseconomicas\/wp-content\/uploads\/sites\/4\/2025\/01\/WhatsApp-Image-2025-01-29-at-12.01.49.jpeg 1333w, https:\/\/portal.uern.br\/paudosferros\/cienciaseconomicas\/wp-content\/uploads\/sites\/4\/2025\/01\/WhatsApp-Image-2025-01-29-at-12.01.49-300x225.jpeg 300w, https:\/\/portal.uern.br\/paudosferros\/cienciaseconomicas\/wp-content\/uploads\/sites\/4\/2025\/01\/WhatsApp-Image-2025-01-29-at-12.01.49-1024x768.jpeg 1024w, https:\/\/portal.uern.br\/paudosferros\/cienciaseconomicas\/wp-content\/uploads\/sites\/4\/2025\/01\/WhatsApp-Image-2025-01-29-at-12.01.49-768x576.jpeg 768w\" sizes=\"(max-width: 533px) 100vw, 533px\" \/><\/td>\n<\/tr>\n<\/tbody>\n<\/table>\n<table style=\"border-collapse: collapse;width: 100%\">\n<tbody>\n<tr>\n<td style=\"width: 100%\"><span style=\"text-decoration: underline\">C\u00e1lculo I com Python: a uni\u00e3o que d\u00e1 certo! (2024.2)<\/span><\/p>\n<p>Coord.: Prof. Dr. Thiago Geovane Pereira Gomes<\/td>\n<\/tr>\n<\/tbody>\n<\/table>\n<table style=\"border-collapse: collapse;width: 100%\">\n<tbody>\n<tr>\n<td style=\"width: 100%\"><span style=\"text-decoration: underline\">Oficinas do software R: uma introdu\u00e7\u00e3o ao mundo da Ci\u00eancia de Dados (2024.1)<\/span><\/p>\n<p>Coord.: Prof. Dr. Thiago Geovane Pereira Gomes<\/td>\n<\/tr>\n<\/tbody>\n<\/table>\n<table style=\"border-collapse: collapse;width: 100%;height: 48px\">\n<tbody>\n<tr style=\"height: 48px\">\n<td style=\"width: 100%;height: 48px\"><span style=\"text-decoration: underline\">Processo de produ\u00e7\u00e3o de material did\u00e1tico para a disciplina de Pol\u00edtica e Planejamento Econ\u00f4mico (PPE): Uma estrat\u00e9gia para a melhoria do desempenho acad\u00eamico dos\/das discentes do DEC\/CAPF (2024.1)<\/span><\/p>\n<p>Coord.: Prof. Me. Boanerges de Freitas Barreto Filho<\/td>\n<\/tr>\n<\/tbody>\n<\/table>\n<h4><strong>2023<\/strong><\/h4>\n<table style=\"border-collapse: collapse;width: 100%\">\n<tbody>\n<tr>\n<td style=\"width: 100%\"><span style=\"text-decoration: underline\">Coleta e an\u00e1lise de dados para elabora\u00e7\u00e3o de Monografia (2023.2)<\/span><\/p>\n<p>Coord.: Prof. Dr. Ronie Cleber de Souza<\/td>\n<\/tr>\n<\/tbody>\n<\/table>\n<table style=\"border-collapse: collapse;width: 100%\">\n<tbody>\n<tr>\n<td style=\"width: 100%\"><span style=\"text-decoration: underline\">Processo de produ\u00e7\u00e3o de material did\u00e1tico para a disciplina de Hist\u00f3ria Econ\u00f4mica Geral (HEG): Uma estrat\u00e9gia para a melhoria do desempenho acad\u00eamico dos\/das discentes do DEC\/CAPF (2023.2)<\/span><\/p>\n<p>Coord.: Prof. Me. Boanerges de Freitas Barreto Filho<\/td>\n<\/tr>\n<\/tbody>\n<\/table>\n<table style=\"border-collapse: collapse;width: 100%\">\n<tbody>\n<tr>\n<td style=\"width: 100%\"><span style=\"text-decoration: underline\">Desmistificando a Estat\u00edstica Descritiva: uso de uma abordagem aplicada em laborat\u00f3rio (2023.2)<\/span><\/p>\n<p>Coord.: Prof. Dr. Thiago Geovane Pereira Gomes<\/td>\n<\/tr>\n<\/tbody>\n<\/table>\n<table style=\"border-collapse: collapse;width: 100%\">\n<tbody>\n<tr>\n<td style=\"width: 100%\"><span style=\"text-decoration: underline\">T\u00e9cnicas de Estudo: O uso de Mapas Mentais na aprendizagem da disciplina FEB II (2023.2)<\/span><\/p>\n<p>Coord.: Profa. Dra. Francicl\u00e9zia de Sousa Barreto Silva<\/p>\n<p><img loading=\"lazy\" decoding=\"async\" class=\"alignnone wp-image-1945\" src=\"https:\/\/portal.uern.br\/paudosferros\/cienciaseconomicas\/wp-content\/uploads\/sites\/4\/2025\/01\/WhatsApp-Image-2025-01-29-at-11.52.43.jpeg\" alt=\"\" width=\"650\" height=\"300\" srcset=\"https:\/\/portal.uern.br\/paudosferros\/cienciaseconomicas\/wp-content\/uploads\/sites\/4\/2025\/01\/WhatsApp-Image-2025-01-29-at-11.52.43.jpeg 1280w, https:\/\/portal.uern.br\/paudosferros\/cienciaseconomicas\/wp-content\/uploads\/sites\/4\/2025\/01\/WhatsApp-Image-2025-01-29-at-11.52.43-300x139.jpeg 300w, https:\/\/portal.uern.br\/paudosferros\/cienciaseconomicas\/wp-content\/uploads\/sites\/4\/2025\/01\/WhatsApp-Image-2025-01-29-at-11.52.43-1024x473.jpeg 1024w, https:\/\/portal.uern.br\/paudosferros\/cienciaseconomicas\/wp-content\/uploads\/sites\/4\/2025\/01\/WhatsApp-Image-2025-01-29-at-11.52.43-768x355.jpeg 768w\" sizes=\"(max-width: 650px) 100vw, 650px\" \/> <img loading=\"lazy\" decoding=\"async\" class=\"alignnone wp-image-1946\" src=\"https:\/\/portal.uern.br\/paudosferros\/cienciaseconomicas\/wp-content\/uploads\/sites\/4\/2025\/01\/WhatsApp-Image-2025-01-29-at-11.51.24.jpeg\" alt=\"\" width=\"650\" height=\"300\" srcset=\"https:\/\/portal.uern.br\/paudosferros\/cienciaseconomicas\/wp-content\/uploads\/sites\/4\/2025\/01\/WhatsApp-Image-2025-01-29-at-11.51.24.jpeg 1280w, https:\/\/portal.uern.br\/paudosferros\/cienciaseconomicas\/wp-content\/uploads\/sites\/4\/2025\/01\/WhatsApp-Image-2025-01-29-at-11.51.24-300x139.jpeg 300w, https:\/\/portal.uern.br\/paudosferros\/cienciaseconomicas\/wp-content\/uploads\/sites\/4\/2025\/01\/WhatsApp-Image-2025-01-29-at-11.51.24-1024x473.jpeg 1024w, https:\/\/portal.uern.br\/paudosferros\/cienciaseconomicas\/wp-content\/uploads\/sites\/4\/2025\/01\/WhatsApp-Image-2025-01-29-at-11.51.24-768x355.jpeg 768w\" sizes=\"(max-width: 650px) 100vw, 650px\" \/> <img loading=\"lazy\" decoding=\"async\" class=\"alignnone wp-image-1947\" src=\"https:\/\/portal.uern.br\/paudosferros\/cienciaseconomicas\/wp-content\/uploads\/sites\/4\/2025\/01\/WhatsApp-Image-2025-01-29-at-11.50.36.jpeg\" alt=\"\" width=\"650\" height=\"300\" srcset=\"https:\/\/portal.uern.br\/paudosferros\/cienciaseconomicas\/wp-content\/uploads\/sites\/4\/2025\/01\/WhatsApp-Image-2025-01-29-at-11.50.36.jpeg 1280w, https:\/\/portal.uern.br\/paudosferros\/cienciaseconomicas\/wp-content\/uploads\/sites\/4\/2025\/01\/WhatsApp-Image-2025-01-29-at-11.50.36-300x139.jpeg 300w, https:\/\/portal.uern.br\/paudosferros\/cienciaseconomicas\/wp-content\/uploads\/sites\/4\/2025\/01\/WhatsApp-Image-2025-01-29-at-11.50.36-1024x473.jpeg 1024w, https:\/\/portal.uern.br\/paudosferros\/cienciaseconomicas\/wp-content\/uploads\/sites\/4\/2025\/01\/WhatsApp-Image-2025-01-29-at-11.50.36-768x355.jpeg 768w\" sizes=\"(max-width: 650px) 100vw, 650px\" \/><\/td>\n<\/tr>\n<\/tbody>\n<\/table>\n<table style=\"border-collapse: collapse;width: 100%\">\n<tbody>\n<tr>\n<td style=\"width: 100%\"><span style=\"text-decoration: underline\">Processo de Produ\u00e7\u00e3o de Material Did\u00e1tico e Refor\u00e7o Escolar para a Disciplina de Forma\u00e7\u00e3o do Capitalismo Contempor\u00e2neo (FCC): uma estrat\u00e9gia para a melhoria do desempenho acad\u00eamico dos\/das discentes do DEC\/CAPF (2023.1)<\/span><\/p>\n<p>Coord.: Prof. Me. Boanerges De Freitas Barreto Filho<\/td>\n<\/tr>\n<\/tbody>\n<\/table>\n<table style=\"border-collapse: collapse;width: 100%\">\n<tbody>\n<tr>\n<td style=\"width: 100%\"><span style=\"text-decoration: underline\">Bem-vindo ao mundo da estat\u00edstica: uso de uma abordagem te\u00f3rica e pr\u00e1tica em laborat\u00f3rio (2023.1)<\/span><\/p>\n<p>Coord.: Prof. Dr. Thiago Geovane Pereira Gomes<\/td>\n<\/tr>\n<\/tbody>\n<\/table>\n<table style=\"border-collapse: collapse;width: 100%\">\n<tbody>\n<tr>\n<td style=\"width: 100%\"><span style=\"text-decoration: underline\">Elabora\u00e7\u00e3o de materiais de apoio e banco de quest\u00f5es te\u00f3ricas e aplicadas para o ensino de m\u00e9todos quantitativos aplicados \u00e0 economia: disciplinas de matem\u00e1tica b\u00e1sica, c\u00e1lculo da fun\u00e7\u00e3o de uma vari\u00e1vel e economia matem\u00e1tica (2023.1)<\/span><\/p>\n<p>Coord.: Prof. Dr. Rodolfo Herald Da Costa Campos<\/td>\n<\/tr>\n<\/tbody>\n<\/table>\n<table style=\"border-collapse: collapse;width: 100%\">\n<tbody>\n<tr>\n<td style=\"width: 100%\"><span style=\"text-decoration: underline\">Foco e reflex\u00e3o em sala de aula: o uso de mapas mentais como potenciais facilitadores da aprendizagem em Economia Pol\u00edtica I (2023.1)<\/span><\/p>\n<p>Coord.: Profa. Dra. Francicl\u00e9zia de Sousa Barreto Silva<\/p>\n<p><img loading=\"lazy\" decoding=\"async\" class=\"alignnone wp-image-1941\" src=\"https:\/\/portal.uern.br\/paudosferros\/cienciaseconomicas\/wp-content\/uploads\/sites\/4\/2025\/01\/WhatsApp-Image-2025-01-29-at-11.48.33.jpeg\" alt=\"\" width=\"525\" height=\"310\" srcset=\"https:\/\/portal.uern.br\/paudosferros\/cienciaseconomicas\/wp-content\/uploads\/sites\/4\/2025\/01\/WhatsApp-Image-2025-01-29-at-11.48.33.jpeg 1280w, https:\/\/portal.uern.br\/paudosferros\/cienciaseconomicas\/wp-content\/uploads\/sites\/4\/2025\/01\/WhatsApp-Image-2025-01-29-at-11.48.33-300x177.jpeg 300w, https:\/\/portal.uern.br\/paudosferros\/cienciaseconomicas\/wp-content\/uploads\/sites\/4\/2025\/01\/WhatsApp-Image-2025-01-29-at-11.48.33-1024x606.jpeg 1024w, https:\/\/portal.uern.br\/paudosferros\/cienciaseconomicas\/wp-content\/uploads\/sites\/4\/2025\/01\/WhatsApp-Image-2025-01-29-at-11.48.33-768x454.jpeg 768w\" sizes=\"(max-width: 525px) 100vw, 525px\" \/> <img loading=\"lazy\" decoding=\"async\" class=\"alignnone wp-image-1942\" src=\"https:\/\/portal.uern.br\/paudosferros\/cienciaseconomicas\/wp-content\/uploads\/sites\/4\/2025\/01\/WhatsApp-Image-2025-01-29-at-11.47.15.jpeg\" alt=\"\" width=\"525\" height=\"394\" srcset=\"https:\/\/portal.uern.br\/paudosferros\/cienciaseconomicas\/wp-content\/uploads\/sites\/4\/2025\/01\/WhatsApp-Image-2025-01-29-at-11.47.15.jpeg 1280w, https:\/\/portal.uern.br\/paudosferros\/cienciaseconomicas\/wp-content\/uploads\/sites\/4\/2025\/01\/WhatsApp-Image-2025-01-29-at-11.47.15-300x225.jpeg 300w, https:\/\/portal.uern.br\/paudosferros\/cienciaseconomicas\/wp-content\/uploads\/sites\/4\/2025\/01\/WhatsApp-Image-2025-01-29-at-11.47.15-1024x768.jpeg 1024w, https:\/\/portal.uern.br\/paudosferros\/cienciaseconomicas\/wp-content\/uploads\/sites\/4\/2025\/01\/WhatsApp-Image-2025-01-29-at-11.47.15-768x576.jpeg 768w\" sizes=\"(max-width: 525px) 100vw, 525px\" \/> <img loading=\"lazy\" decoding=\"async\" class=\"alignnone wp-image-1943\" src=\"https:\/\/portal.uern.br\/paudosferros\/cienciaseconomicas\/wp-content\/uploads\/sites\/4\/2025\/01\/20230529_191815-scaled.jpg\" alt=\"\" width=\"525\" height=\"394\" srcset=\"https:\/\/portal.uern.br\/paudosferros\/cienciaseconomicas\/wp-content\/uploads\/sites\/4\/2025\/01\/20230529_191815-scaled.jpg 2560w, https:\/\/portal.uern.br\/paudosferros\/cienciaseconomicas\/wp-content\/uploads\/sites\/4\/2025\/01\/20230529_191815-300x225.jpg 300w, https:\/\/portal.uern.br\/paudosferros\/cienciaseconomicas\/wp-content\/uploads\/sites\/4\/2025\/01\/20230529_191815-1024x768.jpg 1024w, https:\/\/portal.uern.br\/paudosferros\/cienciaseconomicas\/wp-content\/uploads\/sites\/4\/2025\/01\/20230529_191815-768x576.jpg 768w, https:\/\/portal.uern.br\/paudosferros\/cienciaseconomicas\/wp-content\/uploads\/sites\/4\/2025\/01\/20230529_191815-1536x1152.jpg 1536w, https:\/\/portal.uern.br\/paudosferros\/cienciaseconomicas\/wp-content\/uploads\/sites\/4\/2025\/01\/20230529_191815-2048x1536.jpg 2048w\" sizes=\"(max-width: 525px) 100vw, 525px\" \/> <img loading=\"lazy\" decoding=\"async\" class=\"alignnone wp-image-1944\" src=\"https:\/\/portal.uern.br\/paudosferros\/cienciaseconomicas\/wp-content\/uploads\/sites\/4\/2025\/01\/WhatsApp-Image-2025-01-29-at-11.46.03.jpeg\" alt=\"\" width=\"525\" height=\"394\" srcset=\"https:\/\/portal.uern.br\/paudosferros\/cienciaseconomicas\/wp-content\/uploads\/sites\/4\/2025\/01\/WhatsApp-Image-2025-01-29-at-11.46.03.jpeg 1280w, https:\/\/portal.uern.br\/paudosferros\/cienciaseconomicas\/wp-content\/uploads\/sites\/4\/2025\/01\/WhatsApp-Image-2025-01-29-at-11.46.03-300x225.jpeg 300w, https:\/\/portal.uern.br\/paudosferros\/cienciaseconomicas\/wp-content\/uploads\/sites\/4\/2025\/01\/WhatsApp-Image-2025-01-29-at-11.46.03-1024x768.jpeg 1024w, https:\/\/portal.uern.br\/paudosferros\/cienciaseconomicas\/wp-content\/uploads\/sites\/4\/2025\/01\/WhatsApp-Image-2025-01-29-at-11.46.03-768x576.jpeg 768w\" sizes=\"(max-width: 525px) 100vw, 525px\" \/><\/td>\n<\/tr>\n<\/tbody>\n<\/table>\n<h4><strong>2022<\/strong><\/h4>\n<table style=\"border-collapse: collapse;width: 100%\">\n<tbody>\n<tr>\n<td style=\"width: 100%\">\n<p style=\"text-align: left\"><span style=\"text-decoration: underline\">Economia no ENADE (2022.1)<\/span><\/p>\n<p style=\"text-align: left\">Coord.: Prof. Dr. Ronie Cleber de Souza<\/p>\n<\/td>\n<\/tr>\n<\/tbody>\n<\/table>\n<table style=\"border-collapse: collapse;width: 100%\">\n<tbody>\n<tr>\n<td style=\"width: 100%\">\n<p style=\"text-align: left\"><span style=\"text-decoration: underline\">Economia no ENADE (2022.2)<\/span><\/p>\n<p style=\"text-align: left\">Coord.: Prof. Dr. Ronie Cleber de Souza<\/p>\n<\/td>\n<\/tr>\n<\/tbody>\n<\/table>\n<table style=\"border-collapse: collapse;width: 100%\">\n<tbody>\n<tr>\n<td style=\"width: 100%\"><span style=\"text-decoration: underline\">Elabora\u00e7\u00e3o de material did\u00e1tico sobre Macroeconomia, Microeconomia e M\u00e9todos Quantitativos para a prepara\u00e7\u00e3o dos discentes do curso de Ci\u00eancias Econ\u00f4micas &#8211; CAPF para os exames ENADE e ANPEC<\/span><\/p>\n<p>Coord.: Prof. Dr. Thiago Geovane Pereira Gomes<\/td>\n<\/tr>\n<\/tbody>\n<\/table>\n<table style=\"border-collapse: collapse;width: 100%\">\n<tbody>\n<tr>\n<td style=\"width: 100%\"><span style=\"text-decoration: underline\">O uso de mapas mentais no processo de ensino-aprendizagem da disciplina de Forma\u00e7\u00e3o Econ\u00f4mica do Brasil II &#8211; DEC\/CAPF (2022.2)<\/span><\/p>\n<p>Coord.: Profa. Dra. Francicl\u00e9zia de Sousa Barreto Silva<\/p>\n<p><img loading=\"lazy\" decoding=\"async\" class=\"wp-image-1935 alignnone\" src=\"https:\/\/portal.uern.br\/paudosferros\/cienciaseconomicas\/wp-content\/uploads\/sites\/4\/2025\/01\/IMG-20230612-WA0124.jpg\" alt=\"\" width=\"525\" height=\"394\" srcset=\"https:\/\/portal.uern.br\/paudosferros\/cienciaseconomicas\/wp-content\/uploads\/sites\/4\/2025\/01\/IMG-20230612-WA0124.jpg 1599w, https:\/\/portal.uern.br\/paudosferros\/cienciaseconomicas\/wp-content\/uploads\/sites\/4\/2025\/01\/IMG-20230612-WA0124-300x225.jpg 300w, https:\/\/portal.uern.br\/paudosferros\/cienciaseconomicas\/wp-content\/uploads\/sites\/4\/2025\/01\/IMG-20230612-WA0124-1024x768.jpg 1024w, https:\/\/portal.uern.br\/paudosferros\/cienciaseconomicas\/wp-content\/uploads\/sites\/4\/2025\/01\/IMG-20230612-WA0124-768x576.jpg 768w, https:\/\/portal.uern.br\/paudosferros\/cienciaseconomicas\/wp-content\/uploads\/sites\/4\/2025\/01\/IMG-20230612-WA0124-1536x1153.jpg 1536w\" sizes=\"(max-width: 525px) 100vw, 525px\" \/><img loading=\"lazy\" decoding=\"async\" class=\"wp-image-1936 alignnone\" src=\"https:\/\/portal.uern.br\/paudosferros\/cienciaseconomicas\/wp-content\/uploads\/sites\/4\/2025\/01\/IMG-20221117-WA0058.jpg\" alt=\"\" width=\"525\" height=\"394\" srcset=\"https:\/\/portal.uern.br\/paudosferros\/cienciaseconomicas\/wp-content\/uploads\/sites\/4\/2025\/01\/IMG-20221117-WA0058.jpg 1600w, https:\/\/portal.uern.br\/paudosferros\/cienciaseconomicas\/wp-content\/uploads\/sites\/4\/2025\/01\/IMG-20221117-WA0058-300x225.jpg 300w, https:\/\/portal.uern.br\/paudosferros\/cienciaseconomicas\/wp-content\/uploads\/sites\/4\/2025\/01\/IMG-20221117-WA0058-1024x768.jpg 1024w, https:\/\/portal.uern.br\/paudosferros\/cienciaseconomicas\/wp-content\/uploads\/sites\/4\/2025\/01\/IMG-20221117-WA0058-768x576.jpg 768w, https:\/\/portal.uern.br\/paudosferros\/cienciaseconomicas\/wp-content\/uploads\/sites\/4\/2025\/01\/IMG-20221117-WA0058-1536x1152.jpg 1536w\" sizes=\"(max-width: 525px) 100vw, 525px\" \/><img loading=\"lazy\" decoding=\"async\" class=\"wp-image-1937 alignnone\" src=\"https:\/\/portal.uern.br\/paudosferros\/cienciaseconomicas\/wp-content\/uploads\/sites\/4\/2025\/01\/WhatsApp-Image-2022-12-02-at-09.01.03-1-1024x768.jpeg\" alt=\"\" width=\"525\" height=\"394\" srcset=\"https:\/\/portal.uern.br\/paudosferros\/cienciaseconomicas\/wp-content\/uploads\/sites\/4\/2025\/01\/WhatsApp-Image-2022-12-02-at-09.01.03-1-1024x768.jpeg 1024w, https:\/\/portal.uern.br\/paudosferros\/cienciaseconomicas\/wp-content\/uploads\/sites\/4\/2025\/01\/WhatsApp-Image-2022-12-02-at-09.01.03-1-300x225.jpeg 300w, https:\/\/portal.uern.br\/paudosferros\/cienciaseconomicas\/wp-content\/uploads\/sites\/4\/2025\/01\/WhatsApp-Image-2022-12-02-at-09.01.03-1-768x576.jpeg 768w, https:\/\/portal.uern.br\/paudosferros\/cienciaseconomicas\/wp-content\/uploads\/sites\/4\/2025\/01\/WhatsApp-Image-2022-12-02-at-09.01.03-1-1536x1152.jpeg 1536w, https:\/\/portal.uern.br\/paudosferros\/cienciaseconomicas\/wp-content\/uploads\/sites\/4\/2025\/01\/WhatsApp-Image-2022-12-02-at-09.01.03-1.jpeg 1600w\" sizes=\"(max-width: 525px) 100vw, 525px\" \/><img loading=\"lazy\" decoding=\"async\" class=\"alignnone wp-image-1939\" src=\"https:\/\/portal.uern.br\/paudosferros\/cienciaseconomicas\/wp-content\/uploads\/sites\/4\/2025\/01\/WhatsApp-Image-2025-01-29-at-11.44.46.jpeg\" alt=\"\" width=\"525\" height=\"394\" srcset=\"https:\/\/portal.uern.br\/paudosferros\/cienciaseconomicas\/wp-content\/uploads\/sites\/4\/2025\/01\/WhatsApp-Image-2025-01-29-at-11.44.46.jpeg 1280w, https:\/\/portal.uern.br\/paudosferros\/cienciaseconomicas\/wp-content\/uploads\/sites\/4\/2025\/01\/WhatsApp-Image-2025-01-29-at-11.44.46-300x225.jpeg 300w, https:\/\/portal.uern.br\/paudosferros\/cienciaseconomicas\/wp-content\/uploads\/sites\/4\/2025\/01\/WhatsApp-Image-2025-01-29-at-11.44.46-1024x768.jpeg 1024w, https:\/\/portal.uern.br\/paudosferros\/cienciaseconomicas\/wp-content\/uploads\/sites\/4\/2025\/01\/WhatsApp-Image-2025-01-29-at-11.44.46-768x576.jpeg 768w\" sizes=\"(max-width: 525px) 100vw, 525px\" \/><\/td>\n<\/tr>\n<\/tbody>\n<\/table>\n<h4><strong>2021<\/strong><\/h4>\n<table style=\"border-collapse: collapse;width: 100%\">\n<tbody>\n<tr>\n<td style=\"width: 100%\">\n<p style=\"text-align: left\"><span style=\"text-decoration: underline\">Economia no ENADE 2021<\/span><\/p>\n<p style=\"text-align: left\">Coord.: Prof. Dr. Ronie Cleber de Souza<\/p>\n<\/td>\n<\/tr>\n<\/tbody>\n<\/table>\n<p>&nbsp;<\/p>\n","protected":false},"excerpt":{"rendered":"<p>2024 Descomplicando o TCC: O Potencial dos Mapas Mentais na Estrutura\u00e7\u00e3o de Trabalhos Acad\u00eamicos (2024.2) Coord.: Profa. Dra. Francicl\u00e9zia de Sousa Barreto Silva C\u00e1lculo I com Python: a uni\u00e3o que d\u00e1 certo! (2024.2) Coord.: Prof. Dr. Thiago Geovane Pereira Gomes Oficinas do software R: uma introdu\u00e7\u00e3o ao mundo da Ci\u00eancia de Dados (2024.1) Coord.: Prof. [&hellip;]<\/p>\n","protected":false},"author":13,"featured_media":0,"parent":0,"menu_order":0,"comment_status":"closed","ping_status":"closed","template":"","meta":{"footnotes":""},"class_list":["post-1265","page","type-page","status-publish","hentry"],"_links":{"self":[{"href":"https:\/\/portal.uern.br\/paudosferros\/cienciaseconomicas\/wp-json\/wp\/v2\/pages\/1265","targetHints":{"allow":["GET"]}}],"collection":[{"href":"https:\/\/portal.uern.br\/paudosferros\/cienciaseconomicas\/wp-json\/wp\/v2\/pages"}],"about":[{"href":"https:\/\/portal.uern.br\/paudosferros\/cienciaseconomicas\/wp-json\/wp\/v2\/types\/page"}],"author":[{"embeddable":true,"href":"https:\/\/portal.uern.br\/paudosferros\/cienciaseconomicas\/wp-json\/wp\/v2\/users\/13"}],"replies":[{"embeddable":true,"href":"https:\/\/portal.uern.br\/paudosferros\/cienciaseconomicas\/wp-json\/wp\/v2\/comments?post=1265"}],"version-history":[{"count":14,"href":"https:\/\/portal.uern.br\/paudosferros\/cienciaseconomicas\/wp-json\/wp\/v2\/pages\/1265\/revisions"}],"predecessor-version":[{"id":1952,"href":"https:\/\/portal.uern.br\/paudosferros\/cienciaseconomicas\/wp-json\/wp\/v2\/pages\/1265\/revisions\/1952"}],"wp:attachment":[{"href":"https:\/\/portal.uern.br\/paudosferros\/cienciaseconomicas\/wp-json\/wp\/v2\/media?parent=1265"}],"curies":[{"name":"wp","href":"https:\/\/api.w.org\/{rel}","templated":true}]}}