{"id":675,"date":"2023-07-19T20:07:24","date_gmt":"2023-07-19T23:07:24","guid":{"rendered":"https:\/\/portal.uern.br\/paudosferros\/administracao\/?page_id=675"},"modified":"2023-07-19T20:07:24","modified_gmt":"2023-07-19T23:07:24","slug":"ano-2018","status":"publish","type":"page","link":"https:\/\/portal.uern.br\/paudosferros\/administracao\/ano-2018\/","title":{"rendered":"Ano 2018"},"content":{"rendered":"<table cellspacing=\"0\" cellpadding=\"4\">\n<colgroup>\n<col width=\"607\" \/>\n<col width=\"181\" \/>\n<col width=\"157\" \/><\/colgroup>\n<tbody>\n<tr>\n<td><strong>T\u00edtulo<\/strong><\/td>\n<td><strong>Autor(a)<\/strong><\/td>\n<td><strong>Orientador(a)<\/strong><\/td>\n<\/tr>\n<tr>\n<td><a href=\"https:\/\/www.uern.br\/controledepaginas\/2018-\/arquivos\/5021alex_jarson_belarmino.pdf\" target=\"_blank\" rel=\"noopener\">Proposi\u00e7\u00e3o de diretrizes estrat\u00e9gicas para uma empresa de constru\u00e7\u00e3o civil no Rio Grande do Norte<\/a><\/td>\n<td>Alex Jarson Belarmino<\/td>\n<td>Prof<sup>a<\/sup>. Esp. Yascara Pryscilla Dantas Costa<\/td>\n<\/tr>\n<tr>\n<td><a href=\"https:\/\/www.uern.br\/controledepaginas\/2018-\/arquivos\/5021antonia_mikaelle_victor_pereira.pdf\" target=\"_blank\" rel=\"noopener\">Aplica\u00e7\u00e3o do SERVQUAL para avalia\u00e7\u00e3o da qualidade do atendimento em uma farm\u00e1cia situada na cidade de Pau dos Ferros-RN<\/a><\/td>\n<td>Antonia Mikaelle Victor Pereira<\/td>\n<td>Prof<sup>a<\/sup>. Esp. Luma Michelly Soares Rodrigues Macri<\/td>\n<\/tr>\n<tr>\n<td><a href=\"https:\/\/www.uern.br\/controledepaginas\/2018-\/arquivos\/5021antonio_bruno_da_costa.pdf\" target=\"_blank\" rel=\"noopener\">PLANILHAS ELETR\u00d4NICAS COMO FERRAMENTA DE APOIO A DECIS\u00c3O EM UMA EMPRESA DA CIDADE DE PAU DOS FERROS &#8211; RN<\/a><\/td>\n<td>Antonio Bruno da Costa<\/td>\n<td>Prof<sup>a<\/sup>. Esp. Luma Michelly Soares Rodrigues Macri<\/td>\n<\/tr>\n<tr>\n<td><a href=\"https:\/\/www.uern.br\/controledepaginas\/2018-\/arquivos\/5021carlos_eduardo_sousa_farias.pdf\" target=\"_blank\" rel=\"noopener\">A influ\u00eancia do v\u00ednculo funcional na Qualidade de Vida no Trabalho dos servidores da Vara \u00danica de Alexandria\/RN<\/a><\/td>\n<td>Carlos Eduardo Sousa Farias<\/td>\n<td>Prof<sup>a<\/sup>. Ma. Sidn\u00e9ia Maia de Oliveira Rego<\/td>\n<\/tr>\n<tr>\n<td><a href=\"https:\/\/www.uern.br\/controledepaginas\/2018-\/arquivos\/5021claudenir_do_nascimento.pdf\" target=\"_blank\" rel=\"noopener\">CRIT\u00c9RIOS DE AVALIA\u00c7\u00c3O DE ESTOQUE: Um estudo em um supermercado<\/a><\/td>\n<td>Claudenir do Nascimento<\/td>\n<td>Prof. Me. Francisco Jean Carlos de Souza Sampaio<\/td>\n<\/tr>\n<tr>\n<td><a href=\"https:\/\/www.uern.br\/controledepaginas\/2018-\/arquivos\/5021daiany_oliveira_da_silva.pdf\" target=\"_blank\" rel=\"noopener\">EDUCA\u00c7\u00c3O EMPREENDEDORA NO ENSINO M\u00c9DIO: O CASO DO CURSO DESPERTAR EM TENENTE ANANIAS\/RN<\/a><\/td>\n<td>Daiany Oliveira da Silva<\/td>\n<td><em>Prof<\/em><em><sup>a<\/sup><\/em><em>. Esp.\u00a0<\/em><em>Karidja K<\/em><em>\u00ed<\/em><em>ria Nascimento Rocha<\/em><\/td>\n<\/tr>\n<tr>\n<td><a href=\"https:\/\/www.uern.br\/controledepaginas\/2018-\/arquivos\/5021deyze_araujo_silva_novais.pdf\" target=\"_blank\" rel=\"noopener\">Os Desafios das Mulheres Empreendedoras no Desenvolvimento de Atividades Econ\u00f4micas em Major Sales\/RN<\/a><\/td>\n<td>Deyze Ara\u00fajo Silva Novais<\/td>\n<td><em>Prof<\/em><em><sup>a<\/sup><\/em><em>. Esp.\u00a0<\/em><em>Luma Michelly Soares Rodrigues Macri<\/em><\/td>\n<\/tr>\n<tr>\n<td><a href=\"https:\/\/www.uern.br\/controledepaginas\/2018-\/arquivos\/5021dirceu_de_sousa_bezerra.pdf\" target=\"_blank\" rel=\"noopener\">PLANEJAMENTO DE MARKETING COMO ESTRAT\u00c9GIA PARA MICRO E PEQUENAS EMPRESAS: UM ESTUDO DE CASO NA EMPRESA AE DOIS ENGENHARIA E ARQUITETURA<\/a><\/td>\n<td>Dirceu de Sousa Bezerra<\/td>\n<td><em>Prof<\/em><em><sup>a<\/sup><\/em><em>. Ma.\u00a0<\/em><em>Gioconda Suncion Acu<\/em><em>\u00f1a<\/em><\/td>\n<\/tr>\n<tr>\n<td><a href=\"https:\/\/www.uern.br\/controledepaginas\/2018-\/arquivos\/5021eliane_alves_de_souza.pdf\" target=\"_blank\" rel=\"noopener\">A percep\u00e7\u00e3o dos colaboradores acerca do contexto de trabalho na Unidade de Atendimento do Crediamigo em Pau dos Ferros-RN<\/a><\/td>\n<td>Eliane Alves de Souza<\/td>\n<td><em>Prof<\/em><em><sup>a<\/sup><\/em><em>. Esp.\u00a0<\/em><em>Karidja K<\/em><em>\u00ed<\/em><em>ria Nascimento Rocha<\/em><\/td>\n<\/tr>\n<tr>\n<td><a href=\"https:\/\/www.uern.br\/controledepaginas\/2018-\/arquivos\/5021ewerlainy_vilaca_rego.pdf\" target=\"_blank\" rel=\"noopener\">A influ\u00eancia do Instagram no comportamento de compra feminina por impulso: um estudo na Loja Desafio Feminina<\/a><\/td>\n<td>Ewerlainy Vila\u00e7a R\u00eago<\/td>\n<td><em>Prof<\/em><em><sup>a<\/sup><\/em><em>. Ma.\u00a0<\/em>Mayara Muniz de Oliveira<\/td>\n<\/tr>\n<tr>\n<td><a href=\"https:\/\/www.uern.br\/controledepaginas\/2018-\/arquivos\/5021felipe_farias_dos_santos.pdf\" target=\"_blank\" rel=\"noopener\">Manual de Processos e Procedimentos do Setor de Contabilidade da Secretaria Municipal de Sa\u00fade de S\u00e3o Miguel &#8211; RN<\/a><\/td>\n<td>Felipe Farias dos Santos<\/td>\n<td><em>Prof<\/em><em><sup>a<\/sup><\/em><em>. Esp.\u00a0<\/em><em>Luma Michelly Soares Rodrigues Macri<\/em><\/td>\n<\/tr>\n<tr>\n<td><a href=\"https:\/\/www.uern.br\/controledepaginas\/2018-\/arquivos\/5021felipe_fernandes_de_queiroz.pdf\" target=\"_blank\" rel=\"noopener\">MARKETING DIGITAL COMO OPORTUNIDADES PARA ALAVANCAR AS VENDAS: UM ESTUDO REALIZADO EM UMA EMPRESA DE SERVI\u00c7OS DE AUTOM\u00d3VEIS DE PAU DOS FERROS\/RN<\/a><\/td>\n<td>Felipe Fernandes de Queiroz<\/td>\n<td>Prof<sup>a<\/sup>. Esp. Yascara Pryscilla Dantas Costa<\/td>\n<\/tr>\n<tr>\n<td><a href=\"https:\/\/www.uern.br\/controledepaginas\/2018-\/arquivos\/5021francisco_marcos_de_queiroz_cardoso.pdf\" target=\"_blank\" rel=\"noopener\">MAPEAMENTO DO PROCESSO DE PRODU\u00c7\u00c3O COMO FERRAMENTA ESTRAT\u00c9GICA: Um estudo de caso do desperd\u00edcio de mat\u00e9ria prima numa vidra\u00e7aria em Pau dos Ferros\/RN<\/a><\/td>\n<td>Francisco Marcos de Queiroz Cardoso<\/td>\n<td><em>Prof<\/em><em><sup>a<\/sup><\/em><em>. Ma.\u00a0<\/em><em>Gioconda Suncion Acu<\/em><em>\u00f1a<\/em><\/td>\n<\/tr>\n<tr>\n<td><a href=\"https:\/\/www.uern.br\/controledepaginas\/2018-\/arquivos\/5021francisco_rodolfo_alves_de_oliveira.pdf\" target=\"_blank\" rel=\"noopener\">CLIMA ORGANIZACIONAL NO DEPARTAMENTO DO CURSO DE ADMINISTRA\u00c7\u00c3O DO CAMEAM\/UERN<\/a><\/td>\n<td>Francisco Rodolfo Alves de Oliveira<\/td>\n<td>Prof<sup>a<\/sup>. Esp. Yascara Pryscilla Dantas Costa<\/td>\n<\/tr>\n<tr>\n<td><a href=\"https:\/\/www.uern.br\/controledepaginas\/2018-\/arquivos\/5021igor_de_aquino_silva.pdf\" target=\"_blank\" rel=\"noopener\">QUALIDADE DE VIDA NO TRABALHO: Percep\u00e7\u00f5es dos colaboradores do Supermercado Queiroz de Pau dos Ferros\/RN<\/a><\/td>\n<td>Igor de Aquino Silva<\/td>\n<td>Prof<sup>a<\/sup>. Ma. Sidn\u00e9ia Maia de Oliveira Rego<\/td>\n<\/tr>\n<tr>\n<td><a href=\"https:\/\/www.uern.br\/controledepaginas\/2018-\/arquivos\/5021janeide_nunes_da_silva.pdf\" target=\"_blank\" rel=\"noopener\">Qualidade nos Servi\u00e7os P\u00fablicos: um estudo de caso na secretaria de sa\u00fade de Ita\u00fa-RN<\/a><\/td>\n<td>Janeide Nunes da Silva<\/td>\n<td>Prof<sup>a<\/sup>. Esp. Yascara Pryscilla Dantas Costa<\/td>\n<\/tr>\n<tr>\n<td><a href=\"https:\/\/www.uern.br\/controledepaginas\/2018-\/arquivos\/5021larice_rocha_de_oliveira.pdf\" target=\"_blank\" rel=\"noopener\">A Percep\u00e7\u00e3o dos Servidores sobre o Bem-Estar no Trabalho: Estudo de Caso na \u00c1rea Administrativa da Prefeitura de Portalegre\/RN<\/a><\/td>\n<td>Larice Rocha de Oliveira<\/td>\n<td>Prof. Me. Joannes Emmanuel Dantas e Rodrigues de Lima<\/td>\n<\/tr>\n<tr>\n<td><a href=\"https:\/\/www.uern.br\/controledepaginas\/2018-\/arquivos\/5021leidmara_bezerra_dos_santos.pdf\" target=\"_blank\" rel=\"noopener\">O ADMINISTRADOR NA GEST\u00c3O HOSPITALAR<\/a><\/td>\n<td>Leidmara Bezerra dos Santos<\/td>\n<td>Prof. Me. Rafael Dem\u00e9trius Rodrigues de Sousa<\/td>\n<\/tr>\n<tr>\n<td><a href=\"https:\/\/www.uern.br\/controledepaginas\/2018-\/arquivos\/5021leilane_magna_da_silva_batista.pdf\" target=\"_blank\" rel=\"noopener\">A percep\u00e7\u00e3o dos Colaboradores sobre o Clima Organizacional: Estudo de Caso na Empresa Centro de Imagem Elizabete Dantas<\/a><\/td>\n<td>Leilane Magna da Silva Batista<\/td>\n<td>Prof. Me. Joannes Emmanuel Dantas e Rodrigues de Lima<\/td>\n<\/tr>\n<tr>\n<td><a href=\"https:\/\/www.uern.br\/controledepaginas\/2018-\/arquivos\/5021lucas_almeida_martins.pdf\" target=\"_blank\" rel=\"noopener\">Um estudo do Arranjo F\u00edsico de uma loja varejista de m\u00f3veis para escrit\u00f3rio e papelaria<\/a><\/td>\n<td>Lucas Almeida Martins<\/td>\n<td><em>Prof<\/em><em><sup>a<\/sup><\/em><em>. Esp.\u00a0<\/em><em>Luma Michelly Soares Rodrigues Macri<\/em><\/td>\n<\/tr>\n<tr>\n<td><a href=\"https:\/\/www.uern.br\/controledepaginas\/2018-\/arquivos\/5021luis_felipe_de_morais.pdf\" target=\"_blank\" rel=\"noopener\">Clima organizacional: um estudo na Secretaria de Administra\u00e7\u00e3o do munic\u00edpio de Pau dos Ferros\/RN<\/a><\/td>\n<td>Luis Felipe de Morais<\/td>\n<td><em>Prof<\/em><em><sup>a<\/sup><\/em><em>. Ma. Gioconda Suncion Acu<\/em><em>\u00f1a<\/em><\/td>\n<\/tr>\n<tr>\n<td><a href=\"https:\/\/www.uern.br\/controledepaginas\/2018-\/arquivos\/5021marcio_pinheiro_guerra.pdf\" target=\"_blank\" rel=\"noopener\">CLIENTE OCULTO COMO FERRAMENTA DE DIAGN\u00d3STICO PARA A MELHORIA NA QUALIDADE DO ATENDIMENTO EM UMA CONCESSION\u00c1RIA NO DO RIO GRANDE DO NORTE<\/a><\/td>\n<td>M\u00e1rcio Pinheiro Guerra<\/td>\n<td><em>Prof<\/em><em><sup>a<\/sup><\/em><em>. Esp.\u00a0<\/em><em>Karidja K<\/em><em>\u00ed<\/em><em>ria Nascimento Rocha<\/em><\/td>\n<\/tr>\n<tr>\n<td><a href=\"https:\/\/www.uern.br\/controledepaginas\/2018-\/arquivos\/5021maria_jeovana_dos_santos_ferreira.pdf\" target=\"_blank\" rel=\"noopener\">Segmenta\u00e7\u00e3o de Mercado um estudo com os clientes do Programa Crediamigo do Banco do Nordeste<\/a><\/td>\n<td>Maria Jeovana dos Santos Ferreira<\/td>\n<td>Prof. Me. Rafael Dem\u00e9trius Rodrigues de Sousa<\/td>\n<\/tr>\n<tr>\n<td><a href=\"https:\/\/www.uern.br\/controledepaginas\/2018-\/arquivos\/5021paloma_de_oliveira_silva_pessoa.pdf\" target=\"_blank\" rel=\"noopener\">An\u00e1lise da percep\u00e7\u00e3o dos colaboradores da Secretaria de Sa\u00fade de S\u00e3o Miguel-RN quanto aos valores relativos ao trabalho com base na Escala EVT<\/a><\/td>\n<td>Paloma de Oliveira Silva Pessoa<\/td>\n<td><em>Prof<\/em><em><sup>a<\/sup><\/em><em>. Esp.\u00a0<\/em><em>Karidja K<\/em><em>\u00ed<\/em><em>ria Nascimento Rocha<\/em><\/td>\n<\/tr>\n<tr>\n<td><a href=\"https:\/\/www.uern.br\/controledepaginas\/2018-\/arquivos\/5021paulo_marcio_de_morais.pdf\" target=\"_blank\" rel=\"noopener\">ENSINO DE ADMINISTRA\u00c7\u00c3O: EM BUSCA DAS MELHORES PR\u00c1TICAS EM LABORAT\u00d3RIOS DE APRENDIZAGEM<\/a><\/td>\n<td>Paulo M\u00e1rcio de Morais<\/td>\n<td>Prof<sup>a<\/sup>. Ma. Sidn\u00e9ia Maia de Oliveira Rego<\/td>\n<\/tr>\n<tr>\n<td><a href=\"https:\/\/www.uern.br\/controledepaginas\/2018-\/arquivos\/5021rafael_de_souza_oliveira.pdf\" target=\"_blank\" rel=\"noopener\">PROJE\u00c7\u00c3O DE CUSTOS DE INVESTIMENTOS PARA ABERTURA DE UMA FUNILARIA NA EMPRESA TERRASAL EM PAU DOS FERROS\/RN<\/a><\/td>\n<td>Rafael de Souza Oliveira<\/td>\n<td><em>Prof<\/em><em><sup>a<\/sup><\/em><em>. Ma. Gioconda Suncion Acu<\/em><em>\u00f1a<\/em><\/td>\n<\/tr>\n<tr>\n<td><a href=\"https:\/\/www.uern.br\/controledepaginas\/2018-\/arquivos\/5021railson_halesson_de_oliveira.pdf\" target=\"_blank\" rel=\"noopener\">GEST\u00c3O E CONTROLE DE ESTOQUE DA FARM\u00c1CIA HOSPITALAR: UM ESTUDO EM UM HOSPITAL P\u00daBLICO POTIGUAR<\/a><\/td>\n<td>Railson H\u00e1lesson de Oliveira<\/td>\n<td><em>Prof<\/em><em><sup>a<\/sup><\/em><em>. Ma. Gioconda Suncion Acu<\/em><em>\u00f1a<\/em><\/td>\n<\/tr>\n<tr>\n<td><a href=\"https:\/\/www.uern.br\/controledepaginas\/2018-\/arquivos\/5021tales_anastacio_costa.pdf\" target=\"_blank\" rel=\"noopener\">APLICA\u00c7\u00c3O DA FERRAMENTA ABC EM PEQUENA EMPRESA: Um estudo de caso em loja de autope\u00e7as<\/a><\/td>\n<td>Tales Anast\u00e1cio Costa<\/td>\n<td><em>Prof<\/em><em><sup>a<\/sup><\/em><em>. Ma. Gioconda Suncion Acu<\/em><em>\u00f1a<\/em><\/td>\n<\/tr>\n<tr>\n<td><a href=\"https:\/\/www.uern.br\/controledepaginas\/2018-\/arquivos\/5021victor_vaneilton_leite_rego.pdf\" target=\"_blank\" rel=\"noopener\">O CONTROLE DE ESTOQUE COMO UMA FERRAMENTA DE REDU\u00c7\u00c3O DE CUSTOS EM UMA EMPRESA DE MATERIAIS DE CONSTRU\u00c7\u00c3O<\/a><\/td>\n<td>Victor Vaneilton Leite R\u00eago<\/td>\n<td>Prof<sup>a<\/sup>. Esp. Yascara Pryscilla Dantas Costa<\/td>\n<\/tr>\n<\/tbody>\n<\/table>\n","protected":false},"excerpt":{"rendered":"<p>T\u00edtulo Autor(a) Orientador(a) Proposi\u00e7\u00e3o de diretrizes estrat\u00e9gicas para uma empresa de constru\u00e7\u00e3o civil no Rio Grande do Norte Alex Jarson Belarmino Profa. Esp. Yascara Pryscilla Dantas Costa Aplica\u00e7\u00e3o do SERVQUAL para avalia\u00e7\u00e3o da qualidade do atendimento em uma farm\u00e1cia situada na cidade de Pau dos Ferros-RN Antonia Mikaelle Victor Pereira Profa. Esp. Luma Michelly Soares [&hellip;]<\/p>\n","protected":false},"author":1,"featured_media":0,"parent":0,"menu_order":0,"comment_status":"closed","ping_status":"closed","template":"","meta":{"footnotes":""},"class_list":["post-675","page","type-page","status-publish","hentry"],"_links":{"self":[{"href":"https:\/\/portal.uern.br\/paudosferros\/administracao\/wp-json\/wp\/v2\/pages\/675","targetHints":{"allow":["GET"]}}],"collection":[{"href":"https:\/\/portal.uern.br\/paudosferros\/administracao\/wp-json\/wp\/v2\/pages"}],"about":[{"href":"https:\/\/portal.uern.br\/paudosferros\/administracao\/wp-json\/wp\/v2\/types\/page"}],"author":[{"embeddable":true,"href":"https:\/\/portal.uern.br\/paudosferros\/administracao\/wp-json\/wp\/v2\/users\/1"}],"replies":[{"embeddable":true,"href":"https:\/\/portal.uern.br\/paudosferros\/administracao\/wp-json\/wp\/v2\/comments?post=675"}],"version-history":[{"count":1,"href":"https:\/\/portal.uern.br\/paudosferros\/administracao\/wp-json\/wp\/v2\/pages\/675\/revisions"}],"predecessor-version":[{"id":676,"href":"https:\/\/portal.uern.br\/paudosferros\/administracao\/wp-json\/wp\/v2\/pages\/675\/revisions\/676"}],"wp:attachment":[{"href":"https:\/\/portal.uern.br\/paudosferros\/administracao\/wp-json\/wp\/v2\/media?parent=675"}],"curies":[{"name":"wp","href":"https:\/\/api.w.org\/{rel}","templated":true}]}}