{"id":667,"date":"2023-07-19T20:06:13","date_gmt":"2023-07-19T23:06:13","guid":{"rendered":"https:\/\/portal.uern.br\/paudosferros\/administracao\/?page_id=667"},"modified":"2023-07-19T20:06:13","modified_gmt":"2023-07-19T23:06:13","slug":"ano-2014","status":"publish","type":"page","link":"https:\/\/portal.uern.br\/paudosferros\/administracao\/ano-2014\/","title":{"rendered":"Ano 2014"},"content":{"rendered":"<table cellspacing=\"0\" cellpadding=\"4\">\n<colgroup>\n<col width=\"607\" \/>\n<col width=\"185\" \/>\n<col width=\"153\" \/><\/colgroup>\n<tbody>\n<tr>\n<td><strong>T\u00edtulo<\/strong><\/td>\n<td><strong>Autor(a)<\/strong><\/td>\n<td><strong>Orientador(a)<\/strong><\/td>\n<\/tr>\n<tr>\n<td><a href=\"https:\/\/www.uern.br\/controledepaginas\/2014\/arquivos\/5010caio_vinicius_lima_de_sousa_gestao_da_micro_e_pequena_empresa_um_estudo_sobre_os_empreendedores_do_municipio_de_sao_francisco_do_oeste_rn.pdf\" target=\"_blank\" rel=\"noopener\">GEST\u00c3O DA MICRO E PEQUENA EMPRESA Um estudo sobre os empreendedores do munic\u00edpio de S\u00e3o Francisco do Oeste\/RN<\/a><\/td>\n<td>Caio Vinicius Lima de Sousa<\/td>\n<td>Prof. Me. Laecio da Cunha Oliveira<\/td>\n<\/tr>\n<tr>\n<td><a href=\"https:\/\/www.uern.br\/controledepaginas\/2014\/arquivos\/5010daniel_alves_dias_implantacao_de_um_regime_proprio_de_previdencia_social_a%E2%82%AC%E2%80%9C_rpps_no_municipio_de_portalegrern_cenarios_e_perspectivas.pdf\" target=\"_blank\" rel=\"noopener\">IMPLANTA\u00c7\u00c3O DE UM REGIME PR\u00d3PRIO DE PREVID\u00caNCIA SOCIAL \u2013 RPPS NO MUNIC\u00cdPIO DE PORTALEGRE\/RN: CEN\u00c1RIOS E PERSPECTIVAS<\/a><\/td>\n<td>Daniel Alves Dias<\/td>\n<td>Prof. Me. Alexandre W\u00e1llace Ramos Pereira<\/td>\n<\/tr>\n<tr>\n<td><a href=\"https:\/\/www.uern.br\/controledepaginas\/2014\/arquivos\/5010eliane_da_costa_analise_do_comportamento_das_demonstracoes_contabeis_de_uma_empresa_potiguar.pdf\" target=\"_blank\" rel=\"noopener\">AN\u00c1LISE DO COMPORTAMENTO DAS DEMONSTRA\u00c7\u00d5ES CONT\u00c1BEIS DE UMA EMPRESA POTIGUAR<\/a><\/td>\n<td>Eliane da Costa<\/td>\n<td>Prof. Me. Francisco Jean Carlos de Souza Sampaio<\/td>\n<\/tr>\n<tr>\n<td><a href=\"https:\/\/www.uern.br\/controledepaginas\/2014\/arquivos\/5010francisco_adriano_lemos_um_estudo_para_a_implantacao_do_e_sus_na_secretaria_da_saude_de_pau_dos_do_e_sus_na_secretaria_da_saude_de_pau_dos_ferros_rn.pdf\" target=\"_blank\" rel=\"noopener\">UM ESTUDO PARA A IMPLANTA\u00c7\u00c3O DO E-SUS NA SECRETARIA DA SA\u00daDE DE PAU DOS DO E-SUS NA SECRETARIA DA SA\u00daDE DE PAU DOS FERROS\/RN<\/a><\/td>\n<td>Francisco Adriano Lemos<\/td>\n<td>Prof. Esp. Edcarlos Costa de Oliveira<\/td>\n<\/tr>\n<tr>\n<td><a href=\"https:\/\/www.uern.br\/controledepaginas\/2014\/arquivos\/5010francisco_joa%C2%A3o_de_deus_de_carvalho_organizaa%E2%80%A1a%C6%92o_aprendente_e_aprendizagem_organizacional_o_caso_da_ufersacampus_pau_dos_ferros.pdf\" target=\"_blank\" rel=\"noopener\">ORGANIZA\u00c7\u00c3O APRENDENTE E APRENDIZAGEM ORGANIZACIONAL: O caso da UFERSA Campus Pau dos Ferros<\/a><\/td>\n<td>Francisco Jo\u00e3o de Deus de Carvalho<\/td>\n<td>Prof<sup>a<\/sup>. Ma. Sidn\u00e9ia Maia de Oliveira Rego<\/td>\n<\/tr>\n<tr>\n<td><a href=\"https:\/\/www.uern.br\/controledepaginas\/2014\/arquivos\/5010gleide_maria_de_araujo.pdf\" target=\"_blank\" rel=\"noopener\">POL\u00cdTICAS DE RECURSOS HUMANOS NA PAR\u00d3QUIA NOSSA SENHORA DA CONCEI\u00c7\u00c3O DE PAU DOS FERROS-RN<\/a><\/td>\n<td>Gleide Maria de Ara\u00fajo<\/td>\n<td>Prof. Esp.\u00a0<em>Ranieri Carlos Luz Ara\u00fajo<\/em><\/td>\n<\/tr>\n<tr>\n<td><a href=\"https:\/\/www.uern.br\/controledepaginas\/2014\/arquivos\/5010hamanda_gela%C2%A7a_araujo_costa.pdf\" target=\"_blank\" rel=\"noopener\">GEST\u00c3O DA DEMANDA DE \u00c1GUAS SUPERFICIAIS: O caso de Jos\u00e9 da Penha\/RN (2009-2013)<\/a><\/td>\n<td>Hamanda Gel\u00e7a Ara\u00fajo Costa &#8211;<\/td>\n<td>Prof. Me. Wellington Ferreira de Melo<\/td>\n<\/tr>\n<tr>\n<td><a href=\"https:\/\/www.uern.br\/controledepaginas\/2014\/arquivos\/5010ivone_pessoa_de_oliveira.pdf\" target=\"_blank\" rel=\"noopener\">FORMA\u00c7\u00c3O DE ADMINISTRADORES Reflex\u00f5es sobre o processo de ensino-aprendizagem das Teorias da Administra\u00e7\u00e3o e das Organiza\u00e7\u00f5es<\/a><\/td>\n<td>Ivone Pessoa de Oliveira<\/td>\n<td>Prof<sup>a<\/sup>. Ma. Sidn\u00e9ia Maia de Oliveira Rego<\/td>\n<\/tr>\n<tr>\n<td><a href=\"https:\/\/www.uern.br\/controledepaginas\/2014\/arquivos\/5010joao_batista_lopes_da_silva.pdf\" target=\"_blank\" rel=\"noopener\">POL\u00cdTICAS DE RECURSOS HUMANOS NA GEST\u00c3O P\u00daBLICA: Um estudo sobre o Plano de Cargos e Sal\u00e1rios dos Servidores P\u00fablicos Municipais de Vi\u00e7osa\/RN<\/a><\/td>\n<td>Jo\u00e3o Batista Lopes da Silva<\/td>\n<td>Prof<sup>a<\/sup>. Ma. Sidn\u00e9ia Maia de Oliveira Rego<\/td>\n<\/tr>\n<tr>\n<td><a href=\"https:\/\/www.uern.br\/controledepaginas\/2014\/arquivos\/5010joelson_soares_do_monte.pdf\" target=\"_blank\" rel=\"noopener\">A GEST\u00c3O DE RELACIONAMENTO COM O CLIENTE NA EMPRESA FAMILIAR :Um estudo no Mercadinho Bezerra<\/a><\/td>\n<td>Joelson Soares do Monte<\/td>\n<td>Prof\u00aa. Dr\u00aa.\u00a0<em>Francisca Joseanny Maia<\/em>\u00a0e\u00a0<em>Oliveira<\/em><\/td>\n<\/tr>\n<tr>\n<td><a href=\"https:\/\/www.uern.br\/controledepaginas\/2014\/arquivos\/5010jose_eurismar_moises_de_souza_martiniano.pdf\" target=\"_blank\" rel=\"noopener\">DIAGNOSTICO DA PR\u00c1TICA SUSTENT\u00c1VEL DA APICULTURA NO PER\u00cdMETRO IRRIGADO EM PAU DOS FERROS\/RN: o caso ACAFPA<\/a><\/td>\n<td>Jos\u00e9 Eurismar Mois\u00e9s de Souza Martiniano<\/td>\n<td>Prof. Me. Wellington Ferreira de Melo<\/td>\n<\/tr>\n<tr>\n<td><a href=\"https:\/\/www.uern.br\/controledepaginas\/2014\/arquivos\/5010juarez_mesquita_de_oliveira_junior.pdf\" target=\"_blank\" rel=\"noopener\">AN\u00c1LISE DAS ESTRAT\u00c9GIAS COMPETITIVAS DA REDE OESTE DE SUPERMERCADO NA \u00d3TICA DAS TEORIAS DE COMPETI\u00c7\u00c3O DE PORTER<\/a><\/td>\n<td>Juarez Mesquita de Oliveira J\u00fanior<\/td>\n<td>Prof. Me. Edivaldo Rabelo de Menezes<\/td>\n<\/tr>\n<tr>\n<td><a href=\"https:\/\/www.uern.br\/controledepaginas\/2014\/arquivos\/5010jucelino_soares_de_oliveira.pdf\" target=\"_blank\" rel=\"noopener\">A IMPLANTA\u00c7\u00c3O DO PROGRAMA ESPORTE E LAZER DA CIDADE NO MUNIC\u00cdPIO DE JOS\u00c9 DA PENHA\/RN LIMITES E POSSIBILIDADES<\/a><\/td>\n<td>Jucelino Soares de Oliveira<\/td>\n<td>Prof. Me. Alexandre W\u00e1llace Ramos Pereira<\/td>\n<\/tr>\n<tr>\n<td><a href=\"https:\/\/www.uern.br\/controledepaginas\/2014\/arquivos\/5010marcos_andre_de_araujo_almeida.pdf\" target=\"_blank\" rel=\"noopener\">FORMA\u00c7\u00c3O PROFISSIONAL DOS ESTUDANTES DE ADMINISTRA\u00c7\u00c3O PUBLICA DO POLO UNIVERSIT\u00c1RIO DA UFRN DE LU\u00cdS GOMES\/RN<\/a><\/td>\n<td>Marcos Andr\u00e9 de Ara\u00fajo Almeida<\/td>\n<td>Prof. Esp.\u00a0<em>Ranieri Carlos Luz Ara\u00fajo<\/em><\/td>\n<\/tr>\n<tr>\n<td><a href=\"https:\/\/www.uern.br\/controledepaginas\/2014\/arquivos\/5010maria_alcivone_henrique_das_chagas.pdf\" target=\"_blank\" rel=\"noopener\">CONV\u00caNIOS Uma an\u00e1lise do Decreto n\u00ba617007 na Prefeitura Municipal de S\u00e3o Miguel\/RN<\/a><\/td>\n<td>Maria Alcivone Henrique das Chagas<\/td>\n<td>Prof<sup>a<\/sup>. Ma. Diana Maria Cavalcante de S\u00e1<\/td>\n<\/tr>\n<tr>\n<td><a href=\"https:\/\/www.uern.br\/controledepaginas\/2014\/arquivos\/5010maria_antonia_feitoza_barreto.pdf\" target=\"_blank\" rel=\"noopener\">CRIT\u00c9RIOS DE AVALIA\u00c7\u00c3O DE ESTOQUE: Um Estudo em um Hospital P\u00fablico Potiguar<\/a><\/td>\n<td>Maria Ant\u00f4nia Feitoza Barreto<\/td>\n<td>Prof. Me. Francisco Jean Carlos de Souza Sampaio<\/td>\n<\/tr>\n<tr>\n<td><a href=\"https:\/\/www.uern.br\/controledepaginas\/2014\/arquivos\/5010maria_jeovana_de_freitas.pdf\" target=\"_blank\" rel=\"noopener\">LICITA\u00c7\u00c3O: Um estudo da modalidade Preg\u00e3o Presencial no Munic\u00edpio de S\u00e3o Miguel\/RN<\/a><\/td>\n<td>Maria Jeovana de Freitas<\/td>\n<td>Prof<sup>a<\/sup>. Ma. Diana Maria Cavalcante de S\u00e1<\/td>\n<\/tr>\n<tr>\n<td><a href=\"https:\/\/www.uern.br\/controledepaginas\/2014\/arquivos\/5010maria_rosana_da_silva.pdf\" target=\"_blank\" rel=\"noopener\">CONTRIBUI\u00c7\u00c3O DO M\u00c9TODO 5S NA GEST\u00c3O DE ARQUIVOS: Um estudo de caso no munic\u00edpio de Rafael Fernandes\/RN<\/a><\/td>\n<td>Maria Rosana da Silva<\/td>\n<td>Prof\u00aa. Dr\u00aa.\u00a0<em>Francisca Joseanny Maia<\/em>\u00a0e\u00a0<em>Oliveira<\/em><\/td>\n<\/tr>\n<tr>\n<td><a href=\"https:\/\/www.uern.br\/controledepaginas\/2014\/arquivos\/5010marilia_daniele_costa_alves.pdf\" target=\"_blank\" rel=\"noopener\">A INFLU\u00caNCIA DO MARKETING DIGITAL NA DECIS\u00c3O DE COMPRA DO CONSUMIDOR: Um estudo de caso na empresa Rio Grande Supermercados em Pau dos Ferros\/RN<\/a><\/td>\n<td>Mar\u00edlia Daniele Costa Alves<\/td>\n<td>Prof. Me. Edivaldo Rabelo de Menezes<\/td>\n<\/tr>\n<tr>\n<td><a href=\"https:\/\/www.uern.br\/controledepaginas\/2014\/arquivos\/5010pedro_augusto_reinaldo_de_lima.pdf\" target=\"_blank\" rel=\"noopener\">CONTRIBUI\u00c7\u00d5ES DO ESTUDO DO MARKETING NA FORMA\u00c7\u00c3ODO ADMINISTRADOR: Uma an\u00e1lise do curso de Administra\u00e7\u00e3o da Universidade Estadual do Rio Grande do Norte em Pau dos Ferros<\/a><\/td>\n<td>Pedro Augusto Reinaldo de Lima<\/td>\n<td>Prof<sup>a<\/sup>. Ma. Sidn\u00e9ia Maia de Oliveira Rego<\/td>\n<\/tr>\n<tr>\n<td><a href=\"https:\/\/www.uern.br\/controledepaginas\/2014\/arquivos\/5010rafael_matias_de_lira.pdf\" target=\"_blank\" rel=\"noopener\">QUALIDADE DE VIDA NO TRABALHO: Um estudo na ag\u00eancia do IBGE de Pau dos Ferros\/RN<\/a><\/td>\n<td>Rafael Matias de Lira<\/td>\n<td>Prof. Esp.\u00a0<em>Ranieri Carlos Luz Ara\u00fajo<\/em><\/td>\n<\/tr>\n<tr>\n<td><a href=\"https:\/\/www.uern.br\/controledepaginas\/2014\/arquivos\/5010raimundo_moreira_duarte.pdf\" target=\"_blank\" rel=\"noopener\">PERSPECTIVAS DA APRENDIZAGEM ORGANIZACIONAL FACE \u00c0 VIRTUALIZA\u00c7\u00c3O DOS PROCESSOS JUDICIAIS: uma an\u00e1lise no F\u00f3rum da Comarca de Pau dos Ferros\/RN<\/a><\/td>\n<td>Raimundo Moreira Duarte<\/td>\n<td>Prof<sup>a<\/sup>. Ma. Sidn\u00e9ia Maia de Oliveira Rego<\/td>\n<\/tr>\n<tr>\n<td><a href=\"https:\/\/www.uern.br\/controledepaginas\/2014\/arquivos\/5010ricardo_soares_abrantes.pdf\" target=\"_blank\" rel=\"noopener\">EMPREGABILIDADE DO EGRESSO DO CURSO DE ADMINISTRA\u00c7\u00c3O: Uma an\u00e1lise na Faculdade Evolu\u00e7\u00e3o Alto Oeste Potiguar (FACEP)<\/a><\/td>\n<td>Ricardo Soares Abrantes<\/td>\n<td>Prof. Me. Edivaldo Rabelo de Menezes<\/td>\n<\/tr>\n<tr>\n<td><a href=\"https:\/\/www.uern.br\/controledepaginas\/2014\/arquivos\/5010rozelii_dias_costa.pdf\" target=\"_blank\" rel=\"noopener\">OS DESAFIOS DAS MULHERES NA GEST\u00c3O DO PR\u00d3PRIO NEGOCIO: Um estudo sobre as empreendedoras do munic\u00edpio de Portalegre\/RN<\/a><\/td>\n<td>RozeliI Dias Costa<\/td>\n<td>Prof. Me. Laecio da Cunha Oliveira<\/td>\n<\/tr>\n<tr>\n<td><a href=\"https:\/\/www.uern.br\/controledepaginas\/2014\/arquivos\/5010samuel_freitas_de_carvalho.pdf\" target=\"_blank\" rel=\"noopener\">O USO DO SIG EM UMA MICROEMPRESA: As influ\u00eancias na Loja Exclusiva Ortobom<\/a><\/td>\n<td>Samuel Freitas de Carvalho<\/td>\n<td>Prof. Esp. Edcarlos Costa de Oliveira<\/td>\n<\/tr>\n<tr>\n<td><a href=\"https:\/\/www.uern.br\/controledepaginas\/2014\/arquivos\/5010tallison_eduardo_de_carvalho_lopes.pdf\" target=\"_blank\" rel=\"noopener\">QUALIDADE DE VIDA NO AMBIENTE DE TRABALHO DOS T\u00c9CNICOS ADMINISTRATIVOS DO CAMEAM\/UERN<\/a><\/td>\n<td>T\u00e1llison Eduardo de Carvalho Lopes<\/td>\n<td>Prof. Esp.\u00a0<em>Ranieri Carlos Luz Ara\u00fajo<\/em><\/td>\n<\/tr>\n<tr>\n<td><a href=\"https:\/\/www.uern.br\/controledepaginas\/2014\/arquivos\/5010vanderlando_de_lima.pdf\" target=\"_blank\" rel=\"noopener\">CONTROLE DE ESTOQUE E PROCESSO DE ARMAZENAGEM: Um estudo no Atacad\u00e3o Vieira Eletrom\u00f3veis de Pau dos Ferros\/RN<\/a><\/td>\n<td>Vanderlando de Lima<\/td>\n<td>Prof. Me. Rinaldo Medeiros Alves de Oliveira<\/td>\n<\/tr>\n<tr>\n<td><a href=\"https:\/\/www.uern.br\/controledepaginas\/2014\/arquivos\/5010wendeel_damiao_alves_de_souza.pdf\" target=\"_blank\" rel=\"noopener\">TREINAMENTO, DESENVOLVIMENTO E EDUCA\u00c7\u00c3O DE PESSOAS: O CASO EDITTE GR\u00c1FICA E SINALIZA\u00c7\u00c3O<\/a><\/td>\n<td>Wendeel Dami\u00e3o Alves de Souza<\/td>\n<td>Prof. Me. Wellington Ferreira de Melo<\/td>\n<\/tr>\n<\/tbody>\n<\/table>\n","protected":false},"excerpt":{"rendered":"<p>T\u00edtulo Autor(a) Orientador(a) GEST\u00c3O DA MICRO E PEQUENA EMPRESA Um estudo sobre os empreendedores do munic\u00edpio de S\u00e3o Francisco do Oeste\/RN Caio Vinicius Lima de Sousa Prof. Me. Laecio da Cunha Oliveira IMPLANTA\u00c7\u00c3O DE UM REGIME PR\u00d3PRIO DE PREVID\u00caNCIA SOCIAL \u2013 RPPS NO MUNIC\u00cdPIO DE PORTALEGRE\/RN: CEN\u00c1RIOS E PERSPECTIVAS Daniel Alves Dias Prof. Me. Alexandre [&hellip;]<\/p>\n","protected":false},"author":1,"featured_media":0,"parent":0,"menu_order":0,"comment_status":"closed","ping_status":"closed","template":"","meta":{"footnotes":""},"class_list":["post-667","page","type-page","status-publish","hentry"],"_links":{"self":[{"href":"https:\/\/portal.uern.br\/paudosferros\/administracao\/wp-json\/wp\/v2\/pages\/667","targetHints":{"allow":["GET"]}}],"collection":[{"href":"https:\/\/portal.uern.br\/paudosferros\/administracao\/wp-json\/wp\/v2\/pages"}],"about":[{"href":"https:\/\/portal.uern.br\/paudosferros\/administracao\/wp-json\/wp\/v2\/types\/page"}],"author":[{"embeddable":true,"href":"https:\/\/portal.uern.br\/paudosferros\/administracao\/wp-json\/wp\/v2\/users\/1"}],"replies":[{"embeddable":true,"href":"https:\/\/portal.uern.br\/paudosferros\/administracao\/wp-json\/wp\/v2\/comments?post=667"}],"version-history":[{"count":1,"href":"https:\/\/portal.uern.br\/paudosferros\/administracao\/wp-json\/wp\/v2\/pages\/667\/revisions"}],"predecessor-version":[{"id":668,"href":"https:\/\/portal.uern.br\/paudosferros\/administracao\/wp-json\/wp\/v2\/pages\/667\/revisions\/668"}],"wp:attachment":[{"href":"https:\/\/portal.uern.br\/paudosferros\/administracao\/wp-json\/wp\/v2\/media?parent=667"}],"curies":[{"name":"wp","href":"https:\/\/api.w.org\/{rel}","templated":true}]}}