{"id":665,"date":"2023-07-19T20:05:53","date_gmt":"2023-07-19T23:05:53","guid":{"rendered":"https:\/\/portal.uern.br\/paudosferros\/administracao\/?page_id=665"},"modified":"2023-07-19T20:05:53","modified_gmt":"2023-07-19T23:05:53","slug":"ano-2013","status":"publish","type":"page","link":"https:\/\/portal.uern.br\/paudosferros\/administracao\/ano-2013\/","title":{"rendered":"Ano 2013"},"content":{"rendered":"<table cellspacing=\"0\" cellpadding=\"4\">\n<colgroup>\n<col width=\"607\" \/>\n<col width=\"185\" \/>\n<col width=\"153\" \/><\/colgroup>\n<tbody>\n<tr>\n<td><strong>T\u00edtulo<\/strong><\/td>\n<td><strong>Autor(a)<\/strong><\/td>\n<td><strong>Orientador(a)<\/strong><\/td>\n<\/tr>\n<tr>\n<td><a href=\"https:\/\/www.uern.br\/controledepaginas\/2013\/arquivos\/5006airton_jose_de_medeiros_criterios_de_avaliacao_de_estoque_um_estudo_de_caso_em_uma_empresa_potiguar_do_ramo_de_materiais_de_construcao.pdf\" target=\"_blank\" rel=\"noopener\">CRIT\u00c9RIOS DE AVALIA\u00c7\u00c3O DE ESTOQUE: Um estudo de caso em uma empresa potiguar do ramo de materiais de constru\u00e7\u00e3o<\/a><\/td>\n<td>Airton Jos\u00e9 de Medeiros<\/td>\n<td>Prof. Me. Francisco Jean Carlos de Souza Sampaio<\/td>\n<\/tr>\n<tr>\n<td><a href=\"https:\/\/www.uern.br\/controledepaginas\/2013\/arquivos\/5006allan_john_do_nascimento_nunes_reengenharia_de_processos_em_uma_organizaa%E2%80%A1a%C6%92o_pa%C5%A1blica_o_caso_do_processo_judicial_digital_no_fa%C2%B3rum_do_munica%C2%ADpio_de_sa%C2%A3o_miguel_rn.pdf\" target=\"_blank\" rel=\"noopener\">REENGENHARIA DE PROCESSOS EM UMA ORGANIZA\u00c7\u00c3O P\u00daBLICA: o caso do Processo Judicial Digital no F\u00f3rum do Munic\u00edpio de S\u00e3o Miguel\/RN<\/a><\/td>\n<td>Allan John do Nascimento Nunes<\/td>\n<td>Prof. Me. Laecio da Cunha Oliveira<\/td>\n<\/tr>\n<tr>\n<td><a href=\"https:\/\/www.uern.br\/controledepaginas\/2013\/arquivos\/5006darliane_da_costa_o_egresso_do_curso_de_administracao_no_mercado_de_trabalho_uma_analise_do_campus_avancado_professora_maria_elisa_de_albuquerque_maia_uern.pdf\" target=\"_blank\" rel=\"noopener\">O EGRESSO DO CURSO DE ADMINISTRA\u00c7\u00c3O NO MERCADO DE TRABALHO: Uma an\u00e1lise do Campus Avan\u00e7ado Professora Maria Elisa de Albuquerque Maia &#8211; UERN<\/a><\/td>\n<td>Darliane da Costa<\/td>\n<td>Prof. Me. Edivaldo Rabelo de Menezes<\/td>\n<\/tr>\n<tr>\n<td><a href=\"https:\/\/www.uern.br\/controledepaginas\/2013\/arquivos\/5006dayane_kelly_pereira_martins_os_desafios_da_administracao_do_ora%E2%80%A1amento_municipal_o_caso_de_um_municipio_potiguar.pdf\" target=\"_blank\" rel=\"noopener\">OS DESAFIOS DA ADMINISTRA\u00c7\u00c3O DO OR\u00c7AMENTO MUNICIPAL: O caso de um munic\u00edpio Potiguar<\/a><\/td>\n<td>Dayane Kelly Pereira Martins<\/td>\n<td>Prof. Me. Laecio da Cunha Oliveira<\/td>\n<\/tr>\n<tr>\n<td><a href=\"https:\/\/www.uern.br\/controledepaginas\/2013\/arquivos\/5006eliesio_freire_de_oliveira_praticas_de_gestao_ambiental_na_industria_de_tempero_pilado_em_pau_dos_ferros_a%E2%82%AC%E2%80%9C_rn.pdf\" target=\"_blank\" rel=\"noopener\">PR\u00c1TICAS DE GEST\u00c3O AMBIENTAL NA IND\u00daSTRIA DE TEMPERO PILADO EM PAU DOS FERROS\/RN<\/a><\/td>\n<td>Eli\u00e9sio Freire de Oliveira<\/td>\n<td>Prof<sup>a<\/sup>.Ma. Francisca Joseanny Maia e Oliveira<\/td>\n<\/tr>\n<tr>\n<td><a href=\"https:\/\/www.uern.br\/controledepaginas\/2013\/arquivos\/5006emanuel_gomes_dos_santos_a_gestao_empreendedora_do_comercio_varejista_em_uma_micro_empresa_demateriais_de_construcao_civil_o_caso_da_loja_seg_distribuidora_de_pau_dos_ferros_rn..pdf\" target=\"_blank\" rel=\"noopener\">A GESTAO EMPREENDEDORA DO COMERCIO VAREJISTA EM UMA MICRO EMPRESA DEMATERIAIS DE CONSTRUCAO CIVIL &#8211; O caso da loja Seg Distribuidora de Pau dos Ferros\/RN<\/a><\/td>\n<td>Emanuel Gomes dos Santos<\/td>\n<td>Prof. Me. Laecio da Cunha Oliveira<\/td>\n<\/tr>\n<tr>\n<td><a href=\"https:\/\/www.uern.br\/controledepaginas\/2013\/arquivos\/5006erica_rosane_da_silva_gestao_de_relacionamento_com_clientes_o_caso_da_leila_sabino_estetica_e_beleza_em_pau_dos_ferros_rn.pdf\" target=\"_blank\" rel=\"noopener\">GEST\u00c3O DE RELACIONAMENTO COM CLIENTES \u2013 O caso da Leila Sabino Est\u00e9tica e Beleza em Pau dos Ferros\/RN<\/a><\/td>\n<td>Erica Rosane da Silva<\/td>\n<td>Prof. Me. Wellington Ferreira de Melo<\/td>\n<\/tr>\n<tr>\n<td><a href=\"https:\/\/www.uern.br\/controledepaginas\/2013\/arquivos\/5006ernandes_batista_de_aquino_gestao_de_compras_um_estudo_de_caso_em_um_supermercado_potiguar.pdf\" target=\"_blank\" rel=\"noopener\">GEST\u00c3O DE COMPRAS \u2013 Um estudo de caso em um Supermercado potiguar<\/a><\/td>\n<td>Ernandes Batista de Aquino<\/td>\n<td>Prof. Esp. Rinaldo Medeiros Alves de Oliveira<\/td>\n<\/tr>\n<tr>\n<td><a href=\"https:\/\/www.uern.br\/controledepaginas\/2013\/arquivos\/5006francisca_jackeline_silva_dos_santos_consultoria_em_administraa%E2%80%A1a%C6%92o_pa%C5%A1blica_municipal_um_levantamento_sobre_a_demanda_potencial_no_alto_oeste_potiguar.pdf\" target=\"_blank\" rel=\"noopener\">CONSULTORIA EM ADMINISTRA\u00c7\u00c3O P\u00daBLICA MUNICIPAL: Um levantamento sobre a demanda potencial no Alto Oeste Potiguar<\/a><\/td>\n<td>Francisca Jackeline Silva dos Santos<\/td>\n<td>Prof. Me. Edivaldo Rabelo de Menezes<\/td>\n<\/tr>\n<tr>\n<td><a href=\"https:\/\/www.uern.br\/controledepaginas\/2013\/arquivos\/5006francisca_luiza_de_oliveira_leite_a_liderana%E2%80%A1a_como_fator_de_influencia_no_comprometimento_dos_funcionarios_da_empresa_l_nogueira_rego_me.pdf\" target=\"_blank\" rel=\"noopener\">A LIDERAN\u00c7A COMO FATOR DE INFLU\u00caNCIA NO COMPROMETIMENTO DOS FUNCION\u00c1RIOS DA EMPRESA L NOGUEIRA REGO &#8211; ME<\/a><\/td>\n<td>Francisca Luiza de Oliveira Leite<\/td>\n<td>Prof<sup>a<\/sup>. Ma. Michelle Yumi Felipe Okino<\/td>\n<\/tr>\n<tr>\n<td><a href=\"https:\/\/www.uern.br\/controledepaginas\/2013\/arquivos\/5006francisco_pierre_pinheiro_goiana_a_tecnologia_como_ferramenta_de_auxilio_dos_processos_operacionais_o_caso_da_empresa_ceara_fotografo.pdf\" target=\"_blank\" rel=\"noopener\">A TECNOLOGIA COMO FERRAMENTA DE AUX\u00cdLIO DOS PROCESSOS OPERACIONAIS: O caso da empresa Cear\u00e1 Fotografo<\/a><\/td>\n<td>Francisco Pierre Pinheiro Goiana<\/td>\n<td>Prof. Esp. Edcarlos Costa de Oliveira<\/td>\n<\/tr>\n<tr>\n<td><a href=\"https:\/\/www.uern.br\/controledepaginas\/2013\/arquivos\/5006francisco_rozinaldo_de_araujo_praticas_de_gerenciamento_rural_um_estudo_de_caso_no_perimetro_irrigado_de_pau_dos_ferros_rn.pdf\" target=\"_blank\" rel=\"noopener\">PR\u00c1TICAS DE GERENCIAMENTO RURAL: Um estudo de caso no Per\u00edmetro Irrigado de Pau dos Ferros-RN<\/a><\/td>\n<td>Francisco Rozinaldo de Ara\u00fajo<\/td>\n<td>Prof. Me. Alexandre W\u00e1llace Ramos Pereira<\/td>\n<\/tr>\n<tr>\n<td><a href=\"https:\/\/www.uern.br\/controledepaginas\/2013\/arquivos\/5006gildene_de_carvalho_monteiro_analise_economico_financeira_de_uma_empresa_de_pequeno_porte_um_estudo_em_um_supermercado_potiguar.pdf\" target=\"_blank\" rel=\"noopener\">AN\u00c1LISE ECON\u00d4MICO-FINANCEIRA DE UMA EMPRESA DE PEQUENO PORTE: Um estudo em um Supermercado potiguar<\/a><\/td>\n<td>Gildene de Carvalho Monteiro<\/td>\n<td>Prof. Me. Francisco Jean Carlos de Souza Sampaio<\/td>\n<\/tr>\n<tr>\n<td><a href=\"https:\/\/www.uern.br\/controledepaginas\/2013\/arquivos\/5006itamar_bruc_da_silva_oliveira_qualidade_em_servicos_na_comercializacao_dos_produtos_da_disbep_norte_ltda_no_comercio_de_pau_dos_ferros_rn.pdf\" target=\"_blank\" rel=\"noopener\">QUALIDADE EM SERVI\u00c7OS NA COMERCIALIZA\u00c7\u00c3O DOS PRODUTOS DA DISBEP NORTE LTDA NO COM\u00c9RCIO DE PAU DOS FERROS\/RN<\/a><\/td>\n<td>Itamar Bruc da Silva Oliveira<\/td>\n<td>Prof. Me. Laecio da Cunha Oliveira<\/td>\n<\/tr>\n<tr>\n<td><a href=\"https:\/\/www.uern.br\/controledepaginas\/2013\/arquivos\/5006kendison_monteiro_almeida_as_contribuicoes_do_marketing_de_relacionamento_para_a_fidelizacao_dos_clientes_da_empresa_da%E2%82%AC%E2%84%A2pele_moda_intima.pdf\" target=\"_blank\" rel=\"noopener\">AS CONTRIBUI\u00c7\u00d5ES DO MARKETING DE RELACIONAMENTO PARA A FIDELIZA\u00c7\u00c3O DOS CLIENTES DA EMPRESA D\u2019PELE MODA \u00cdNTIMA<\/a><\/td>\n<td>Kendison Monteiro Almeida<\/td>\n<td>Prof. Me. Wellington Ferreira de Melo<\/td>\n<\/tr>\n<tr>\n<td><a href=\"https:\/\/www.uern.br\/controledepaginas\/2013\/arquivos\/5006ligia_de_souza_nunes_qualidade_de_vida_no_trabalho_um_estudo_no_setor_de_urgencia_e_emergancia_do_hospital_dr._cleodon_carlos_de_andrade.pdf\" target=\"_blank\" rel=\"noopener\">QUALIDADE DE VIDA NO TRABALHO: Um estudo no setor de urg\u00eancia e emerg\u00eancia do hospital Dr. Cleodon Carlos de Andrade<\/a><\/td>\n<td>L\u00edgia de Souza Nunes<\/td>\n<td>Prof<sup>a<\/sup>. Ma. Michelle Yumi Felipe Okino<\/td>\n<\/tr>\n<tr>\n<td><a href=\"https:\/\/www.uern.br\/controledepaginas\/2013\/arquivos\/5006luciana_isabelli_costa_de_paula_comunicacao_interna_como_influencia_na_qualidade_no_atendimento_um_estudo_na_empresa_a_graciosa.pdf\" target=\"_blank\" rel=\"noopener\">COMUNICA\u00c7\u00c3O INTERNA COMO INFLU\u00caNCIA NA QUALIDADE NO ATENDIMENTO: Um estudo na empresa A Graciosa<\/a><\/td>\n<td>Luciana Isabelli Costa de Paula<\/td>\n<td>Prof<sup>a<\/sup>. Ma. Sidn\u00e9ia Maia de Oliveira Rego<\/td>\n<\/tr>\n<tr>\n<td><a href=\"https:\/\/www.uern.br\/controledepaginas\/2013\/arquivos\/5006marcos_tiago_brasil_alves_qualidade_nos_servicos_um_estudo_na_secretaria_de_transporte_e_desenvolvimento_urbano_de_itau_rn.pdf\" target=\"_blank\" rel=\"noopener\">QUALIDADE NOS SERVI\u00c7OS: um estudo na Secretaria de Transporte e Desenvolvimento Urbano de Ita\u00fa\/RN<\/a><\/td>\n<td>Marcos Tiago Brasil Alves<\/td>\n<td>Prof. Me. Laecio da Cunha Oliveira<\/td>\n<\/tr>\n<tr>\n<td><a href=\"https:\/\/www.uern.br\/controledepaginas\/2013\/arquivos\/5006maria_da_conceica%C2%A3o_de_souza_silva_clima_organizacional_e_motivacao_um_estudo_com_os_servidores_da_secretaria_municipal_de_saude_e_saneamento_de_pau_dos_ferros_e_unidades_de_saude.pdf\" target=\"_blank\" rel=\"noopener\">CLIMA ORGANIZACIONAL E MOTIVA\u00c7\u00c3O: Um estudo com os servidores da Secretaria Municipal de Sa\u00fade e Saneamento de Pau dos Ferros e Unidades de Sa\u00fade<\/a><\/td>\n<td>Maria da Concei\u00e7\u00e3o de Souza Silva<\/td>\n<td>Prof<sup>a<\/sup>. Ma. Michelle Yumi Felipe Okino<\/td>\n<\/tr>\n<tr>\n<td><a href=\"https:\/\/www.uern.br\/controledepaginas\/2013\/arquivos\/5006maria_das_candeias_silveira_de_morais_limites_e_possibilidades_da_implantacao_do_consorcio_publico_regional_de_saneamento_basico_do_alto_oeste_potiguar.pdf\" target=\"_blank\" rel=\"noopener\">LIMITES E POSSIBILIDADES DA IMPLANTA\u00c7\u00c3O DO CONS\u00d3RCIO P\u00daBLICO REGIONAL DE SANEAMENTO B\u00c1SICO DO ALTO OESTE POTIGUAR<\/a><\/td>\n<td>Maria das Candeias Silveira de Morais<\/td>\n<td>Prof<sup>a<\/sup>. Ma. Sidn\u00e9ia Maia de Oliveira Rego<\/td>\n<\/tr>\n<tr>\n<td><a href=\"https:\/\/www.uern.br\/controledepaginas\/2013\/arquivos\/5006maria_kelliane_do_nascimento_qualidade_de_vida_no_trabalho_(qvt)_sob_o_enfoque_do_modelo_de_walton_um_estudo_na_prefeitura_municipal_de_rafael_fernandes_rn.pdf\" target=\"_blank\" rel=\"noopener\">QUALIDADE DE VIDA NO TRABALHO (QVT) SOB O ENFOQUE DO MODELO DE WALTON: Um estudo na Prefeitura Municipal de Rafael Fernandes\/RN<\/a><\/td>\n<td>Maria Kelliane do Nascimento<\/td>\n<td>Prof<sup>a<\/sup>. Ma. Michelle Yumi Felipe Okino<\/td>\n<\/tr>\n<tr>\n<td><a href=\"https:\/\/www.uern.br\/controledepaginas\/2013\/arquivos\/5006maria_suaria_costa_de_sousa_influencia_do_marketing_promocional_na_decisao_de_compras_dos_cabeleireiros_um_estudo_em_pau_dos_ferros_rn.pdf\" target=\"_blank\" rel=\"noopener\">INFLU\u00caNCIA DO MARKETING PROMOCIONAL NA DECIS\u00c3O DE COMPRAS DOS CABELEIREIROS Um estudo em Pau dos Ferros-RN<\/a><\/td>\n<td>Maria Su\u00e1ria Costa de Sousa<\/td>\n<td>Prof. Me. Edivaldo Rabelo de Menezes<\/td>\n<\/tr>\n<tr>\n<td><a href=\"https:\/\/www.uern.br\/controledepaginas\/2013\/arquivos\/5006meres_mikaelle_de_figueiredo_treinamento_e_desenvolvimento_uma_analise_junto_aos_servidores_da_secretaria_municipal_de_saude_de_rafael_fernandes_rn.pdf\" target=\"_blank\" rel=\"noopener\">TREINAMENTO E DESENVOLVIMENTO: Uma an\u00e1lise junto aos servidores da Secretaria Municipal de Sa\u00fade de Rafael Fernandes\/RN<\/a><\/td>\n<td>Meres Mikaelle de Figueiredo<\/td>\n<td>Prof<sup>a<\/sup>. Ma. Michelle Yumi Felipe Okino<\/td>\n<\/tr>\n<tr>\n<td><a href=\"https:\/\/www.uern.br\/controledepaginas\/2013\/arquivos\/5006micilene_de_queiroz_cardoso_estrutura_organizacional_um_estudo_dos_sistemas_de_responsabilidade_autoridade_e_comunicaa%C2%A7a%C2%A3o_na_otica_lux_em_pau_dos_ferros_rn.pdf\" target=\"_blank\" rel=\"noopener\">ESTRUTURA ORGANIZACIONAL um estudo dos sistemas de responsabilidade, autoridade e comunica\u00e7\u00e3o na \u00d3tica Lux em Pau dos Ferros\/RN<\/a><\/td>\n<td>Micilene de Queiroz Cardoso<\/td>\n<td>Prof<sup>a<\/sup>. Ma. Michelle Yumi Felipe Okino<\/td>\n<\/tr>\n<tr>\n<td><a href=\"https:\/\/www.uern.br\/controledepaginas\/2013\/arquivos\/5006nigila_maria_da_costa_benevides_o_estilo_de_lideranca_e_os_fatores_motivacionais_um_estudo_na_empresa_mare_mansa_eletros_em_pau_dos_ferros_a%E2%82%AC%E2%80%9C_rn.pdf\" target=\"_blank\" rel=\"noopener\">O ESTILO DE LIDERAN\u00c7A E OS FATORES MOTIVACIONAIS: um estudo na empresa Mar\u00e9 Mansa Eletros em Pau dos Ferros\/RN<\/a><\/td>\n<td>N\u00edgila Maria da Costa Benevides<\/td>\n<td>Prof<sup>a<\/sup>. Ma. Sidn\u00e9ia Maia de Oliveira Rego<\/td>\n<\/tr>\n<tr>\n<td><a href=\"https:\/\/www.uern.br\/controledepaginas\/2013\/arquivos\/5006rogerio_de_oliveira_lopes_junior_os_desafios_na_gesta%C6%92o_do_negocio_proprio_o_caso_dos_empreendedores_do_municipio_de_vicosa_rn.pdf\" target=\"_blank\" rel=\"noopener\">OS DESAFIOS NA GEST\u00c3O DO NEG\u00d3CIO PR\u00d3PRIO : O caso dos empreendedores do munic\u00edpio de Vi\u00e7osa\/RN<\/a><\/td>\n<td>Rog\u00e9rio de Oliveira Lopes J\u00fanior<\/td>\n<td>Prof. Me. Laecio da Cunha Oliveira<\/td>\n<\/tr>\n<tr>\n<td><a href=\"https:\/\/www.uern.br\/controledepaginas\/2013\/arquivos\/5006sergio_tony_de_freitas_rego_turismo_em_portalegre_rn_uma_analise_nos_impactos_e_estrategias_na_perspectiva_da_prefeitura.pdf\" target=\"_blank\" rel=\"noopener\">TURISMO EM PORTALEGRE\/RN: Uma an\u00e1lise nos impactos e estrat\u00e9gias na perspectiva da prefeitura<\/a><\/td>\n<td>Sergio Tony de Freitas R\u00eago<\/td>\n<td>Prof<sup>a<\/sup>. Ma. Michelle Yumi Felipe Okino<\/td>\n<\/tr>\n<tr>\n<td><a href=\"https:\/\/www.uern.br\/controledepaginas\/2013\/arquivos\/5006vinicius_chaves_silvestre_marketing_de_relacionamento_na_vidracaria_e_marmoraria_souza.pdf\" target=\"_blank\" rel=\"noopener\">MARKETING DE RELACIONAMENTO NA VIDRA\u00c7ARIA E MARMORARIA SOUZA<\/a><\/td>\n<td>Vin\u00edcius Chaves Silvestre<\/td>\n<td>Prof. Me. Wellington Ferreira de Melo<\/td>\n<\/tr>\n<\/tbody>\n<\/table>\n","protected":false},"excerpt":{"rendered":"<p>T\u00edtulo Autor(a) Orientador(a) CRIT\u00c9RIOS DE AVALIA\u00c7\u00c3O DE ESTOQUE: Um estudo de caso em uma empresa potiguar do ramo de materiais de constru\u00e7\u00e3o Airton Jos\u00e9 de Medeiros Prof. Me. Francisco Jean Carlos de Souza Sampaio REENGENHARIA DE PROCESSOS EM UMA ORGANIZA\u00c7\u00c3O P\u00daBLICA: o caso do Processo Judicial Digital no F\u00f3rum do Munic\u00edpio de S\u00e3o Miguel\/RN Allan [&hellip;]<\/p>\n","protected":false},"author":1,"featured_media":0,"parent":0,"menu_order":0,"comment_status":"closed","ping_status":"closed","template":"","meta":{"footnotes":""},"class_list":["post-665","page","type-page","status-publish","hentry"],"_links":{"self":[{"href":"https:\/\/portal.uern.br\/paudosferros\/administracao\/wp-json\/wp\/v2\/pages\/665","targetHints":{"allow":["GET"]}}],"collection":[{"href":"https:\/\/portal.uern.br\/paudosferros\/administracao\/wp-json\/wp\/v2\/pages"}],"about":[{"href":"https:\/\/portal.uern.br\/paudosferros\/administracao\/wp-json\/wp\/v2\/types\/page"}],"author":[{"embeddable":true,"href":"https:\/\/portal.uern.br\/paudosferros\/administracao\/wp-json\/wp\/v2\/users\/1"}],"replies":[{"embeddable":true,"href":"https:\/\/portal.uern.br\/paudosferros\/administracao\/wp-json\/wp\/v2\/comments?post=665"}],"version-history":[{"count":1,"href":"https:\/\/portal.uern.br\/paudosferros\/administracao\/wp-json\/wp\/v2\/pages\/665\/revisions"}],"predecessor-version":[{"id":666,"href":"https:\/\/portal.uern.br\/paudosferros\/administracao\/wp-json\/wp\/v2\/pages\/665\/revisions\/666"}],"wp:attachment":[{"href":"https:\/\/portal.uern.br\/paudosferros\/administracao\/wp-json\/wp\/v2\/media?parent=665"}],"curies":[{"name":"wp","href":"https:\/\/api.w.org\/{rel}","templated":true}]}}