{"id":654,"date":"2023-07-19T19:50:36","date_gmt":"2023-07-19T22:50:36","guid":{"rendered":"https:\/\/portal.uern.br\/paudosferros\/administracao\/?page_id=654"},"modified":"2023-07-19T19:59:01","modified_gmt":"2023-07-19T22:59:01","slug":"ano-2010","status":"publish","type":"page","link":"https:\/\/portal.uern.br\/paudosferros\/administracao\/ano-2010\/","title":{"rendered":"Ano 2010"},"content":{"rendered":"<p><a href=\"https:\/\/www.uern.br\/controledepaginas\/2010\/arquivos\/5000adriana_leite_de_oliveira_motivaa%E2%80%A1a%C6%92o_no_trabalho_um_estudo_desenvolvido_na_empresa_rede_lajedo_de_supermercado_mercantil_kitanda_na_cidade_de_doutor_severianorn.pdf\" target=\"_blank\" rel=\"noopener\">MOTIVA\u00c7\u00c3O NO TRABALHO: Um estudo desenvolvido na empresa Rede Lajedo de Supermercado Mercantil Kitanda na cidade de Doutor Severiano\/RN<\/a><\/p>\n<p>Adriana Leite de Oliveira<\/p>\n<p>Prof<sup>a<\/sup>. Ma. Michelle Yumi Felipe Okino<\/p>\n<p>&nbsp;<\/p>\n<p><a href=\"https:\/\/www.uern.br\/controledepaginas\/2010\/arquivos\/5000aldemir_bosco_de_negreiros_o_municipio_e_o_incentivo_ao_empreendedorismo_um_estudo_em_rafael_fernandes_rn.pdf\" target=\"_blank\" rel=\"noopener\">O MUNIC\u00cdPIO E O INCENTIVO AO EMPREENDEDORISMO: Um estudo em Rafael Fernandes\/RN<\/a><\/p>\n<p>Aldemir Bosco de Negreiros<\/p>\n<p>Prof. Me. Alexandre W\u00e1llace Ramos Pereira<\/p>\n<p>&nbsp;<\/p>\n<p><a href=\"https:\/\/www.uern.br\/controledepaginas\/2010\/arquivos\/5000ana_carla_de_castro_freire_a_influa%C5%A1ncia_do_ambiente_de_servia%E2%80%A1os_na_captaa%E2%80%A1a%C6%92o_e_fidelizaa%E2%80%A1a%C6%92o_de_clientes_no_hotel_hertz_center_em_pau_dos_ferros_a%E2%82%AC%E2%80%9C_rn.pdf\" target=\"_blank\" rel=\"noopener\">A INFLU\u00caNCIA DO AMBIENTE DE SERVI\u00c7OS NA CAPTA\u00c7\u00c3O E FIDELIZA\u00c7\u00c3O DE CLIENTES NO HOTEL HERTZ CENTER EM PAU DOS FERROS\/RN<\/a><\/p>\n<p>Ana Carla de Castro Freire<\/p>\n<p>Prof. Me. Edivaldo Rabelo de Menezes<\/p>\n<p>&nbsp;<\/p>\n<p><a href=\"https:\/\/www.uern.br\/controledepaginas\/2010\/arquivos\/5000andremario_jose_alves_maia_a_administracao_publica_e_o_setor_agropecuario_um_diagnostico_das_unidades_produtoras_de_leite_em_rafael_fernandes_rn.pdf\" target=\"_blank\" rel=\"noopener\">A ADMINISTRA\u00c7\u00c3O P\u00daBLICA E O SETOR AGROPECU\u00c1RIO: Um diagn\u00f3stico das unidades produtoras de leite em Rafael Fernandes\/RN<\/a><\/p>\n<p>Andrem\u00e1rio Jos\u00e9 Alves Maia<\/p>\n<p>Prof. Me. Alexandre W\u00e1llace Ramos Pereira<\/p>\n<p>&nbsp;<\/p>\n<p><a href=\"https:\/\/www.uern.br\/controledepaginas\/2010\/arquivos\/5000douglas_alves_de_vasconcelos_fila%C2%B3_uma_ana%C2%A1lise_dos_fatores_motivacionais_que_influenciam_o_comportamento_organizacional_da_empresa_brisanet.pdf\" target=\"_blank\" rel=\"noopener\">Uma an\u00e1lise dos fatores motivacionais que influenciam o comportamento organizacional da empresa Brisanet<\/a><\/p>\n<p>Douglas Alves de Vasconcelos Fil\u00f3<\/p>\n<p>Prof. Esp.Alexandre Ricarte de Sousa<\/p>\n<p>&nbsp;<\/p>\n<p><a href=\"https:\/\/www.uern.br\/controledepaginas\/2010\/arquivos\/5000fernanda_emanuela_de_queiroz_costa_a_comunicaa%E2%80%A1a%C6%92o_empresarial_um_estudo_sobre_as_formas_de_comunicaa%C2%A7a%C2%A3o_e_sua_integraa%C2%A7a%C2%A3o_na_dical_distribuidora_de_vea%C2%ADculos_em_pau_dos_ferrosrn.pdf\" target=\"_blank\" rel=\"noopener\">A COMUNICA\u00c7\u00c3O EMPRESARIAL Um estudo sobre as formas de comunica\u00e7\u00e3o e sua integra\u00e7\u00e3o na Dical Distribuidora de Ve\u00edculos em Pau dos Ferros\/RN<\/a><\/p>\n<p>Fernanda Emanuela de Queiroz Costa<\/p>\n<p>Prof<sup>a<\/sup>.Ma. Sidn\u00e9ia Maia de Oliveira Rego<\/p>\n<p>&nbsp;<\/p>\n<p><a href=\"https:\/\/www.uern.br\/controledepaginas\/2010\/arquivos\/5000fernando_helio_de_souza_silva_mecanismos_de_avaliacao_de_programas_publicos_no_municipio_de_doutor_severiano_rn.pdf\" target=\"_blank\" rel=\"noopener\">MECANISMOS DE AVALIA\u00c7\u00c3O DE PROGRAMAS P\u00daBLICOS NO MUNIC\u00cdPIO DE DOUTOR SEVERIANO\/RN<\/a><\/p>\n<p>Fernando H\u00e9lio de Souza Silva<\/p>\n<p>Prof. Me. Alexandre W\u00e1llace Ramos Pereira<\/p>\n<p>&nbsp;<\/p>\n<p><a href=\"https:\/\/www.uern.br\/controledepaginas\/2010\/arquivos\/5000francisca_clanubia_de_castro_analise_dos_fatores_motivacionais_em_uma_organizacao_industrial.pdf\" target=\"_blank\" rel=\"noopener\">AN\u00c1LISE DOS FATORES MOTIVACIONAIS EM UMA ORGANIZA\u00c7\u00c3O INDUSTRIAL<\/a><\/p>\n<p>Francisca Clan\u00fabia de Castro<\/p>\n<p>Prof. Me. Alexandre Wallace Ramos Pereira<\/p>\n<p>&nbsp;<\/p>\n<p><a href=\"https:\/\/www.uern.br\/controledepaginas\/2010\/arquivos\/5000francisca_dias_ribeiro_qualidade_no_atendimento_dos_usuarios_do_sistema_municipal_de_saude_um_estudo_na_secretaria_municipal_de_saude_de_doutor_severiano_rn.pdf\" target=\"_blank\" rel=\"noopener\">QUALIDADE NO ATENDIMENTO DOS USU\u00c1RIOS DO SISTEMA MUNICIPAL DE SA\u00daDE: um estudo na Secretaria Municipal de Sa\u00fade de Doutor Severiano\/RN<\/a><\/p>\n<p>Francisca Dias Ribeiro<\/p>\n<p>Prof<sup>a<\/sup>. Ma. Michelle Yumi Felipe Okino<\/p>\n<p>&nbsp;<\/p>\n<p><a href=\"https:\/\/www.uern.br\/controledepaginas\/2010\/arquivos\/5000ha%C2%A9lio_augusto_gurgel_freitas_o_fluxo_de_caixa_como_ferramenta_de_suporte_a%E2%82%AC_tomada_de_decisa%C6%92o_um_estudo_de_caso_em_uma_empresa_do_coma%C2%A9rcio_varejista_de_eletrodoma%C2%A9sticos_em_pau_dos_ferrosrn..pdf\" target=\"_blank\" rel=\"noopener\">O FLUXO DE CAIXA COMO FERRAMENTA DE SUPORTE \u00c0 TOMADA DE DECIS\u00c3O: Um estudo de caso em uma empresa do com\u00e9rcio varejista de eletrodom\u00e9sticos em Pau dos Ferros\/RN<\/a><\/p>\n<p>H\u00e9lio Augusto Gurgel Freitas-<\/p>\n<p>Prof<sup>a<\/sup>. Ma. Sandra de Souza Paiva Holanda<\/p>\n<p>&nbsp;<\/p>\n<p><a href=\"https:\/\/www.uern.br\/controledepaginas\/2010\/arquivos\/5000hugo_tiago_de_queiroz_dia%C2%B3genes_processos_organizacionais_uma_ana%C2%A1lise_das_atividades_desenvolvidas_na_escola_estadual_dr._josa%C2%A9_fernandes_de_melo.pdf\" target=\"_blank\" rel=\"noopener\">PROCESSOS ORGANIZACIONAIS: uma an\u00e1lise das atividades desenvolvidas na Escola Estadual Dr. Jos\u00e9 Fernandes de Melo<\/a><\/p>\n<p>Hugo Tiago de Queiroz Di\u00f3genes<\/p>\n<p>Prof. Me. Vagner Miranda de Carvalho<\/p>\n<p>&nbsp;<\/p>\n<p><a href=\"https:\/\/www.uern.br\/controledepaginas\/2010\/arquivos\/5000jose_armando_lopes_de_holanda_junior_uma_analise_dos_documentos_regimentais_da_faculdade_evolucao_alto_oeste_potiguar_a%E2%82%AC%E2%80%9C_facep_na_perspectiva_da_administracao_de_processos.pdf\" target=\"_blank\" rel=\"noopener\">UMA AN\u00c1LISE DOS DOCUMENTOS REGIMENTAIS DA FACULDADE EVOLU\u00c7\u00c3O ALTO OESTE POTIGUAR \u2013 FACEP NA PERSPECTIVA DA ADMINISTRA\u00c7\u00c3O DE PROCESSOS<\/a><\/p>\n<p>Jos\u00e9 Armando Lopes de Holanda J\u00fanior<\/p>\n<p>Prof<sup>a<\/sup>.Ma. Sidn\u00e9ia Maia de Oliveira Rego<\/p>\n<p>&nbsp;<\/p>\n<p><a href=\"https:\/\/www.uern.br\/controledepaginas\/2010\/arquivos\/5000jose_ronaldo_nogueira_de_andrade_gerenciamento_de_estoques_uma_analise_na_empresa_j_c_nogueira_me_a%E2%82%AC%E2%80%9C_pereiro_ce.pdf\" target=\"_blank\" rel=\"noopener\">GERENCIAMENTO DE ESTOQUES UMA AN\u00c1LISE NA EMPRESA J. C. NOGUEIRA ME \u2013 PEREIRO\/CE<\/a><\/p>\n<p>Jos\u00e9 Ronaldo Nogueira de Andrade<\/p>\n<p>Prof<sup>a<\/sup>. Ma. Sandra de Souza Paiva Holanda<\/p>\n<p>&nbsp;<\/p>\n<p><a href=\"https:\/\/www.uern.br\/controledepaginas\/2010\/arquivos\/5000kaliane_carla_custa%C2%B3dio_de_morais_um_estudo_do_controle_de_estoques_e_do_processo_de_armazenagem_da_poest.pdf\" target=\"_blank\" rel=\"noopener\">UM ESTUDO DO CONTROLE DE ESTOQUES E DO PROCESSO DE ARMAZENAGEM DA POEST<\/a><\/p>\n<p>Kaliane Carla Cust\u00f3dio de Morais<\/p>\n<p>Prof. Dr. Jo\u00e3o Batista de Freitas<\/p>\n<p>&nbsp;<\/p>\n<p><a href=\"https:\/\/www.uern.br\/controledepaginas\/2010\/arquivos\/5000larissa_maria_rego_de_oliveira_fernandes_o_desenvolvimento_de_pessoal_como_componente_multiplicador_de_resultadosum_estudo_de_caso_na_mr_motos_na_cidade_de_pau_dos_ferrosrn.pdf\" target=\"_blank\" rel=\"noopener\">O DESENVOLVIMENTO DE PESSOAL COMO COMPONENTE MULTIPLICADOR DE RESULTADOS: Um estudo de caso na MR MOTOS na cidade de Pau dos Ferros\/RN<\/a><\/p>\n<p>Larissa Maria Rego de Oliveira Fernandes<\/p>\n<p>Prof. Me. Vagner Miranda de Carvalho<\/p>\n<p>&nbsp;<\/p>\n<p><a href=\"https:\/\/www.uern.br\/controledepaginas\/2010\/arquivos\/5000leila_haniele_cavalcante_costa_estudo_da_demanda_turistica_em_portalegre_rn.pdf\" target=\"_blank\" rel=\"noopener\">ESTUDO DA DEMANDA TUR\u00cdSTICA EM PORTALEGRE-RN<\/a><\/p>\n<p>Leila Haniele Cavalcante Costa<\/p>\n<p>Prof. Me. Edivaldo Rabelo de Menezes<\/p>\n<p>&nbsp;<\/p>\n<p><a href=\"https:\/\/www.uern.br\/controledepaginas\/2010\/arquivos\/5000luana_maria_saturnino_analise_do_desenvolvimento_do_capital_humano_da_prefeitura_municipal_de_rafael_fernandes_rn.pdf\" target=\"_blank\" rel=\"noopener\">AN\u00c1LISE DO DESENVOLVIMENTO DO CAPITAL HUMANO DA PREFEITURA MUNICIPAL DE RAFAEL FERNANDES\/RN<\/a><\/p>\n<p>Luana Maria Saturnino<\/p>\n<p>Prof. Me. Vagner Miranda de Carvalho<\/p>\n<p>&nbsp;<\/p>\n<p><a href=\"https:\/\/www.uern.br\/controledepaginas\/2010\/arquivos\/5000luanna_giselly_marques_fontes_analise_da_formacao_dos_precos_de_vendas_de_mercadorias_em_uma_empresa_comercial_em_pau_dos_ferros_rn.pdf\" target=\"_blank\" rel=\"noopener\">AN\u00c1LISE DA FORMA\u00c7\u00c3O DOS PRE\u00c7OS DE VENDAS DE MERCADORIAS EM UMA EMPRESA COMERCIAL EM PAU DOS FERROS\/RN<\/a><\/p>\n<p>Luanna Giselly Marques Fontes<\/p>\n<p>Prof<sup>a<\/sup>. Ma. Sandra de Souza Paiva Holanda<\/p>\n<p>&nbsp;<\/p>\n<p><a href=\"https:\/\/www.uern.br\/controledepaginas\/2010\/arquivos\/5000maria_clebia_da_silva_martins_um_estudo_na_cadeia_produtiva_da_piscicultura_no_municipio_de_pau_dos_ferros_a%E2%82%AC%E2%80%9C_rn.pdf\" target=\"_blank\" rel=\"noopener\">UM ESTUDO NA CADEIA PRODUTIVA DA PISCICULTURA NO MUNIC\u00cdPIO DE PAU DOS FERROS\/RN<\/a><\/p>\n<p>Maria Cl\u00e9bia da Silva Martins<\/p>\n<p>Prof. Dr. Jo\u00e3o Batista de Freitas<\/p>\n<p>&nbsp;<\/p>\n<p><a href=\"https:\/\/www.uern.br\/controledepaginas\/2010\/arquivos\/5000mikarla_monaa%C2%ADza_chaves_de_aquino_as_pra%C2%A1ticas_de_gesta%C2%A3o_de_pessoas_na_empresa_familiar_comercial_j._chaves.pdf\" target=\"_blank\" rel=\"noopener\">As pr\u00e1ticas de gest\u00e3o de pessoas na empresa familiar Comercial J. Chaves<\/a><\/p>\n<p>Mikarla Mona\u00edza Chaves de Aquino<\/p>\n<p>Prof. Me. Vagner Miranda de Carvalho<\/p>\n<p>&nbsp;<\/p>\n<p><a href=\"https:\/\/www.uern.br\/controledepaginas\/2010\/arquivos\/5000monique_ferreira_da_silva_motivaa%E2%80%A1a%C6%92o_e_clima_organizacionalum_estudo_de_caso_na_secretaria_municipal_de_saade_de_alexandriarn..pdf\" target=\"_blank\" rel=\"noopener\">MOTIVA\u00c7\u00c3O E CLIMA ORGANIZACIONAL: Um estudo de caso na Secretaria Municipal de Sa\u00fade de Alexandria\/RN<\/a><\/p>\n<p>Monique Ferreira da Silva<\/p>\n<p>Prof<sup>a<\/sup>. Ma. Michelle Yumi Felipe Okino<\/p>\n<p>&nbsp;<\/p>\n<p><a href=\"https:\/\/www.uern.br\/controledepaginas\/2010\/arquivos\/5000nicolas_carneiro_do_nascimento_organizaa%E2%80%A1a%E2%80%A2es_do_terceiro_setorana%C2%A1lise_das_aa%C2%A7a%C2%B5es_administrativas_do_sindicato_dos_trabalhadores_e_trabalhadoras_rurais_de_rafael_fernandes_rn.pdf\" target=\"_blank\" rel=\"noopener\">ORGANIZA\u00c7\u00d5ES DO TERCEIRO SETOR: An\u00e1lise das a\u00e7\u00f5es administrativas do Sindicato dos Trabalhadores e Trabalhadoras Rurais de Rafael Fernandes\/RN<\/a><\/p>\n<p>N\u00edcolas Carneiro do Nascimento<\/p>\n<p>Prof. Me. Alexandre W\u00e1llace Ramos Pereira<\/p>\n<p>&nbsp;<\/p>\n<p><a href=\"https:\/\/www.uern.br\/controledepaginas\/2010\/arquivos\/5000pablo_phorlan_pereira_de_araajo_comportamento_do_consumidor_de_motocicletas_na_regia%C6%92o_do_alto_oeste_potiguar_uma_ana%C2%A1lise_dos_fatores_determinantes_na_decisa%C2%A3o_de_compra.pdf\" target=\"_blank\" rel=\"noopener\">COMPORTAMENTO DO CONSUMIDOR DE MOTOCICLETAS NA REGI\u00c3O DO ALTO OESTE POTIGUAR: Uma an\u00e1lise dos fatores determinantes na decis\u00e3o de compra<\/a><\/p>\n<p>Pablo Phorlan Pereira de Ara\u00fajo<\/p>\n<p>Prof. Me. Edivaldo Rabelo de Menezes<\/p>\n<p>&nbsp;<\/p>\n<p><a href=\"https:\/\/www.uern.br\/controledepaginas\/2010\/arquivos\/5000thiago_de_lima_ferreira_a_analise_do_comportamento_empreendedor_sob_a_otica_da_cultura_organizacional_um_caso_na_empresa_universidade_cola%E2%80%B0gio_e_curso.pdf\" target=\"_blank\" rel=\"noopener\">A AN\u00c1LISE DO COMPORTAMENTO EMPREENDEDOR SOB A \u00d3TICA DA CULTURA ORGANIZACIONAL UM CASO NA EMPRESA \u201cUNIVERSIDADE COL\u00c9GIO E CURSO\u201d<\/a><\/p>\n<p>Thiago de Lima Ferreira<\/p>\n<p>Prof. Esp.Alexandre Ricarte de Sousa<\/p>\n<p>&nbsp;<\/p>\n<p><a href=\"https:\/\/www.uern.br\/controledepaginas\/2010\/arquivos\/5000yara_janda_de_sousa_qualidade_na_prestaa%E2%80%A1a%C6%92o_de_servia%E2%80%A1osum_estudo_de_caso_sobre_a_satisfaa%C2%A7a%C2%A3o_e_a_fidelidade_dos_clientes_no_sala%C2%A3o_ja%C2%A2nea_bessa.pdf\" target=\"_blank\" rel=\"noopener\">QUALIDADE NA PRESTA\u00c7\u00c3O DE SERVI\u00c7OSU: m estudo de caso sobre a satisfa\u00e7\u00e3o e a fidelidade dos clientes no Sal\u00e3o J\u00e2nea Bessa<\/a><\/p>\n<p>Yara Janda de Sousa<\/p>\n<p>Prof<sup>a<\/sup>. Ma. Michelle Yumi Felipe Okino<\/p>\n<p>&nbsp;<\/p>\n<p><a href=\"https:\/\/www.uern.br\/controledepaginas\/2010\/arquivos\/5000zadja_tamara_ca%C2%A2ndida_dos_santos_o_gerenciamento_de_custos_no_processo_produtivo_como_ferramenta_para_otimizar_os_lucrosum_estudo_realizado_na_comunicaa%C2%A7a%C2%A3o_visual_editte_ltda.pdf\" target=\"_blank\" rel=\"noopener\">O GERENCIAMENTO DE CUSTOS NO PROCESSO PRODUTIVO COMO FERRAMENTA PARA OTIMIZAR OS LUCROS: Um estudo realizado na Comunica\u00e7\u00e3o Visual Editte ltda.<\/a><\/p>\n<p>Zadja Tamara C\u00e2ndida dos Santos<\/p>\n<p>Prof<sup>a<\/sup>. Ma. Sandra de Souza Paiva Holanda<\/p>\n","protected":false},"excerpt":{"rendered":"<p>MOTIVA\u00c7\u00c3O NO TRABALHO: Um estudo desenvolvido na empresa Rede Lajedo de Supermercado Mercantil Kitanda na cidade de Doutor Severiano\/RN Adriana Leite de Oliveira Profa. Ma. Michelle Yumi Felipe Okino &nbsp; O MUNIC\u00cdPIO E O INCENTIVO AO EMPREENDEDORISMO: Um estudo em Rafael Fernandes\/RN Aldemir Bosco de Negreiros Prof. Me. Alexandre W\u00e1llace Ramos Pereira &nbsp; A INFLU\u00caNCIA [&hellip;]<\/p>\n","protected":false},"author":1,"featured_media":0,"parent":0,"menu_order":0,"comment_status":"closed","ping_status":"closed","template":"","meta":{"footnotes":""},"class_list":["post-654","page","type-page","status-publish","hentry"],"_links":{"self":[{"href":"https:\/\/portal.uern.br\/paudosferros\/administracao\/wp-json\/wp\/v2\/pages\/654","targetHints":{"allow":["GET"]}}],"collection":[{"href":"https:\/\/portal.uern.br\/paudosferros\/administracao\/wp-json\/wp\/v2\/pages"}],"about":[{"href":"https:\/\/portal.uern.br\/paudosferros\/administracao\/wp-json\/wp\/v2\/types\/page"}],"author":[{"embeddable":true,"href":"https:\/\/portal.uern.br\/paudosferros\/administracao\/wp-json\/wp\/v2\/users\/1"}],"replies":[{"embeddable":true,"href":"https:\/\/portal.uern.br\/paudosferros\/administracao\/wp-json\/wp\/v2\/comments?post=654"}],"version-history":[{"count":2,"href":"https:\/\/portal.uern.br\/paudosferros\/administracao\/wp-json\/wp\/v2\/pages\/654\/revisions"}],"predecessor-version":[{"id":656,"href":"https:\/\/portal.uern.br\/paudosferros\/administracao\/wp-json\/wp\/v2\/pages\/654\/revisions\/656"}],"wp:attachment":[{"href":"https:\/\/portal.uern.br\/paudosferros\/administracao\/wp-json\/wp\/v2\/media?parent=654"}],"curies":[{"name":"wp","href":"https:\/\/api.w.org\/{rel}","templated":true}]}}