{"id":652,"date":"2023-07-19T19:49:26","date_gmt":"2023-07-19T22:49:26","guid":{"rendered":"https:\/\/portal.uern.br\/paudosferros\/administracao\/?page_id=652"},"modified":"2023-07-19T19:49:26","modified_gmt":"2023-07-19T22:49:26","slug":"ano-2009","status":"publish","type":"page","link":"https:\/\/portal.uern.br\/paudosferros\/administracao\/ano-2009\/","title":{"rendered":"Ano 2009"},"content":{"rendered":"<table cellspacing=\"0\" cellpadding=\"4\">\n<tbody>\n<tr>\n<td><strong>T\u00edtulo<\/strong><\/td>\n<td><strong>Autor(a)<\/strong><\/td>\n<td><strong>Orientador(a)<\/strong><\/td>\n<\/tr>\n<tr>\n<td><a href=\"https:\/\/www.uern.br\/controledepaginas\/2009\/arquivos\/4990alecia_da_silva_ja%C2%A1come_os_dilemas_da_competitividade_da_micro_e_pequena_empresa_o_caso_da_construcenter_em_alexandria_rn.pdf\" target=\"_blank\" rel=\"noopener\">OS DILEMAS DA COMPETITIVIDADE DA MICRO E PEQUENA EMPRESA: O Caso da Construcenter em Alexandria\/RN<\/a><\/td>\n<td>Al\u00e9cia Da Silva J\u00e1come<\/td>\n<td>Prof. Me. Edivaldo Rabelo Menezes<\/td>\n<\/tr>\n<tr>\n<td><a href=\"https:\/\/www.uern.br\/controledepaginas\/2009\/arquivos\/4990andra%C2%A9ia_anacira_fernandes_vieira_de_freitas_gesta%C6%92o_de_estoques2009_um_estudo_das_pra%C2%A1ticas_efetivadas_no_ligeirinho_supermercado_em_pau_dos_ferros_rn.pdf\" target=\"_blank\" rel=\"noopener\">GEST\u00c3O DE ESTOQUES: Um estudo das pr\u00e1ticas efetivadas no Ligeirinho Supermercado em Pau dos Ferros\/RN<\/a><\/td>\n<td>Andr\u00e9ia Anacira Fernandes Vieira de Freitas<\/td>\n<td>Prof<sup>a<\/sup>. Ma. Sandra de Souza Paiva Holanda<\/td>\n<\/tr>\n<tr>\n<td><a href=\"https:\/\/www.uern.br\/controledepaginas\/2009\/arquivos\/4990a%E2%80%9Angela_maria_nunes_almeida_a_lei_de_responsabilidade_fiscal_na_a%E2%80%9Ctica_dos_gestores_pa%C5%A1blicos_um_estudo_no_munica%C2%ADpio_de_riacho_de_santana_rn.pdf\" target=\"_blank\" rel=\"noopener\">A LEI DE RESPONSABILIDADE FISCAL NA \u00d3TICA DOS GESTORES P\u00daBLICOS: Um estudo no Munic\u00edpio de Riacho de Santana\/RN<\/a><\/td>\n<td>\u00c2ngela Maria Nunes Almeida<\/td>\n<td>Prof. Ms. Alexandre W\u00e1llace Ramos Pereira<\/td>\n<\/tr>\n<tr>\n<td><a href=\"https:\/\/www.uern.br\/controledepaginas\/2009\/arquivos\/4990antonio_borges_da_silva_a_gesta%C6%92o_da_cadeia_de_suprimentos_e_suas_implicaa%E2%80%A1a%E2%80%A2es_na_distribuia%E2%80%A1a%C6%92o_de_produtosum_estudo_na_casa_vieira_lua%C2%ADs_gomes_a%E2%82%AC%E2%80%9C_rn.pdf\" target=\"_blank\" rel=\"noopener\">A GEST\u00c3O DA CADEIA DE SUPRIMENTOS E SUAS IMPLICA\u00c7\u00d5ESNA DISTRIBUI\u00c7\u00c3O DE PRODUTOS: Um estudo na Casa Vieira Lu\u00eds Gomes\/RN<\/a><\/td>\n<td>Ant\u00f4nio Borges da Silva<\/td>\n<td>Prof. Dr. Jo\u00e3o Batista de Freitas<\/td>\n<\/tr>\n<tr>\n<td><a href=\"https:\/\/www.uern.br\/controledepaginas\/2009\/arquivos\/4990antonio_nakai_hiroks_rodrigues_capital_de_giro_ana%C2%A1lise_e_dimensionamento_dos_recursos_circulantes_da_hiroks_moda_a%C2%ADntima.pdf\" target=\"_blank\" rel=\"noopener\">CAPITAL DE GIRO: An\u00e1lise e dimensionamento dos recursos circulantes da HIROKS moda \u00edntima<\/a><\/td>\n<td>Ant\u00f4nio Nakai-Hiroks Rodrigues<\/td>\n<td>Prof<sup>a\u00a0<\/sup>Ma.. Sandra de Souza Paiva Holanda<\/td>\n<\/tr>\n<tr>\n<td><a href=\"https:\/\/www.uern.br\/controledepaginas\/2009\/arquivos\/4990fabiano_osa%C2%B3rio_da_silva_estrata%E2%80%B0gias_de_marketingum_estudo_de_caso_na_designer_presentes.pdf\" target=\"_blank\" rel=\"noopener\">ESTRAT\u00c9GIAS DE MARKETING: Um estudo de caso na Designer Presentes<\/a><\/td>\n<td>Fabiano Os\u00f3rio da Silva<\/td>\n<td>Prof<sup>a\u00a0<\/sup>Ma. Ana Paula dos Santos Oliveira Flor<\/td>\n<\/tr>\n<tr>\n<td><a href=\"https:\/\/www.uern.br\/controledepaginas\/2009\/arquivos\/4990francisca_katiana_da_silva_ferreira_marketing_social_na_educaa%C2%A7a%C2%A3o_a%E2%82%AC%E2%80%9C_um_estudo_de_caso_na_escola_educanda%C2%A1rio_raa%C2%ADzes_do_saber_em_lua%C2%ADs_gomes_rn.pdf\" target=\"_blank\" rel=\"noopener\">Marketing Social na Educa\u00e7\u00e3o \u2013 um estudo de caso na Escola Educand\u00e1rio Ra\u00edzes do Saber em Lu\u00eds Gomes\/RN<\/a><\/td>\n<td>Francisca Katiana da Silva Ferreira<\/td>\n<td>Prof. Me. Vagner Miranda de Carvalho<\/td>\n<\/tr>\n<tr>\n<td><a href=\"https:\/\/www.uern.br\/controledepaginas\/2009\/arquivos\/4990juliana_barros_de_medeiros_diagna%E2%80%9Cstico_empresarial_no_sebraeuma_ana%C2%A1lise_do_perfil_do_empreendedor_nas_micro_e_pequenas_empresas_do_setor_industrial_em_pau_dos_ferros_rn.pdf\" target=\"_blank\" rel=\"noopener\">DIAGN\u00d3STICO EMPRESARIAL NO SEBRAE: Uma an\u00e1lise do perfil do empreendedor nas micro e pequenas empresas do setor industrial em Pau dos Ferros\/RN<\/a><\/td>\n<td>Juliana Barros de Medeiros<\/td>\n<td>Prof. Me. Alexandre Wallace Ramos Pereira<\/td>\n<\/tr>\n<tr>\n<td><a href=\"https:\/\/www.uern.br\/controledepaginas\/2009\/arquivos\/4990maiara_rosane_gameleira_fernandes_a_gesta%C6%92o_por_competa%C5%A1ncias_e_sua_contribuia%E2%80%A1a%C6%92o_estrata%E2%80%B0gica_para_o_gerenciamento_de_pessoas_um_estudo_de_caso_no_posto_segundo_melo_em_pau_dos_ferros_rn.pdf\" target=\"_blank\" rel=\"noopener\">A GEST\u00c3O POR COMPET\u00caNCIAS E SUA CONTRIBUI\u00c7\u00c3O ESTRAT\u00c9GICA PARA O GERENCIAMENTO DE PESSOAS: um estudo de caso no Posto Segundo Melo em Pau dos Ferros\/RN<\/a><\/td>\n<td>Maiara Rosane Gameleira Fernandes<\/td>\n<td>Prof. Me. Vagner Miranda de Carvalho<\/td>\n<\/tr>\n<tr>\n<td><a href=\"https:\/\/www.uern.br\/controledepaginas\/2009\/arquivos\/4990maria_das_graa%C2%A7as_de_queiroz_maia_o_processo_de_comunicaa%E2%80%A1a%C6%92o_administrativa_na_universidade_do_estado_do_rio_grande_do_norteum_estudo_sobre_as_pra%C2%A1ticas_existentes_no_cameam.pdf\" target=\"_blank\" rel=\"noopener\">O PROCESSO DE COMUNICA\u00c7\u00c3O ADMINISTRATIVA NA UNIVERSIDADE DO ESTADO DO RIO GRANDE DO NORTE: Um estudo sobre as pr\u00e1ticas existentes no CAMEAM<\/a><\/td>\n<td>Maria das Gra\u00e7as de Queiroz Maia<\/td>\n<td>Prof. Me. Alexandre Wallace Ramos Pereira<\/td>\n<\/tr>\n<tr>\n<td><a href=\"https:\/\/www.uern.br\/controledepaginas\/2009\/arquivos\/4990roga%C2%A9rio_de_aquino_machado_roteirizaa%C2%A7a%C2%A3o_uma_oportunidade_para_a_redua%C2%A7a%C2%A3o_nos_custos_de_distribuia%C2%A7a%C2%A3o_da_distribuidora_extra_de_bebidas_ltda_localizada_na_cidade_de_pau_dos_ferrosrn.pdf\" target=\"_blank\" rel=\"noopener\">Roteiriza\u00e7\u00e3o: Uma oportunidade para a redu\u00e7\u00e3o nos custos de Distribui\u00e7\u00e3o da Distribuidora Extra de Bebidas LTDA localizada na cidade de Pau dos Ferros\/RN<\/a><\/td>\n<td>Rog\u00e9rio de Aquino Machado<\/td>\n<td>Dr. Jo\u00e3o Batista de Freitas<\/td>\n<\/tr>\n<\/tbody>\n<\/table>\n","protected":false},"excerpt":{"rendered":"<p>T\u00edtulo Autor(a) Orientador(a) OS DILEMAS DA COMPETITIVIDADE DA MICRO E PEQUENA EMPRESA: O Caso da Construcenter em Alexandria\/RN Al\u00e9cia Da Silva J\u00e1come Prof. Me. Edivaldo Rabelo Menezes GEST\u00c3O DE ESTOQUES: Um estudo das pr\u00e1ticas efetivadas no Ligeirinho Supermercado em Pau dos Ferros\/RN Andr\u00e9ia Anacira Fernandes Vieira de Freitas Profa. Ma. Sandra de Souza Paiva Holanda [&hellip;]<\/p>\n","protected":false},"author":1,"featured_media":0,"parent":0,"menu_order":0,"comment_status":"closed","ping_status":"closed","template":"","meta":{"footnotes":""},"class_list":["post-652","page","type-page","status-publish","hentry"],"_links":{"self":[{"href":"https:\/\/portal.uern.br\/paudosferros\/administracao\/wp-json\/wp\/v2\/pages\/652","targetHints":{"allow":["GET"]}}],"collection":[{"href":"https:\/\/portal.uern.br\/paudosferros\/administracao\/wp-json\/wp\/v2\/pages"}],"about":[{"href":"https:\/\/portal.uern.br\/paudosferros\/administracao\/wp-json\/wp\/v2\/types\/page"}],"author":[{"embeddable":true,"href":"https:\/\/portal.uern.br\/paudosferros\/administracao\/wp-json\/wp\/v2\/users\/1"}],"replies":[{"embeddable":true,"href":"https:\/\/portal.uern.br\/paudosferros\/administracao\/wp-json\/wp\/v2\/comments?post=652"}],"version-history":[{"count":1,"href":"https:\/\/portal.uern.br\/paudosferros\/administracao\/wp-json\/wp\/v2\/pages\/652\/revisions"}],"predecessor-version":[{"id":653,"href":"https:\/\/portal.uern.br\/paudosferros\/administracao\/wp-json\/wp\/v2\/pages\/652\/revisions\/653"}],"wp:attachment":[{"href":"https:\/\/portal.uern.br\/paudosferros\/administracao\/wp-json\/wp\/v2\/media?parent=652"}],"curies":[{"name":"wp","href":"https:\/\/api.w.org\/{rel}","templated":true}]}}