{"id":647,"date":"2023-07-19T19:47:42","date_gmt":"2023-07-19T22:47:42","guid":{"rendered":"https:\/\/portal.uern.br\/paudosferros\/administracao\/?page_id=647"},"modified":"2025-09-19T21:47:27","modified_gmt":"2025-09-20T00:47:27","slug":"grupo-de-pesquisa-neop","status":"publish","type":"page","link":"https:\/\/portal.uern.br\/paudosferros\/administracao\/grupo-de-pesquisa-neop\/","title":{"rendered":"Grupo de Pesquisa NEOP"},"content":{"rendered":"<table cellspacing=\"0\" cellpadding=\"7\">\n<tbody>\n<tr>\n<td><a href=\"http:\/\/dgp.cnpq.br\/dgp\/espelhogrupo\/7190067766876912\"><strong>Grupo de pesquisa\u00a0<\/strong><strong>N\u00facleo de Estudos Organizacionais do Alto Oeste Potiguar \u2013 NEOP<\/strong><\/a><\/td>\n<\/tr>\n<\/tbody>\n<\/table>\n<div id=\"identificacao\">\n<fieldset>\n<legend>Identifica\u00e7\u00e3o<\/legend>\n<div class=\"control-group\">\n<p><label class=\"control-label\">Situa\u00e7\u00e3o do grupo:<\/label><\/p>\n<div class=\"controls\">Certificado<\/div>\n<\/div>\n<div class=\"control-group\">\n<p><label class=\"control-label\">Ano de forma\u00e7\u00e3o:<\/label><\/p>\n<div class=\"controls\">2008<\/div>\n<\/div>\n<div class=\"control-group\">\n<p><label class=\"control-label\">Data da Situa\u00e7\u00e3o:<\/label><\/p>\n<div class=\"controls\">21\/06\/2022 12:48<\/div>\n<\/div>\n<div class=\"control-group\">\n<p><label class=\"control-label\">Data do \u00faltimo envio:<\/label><\/p>\n<div class=\"controls\">22\/07\/2025 14:51<\/div>\n<\/div>\n<div class=\"control-group\">\n<p><label class=\"control-label\">L\u00edder(es) do grupo:<\/label><\/p>\n<div class=\"controls\">\n<p>Francisco Jean Carlos de Souza Sampaio<\/p>\n<p>Edivaldo Rabelo de Menezes<\/p>\n<\/div>\n<\/div>\n<div class=\"control-group\">\n<p><label class=\"control-label\">\u00c1rea predominante:<\/label><\/p>\n<div class=\"controls\">Ci\u00eancias Sociais Aplicadas; Administra\u00e7\u00e3o<\/div>\n<\/div>\n<div class=\"control-group\">\n<p><label class=\"control-label\">Institui\u00e7\u00e3o do grupo:<\/label><\/p>\n<div class=\"controls\">Universidade do Estado do Rio Grande do Norte &#8211; UERN<\/div>\n<\/div>\n<div class=\"control-group\">\n<p><label class=\"control-label\">Unidade:<\/label><\/p>\n<div class=\"controls\">Campus Avan\u00e7ado de Pau dos Ferros<\/div>\n<\/div>\n<\/fieldset>\n<div id=\"idFormVisualizarGrupoPesquisa:contatoDialogId\" class=\"ui-dialog ui-widget ui-widget-content ui-overlay-hidden ui-corner-all ui-shadow modal ui-draggable\" role=\"dialog\" aria-labelledby=\"idFormVisualizarGrupoPesquisa:contatoDialogId_title\" aria-hidden=\"true\">\n<div class=\"ui-dialog-titlebar ui-widget-header ui-helper-clearfix ui-corner-top\"><\/div>\n<\/div>\n<\/div>\n<div id=\"endereco\">\n<fieldset>\n<legend>Endere\u00e7o \/ Contato<\/legend>\n<h4>Endere\u00e7o<\/h4>\n<div class=\"control-group\">\n<p><label class=\"control-label\">Logradouro: <\/label>Rodovia BR-405, S\/n &#8211; km 3 &#8211; Arizona, Pau dos Ferros &#8211; RN, 59900-000<\/p>\n<\/div>\n<div class=\"control-group\">\n<p><label class=\"control-label\">Bairro:<\/label>\u00a0Arizona<\/p>\n<\/div>\n<div class=\"control-group\">\n<p><label class=\"control-label\">UF: <\/label>RN<\/p>\n<\/div>\n<div class=\"control-group\">\n<p><label class=\"control-label\">Localidade: <\/label>Pau dos Ferros<\/p>\n<\/div>\n<div class=\"control-group\">\n<p><label class=\"control-label\">CEP: <\/label>59900000<\/p>\n<\/div>\n<div class=\"control-group\">\n<div class=\"controls\"><\/div>\n<\/div>\n<div class=\"control-group\">\n<div class=\"controls\">Contato do grupo<\/div>\n<\/div>\n<div class=\"control-group\">\n<p><label class=\"control-label\">Telefone:<\/label><\/p>\n<div class=\"controls\">(84) 98863-9755<\/div>\n<\/div>\n<div class=\"control-group\">\n<p><label class=\"control-label\">Fax:<\/label><\/p>\n<div class=\"controls\">(84) 99982-8685<\/div>\n<\/div>\n<div class=\"control-group\">\n<p><label class=\"control-label\">Contato do grupo:<\/label><\/p>\n<div class=\"controls\"><a href=\"mailto:jeansampaio@uern.br\">jeansampaio@uern.br<\/a><\/div>\n<\/div>\n<div class=\"control-group\">\n<p><label class=\"control-label\">Website:<\/label><\/p>\n<div class=\"controls\"><a href=\"https:\/\/pferros.uern.br\/dad\/default.asp?item=dep-administracao-pferros-apresentacao\" target=\"_blank\" rel=\"noopener\">https:\/\/pferros.uern.br\/dad\/default.asp?item=dep-administracao-pferros-apresentacao<\/a><\/div>\n<\/div>\n<\/fieldset>\n<\/div>\n<div id=\"repercussao\">\n<fieldset>\n<legend>Repercuss\u00f5es<\/legend>\n<h4>Repercuss\u00f5es dos trabalhos do grupo<\/h4>\n<p>Considerando a miss\u00e3o do N\u00facleo de Estudos Organizacionais do Alto Oeste &#8211; NEOP de &#8220;Integrar esfor\u00e7os acad\u00eamicos na condu\u00e7\u00e3o de estudos avan\u00e7ados em quest\u00f5es das organiza\u00e7\u00f5es e difundir o conhecimento resultante junto \u00e0 sociedade&#8221;, suas a\u00e7\u00f5es desenvolvidas ser\u00e3o sentidas ou ter\u00e3o influ\u00eancias: I. No enriquecimento dos conhecimentos te\u00f3ricos em diferentes ramos das organiza\u00e7\u00f5es, com foco nas linhas de pesquisas estabelecidas; II. Na amplia\u00e7\u00e3o do entendimento dos gestores sobre quest\u00f5es contempor\u00e2neas; e III. No aprimoramento do ensino de administra\u00e7\u00e3o, nos n\u00edveis de gradua\u00e7\u00e3o e p\u00f3s-gradua\u00e7\u00e3o.<\/p>\n<h4>Participa\u00e7\u00e3o em redes de pesquisa<\/h4>\n<div id=\"idFormVisualizarGrupoPesquisa:j_idt236\" class=\"ui-datatable ui-widget table table-bordered table-condensed table-hover table-striped\">\n<div class=\"ui-datatable-tablewrapper\">\n<table role=\"grid\">\n<thead id=\"idFormVisualizarGrupoPesquisa:j_idt236_head\">\n<tr role=\"row\">\n<th id=\"idFormVisualizarGrupoPesquisa:j_idt236:j_idt237\" class=\"ui-state-default\" role=\"columnheader\">Rede de pesquisa<\/th>\n<th id=\"idFormVisualizarGrupoPesquisa:j_idt236:j_idt240\" class=\"ui-state-default\" role=\"columnheader\">Website\/Blog<\/th>\n<\/tr>\n<\/thead>\n<tfoot><\/tfoot>\n<tbody id=\"idFormVisualizarGrupoPesquisa:j_idt236_data\" class=\"ui-datatable-data ui-widget-content\">\n<tr class=\"ui-widget-content ui-datatable-empty-message\">\n<td colspan=\"2\">Nenhum registro adicionado<\/td>\n<\/tr>\n<\/tbody>\n<\/table>\n<\/div>\n<\/div>\n<\/fieldset>\n<\/div>\n<div id=\"linhaPesquisa\">\n<fieldset>\n<legend>Linhas de pesquisa<\/legend>\n<div id=\"idFormVisualizarGrupoPesquisa:j_idt251\" class=\"ui-datatable ui-widget table table-bordered table-condensed table-hover table-striped\">\n<div class=\"ui-datatable-tablewrapper\">\n<table role=\"grid\">\n<thead id=\"idFormVisualizarGrupoPesquisa:j_idt251_head\">\n<tr role=\"row\">\n<th id=\"idFormVisualizarGrupoPesquisa:j_idt251:j_idt252\" class=\"ui-state-default\" role=\"columnheader\">Nome da linha de pesquisa<\/th>\n<th id=\"idFormVisualizarGrupoPesquisa:j_idt251:j_idt255\" class=\"ui-state-default\" role=\"columnheader\">Quantidade de Estudantes<\/th>\n<th id=\"idFormVisualizarGrupoPesquisa:j_idt251:j_idt258\" class=\"ui-state-default\" role=\"columnheader\">Quantidade de Pesquisadores<\/th>\n<th id=\"idFormVisualizarGrupoPesquisa:j_idt251:j_idt261\" class=\"ui-state-default bt1 center no-print\" role=\"columnheader\"><\/th>\n<\/tr>\n<\/thead>\n<tfoot><\/tfoot>\n<tbody id=\"idFormVisualizarGrupoPesquisa:j_idt251_data\" class=\"ui-datatable-data ui-widget-content\">\n<tr class=\"ui-widget-content ui-datatable-even\" role=\"row\" data-ri=\"0\">\n<td role=\"gridcell\">Marketing e Comportamento do Consumidor<\/td>\n<td role=\"gridcell\">0<\/td>\n<td role=\"gridcell\">2<\/td>\n<td class=\"bt1 center no-print\" role=\"gridcell\"><\/td>\n<\/tr>\n<tr class=\"ui-widget-content ui-datatable-odd\" role=\"row\" data-ri=\"1\">\n<td role=\"gridcell\">Organiza\u00e7\u00f5es Empresariais e Gest\u00e3o de Pequenos Neg\u00f3cios<\/td>\n<td role=\"gridcell\">0<\/td>\n<td role=\"gridcell\">6<\/td>\n<td class=\"bt1 center no-print\" role=\"gridcell\"><\/td>\n<\/tr>\n<tr class=\"ui-widget-content ui-datatable-even\" role=\"row\" data-ri=\"2\">\n<td role=\"gridcell\">Organiza\u00e7\u00f5es P\u00fablicas e Gest\u00e3o de Pequenas Cidades<\/td>\n<td role=\"gridcell\">0<\/td>\n<td role=\"gridcell\">9<\/td>\n<td class=\"bt1 center no-print\" role=\"gridcell\"><\/td>\n<\/tr>\n<\/tbody>\n<\/table>\n<\/div>\n<\/div>\n<\/fieldset>\n<\/div>\n<div id=\"recursosHumanos\">\n<fieldset>\n<legend>Recursos humanos<\/legend>\n<div id=\"idFormVisualizarGrupoPesquisa:j_idt271\" class=\"ui-datatable ui-widget table table-bordered table-condensed table-hover table-striped\">\n<div class=\"ui-datatable-tablewrapper\">\n<table role=\"grid\">\n<thead id=\"idFormVisualizarGrupoPesquisa:j_idt271_head\">\n<tr role=\"row\">\n<th id=\"idFormVisualizarGrupoPesquisa:j_idt271:j_idt272\" class=\"ui-state-default\" role=\"columnheader\">Pesquisadores<\/th>\n<th id=\"idFormVisualizarGrupoPesquisa:j_idt271:j_idt275\" class=\"ui-state-default\" role=\"columnheader\">Titula\u00e7\u00e3o m\u00e1xima<\/th>\n<th id=\"idFormVisualizarGrupoPesquisa:j_idt271:j_idt278\" class=\"ui-state-default\" role=\"columnheader\">Data inclus\u00e3o<\/th>\n<th id=\"idFormVisualizarGrupoPesquisa:j_idt271:j_idt282\" class=\"ui-state-default bt1 center no-print\" role=\"columnheader\"><\/th>\n<\/tr>\n<\/thead>\n<tfoot><\/tfoot>\n<tbody id=\"idFormVisualizarGrupoPesquisa:j_idt271_data\" class=\"ui-datatable-data ui-widget-content\">\n<tr class=\"ui-widget-content ui-datatable-even\" role=\"row\" data-ri=\"0\">\n<td role=\"gridcell\">Anailza Feitoza dos Santos Monteiro<\/td>\n<td role=\"gridcell\">Mestrado<\/td>\n<td role=\"gridcell\">22\/07\/2025<\/td>\n<td class=\"bt1 center no-print\" role=\"gridcell\"><\/td>\n<\/tr>\n<tr class=\"ui-widget-content ui-datatable-odd\" role=\"row\" data-ri=\"1\">\n<td role=\"gridcell\">Bruna Gon\u00e7alves de Oliveira<\/td>\n<td role=\"gridcell\">Doutorado<\/td>\n<td role=\"gridcell\">03\/04\/2024<\/td>\n<td class=\"bt1 center no-print\" role=\"gridcell\"><\/td>\n<\/tr>\n<tr class=\"ui-widget-content ui-datatable-even\" role=\"row\" data-ri=\"2\">\n<td role=\"gridcell\">Edivaldo Rabelo de Menezes<\/td>\n<td role=\"gridcell\">Mestrado<\/td>\n<td role=\"gridcell\">15\/06\/2022<\/td>\n<td class=\"bt1 center no-print\" role=\"gridcell\"><\/td>\n<\/tr>\n<tr class=\"ui-widget-content ui-datatable-odd\" role=\"row\" data-ri=\"3\">\n<td role=\"gridcell\">Francisco Jean Carlos de Souza Sampaio<\/td>\n<td role=\"gridcell\">Doutorado<\/td>\n<td role=\"gridcell\">03\/04\/2024<\/td>\n<td class=\"bt1 center no-print\" role=\"gridcell\"><\/td>\n<\/tr>\n<tr class=\"ui-widget-content ui-datatable-even\" role=\"row\" data-ri=\"4\">\n<td role=\"gridcell\">Marcos Cl\u00e9gio Teodoro<\/td>\n<td role=\"gridcell\">Mestrado<\/td>\n<td role=\"gridcell\">19\/06\/2025<\/td>\n<td class=\"bt1 center no-print\" role=\"gridcell\"><\/td>\n<\/tr>\n<tr class=\"ui-widget-content ui-datatable-odd\" role=\"row\" data-ri=\"5\">\n<td role=\"gridcell\">Sandra de Souza Paiva Holanda<\/td>\n<td role=\"gridcell\">Doutorado<\/td>\n<td role=\"gridcell\">15\/08\/2022<\/td>\n<td class=\"bt1 center no-print\" role=\"gridcell\"><\/td>\n<\/tr>\n<tr class=\"ui-widget-content ui-datatable-even\" role=\"row\" data-ri=\"6\">\n<td role=\"gridcell\">Sidn\u00e9ia Maia de Oliveira Rego<\/td>\n<td role=\"gridcell\">Doutorado<\/td>\n<td role=\"gridcell\">15\/06\/2022<\/td>\n<td class=\"bt1 center no-print\" role=\"gridcell\"><\/td>\n<\/tr>\n<tr class=\"ui-widget-content ui-datatable-odd\" role=\"row\" data-ri=\"7\">\n<td role=\"gridcell\">St\u00eanio Maia Estevam<\/td>\n<td role=\"gridcell\">Mestrado<\/td>\n<td role=\"gridcell\">15\/06\/2022<\/td>\n<td class=\"bt1 center no-print\" role=\"gridcell\"><\/td>\n<\/tr>\n<tr class=\"ui-widget-content ui-datatable-even\" role=\"row\" data-ri=\"8\">\n<td role=\"gridcell\">Thalia Ferreira Cirilo<\/td>\n<td role=\"gridcell\">Mestrado<\/td>\n<td role=\"gridcell\">27\/06\/2025<\/td>\n<td class=\"bt1 center no-print\" role=\"gridcell\"><\/td>\n<\/tr>\n<tr class=\"ui-widget-content ui-datatable-odd\" role=\"row\" data-ri=\"9\">\n<td role=\"gridcell\">Yascara Pryscilla Dantas Costa<\/td>\n<td role=\"gridcell\">Mestrado<\/td>\n<td role=\"gridcell\">15\/06\/2022<\/td>\n<td class=\"bt1 center no-print\" role=\"gridcell\"><\/td>\n<\/tr>\n<\/tbody>\n<\/table>\n<\/div>\n<\/div>\n<div id=\"idFormVisualizarGrupoPesquisa:j_idt288\" class=\"ui-datatable ui-widget table table-bordered table-condensed table-hover table-striped\">\n<div class=\"ui-datatable-tablewrapper\">\n<table role=\"grid\">\n<thead id=\"idFormVisualizarGrupoPesquisa:j_idt288_head\">\n<tr role=\"row\">\n<th id=\"idFormVisualizarGrupoPesquisa:j_idt288:j_idt289\" class=\"ui-state-default\" role=\"columnheader\">Estudantes<\/th>\n<th id=\"idFormVisualizarGrupoPesquisa:j_idt288:j_idt292\" class=\"ui-state-default\" role=\"columnheader\">N\u00edvel de Treinamento<\/th>\n<th id=\"idFormVisualizarGrupoPesquisa:j_idt288:j_idt295\" class=\"ui-state-default\" role=\"columnheader\">Data inclus\u00e3o<\/th>\n<th id=\"idFormVisualizarGrupoPesquisa:j_idt288:j_idt299\" class=\"ui-state-default bt1 center no-print\" role=\"columnheader\">A\u00e7\u00f5es<\/th>\n<\/tr>\n<\/thead>\n<tfoot><\/tfoot>\n<tbody id=\"idFormVisualizarGrupoPesquisa:j_idt288_data\" class=\"ui-datatable-data ui-widget-content\">\n<tr class=\"ui-widget-content ui-datatable-empty-message\">\n<td colspan=\"4\">Nenhum registro adicionado<\/td>\n<\/tr>\n<\/tbody>\n<\/table>\n<\/div>\n<\/div>\n<div id=\"idFormVisualizarGrupoPesquisa:j_idt305\" class=\"ui-datatable ui-widget table table-bordered table-condensed table-hover table-striped\">\n<div class=\"ui-datatable-tablewrapper\">\n<table role=\"grid\">\n<thead id=\"idFormVisualizarGrupoPesquisa:j_idt305_head\">\n<tr role=\"row\">\n<th id=\"idFormVisualizarGrupoPesquisa:j_idt305:j_idt306\" class=\"ui-state-default\" role=\"columnheader\">T\u00e9cnicos<\/th>\n<th id=\"idFormVisualizarGrupoPesquisa:j_idt305:j_idt309\" class=\"ui-state-default\" role=\"columnheader\">Forma\u00e7\u00e3o acad\u00eamica<\/th>\n<th id=\"idFormVisualizarGrupoPesquisa:j_idt305:j_idt312\" class=\"ui-state-default\" role=\"columnheader\">Data inclus\u00e3o<\/th>\n<th id=\"idFormVisualizarGrupoPesquisa:j_idt305:j_idt316\" class=\"ui-state-default bt1 center no-print\" role=\"columnheader\"><\/th>\n<\/tr>\n<\/thead>\n<tfoot><\/tfoot>\n<tbody id=\"idFormVisualizarGrupoPesquisa:j_idt305_data\" class=\"ui-datatable-data ui-widget-content\">\n<tr class=\"ui-widget-content ui-datatable-even\" role=\"row\" data-ri=\"0\">\n<td role=\"gridcell\">Giullyana Luc\u00eania Batalha Rocha Fernandes Lobo<\/td>\n<td role=\"gridcell\">Especializa\u00e7\u00e3o<\/td>\n<td role=\"gridcell\">17\/07\/2025<\/td>\n<td class=\"bt1 center no-print\" role=\"gridcell\"><\/td>\n<\/tr>\n<\/tbody>\n<\/table>\n<\/div>\n<\/div>\n<div id=\"idFormVisualizarGrupoPesquisa:j_idt322\" class=\"ui-datatable ui-widget table table-bordered table-condensed table-hover table-striped\">\n<div class=\"ui-datatable-tablewrapper\">\n<table role=\"grid\">\n<thead id=\"idFormVisualizarGrupoPesquisa:j_idt322_head\">\n<tr role=\"row\">\n<th id=\"idFormVisualizarGrupoPesquisa:j_idt322:j_idt323\" class=\"ui-state-default\" role=\"columnheader\">Colaboradores estrangeiros<\/th>\n<th id=\"idFormVisualizarGrupoPesquisa:j_idt322:j_idt326\" class=\"ui-state-default\" role=\"columnheader\">Pa\u00eds<\/th>\n<th id=\"idFormVisualizarGrupoPesquisa:j_idt322:j_idt329\" class=\"ui-state-default\" role=\"columnheader\">Data inclus\u00e3o<\/th>\n<th id=\"idFormVisualizarGrupoPesquisa:j_idt322:j_idt333\" class=\"ui-state-default bt1 no-print center\" role=\"columnheader\">A\u00e7\u00f5es<\/th>\n<\/tr>\n<\/thead>\n<tfoot><\/tfoot>\n<tbody id=\"idFormVisualizarGrupoPesquisa:j_idt322_data\" class=\"ui-datatable-data ui-widget-content\">\n<tr class=\"ui-widget-content ui-datatable-empty-message\">\n<td colspan=\"4\">Nenhum registro adicionado<\/td>\n<\/tr>\n<\/tbody>\n<\/table>\n<\/div>\n<\/div>\n<h4>Egressos<\/h4>\n<div id=\"idFormVisualizarGrupoPesquisa:j_idt342\" class=\"ui-datatable ui-widget table table-bordered table-condensed table-hover table-striped\">\n<div class=\"ui-datatable-tablewrapper\">\n<table role=\"grid\">\n<thead id=\"idFormVisualizarGrupoPesquisa:j_idt342_head\">\n<tr role=\"row\">\n<th id=\"idFormVisualizarGrupoPesquisa:j_idt342:j_idt343\" class=\"ui-state-default\" role=\"columnheader\">Pesquisadores<\/th>\n<th id=\"idFormVisualizarGrupoPesquisa:j_idt342:j_idt348\" class=\"ui-state-default\" role=\"columnheader\">Per\u00edodo de participa\u00e7\u00e3o no grupo<\/th>\n<th id=\"idFormVisualizarGrupoPesquisa:j_idt342:j_idt351\" class=\"ui-state-default bt1 no-print center\" role=\"columnheader\"><\/th>\n<\/tr>\n<\/thead>\n<tfoot><\/tfoot>\n<tbody id=\"idFormVisualizarGrupoPesquisa:j_idt342_data\" class=\"ui-datatable-data ui-widget-content\">\n<tr class=\"ui-widget-content ui-datatable-even\" role=\"row\" data-ri=\"0\">\n<td role=\"gridcell\">\n<div align=\"left\">Mayara Muniz de Oliveira<\/div>\n<\/td>\n<td role=\"gridcell\">De 15\/06\/2022 a 06\/06\/2024<\/td>\n<td class=\"bt1 no-print center\" role=\"gridcell\"><\/td>\n<\/tr>\n<\/tbody>\n<\/table>\n<\/div>\n<\/div>\n<div id=\"idFormVisualizarGrupoPesquisa:j_idt354\" class=\"ui-datatable ui-widget table table-bordered table-condensed table-hover table-striped\">\n<div class=\"ui-datatable-tablewrapper\">\n<table role=\"grid\">\n<thead id=\"idFormVisualizarGrupoPesquisa:j_idt354_head\">\n<tr role=\"row\">\n<th id=\"idFormVisualizarGrupoPesquisa:j_idt354:j_idt355\" class=\"ui-state-default\" role=\"columnheader\">Estudantes<\/th>\n<th id=\"idFormVisualizarGrupoPesquisa:j_idt354:j_idt358\" class=\"ui-state-default\" role=\"columnheader\">Per\u00edodo de participa\u00e7\u00e3o no grupo<\/th>\n<th id=\"idFormVisualizarGrupoPesquisa:j_idt354:j_idt361\" class=\"ui-state-default bt1 no-print center\" role=\"columnheader\">A\u00e7\u00f5es<\/th>\n<\/tr>\n<\/thead>\n<tfoot><\/tfoot>\n<tbody id=\"idFormVisualizarGrupoPesquisa:j_idt354_data\" class=\"ui-datatable-data ui-widget-content\">\n<tr class=\"ui-widget-content ui-datatable-empty-message\">\n<td colspan=\"3\">Nenhum registro adicionado<\/td>\n<\/tr>\n<\/tbody>\n<\/table>\n<\/div>\n<\/div>\n<\/fieldset>\n<div id=\"idFormVisualizarGrupoPesquisa:dialogHistorico\" class=\"ui-dialog ui-widget ui-widget-content ui-overlay-hidden ui-corner-all ui-shadow modal ui-draggable\" role=\"dialog\" aria-labelledby=\"idFormVisualizarGrupoPesquisa:dialogHistorico_title\" aria-hidden=\"true\">\n<div class=\"ui-dialog-titlebar ui-widget-header ui-helper-clearfix ui-corner-top\"><\/div>\n<div class=\"ui-dialog-content ui-widget-content\">\n<div class=\"modal-body\">\n<div class=\"control-group\"><\/div>\n<\/div>\n<\/div>\n<\/div>\n<\/div>\n<div id=\"indicadores\">\n<fieldset>\n<legend>Indicadores de recursos humanos do grupo<\/legend>\n<div id=\"idFormVisualizarGrupoPesquisa:j_idt418\" class=\"ui-datatable ui-widget table table-bordered table-condensed table-hover table-striped\">\n<div class=\"ui-datatable-tablewrapper\">\n<table role=\"grid\">\n<thead id=\"idFormVisualizarGrupoPesquisa:j_idt418_head\">\n<tr role=\"row\">\n<th id=\"idFormVisualizarGrupoPesquisa:j_idt418:j_idt419\" class=\"ui-state-default\" role=\"columnheader\">Forma\u00e7\u00e3o acad\u00eamica<\/th>\n<th id=\"idFormVisualizarGrupoPesquisa:j_idt418:j_idt422\" class=\"ui-state-default textoDireita\" role=\"columnheader\">Pesquisadores<\/th>\n<th id=\"idFormVisualizarGrupoPesquisa:j_idt418:j_idt425\" class=\"ui-state-default textoDireita\" role=\"columnheader\">Estudantes<\/th>\n<th id=\"idFormVisualizarGrupoPesquisa:j_idt418:j_idt428\" class=\"ui-state-default textoDireita\" role=\"columnheader\">T\u00e9cnicos<\/th>\n<th id=\"idFormVisualizarGrupoPesquisa:j_idt418:j_idt431\" class=\"ui-state-default textoDireita\" role=\"columnheader\">Colaboradores estrangeiros<\/th>\n<th id=\"idFormVisualizarGrupoPesquisa:j_idt418:j_idt434\" class=\"ui-state-default textoDireita\" role=\"columnheader\">Total<\/th>\n<\/tr>\n<\/thead>\n<tfoot><\/tfoot>\n<tbody id=\"idFormVisualizarGrupoPesquisa:j_idt418_data\" class=\"ui-datatable-data ui-widget-content\">\n<tr class=\"ui-widget-content ui-datatable-even\" role=\"row\" data-ri=\"0\">\n<td role=\"gridcell\">Doutorado<\/td>\n<td class=\"textoDireita\" role=\"gridcell\">4<\/td>\n<td class=\"textoDireita\" role=\"gridcell\">0<\/td>\n<td class=\"textoDireita\" role=\"gridcell\">0<\/td>\n<td class=\"textoDireita\" role=\"gridcell\">0<\/td>\n<td class=\"textoDireita\" role=\"gridcell\">4<\/td>\n<\/tr>\n<tr class=\"ui-widget-content ui-datatable-odd\" role=\"row\" data-ri=\"1\">\n<td role=\"gridcell\">Mestrado<\/td>\n<td class=\"textoDireita\" role=\"gridcell\">6<\/td>\n<td class=\"textoDireita\" role=\"gridcell\">0<\/td>\n<td class=\"textoDireita\" role=\"gridcell\">0<\/td>\n<td class=\"textoDireita\" role=\"gridcell\">0<\/td>\n<td class=\"textoDireita\" role=\"gridcell\">6<\/td>\n<\/tr>\n<tr class=\"ui-widget-content ui-datatable-even\" role=\"row\" data-ri=\"2\">\n<td role=\"gridcell\">Especializa\u00e7\u00e3o<\/td>\n<td class=\"textoDireita\" role=\"gridcell\">0<\/td>\n<td class=\"textoDireita\" role=\"gridcell\">0<\/td>\n<td class=\"textoDireita\" role=\"gridcell\">1<\/td>\n<td class=\"textoDireita\" role=\"gridcell\">0<\/td>\n<td class=\"textoDireita\" role=\"gridcell\">1<\/td>\n<\/tr>\n<\/tbody>\n<\/table>\n<\/div>\n<\/div>\n<\/fieldset>\n<\/div>\n","protected":false},"excerpt":{"rendered":"<p>Grupo de pesquisa\u00a0N\u00facleo de Estudos Organizacionais do Alto Oeste Potiguar \u2013 NEOP Identifica\u00e7\u00e3o Situa\u00e7\u00e3o do grupo: Certificado Ano de forma\u00e7\u00e3o: 2008 Data da Situa\u00e7\u00e3o: 21\/06\/2022 12:48 Data do \u00faltimo envio: 22\/07\/2025 14:51 L\u00edder(es) do grupo: Francisco Jean Carlos de Souza Sampaio Edivaldo Rabelo de Menezes \u00c1rea predominante: Ci\u00eancias Sociais Aplicadas; Administra\u00e7\u00e3o Institui\u00e7\u00e3o do grupo: Universidade [&hellip;]<\/p>\n","protected":false},"author":1,"featured_media":0,"parent":0,"menu_order":0,"comment_status":"closed","ping_status":"closed","template":"","meta":{"footnotes":""},"class_list":["post-647","page","type-page","status-publish","hentry"],"_links":{"self":[{"href":"https:\/\/portal.uern.br\/paudosferros\/administracao\/wp-json\/wp\/v2\/pages\/647","targetHints":{"allow":["GET"]}}],"collection":[{"href":"https:\/\/portal.uern.br\/paudosferros\/administracao\/wp-json\/wp\/v2\/pages"}],"about":[{"href":"https:\/\/portal.uern.br\/paudosferros\/administracao\/wp-json\/wp\/v2\/types\/page"}],"author":[{"embeddable":true,"href":"https:\/\/portal.uern.br\/paudosferros\/administracao\/wp-json\/wp\/v2\/users\/1"}],"replies":[{"embeddable":true,"href":"https:\/\/portal.uern.br\/paudosferros\/administracao\/wp-json\/wp\/v2\/comments?post=647"}],"version-history":[{"count":6,"href":"https:\/\/portal.uern.br\/paudosferros\/administracao\/wp-json\/wp\/v2\/pages\/647\/revisions"}],"predecessor-version":[{"id":1106,"href":"https:\/\/portal.uern.br\/paudosferros\/administracao\/wp-json\/wp\/v2\/pages\/647\/revisions\/1106"}],"wp:attachment":[{"href":"https:\/\/portal.uern.br\/paudosferros\/administracao\/wp-json\/wp\/v2\/media?parent=647"}],"curies":[{"name":"wp","href":"https:\/\/api.w.org\/{rel}","templated":true}]}}