{"id":643,"date":"2023-07-19T19:47:05","date_gmt":"2023-07-19T22:47:05","guid":{"rendered":"https:\/\/portal.uern.br\/paudosferros\/administracao\/?page_id=643"},"modified":"2026-03-04T11:04:23","modified_gmt":"2026-03-04T14:04:23","slug":"extensao","status":"publish","type":"page","link":"https:\/\/portal.uern.br\/paudosferros\/administracao\/extensao\/","title":{"rendered":"Extens\u00e3o"},"content":{"rendered":"<p>&nbsp;<\/p>\n<p style=\"text-align: center\"><span style=\"font-size: 14pt\"><strong>Projetos de Extens\u00e3o Desenvolvidos no Curso de Administra\u00e7\u00e3o\/CAPF<\/strong><\/span><\/p>\n<p>&nbsp;<\/p>\n<table style=\"border-collapse: collapse;width: 99.6346%;height: 482px\">\n<tbody>\n<tr style=\"height: 24px\">\n<td style=\"width: 6.20133%;height: 24px;text-align: center\"><strong>ANO<\/strong><\/td>\n<td style=\"width: 39.1268%;height: 24px;text-align: center\"><strong>NOME DO PROJETO<\/strong><\/td>\n<td style=\"width: 29.6719%;height: 24px;text-align: center\"><strong>COORDENA\u00c7\u00c3O\/Aluno(a) bolsista<\/strong><\/td>\n<td style=\"width: 12.5%;height: 24px;text-align: center\"><strong>OBSERVA\u00c7\u00c3O<\/strong><\/td>\n<\/tr>\n<tr style=\"height: 48px\">\n<td style=\"width: 6.20133%;height: 48px;text-align: center\">2021<\/td>\n<td style=\"width: 39.1268%;height: 48px;text-align: center\">Conecta ADM<\/td>\n<td style=\"width: 29.6719%;height: 48px;text-align: center\">Prof. Me. Edivaldo Rabelo de Menezes<\/td>\n<td style=\"width: 12.5%;height: 48px;text-align: center\">Conclu\u00eddo<\/td>\n<\/tr>\n<tr style=\"height: 24px\">\n<td style=\"width: 6.20133%;height: 24px;text-align: center\">2022<\/td>\n<td style=\"width: 39.1268%;height: 24px;text-align: center\">\u00a0Conecta ADM &#8211; 2\u00aa Edi\u00e7\u00e3o<\/td>\n<td style=\"width: 29.6719%;height: 24px;text-align: center\">Prof. Me. Edivaldo Rabelo de Menezes<\/td>\n<td style=\"width: 12.5%;height: 24px;text-align: center\">Conclu\u00eddo<\/td>\n<\/tr>\n<tr style=\"height: 24px\">\n<td style=\"width: 6.20133%;height: 24px;text-align: center\">2023<\/td>\n<td style=\"width: 39.1268%;height: 24px;text-align: center\">Conecta ADM &#8211; 3\u00aa Edi\u00e7\u00e3o<\/td>\n<td style=\"width: 29.6719%;height: 24px;text-align: center\">Prof. Dr. Laecio da Cunha Oliveira<\/td>\n<td style=\"width: 12.5%;height: 24px;text-align: center\">Conclu\u00eddo<\/td>\n<\/tr>\n<tr style=\"height: 24px\">\n<td style=\"width: 6.20133%;text-align: center;height: 96px\" rowspan=\"2\">2024<\/td>\n<td style=\"width: 39.1268%;text-align: center;height: 24px\">Conecta ADM &#8211; 4\u00aa Edi\u00e7\u00e3o<\/td>\n<td style=\"width: 29.6719%;text-align: center;height: 24px\">Prof.\u00aa Ma. Mayara Muniz de Oliveira<\/td>\n<td style=\"width: 12.5%;text-align: center;height: 24px\">Conclu\u00eddo<\/td>\n<\/tr>\n<tr style=\"height: 72px\">\n<td style=\"width: 39.1268%;text-align: center;height: 72px\">Benef\u00edcios Sociais, Forma\u00e7\u00e3o Superior e<br \/>\nPerspectivas Futuras do Curso de Administra\u00e7\u00e3o<br \/>\nno Mercado de Trabalho<\/td>\n<td style=\"width: 29.6719%;text-align: center;height: 72px\">Prof. Dr. Laecio da Cunha Oliveira<\/p>\n<p><em>J\u00easima Roberta dos Santos Bezerra &#8211; Bolsista<\/em><\/p>\n<p>&nbsp;<\/td>\n<td style=\"width: 12.5%;text-align: center;height: 72px\">Conclu\u00eddo<\/td>\n<\/tr>\n<tr>\n<td style=\"width: 6.20133%;text-align: center\" rowspan=\"2\">2025<\/td>\n<td style=\"width: 39.1268%;height: 24px;text-align: center\">Conecta ADM &#8211; 5\u00aa Edi\u00e7\u00e3o<\/td>\n<td style=\"width: 29.6719%;text-align: center\">Prof.\u00aa Ma. Mayara Muniz de Oliveira<\/p>\n<p><em>Maria Suellen Silva de Oliveira &#8211; Bolsista<\/em><\/td>\n<td style=\"width: 12.5%;text-align: center\">Conclu\u00eddo<\/td>\n<\/tr>\n<tr style=\"height: 72px\">\n<td style=\"width: 39.1268%;height: 72px;text-align: center\">Benef\u00edcios Sociais, Forma\u00e7\u00e3o Superior e<br \/>\nPerspectivas Futuras do Curso de Administra\u00e7\u00e3o<br \/>\nno Mercado de Trabalho &#8211; 2\u00aa Edi\u00e7\u00e3o<\/td>\n<td style=\"width: 29.6719%;text-align: center\">Prof. Dr. Laecio da Cunha Oliveira<\/p>\n<p><em>Erica Camilly Ara\u00faj<\/em><em>o Monteiro &#8211; Bolsista<\/em><\/td>\n<td style=\"width: 12.5%;text-align: center\">Conclu\u00eddo<\/td>\n<\/tr>\n<tr>\n<td style=\"width: 6.20133%;text-align: center\" rowspan=\"2\"><strong><br \/>\n<\/strong><strong>2026<\/strong><\/td>\n<td style=\"width: 39.1268%;text-align: center\"><strong>Conecta ADM &#8211; 6\u00aa Edi\u00e7\u00e3o<\/strong><\/td>\n<td style=\"width: 29.6719%;text-align: center\">Prof.\u00aa Ma. Mayara Muniz de Oliveira<\/td>\n<td style=\"width: 12.5%;text-align: center\">Em andamento<\/td>\n<\/tr>\n<tr>\n<td style=\"width: 39.1268%;text-align: center\"><strong>Benef\u00edcios Sociais, Forma\u00e7\u00e3o Superior e<\/strong><br \/>\n<strong>Perspectivas Futuras do Curso de Administra\u00e7\u00e3o<\/strong><br \/>\n<strong>no Mercado de Trabalho &#8211; 3\u00aa Edi\u00e7\u00e3o<\/strong><\/td>\n<td style=\"width: 29.6719%;text-align: center\">Prof. Dr. Laecio da Cunha Oliveira<\/p>\n<p><em>Gabriel Henrique de Freitas Albuquerque &#8211; Bolsista<\/em><\/td>\n<td style=\"width: 12.5%;text-align: center\">Em andamento<\/td>\n<\/tr>\n<\/tbody>\n<\/table>\n<p>&nbsp;<\/p>\n<p>&nbsp;<\/p>\n","protected":false},"excerpt":{"rendered":"<p>&nbsp; Projetos de Extens\u00e3o Desenvolvidos no Curso de Administra\u00e7\u00e3o\/CAPF &nbsp; ANO NOME DO PROJETO COORDENA\u00c7\u00c3O\/Aluno(a) bolsista OBSERVA\u00c7\u00c3O 2021 Conecta ADM Prof. Me. Edivaldo Rabelo de Menezes Conclu\u00eddo 2022 \u00a0Conecta ADM &#8211; 2\u00aa Edi\u00e7\u00e3o Prof. Me. Edivaldo Rabelo de Menezes Conclu\u00eddo 2023 Conecta ADM &#8211; 3\u00aa Edi\u00e7\u00e3o Prof. Dr. Laecio da Cunha Oliveira Conclu\u00eddo 2024 Conecta [&hellip;]<\/p>\n","protected":false},"author":1,"featured_media":0,"parent":0,"menu_order":0,"comment_status":"closed","ping_status":"closed","template":"","meta":{"footnotes":""},"class_list":["post-643","page","type-page","status-publish","hentry"],"_links":{"self":[{"href":"https:\/\/portal.uern.br\/paudosferros\/administracao\/wp-json\/wp\/v2\/pages\/643","targetHints":{"allow":["GET"]}}],"collection":[{"href":"https:\/\/portal.uern.br\/paudosferros\/administracao\/wp-json\/wp\/v2\/pages"}],"about":[{"href":"https:\/\/portal.uern.br\/paudosferros\/administracao\/wp-json\/wp\/v2\/types\/page"}],"author":[{"embeddable":true,"href":"https:\/\/portal.uern.br\/paudosferros\/administracao\/wp-json\/wp\/v2\/users\/1"}],"replies":[{"embeddable":true,"href":"https:\/\/portal.uern.br\/paudosferros\/administracao\/wp-json\/wp\/v2\/comments?post=643"}],"version-history":[{"count":24,"href":"https:\/\/portal.uern.br\/paudosferros\/administracao\/wp-json\/wp\/v2\/pages\/643\/revisions"}],"predecessor-version":[{"id":1112,"href":"https:\/\/portal.uern.br\/paudosferros\/administracao\/wp-json\/wp\/v2\/pages\/643\/revisions\/1112"}],"wp:attachment":[{"href":"https:\/\/portal.uern.br\/paudosferros\/administracao\/wp-json\/wp\/v2\/media?parent=643"}],"curies":[{"name":"wp","href":"https:\/\/api.w.org\/{rel}","templated":true}]}}