{"id":641,"date":"2023-07-19T19:46:48","date_gmt":"2023-07-19T22:46:48","guid":{"rendered":"https:\/\/portal.uern.br\/paudosferros\/administracao\/?page_id=641"},"modified":"2025-05-16T12:05:30","modified_gmt":"2025-05-16T15:05:30","slug":"formularios","status":"publish","type":"page","link":"https:\/\/portal.uern.br\/paudosferros\/administracao\/formularios\/","title":{"rendered":"Formul\u00e1rios"},"content":{"rendered":"<table style=\"border-collapse: collapse;width: 100%\">\n<tbody>\n<tr>\n<td style=\"width: 100%\"><a href=\"https:\/\/docs.google.com\/forms\/d\/e\/1FAIpQLSd7cC3_7Yk7ib6NDO1bCu9nIxqSMTPsODG8F02t1S__urlcuw\/viewform\">Solicita\u00e7\u00e3o de documento acad\u00eamico (aluno e ex-aluno)<\/a>\u00a0&#8211; Formul\u00e1rio\u00a0<em>online<\/em><\/td>\n<\/tr>\n<\/tbody>\n<\/table>\n<table style=\"border-collapse: collapse;width: 100%\">\n<tbody>\n<tr>\n<td style=\"width: 100%\"><a href=\"http:\/\/www.uern.br\/controledepaginas\/formularios\/arquivos\/6285requerimento_de_regime_domiciliar.pdf\">Requerimento de Exerc\u00edcio em Regime Domiciliar<\/a><\/td>\n<\/tr>\n<\/tbody>\n<\/table>\n<table style=\"border-collapse: collapse;width: 100%;height: 48px\">\n<tbody>\n<tr style=\"height: 24px\">\n<td style=\"width: 100%;height: 24px\"><a href=\"http:\/\/www.uern.br\/controledepaginas\/formularios\/arquivos\/6285requerimento_de_desligamento_por_vontade_pra%C2%B3pria.pdf\">Requerimento de Desligamento por Vontade Pr\u00f3pria<\/a><\/td>\n<\/tr>\n<\/tbody>\n<\/table>\n<table style=\"border-collapse: collapse;width: 100%\">\n<tbody>\n<tr>\n<td style=\"width: 100%\"><a href=\"https:\/\/portal.uern.br\/paudosferros\/administracao\/wp-content\/uploads\/sites\/3\/2025\/05\/Requerimento-de-segunda-chamada.pdf\">Requerimento de Segunda Chamada<\/a><\/td>\n<\/tr>\n<\/tbody>\n<\/table>\n<p>&nbsp;<\/p>\n","protected":false},"excerpt":{"rendered":"<p>Solicita\u00e7\u00e3o de documento acad\u00eamico (aluno e ex-aluno)\u00a0&#8211; Formul\u00e1rio\u00a0online Requerimento de Exerc\u00edcio em Regime Domiciliar Requerimento de Desligamento por Vontade Pr\u00f3pria Requerimento de Segunda Chamada &nbsp;<\/p>\n","protected":false},"author":1,"featured_media":0,"parent":0,"menu_order":0,"comment_status":"closed","ping_status":"closed","template":"","meta":{"footnotes":""},"class_list":["post-641","page","type-page","status-publish","hentry"],"_links":{"self":[{"href":"https:\/\/portal.uern.br\/paudosferros\/administracao\/wp-json\/wp\/v2\/pages\/641","targetHints":{"allow":["GET"]}}],"collection":[{"href":"https:\/\/portal.uern.br\/paudosferros\/administracao\/wp-json\/wp\/v2\/pages"}],"about":[{"href":"https:\/\/portal.uern.br\/paudosferros\/administracao\/wp-json\/wp\/v2\/types\/page"}],"author":[{"embeddable":true,"href":"https:\/\/portal.uern.br\/paudosferros\/administracao\/wp-json\/wp\/v2\/users\/1"}],"replies":[{"embeddable":true,"href":"https:\/\/portal.uern.br\/paudosferros\/administracao\/wp-json\/wp\/v2\/comments?post=641"}],"version-history":[{"count":7,"href":"https:\/\/portal.uern.br\/paudosferros\/administracao\/wp-json\/wp\/v2\/pages\/641\/revisions"}],"predecessor-version":[{"id":1090,"href":"https:\/\/portal.uern.br\/paudosferros\/administracao\/wp-json\/wp\/v2\/pages\/641\/revisions\/1090"}],"wp:attachment":[{"href":"https:\/\/portal.uern.br\/paudosferros\/administracao\/wp-json\/wp\/v2\/media?parent=641"}],"curies":[{"name":"wp","href":"https:\/\/api.w.org\/{rel}","templated":true}]}}