{"id":631,"date":"2023-07-19T19:43:19","date_gmt":"2023-07-19T22:43:19","guid":{"rendered":"https:\/\/portal.uern.br\/paudosferros\/administracao\/?page_id=631"},"modified":"2025-03-24T09:46:24","modified_gmt":"2025-03-24T12:46:24","slug":"docentes","status":"publish","type":"page","link":"https:\/\/portal.uern.br\/paudosferros\/administracao\/docentes\/","title":{"rendered":"Docentes"},"content":{"rendered":"<table style=\"border-collapse: collapse;width: 100%\">\n<tbody>\n<tr>\n<td style=\"width: 22.97%\"><img decoding=\"async\" src=\"http:\/\/servicosweb.cnpq.br\/wspessoa\/servletrecuperafoto?tipo=1&amp;id=K4000099D0\" \/><\/td>\n<td style=\"width: 77.03%\"><a href=\"http:\/\/lattes.cnpq.br\/0147797225275312\"><strong>Anailza Feitoza dos Santos Monteiro<\/strong><\/a>: Tem forma\u00e7\u00e3o acad\u00eamica na \u00e1rea de Administra\u00e7\u00e3o de empresas. P\u00f3s-graduada em Pol\u00edticas P\u00fablicas e Desenvolvimento Regional (Especialista). Mestra em Planejamento e Din\u00e2micas Territoriais no Semi\u00e1rido. Doutoranda em Estudos Urbanos e Regionais (UFRN). Tem experi\u00eancia em Gest\u00e3o Escolar, Gest\u00e3o de Pessoas, Desenvolvimento gerencial, Compet\u00eancias profissionais e Consultoria Empresarial. Desenvolve Pesquisas voltadas para os temas: Mercado de Trabalho, Informalidade, emprego e Renda<\/td>\n<\/tr>\n<tr>\n<td style=\"width: 22.97%\"><img decoding=\"async\" src=\"http:\/\/servicosweb.cnpq.br\/wspessoa\/servletrecuperafoto?tipo=1&amp;id=K1543600T1\" \/><\/td>\n<td style=\"width: 77.03%\"><strong><a href=\"http:\/\/lattes.cnpq.br\/9924776951196102\">Ben\u00edcio Freire de Queiroz. <\/a><\/strong>Possui gradua\u00e7\u00e3o em Administra\u00e7\u00e3o pela Universidade do Estado do Rio Grande do Norte (2023).<\/p>\n<p>Bolsista FAPERN<\/td>\n<\/tr>\n<\/tbody>\n<\/table>\n<table style=\"border-collapse: collapse;width: 100%\">\n<tbody>\n<tr>\n<td style=\"width: 23.0812%\"><img decoding=\"async\" src=\"http:\/\/servicosweb.cnpq.br\/wspessoa\/servletrecuperafoto?tipo=1&amp;id=K4254659A3\" \/><\/td>\n<td style=\"width: 76.9188%\"><a href=\"http:\/\/lattes.cnpq.br\/2541866097413422\"><strong>Edivaldo Rabelo de Menezes.<\/strong><\/a>\u00a0 Forma\u00e7\u00e3o: Doutorando em Ci\u00eancias da Propriedade Intelectual (PPGPI\/UFS). Mestre em Sistemas Agroindustriais (UFCG). Especialista em Administra\u00e7\u00e3o de Marketing (UFS), em Doc\u00eancia do Ensino Superior (FACEP) e em MBA em Gest\u00e3o de Turismo e Hospitalidade (UniDomBosco\/PR). Graduado em Administra\u00e7\u00e3o (UFS). Atua\u00e7\u00e3o docente: Professor Assistente na Universidade do Estado do Rio Grande do Norte nas \u00e1reas de Marketing e Estrat\u00e9gia .Membro do banco de avaliadores do Sistema Nacional de Avalia\u00e7\u00e3o da Educa\u00e7\u00e3o Superior &#8211; BASis &#8211; INEP. Experi\u00eancia de mercado: gest\u00e3o empresarial na \u00e1rea de varejo, marketing, comportamento do consumidor, gest\u00e3o de pessoas e consultoria organizacional. Campo de pesquisa: Atualmente pesquisando sobre Ambientes de Inova\u00e7\u00e3o. Destaca-se como profissional pelas habilidades de vis\u00e3o sist\u00eamica, organiza\u00e7\u00e3o, planejamento, relacionamento interpessoal, lideran\u00e7a, foco e produtividade. \u00c1reas de interesse: Inova\u00e7\u00e3o, Empreendedorismo, Servi\u00e7os, Marketing, Turismo, Varejo e Desenvolvimento Local.<\/td>\n<\/tr>\n<\/tbody>\n<\/table>\n<table style=\"border-collapse: collapse;width: 100%\">\n<tbody>\n<tr>\n<td style=\"width: 22.8587%\"><img decoding=\"async\" src=\"http:\/\/servicosweb.cnpq.br\/wspessoa\/servletrecuperafoto?tipo=1&amp;id=K4234541Y6\" \/><\/td>\n<td style=\"width: 77.1413%\"><a href=\"http:\/\/lattes.cnpq.br\/1457882752623185\" target=\"_blank\" rel=\"noopener\"><strong>Francisco Jean Carlos de Souza Sampaio<\/strong><\/a>. Possui Gradua\u00e7\u00e3o em Ci\u00eancias Cont\u00e1beis pela Universidade do Estado do Rio Grande do Norte &#8211; UERN, Especializa\u00e7\u00e3o em Auditoria Cont\u00e1bil &#8211; UERN, Mestrado em Ci\u00eancias Cont\u00e1beis pela Universidade Federal de Pernambuco &#8211; UFPE, e Doutorado em Desenvolvimento Urbano pela Universidade Federal de Pernambuco &#8211; UFPE. Professor do Curso de Administra\u00e7\u00e3o de Empresa da Universidade do Estado do Rio Grande do Norte &#8211; UERN e Professor do Curso de Ci\u00eancias Cont\u00e1beis da Universidade Federal de Campina Grande &#8211; UFCG. Participou da Comiss\u00e3o de Elabora\u00e7\u00e3o do Projeto Pedag\u00f3gico do Curso de Administra\u00e7\u00e3o e do processo de elabora\u00e7\u00e3o do Plano de Desenvolvimento Institucional da UERN (2007-2014), na condi\u00e7\u00e3o de Coordenador da Comiss\u00e3o Setorial de Avalia\u00e7\u00e3o Institucional, representando o Curso. Membro dos Grupos de Pesquisa N\u00facleo de Estudos Organizacionais do Alto Oeste Potiguar &#8211; NEOP. e o Grupo de Estudos e Pesquisas em Economia, Cultura e Territ\u00f3rio &#8211; GEPECT.<\/td>\n<\/tr>\n<\/tbody>\n<\/table>\n<table style=\"border-collapse: collapse;width: 100%\">\n<tbody>\n<tr>\n<td style=\"width: 22.6363%\"><img fetchpriority=\"high\" decoding=\"async\" class=\"alignnone wp-image-1027\" src=\"https:\/\/portal.uern.br\/paudosferros\/administracao\/wp-content\/uploads\/sites\/3\/2024\/11\/WhatsApp-Image-2024-11-26-at-10.27.21-169x300.jpeg\" alt=\"\" width=\"184\" height=\"327\" srcset=\"https:\/\/portal.uern.br\/paudosferros\/administracao\/wp-content\/uploads\/sites\/3\/2024\/11\/WhatsApp-Image-2024-11-26-at-10.27.21-169x300.jpeg 169w, https:\/\/portal.uern.br\/paudosferros\/administracao\/wp-content\/uploads\/sites\/3\/2024\/11\/WhatsApp-Image-2024-11-26-at-10.27.21-576x1024.jpeg 576w, https:\/\/portal.uern.br\/paudosferros\/administracao\/wp-content\/uploads\/sites\/3\/2024\/11\/WhatsApp-Image-2024-11-26-at-10.27.21-768x1366.jpeg 768w, https:\/\/portal.uern.br\/paudosferros\/administracao\/wp-content\/uploads\/sites\/3\/2024\/11\/WhatsApp-Image-2024-11-26-at-10.27.21-864x1536.jpeg 864w, https:\/\/portal.uern.br\/paudosferros\/administracao\/wp-content\/uploads\/sites\/3\/2024\/11\/WhatsApp-Image-2024-11-26-at-10.27.21.jpeg 899w\" sizes=\"(max-width: 184px) 100vw, 184px\" \/><\/td>\n<td style=\"width: 77.3637%\"><a href=\"http:\/\/lattes.cnpq.br\/4521734522482216\"><strong>Laecio da Cunha Oliveira<\/strong><\/a>. Doutor em Geografia DINTER &#8211; UERN -UFPE no per\u00edodo de agosto de 2015 a agosto de 2020, tendo como orientador o Prof. Doutor Francisco Kennedy Silva dos Santos do Programa de P\u00f3s-gradua\u00e7\u00e3o em Geografia da UFPE. T\u00edtulo da Tese &#8211; DIN\u00c2MICAS TERRITORIAS LOCAIS E O USO DAS \u00c1GUAS: Uma an\u00e1lise da gest\u00e3o das \u00e1guas da barragem de Santa Cruz do Apodi-RN. Mestre em Administra\u00e7\u00e3o de Empresas pelo Programa de P\u00f3s-Gradua\u00e7\u00e3o em Administra\u00e7\u00e3o de Empresas &#8211; PPGA da Universidade de Fortaleza-CE (UNIFOR) em (2012) . Especialista em Gest\u00e3o da Qualidade pela UEPB (2001). Gradua\u00e7\u00e3o em Administra\u00e7\u00e3o pela Universidade Federal da Para\u00edba (1994). Professor Adjunto IV Portaria 790\/2020\/GP-FUERN de 09\/09\/2020. Docente lotado no Curso de Administra\u00e7\u00e3o do CAP-Campi de Pau dos Ferros da Universidade do Estado do Rio Grande do Norte-RN, exercendo atividades docentes em Disciplinas na \u00e1rea de Teorias das Organiza\u00e7\u00f5es e Pesquisador na \u00e1rea de Gest\u00e3o das \u00c1guas e Empreendedorismo em cidades na Regi\u00e3o do Alto Oeste do Estado do Rio Grande do Norte, diagnosticando o perfil, caracter\u00edsticas, barreiras, desafios e oportunidades na gest\u00e3o das micro e pequenas empresas pelos empreendedores locais.<\/td>\n<\/tr>\n<\/tbody>\n<\/table>\n<table style=\"border-collapse: collapse;width: 100%\">\n<tbody>\n<tr>\n<td style=\"width: 22.97%\"><img decoding=\"async\" src=\"http:\/\/servicosweb.cnpq.br\/wspessoa\/servletrecuperafoto?tipo=1&amp;id=K4694718T9\" \/><\/td>\n<td style=\"width: 77.03%\"><strong><a href=\"http:\/\/lattes.cnpq.br\/0702656041671221\">Luciane de Paiva Pamplona<\/a><\/strong>. Graduada em Administra\u00e7\u00e3o pela Universidade Potiguar (2012). Especialista em Gest\u00e3o Estrat\u00e9gica de Pessoas e Lideran\u00e7a organizacional pela Faculdade Vale do Jaguaribe (FVJ). Tem experi\u00eancia na \u00e1rea de doc\u00eancia nas seguintes institui\u00e7\u00f5es de ensino: SENAC e SENAI Mossor\u00f3\/RN. Atualmente \u00e9 docente no Ensino Superior, na Universidade Potiguar &#8211; UnP no polo da cidade de Pau dos Ferros\/RN e atua nos cursos da \u00e1rea de gest\u00e3o e neg\u00f3cios, tais como Administra\u00e7\u00e3o, Ci\u00eancias Contab\u00e9is, Marketing e Recursos Humanos. Participou coordenadora do projeto de extens\u00e3o sobre Educa\u00e7\u00e3o Financeira e finan\u00e7as pessoais no per\u00edodo de Abril a Julho de 2022 e em 2023 e 2024 Desencolveu um projeto de extens\u00e3o com alunos de diversas \u00e1reas Sobre o networking de em gest\u00e3o. Participou como organizadora e palestrante no V congresso de Gest\u00e3o e Neg\u00f3cios da UNP Campus Mossor\u00f3\/RN. Atuou como Orientadora de trabalhos acad\u00eamicos, palestrante e organizadora da Semana de Gest\u00e3o e Neg\u00f3cios em setembro de 2022 e em 2023 da mesma forma. Em 2023 ministrou cursos de extens\u00e3o e como tamb\u00e9m diversas unidades curriculares sendo a maioria na \u00e1rea de pessoas e comportamento para alunos da gradua\u00e7\u00e3o do Brasil, e de forma ass\u00edncrona para v\u00e1rias institui\u00e7\u00f5es do grupo \u00c2nima, tamb\u00e9m atua como Professora em Tempo Integral, onde participa da Gest\u00e3o por UC, vinculada a Vice presid\u00eancia acad\u00eamica da \u00c2nima, sendo multiplicadora em encontros de docentes, participando de \u00f3rg\u00e3os acad\u00eamicos, como N\u00facleo Docente estruturante NDE, Comissi\u00e3o permanente de avalia\u00e7\u00e3o (CPA), Colegiado dos cursos na \u00e1reas de gest\u00e3o e neg\u00f3cios da \u00c2NIMA<\/td>\n<\/tr>\n<\/tbody>\n<\/table>\n<table style=\"border-collapse: collapse;width: 100%\">\n<tbody>\n<tr>\n<td style=\"width: 22.97%\"><img decoding=\"async\" src=\"http:\/\/servicosweb.cnpq.br\/wspessoa\/servletrecuperafoto?tipo=1&amp;id=K4433691E7\" \/><\/td>\n<td style=\"width: 77.03%\"><a href=\"http:\/\/lattes.cnpq.br\/9725313129324311\"><strong>Mayara Muniz de Oliveira.<\/strong><\/a> Mestre em Administra\u00e7\u00e3o pelo Programa de P\u00f3s-Gradua\u00e7\u00e3o em Administra\u00e7\u00e3o (PPGA) da Universidade Federal da Para\u00edba (UFPB) na linha de pesquisa Marketing e Sociedade (2016). Graduada em Administra\u00e7\u00e3o pela Universidade Federal de Campina Grande (UFCG\/UACC\/CCJS) Campus de Sousa (CRA-PB 1-5346). Professora No Curso de Administra\u00e7\u00e3o da Universidade do Estado do Rio Grande do Norte (UERN). L\u00edder do Grupo de Extens\u00e3o Conecta ADM 5 Edi\u00e7\u00e3o.<span class=\"texto\">\u00a0<\/span><\/td>\n<\/tr>\n<tr>\n<td style=\"width: 22.97%\"><img decoding=\"async\" src=\"http:\/\/servicosweb.cnpq.br\/wspessoa\/servletrecuperafoto?tipo=1&amp;id=K2451395Z0\" alt=\"Foto\" \/><\/td>\n<td style=\"width: 77.03%\"><a href=\"http:\/\/lattes.cnpq.br\/1669615145772725\"><strong>Marcos Cl\u00e9gio Teododo<\/strong>. <\/a>Mestrando em Planejamento e Din\u00e2micas Territoriais no Semi\u00e1rido (PLANDITES), pela Universidade do Estado do Rio Grande do Norte (UERN), especialista em Auditoria e Per\u00edcia Cont\u00e1bil pela Faculdade Serra Geral (2022), Bacharel em Administra\u00e7\u00e3o pela Universidade do Estado do Rio Grande do Norte &#8211; UERN (2023) e em Ci\u00eancias Cont\u00e1beis pela Universidade Anhanguera &#8211; UNIDERP (2020). Tamb\u00e9m possui curso T\u00e9cnico\/profissionalizante em Seguran\u00e7a do Trabalho na Institui\u00e7\u00e3o Federal de Educa\u00e7\u00e3o, Ci\u00eancia e Tecnologia do Rio Grande do Norte &#8211; IFRN (2018)<\/p>\n<p>&nbsp;<\/p>\n<p>Bolsista FAPERN<\/td>\n<\/tr>\n<\/tbody>\n<\/table>\n<table style=\"border-collapse: collapse;width: 100%\">\n<tbody>\n<tr>\n<td style=\"width: 22.8587%\"><img decoding=\"async\" src=\"http:\/\/servicosweb.cnpq.br\/wspessoa\/servletrecuperafoto?tipo=1&amp;id=K4254860U0\" \/><\/td>\n<td style=\"width: 77.1413%\"><a href=\"http:\/\/lattes.cnpq.br\/6248794706401550\"><strong>Sandra de Souza Paiva Holanda<\/strong><\/a>. Possui Doutorado em Desenvolvimento Urbano pela Universidade Federal de Pernambuco -UFPE, (2023). Mestre em Administra\u00e7\u00e3o e Controladoria pela Universidade Federal do Cear\u00e1 UFC, (2015). Especializa\u00e7\u00e3o em Auditora Cont\u00e1bil pela Universidade do Estado do Rio Grande do Norte UERN, (2007) e Gradua\u00e7\u00e3o em Ci\u00eancias Cont\u00e1beis pela Universidade do Estado do Rio Grande do Norte- UERN, (2002). Atualmente \u00e9 professora da Universidade do Estado do Rio Grande do Norte, no Curso de Administra\u00e7\u00e3o; Pesquisadora do N\u00facleo de Estudos Organizacionais do Alto Oeste Potiguar NEOP; Membro do N\u00facleo Docente Estruturante (NDE) e Membro da Comiss\u00e3o Setorial de Avalia\u00e7\u00e3o Institucional (COSE); Orienta alunos. Na produ\u00e7\u00e3o cientifica tem publica\u00e7\u00f5es de cap\u00edtulos de livros, livros, artigos em revistas e peri\u00f3dicos especializados e trabalhos apresentados em eventos acad\u00eamicos nacionais e internacionais.<\/td>\n<\/tr>\n<\/tbody>\n<\/table>\n<table style=\"border-collapse: collapse;width: 100%\">\n<tbody>\n<tr>\n<td style=\"width: 22.8587%\"><img decoding=\"async\" src=\"http:\/\/servicosweb.cnpq.br\/wspessoa\/servletrecuperafoto?tipo=1&amp;id=K4236474A3\" \/><\/td>\n<td style=\"width: 77.1413%\"><a href=\"http:\/\/lattes.cnpq.br\/2280418972015812\"><strong>Sidneia Maia de Oliveira Rego<\/strong><\/a>. Professora na Universidade do Estado do Rio Grande do Norte (UERN) desde 2006, fui coordenadora de cursos de gradua\u00e7\u00e3o: Bacharelado em Administra\u00e7\u00e3o (2009-2011) e do curso Tecn\u00f3logo em Gest\u00e3o P\u00fablica (2013-2015). Tamb\u00e9m coordenei a especializa\u00e7\u00e3o em Gest\u00e3o P\u00fablica em parceria com a Escola de Governo Cardeal Dom Eugenio de Ara\u00fajo Sales (2016-2017). Em 2023, fui eleita vice-diretora do CAPF\/UERN. Minhas \u00e1reas de atua\u00e7\u00e3o docente incluem lecionar, realizar pesquisas e orientar estudantes nos campos de Estudos Organizacionais Forma\u00e7\u00e3o do Administrador, bem como Gest\u00e3o e planejamento de cidades. Sou Doutora em Desenvolvimento Urbano pela Universidade Federal de Pernambuco (UFPE), tendo investigado a rela\u00e7\u00e3o entre cidade e universidade no semi\u00e1rido brasileiro na tese de doutorado. Fiz o mestrado profissional Gest\u00e3o em Organiza\u00e7\u00f5es Aprendentes na Universidade Federal da Para\u00edba (UFPB), onde pesquisei sobre a aprendizagem em a\u00e7\u00e3o na forma\u00e7\u00e3o do administrador. Possuo especializa\u00e7\u00e3o em Gest\u00e3o P\u00fablica Municipal pela Universidade Federal do Rio Grande do Norte (UFRN) e Desenvolvimento Regional e Planejamento Territorial (UERN). Sou graduada em Administra\u00e7\u00e3o pela UFRN. Participo de projetos sociais na \u00e1rea de m\u00fasica orquestral, atualmente estou na presid\u00eancia da Sociedade Filarm\u00f4nica Pauferrense (20023-2026).<\/td>\n<\/tr>\n<tr>\n<td style=\"width: 22.8587%\"><img decoding=\"async\" src=\"http:\/\/servicosweb.cnpq.br\/wspessoa\/servletrecuperafoto?tipo=1&amp;id=K8386137E5\" \/><\/td>\n<td style=\"width: 77.1413%\"><a href=\"http:\/\/lattes.cnpq.br\/0871032999358787\"><strong>Thalia Ferreira Cirilo<\/strong><\/a>: Advogada (OAB\/PB); Mestra em Direito pela Universidade Federal Rural do Semi-\u00c1rido (PPGD-UFERSA); p\u00f3s-graduada (lato sensu) em Direito Tribut\u00e1rio pelo Dam\u00e1sio Educacional (IBMEC-SP); p\u00f3s-graduanda (lato sensu) em Gerenciamento de Projetos (Funda\u00e7\u00e3o Getulio Vargas) e em Gest\u00e3o de Escrit\u00f3rios e Departamentos Jur\u00eddicos (Legale Educacional); graduada em Direito pela Universidade Federal de Campina Grande (UFCG); Parecerista da Revista Ratio Iuris (UFPB). Atuou como T\u00e9cnica de Projetos PL (FGV Projetos &#8211; 2022\/2024); Assessora T\u00e9cnica da Revista Jur\u00eddica da UFERSA (2022); estagi\u00e1ria em doc\u00eancia do componente Filosofia Geral e Jur\u00eddica (2021.1); e como monitora bolsista dos componentes Introdu\u00e7\u00e3o ao Estudo do Direito I, Introdu\u00e7\u00e3o ao Estudo do Direito II, Teoria Geral do Processo e Direito Processual Civil I. Possui experi\u00eancia em pesquisa, tendo sido pesquisadora no Programa Institucional de Bolsas de Inicia\u00e7\u00e3o Cient\u00edfica (PIBIC) e no Programa Institucional de Volunt\u00e1rios de Inicia\u00e7\u00e3o Cient\u00edfica (PIVIC), al\u00e9m de ter participado de projetos de extens\u00e3o de relevante express\u00e3o social.<\/td>\n<\/tr>\n<\/tbody>\n<\/table>\n<p>&nbsp;<\/p>\n","protected":false},"excerpt":{"rendered":"<p>Anailza Feitoza dos Santos Monteiro: Tem forma\u00e7\u00e3o acad\u00eamica na \u00e1rea de Administra\u00e7\u00e3o de empresas. P\u00f3s-graduada em Pol\u00edticas P\u00fablicas e Desenvolvimento Regional (Especialista). Mestra em Planejamento e Din\u00e2micas Territoriais no Semi\u00e1rido. Doutoranda em Estudos Urbanos e Regionais (UFRN). Tem experi\u00eancia em Gest\u00e3o Escolar, Gest\u00e3o de Pessoas, Desenvolvimento gerencial, Compet\u00eancias profissionais e Consultoria Empresarial. Desenvolve Pesquisas voltadas [&hellip;]<\/p>\n","protected":false},"author":1,"featured_media":0,"parent":0,"menu_order":0,"comment_status":"closed","ping_status":"closed","template":"","meta":{"footnotes":""},"class_list":["post-631","page","type-page","status-publish","hentry"],"_links":{"self":[{"href":"https:\/\/portal.uern.br\/paudosferros\/administracao\/wp-json\/wp\/v2\/pages\/631","targetHints":{"allow":["GET"]}}],"collection":[{"href":"https:\/\/portal.uern.br\/paudosferros\/administracao\/wp-json\/wp\/v2\/pages"}],"about":[{"href":"https:\/\/portal.uern.br\/paudosferros\/administracao\/wp-json\/wp\/v2\/types\/page"}],"author":[{"embeddable":true,"href":"https:\/\/portal.uern.br\/paudosferros\/administracao\/wp-json\/wp\/v2\/users\/1"}],"replies":[{"embeddable":true,"href":"https:\/\/portal.uern.br\/paudosferros\/administracao\/wp-json\/wp\/v2\/comments?post=631"}],"version-history":[{"count":16,"href":"https:\/\/portal.uern.br\/paudosferros\/administracao\/wp-json\/wp\/v2\/pages\/631\/revisions"}],"predecessor-version":[{"id":1066,"href":"https:\/\/portal.uern.br\/paudosferros\/administracao\/wp-json\/wp\/v2\/pages\/631\/revisions\/1066"}],"wp:attachment":[{"href":"https:\/\/portal.uern.br\/paudosferros\/administracao\/wp-json\/wp\/v2\/media?parent=631"}],"curies":[{"name":"wp","href":"https:\/\/api.w.org\/{rel}","templated":true}]}}