{"id":982,"date":"2023-07-18T19:26:00","date_gmt":"2023-07-18T22:26:00","guid":{"rendered":"https:\/\/portal.uern.br\/patu\/?page_id=982"},"modified":"2023-11-10T09:24:38","modified_gmt":"2023-11-10T12:24:38","slug":"conllit","status":"publish","type":"page","link":"https:\/\/portal.uern.br\/patu\/home\/conllit\/","title":{"rendered":"CONLLIT"},"content":{"rendered":"<p><img decoding=\"async\" class=\"size-medium wp-image-987 aligncenter\" src=\"https:\/\/portal.uern.br\/patu\/wp-content\/uploads\/2023\/07\/imagem-para-site-1-300x158.png\" alt=\"\" width=\"300\" height=\"158\" srcset=\"https:\/\/portal.uern.br\/patu\/wp-content\/uploads\/2023\/07\/imagem-para-site-1-300x158.png 300w, https:\/\/portal.uern.br\/patu\/wp-content\/uploads\/2023\/07\/imagem-para-site-1-1024x541.png 1024w, https:\/\/portal.uern.br\/patu\/wp-content\/uploads\/2023\/07\/imagem-para-site-1-768x406.png 768w, https:\/\/portal.uern.br\/patu\/wp-content\/uploads\/2023\/07\/imagem-para-site-1.png 1081w\" sizes=\"(max-width: 300px) 100vw, 300px\" \/><\/p>\n<p>&nbsp;<\/p>\n<p>O Congresso Nacional de Lingu\u00edstica e Literatura &#8211; CONLLIT \u00e9 um evento nacional bianual que e encontra em sua terceira edi\u00e7\u00e3o e tem uma natureza de cunho acad\u00eamico-cient\u00edfico e cultural, possui uma modelagem din\u00e2mica que prima pela excel\u00eancia acad\u00eamica, e, potencialmente, deseja integrar seus participantes e a sociedade da regi\u00e3o.<\/p>\n<p>O tema do nosso evento &#8220;Comunidades e pr\u00e1ticas de linguagens: saberes e experi\u00eancias&#8221; evidencia os espa\u00e7os de perten\u00e7a, de cuidado m\u00fatuo e de valoriza\u00e7\u00e3o das diferen\u00e7as culturais para compreender a necessidade em contemplarmos as pr\u00e1ticas de linguagens e suas rela\u00e7\u00f5es complexas com as recusas e as afirma\u00e7\u00f5es em torno da luta contra as opress\u00f5es e as viol\u00eancias. Enquanto estudiosos de Letras, interessa-nos as v\u00e1rias formas de ser e estar no mundo, pensando nas m\u00faltiplas subjetividades e seus engendramentos hist\u00f3rico-sociais dentro das linguagens. Portanto, esta edi\u00e7\u00e3o visa ser um evento a favor do cultivo da vontade de viver em coletividade, uma vez que as percep\u00e7\u00f5es destrutivas teimam, nas dificuldades, nos despontencializar e nos segregar. Os di\u00e1logos cr\u00edticos realizados ao longo do evento abordar\u00e3o as rela\u00e7\u00f5es comunit\u00e1rias horizontais, o acolhimento, a escuta e o esperan\u00e7ar, sendo esses os aspectos centrais do 3\u00ba CONLLIT.<\/p>\n<p>O evento ser\u00e1 em formato h\u00edbrido e acontecer\u00e1 no per\u00edodo de <strong>08 a 10 de agosto de 2023<\/strong>, no Campus Avan\u00e7ado de Patu, da UERN. Ser\u00e1 promovido pelo Curso de Letras L\u00edngua Portuguesa, vinculado ao Grupo de Pesquisa de Ensino, Literatura e Linguagem (GELIN).<\/p>\n<p>Fa\u00e7a sua inscri\u00e7\u00e3o <a href=\"https:\/\/linktr.ee\/conllit?fbclid=PAAaZVDhy4oBG965ib3flBZ-I6KIuiG66b6QTMFvgNZstWpPs4bSwMYNFww8s_aem_ASxwGmEG4yDaMa9B8KjQwXRJuguUNOy_rP_i9AvgHfTx7VhkhoXQ1FlcdAdsatnDw4Y\">aqui<\/a>.<\/p>\n<p><img fetchpriority=\"high\" decoding=\"async\" class=\"size-medium wp-image-989 aligncenter\" src=\"https:\/\/portal.uern.br\/patu\/wp-content\/uploads\/2023\/07\/post-1-1-300x300.png\" alt=\"\" width=\"300\" height=\"300\" srcset=\"https:\/\/portal.uern.br\/patu\/wp-content\/uploads\/2023\/07\/post-1-1-300x300.png 300w, https:\/\/portal.uern.br\/patu\/wp-content\/uploads\/2023\/07\/post-1-1-1024x1024.png 1024w, https:\/\/portal.uern.br\/patu\/wp-content\/uploads\/2023\/07\/post-1-1-150x150.png 150w, https:\/\/portal.uern.br\/patu\/wp-content\/uploads\/2023\/07\/post-1-1-768x768.png 768w, https:\/\/portal.uern.br\/patu\/wp-content\/uploads\/2023\/07\/post-1-1.png 1081w\" sizes=\"(max-width: 300px) 100vw, 300px\" \/><\/p>\n<p>&nbsp;<\/p>\n","protected":false},"excerpt":{"rendered":"<p>&nbsp; O Congresso Nacional de Lingu\u00edstica e Literatura &#8211; CONLLIT \u00e9 um evento nacional bianual que e encontra em sua terceira edi\u00e7\u00e3o e tem uma natureza de cunho acad\u00eamico-cient\u00edfico e cultural, possui uma modelagem din\u00e2mica que prima pela excel\u00eancia acad\u00eamica, e, potencialmente, deseja integrar seus participantes e a sociedade da regi\u00e3o. O tema do nosso [&hellip;]<\/p>\n","protected":false},"author":3,"featured_media":0,"parent":200,"menu_order":0,"comment_status":"closed","ping_status":"closed","template":"","meta":{"footnotes":""},"class_list":["post-982","page","type-page","status-publish","hentry"],"_links":{"self":[{"href":"https:\/\/portal.uern.br\/patu\/wp-json\/wp\/v2\/pages\/982","targetHints":{"allow":["GET"]}}],"collection":[{"href":"https:\/\/portal.uern.br\/patu\/wp-json\/wp\/v2\/pages"}],"about":[{"href":"https:\/\/portal.uern.br\/patu\/wp-json\/wp\/v2\/types\/page"}],"author":[{"embeddable":true,"href":"https:\/\/portal.uern.br\/patu\/wp-json\/wp\/v2\/users\/3"}],"replies":[{"embeddable":true,"href":"https:\/\/portal.uern.br\/patu\/wp-json\/wp\/v2\/comments?post=982"}],"version-history":[{"count":7,"href":"https:\/\/portal.uern.br\/patu\/wp-json\/wp\/v2\/pages\/982\/revisions"}],"predecessor-version":[{"id":1155,"href":"https:\/\/portal.uern.br\/patu\/wp-json\/wp\/v2\/pages\/982\/revisions\/1155"}],"up":[{"embeddable":true,"href":"https:\/\/portal.uern.br\/patu\/wp-json\/wp\/v2\/pages\/200"}],"wp:attachment":[{"href":"https:\/\/portal.uern.br\/patu\/wp-json\/wp\/v2\/media?parent=982"}],"curies":[{"name":"wp","href":"https:\/\/api.w.org\/{rel}","templated":true}]}}