{"id":945,"date":"2023-07-13T17:44:29","date_gmt":"2023-07-13T20:44:29","guid":{"rendered":"https:\/\/portal.uern.br\/patu\/?page_id=945"},"modified":"2023-07-17T18:39:46","modified_gmt":"2023-07-17T21:39:46","slug":"noticias","status":"publish","type":"page","link":"https:\/\/portal.uern.br\/patu\/noticias\/","title":{"rendered":"Not\u00edcias"},"content":{"rendered":"<h2 data-raofz=\"16\">Uern divulga resultado final do Programa Moradia Universit\u00e1ria 2023.1<\/h2>\n<p data-raofz=\"16\">A Pr\u00f3-Reitoria de Assuntos Estudantis da Universidade do Estado do Rio Grande do Norte (Prae\/Uern) divulga o resultado final do processo seletivo para acesso ao Programa de Moradia Universit\u00e1ria, na Modalidade Resid\u00eancia Universit\u00e1ria, vagas remanescentes, semestre 2023.1.<\/p>\n<p data-raofz=\"16\">Os candidatos que constam com a indica\u00e7\u00e3o \u201cAprovado\u201d est\u00e3o convocados a assumir imediatamente as vagas dispon\u00edveis na Resid\u00eancia Universit\u00e1ria. Em rela\u00e7\u00e3o aos candidatos que constam com a indica\u00e7\u00e3o \u201cCadastro reserva\u201d, apesar de estarem aptos, n\u00e3o ficaram dentro das vagas dispon\u00edveis.<\/p>\n<p data-raofz=\"16\">No surgimento de vagas durante o semestre 2023.1, ser\u00e1 concedido prioridade aos candidatos do Cadastro de Reserva, conforme a ordem de classifica\u00e7\u00e3o.<\/p>\n<p data-raofz=\"16\">Os aprovados, s\u00f3 poder\u00e3o acessar a Resid\u00eancia Universit\u00e1ria ap\u00f3s o encaminhamento do Setor de A\u00e7\u00f5es Afirma e Assist\u00eancia Estudantil \u2013 Sae\/Prae, e com a assinatura do Termo de Compromisso (Anexo I). A solicita\u00e7\u00e3o dever\u00e1 ser encaminhada para o endere\u00e7o eletr\u00f4nico: sae.prae@uern.br.<\/p>\n<p data-raofz=\"16\">Confira o resultado\u00a0<a role=\"link\" href=\"https:\/\/portal.uern.br\/wp-content\/uploads\/2023\/07\/SEI_SEARH-21170328-Edital.pdf\" data-raofz=\"16\">neste link<\/a>.<\/p>\n","protected":false},"excerpt":{"rendered":"<p>Uern divulga resultado final do Programa Moradia Universit\u00e1ria 2023.1 A Pr\u00f3-Reitoria de Assuntos Estudantis da Universidade do Estado do Rio Grande do Norte (Prae\/Uern) divulga o resultado final do processo seletivo para acesso ao Programa de Moradia Universit\u00e1ria, na Modalidade Resid\u00eancia Universit\u00e1ria, vagas remanescentes, semestre 2023.1. Os candidatos que constam com a indica\u00e7\u00e3o \u201cAprovado\u201d est\u00e3o [&hellip;]<\/p>\n","protected":false},"author":3,"featured_media":0,"parent":0,"menu_order":0,"comment_status":"closed","ping_status":"closed","template":"","meta":{"footnotes":""},"class_list":["post-945","page","type-page","status-publish","hentry"],"_links":{"self":[{"href":"https:\/\/portal.uern.br\/patu\/wp-json\/wp\/v2\/pages\/945","targetHints":{"allow":["GET"]}}],"collection":[{"href":"https:\/\/portal.uern.br\/patu\/wp-json\/wp\/v2\/pages"}],"about":[{"href":"https:\/\/portal.uern.br\/patu\/wp-json\/wp\/v2\/types\/page"}],"author":[{"embeddable":true,"href":"https:\/\/portal.uern.br\/patu\/wp-json\/wp\/v2\/users\/3"}],"replies":[{"embeddable":true,"href":"https:\/\/portal.uern.br\/patu\/wp-json\/wp\/v2\/comments?post=945"}],"version-history":[{"count":4,"href":"https:\/\/portal.uern.br\/patu\/wp-json\/wp\/v2\/pages\/945\/revisions"}],"predecessor-version":[{"id":976,"href":"https:\/\/portal.uern.br\/patu\/wp-json\/wp\/v2\/pages\/945\/revisions\/976"}],"wp:attachment":[{"href":"https:\/\/portal.uern.br\/patu\/wp-json\/wp\/v2\/media?parent=945"}],"curies":[{"name":"wp","href":"https:\/\/api.w.org\/{rel}","templated":true}]}}