{"id":353,"date":"2023-02-06T22:21:42","date_gmt":"2023-02-07T01:21:42","guid":{"rendered":"http:\/\/beta.apps.uern.br\/wordpress\/patu\/?page_id=353"},"modified":"2025-06-25T13:00:13","modified_gmt":"2025-06-25T16:00:13","slug":"corpo-docente","status":"publish","type":"page","link":"https:\/\/portal.uern.br\/patu\/corpo-docente\/","title":{"rendered":"Corpo Docente"},"content":{"rendered":"<h4>Departamento de Ci\u00eancias Cont\u00e1beis<\/h4>\n<p>Aluisio Dutra de Oliveira (aluisiodutra@uern.br)<br \/>\nBenedito Manoel do Nascimento Costa (beneditocosta@uern.br)<br \/>\nFrancinaldo Ant\u00f4nio dos Santos (francinaldoantonio@uern.br)<br \/>\nFrancisco Tavares Filho (franciscotavares@uern.br)<br \/>\nJos\u00e9 Matheus Barbosa de Sousa (matheussousa@uern.br)<br \/>\nJozenir Calixta de Medeiros (jozenircalixta@uern.br)<br \/>\nMarliete Lopes dos Santos (marlietelopes@uern.br)<br \/>\nOlivaldo Bandeira de Moura (olivaldobandeira@uern.br)<br \/>\nYuri Dantas dos Santos (yuridantas@uern.br)<\/p>\n<h4>Departamento de Educa\u00e7\u00e3o<\/h4>\n<p>Andr\u00e9ia Ara\u00fajo da N\u00f3brega (andreiaaraujo@uern.br)<br \/>\nClaudia Maria Fel\u00edcio Ferreira Tom\u00e9 (claudiatome@uern.br)<br \/>\nCleylton Rodrigues da Costa (cleyltoncosta@uern.br)<br \/>\nEscol\u00e1stico Paulino Filho (escolasticopaulino@uern.br)<br \/>\nFrancisca Edilma Braga Soares Aureliano (edilmabraga@uern.br)<br \/>\nIure Coutre Gurgel (iuregurgel@uern.br)<br \/>\nJoseane Ab\u00edlio de Sousa Ferreira (joseaneabilio@uern.br)<br \/>\nKamila Costa de Sousa (kamilasousa@uern.br)<br \/>\nSamuel Penteado Urban (samuelurban@uern.br)<br \/>\nSoraya Nunes dos Santos Pereira (sorayanunes@uern.br)<br \/>\nSuenyra N\u00f3brega Soares (suenyranobrega@uern.br) &#8211; Cedida<br \/>\nSuzi Alves Montiel (suzialves@uern.br)<\/p>\n<h4>Departamento de Letras Vern\u00e1culas<\/h4>\n<p>Alex Souza Bezerra (alexsouza@uern.br)<br \/>\nAline Almeida Inhoti (alineinhoti@uern.br)<br \/>\nAlyne Isabele Duarte da Silva (alyneisabele@uern.br)<br \/>\nAnnie Tarsis Morais Figueiredo (anniefigueiredo@uern.br)<br \/>\nAnikele Frutuoso (anikelefr@gmail.com)<br \/>\nAnt\u00f4nia Sueli da Silva Gomes (suelisilva@uern.br)<br \/>\nFrancisca Lailsa Ribeiro Pinto (franciscalailsa@uern.br)<br \/>\nLuciana Fernandes Nery (lucianafernandes@uern.br)<\/p>\n<h4>Departamento de Matem\u00e1tica e Estat\u00edstica<\/h4>\n<p>Antonio Josim\u00e1rio Soares de Oliveira (josimariooliveira@uern.br)<br \/>\nAurenildo Bezerra dos Santos (aurenildosantos@uern.br)<br \/>\nBrunno de Castro Trajano (brunnotrajano@uern.br)<br \/>\nFrancin\u00e1rio Oliveira de Ara\u00fajo (francinariooliveira@uern.br)<br \/>\nManasses Pereira N\u00f3brega (manassespereira@uern.br)<br \/>\nRoberto Mariano de Ara\u00fajo Filho (robertomariano@uern.br)<br \/>\nSamilly Alexandre de Souza (samillysouza@uern.br)<\/p>\n","protected":false},"excerpt":{"rendered":"<p>Departamento de Ci\u00eancias Cont\u00e1beis Aluisio Dutra de Oliveira (aluisiodutra@uern.br) Benedito Manoel do Nascimento Costa (beneditocosta@uern.br) Francinaldo Ant\u00f4nio dos Santos (francinaldoantonio@uern.br) Francisco Tavares Filho (franciscotavares@uern.br) Jos\u00e9 Matheus Barbosa de Sousa (matheussousa@uern.br) Jozenir Calixta de Medeiros (jozenircalixta@uern.br) Marliete Lopes dos Santos (marlietelopes@uern.br) Olivaldo Bandeira de Moura (olivaldobandeira@uern.br) Yuri Dantas dos Santos (yuridantas@uern.br) Departamento de Educa\u00e7\u00e3o Andr\u00e9ia Ara\u00fajo [&hellip;]<\/p>\n","protected":false},"author":1,"featured_media":0,"parent":0,"menu_order":0,"comment_status":"closed","ping_status":"closed","template":"","meta":{"footnotes":""},"class_list":["post-353","page","type-page","status-publish","hentry"],"_links":{"self":[{"href":"https:\/\/portal.uern.br\/patu\/wp-json\/wp\/v2\/pages\/353","targetHints":{"allow":["GET"]}}],"collection":[{"href":"https:\/\/portal.uern.br\/patu\/wp-json\/wp\/v2\/pages"}],"about":[{"href":"https:\/\/portal.uern.br\/patu\/wp-json\/wp\/v2\/types\/page"}],"author":[{"embeddable":true,"href":"https:\/\/portal.uern.br\/patu\/wp-json\/wp\/v2\/users\/1"}],"replies":[{"embeddable":true,"href":"https:\/\/portal.uern.br\/patu\/wp-json\/wp\/v2\/comments?post=353"}],"version-history":[{"count":4,"href":"https:\/\/portal.uern.br\/patu\/wp-json\/wp\/v2\/pages\/353\/revisions"}],"predecessor-version":[{"id":1385,"href":"https:\/\/portal.uern.br\/patu\/wp-json\/wp\/v2\/pages\/353\/revisions\/1385"}],"wp:attachment":[{"href":"https:\/\/portal.uern.br\/patu\/wp-json\/wp\/v2\/media?parent=353"}],"curies":[{"name":"wp","href":"https:\/\/api.w.org\/{rel}","templated":true}]}}