{"id":251,"date":"2022-09-21T16:51:58","date_gmt":"2022-09-21T19:51:58","guid":{"rendered":"https:\/\/paisdemossoro.com.br\/wordpress\/patu\/?page_id=251"},"modified":"2025-06-25T12:30:29","modified_gmt":"2025-06-25T15:30:29","slug":"institucional","status":"publish","type":"page","link":"https:\/\/portal.uern.br\/patu\/institucional\/","title":{"rendered":"Institucional"},"content":{"rendered":"<p>Nesta p\u00e1gina est\u00e3o disponibilizados documentos emitidos pelo Campus Avan\u00e7ado de Patu como portarias e editais, a fim de informar a todos os interessados, al\u00e9m de dar publicidade aos atos administrativos desta unidade acad\u00eamica. Tamb\u00e9m reunimos alguns documentos\u00a0datados da\u00a0cria\u00e7\u00e3o do referido Campus.<\/p>\n<h5>DECRETOS<\/h5>\n<p>Decreto que cria o Campus\u00a0de Patu<br \/>\nDecreto n\u00ba 176\/80,\u00a0da Prefeitura Municipal de Mossor\u00f3, que cria o Campus Avan\u00e7ado de Patu e d\u00e1 outras provid\u00eancias.<\/p>\n<p>Para ver o Decreto,<a href=\"https:\/\/portal.uern.br\/patu\/wp-content\/uploads\/2022\/09\/0957decreto_176.80.pdf\">\u00a0clique aqui.<\/a><\/p>\n<h5>PROJETOS DE LEI<\/h5>\n<p>Projeto de Lei Municipal para doa\u00e7\u00e3o de terreno para o Campus<br \/>\nProjeto de Lei\u00a0Municipal de Patu\u00a0autorizando a doa\u00e7\u00e3o de Terreno \u00e0 Universidade Regional do Rio Grande do Norte &#8211;\u00a0URRN para constru\u00e7\u00e3o de pr\u00e9dios destinados ao funcionamento do Campus Avan\u00e7ado de Patu.<\/p>\n<p>Para ver o Projeto de Lei,\u00a0<a href=\"https:\/\/portal.uern.br\/patu\/wp-content\/uploads\/2022\/09\/0957projeto_de_lei_doacao_de_terreno_para_criacao_do_campus.pdf\">clique aqui.\u00a0<\/a><\/p>\n<p>OUTROS<\/p>\n<p>Pedido para Instala\u00e7\u00e3o do Campus de Patu<br \/>\nA comunidade patuense sentindo a necessidade de uma unidade de N\u00edvel Superior, solicitou ao Reitor da URRN a instala\u00e7\u00e3o de um Campus Avan\u00e7ado na cidade de Patu.<\/p>\n<p>Para ver o pedido,\u00a0<a href=\"https:\/\/portal.uern.br\/patu\/wp-content\/uploads\/2022\/09\/0957pedido_para_instalacao_do_campus.pdf\">clique aqui.\u00a0<\/a><\/p>\n","protected":false},"excerpt":{"rendered":"<p>Nesta p\u00e1gina est\u00e3o disponibilizados documentos emitidos pelo Campus Avan\u00e7ado de Patu como portarias e editais, a fim de informar a todos os interessados, al\u00e9m de dar publicidade aos atos administrativos desta unidade acad\u00eamica. Tamb\u00e9m reunimos alguns documentos\u00a0datados da\u00a0cria\u00e7\u00e3o do referido Campus. DECRETOS Decreto que cria o Campus\u00a0de Patu Decreto n\u00ba 176\/80,\u00a0da Prefeitura Municipal de Mossor\u00f3, [&hellip;]<\/p>\n","protected":false},"author":1,"featured_media":0,"parent":0,"menu_order":0,"comment_status":"closed","ping_status":"closed","template":"","meta":{"footnotes":""},"class_list":["post-251","page","type-page","status-publish","hentry"],"_links":{"self":[{"href":"https:\/\/portal.uern.br\/patu\/wp-json\/wp\/v2\/pages\/251","targetHints":{"allow":["GET"]}}],"collection":[{"href":"https:\/\/portal.uern.br\/patu\/wp-json\/wp\/v2\/pages"}],"about":[{"href":"https:\/\/portal.uern.br\/patu\/wp-json\/wp\/v2\/types\/page"}],"author":[{"embeddable":true,"href":"https:\/\/portal.uern.br\/patu\/wp-json\/wp\/v2\/users\/1"}],"replies":[{"embeddable":true,"href":"https:\/\/portal.uern.br\/patu\/wp-json\/wp\/v2\/comments?post=251"}],"version-history":[{"count":5,"href":"https:\/\/portal.uern.br\/patu\/wp-json\/wp\/v2\/pages\/251\/revisions"}],"predecessor-version":[{"id":1380,"href":"https:\/\/portal.uern.br\/patu\/wp-json\/wp\/v2\/pages\/251\/revisions\/1380"}],"wp:attachment":[{"href":"https:\/\/portal.uern.br\/patu\/wp-json\/wp\/v2\/media?parent=251"}],"curies":[{"name":"wp","href":"https:\/\/api.w.org\/{rel}","templated":true}]}}