{"id":226,"date":"2022-09-21T16:25:27","date_gmt":"2022-09-21T19:25:27","guid":{"rendered":"https:\/\/paisdemossoro.com.br\/wordpress\/patu\/?page_id=226"},"modified":"2023-07-14T16:32:30","modified_gmt":"2023-07-14T19:32:30","slug":"downloads","status":"publish","type":"page","link":"https:\/\/portal.uern.br\/patu\/downloads\/","title":{"rendered":"Downloads"},"content":{"rendered":"<p>A seguir est\u00e3o disponibilizados diversos requerimentos e informa\u00e7\u00f5es necess\u00e1rios aos procedimentos administrativos da vida estudantil, os quais poder\u00e3o ser solicitados pelos discentes dos cursos de gradua\u00e7\u00e3o da UERN.<br \/>\nAp\u00f3s\u00a0imprimir e preencher o formul\u00e1rio, anexe a documenta\u00e7\u00e3o\u00a0solicitada pelo mesmo, e compare\u00e7a\u00a0a\u00a0<strong>Secretaria\u00a0do CAP<\/strong>\u00a0ou\u00a0diretamente \u00e0\u00a0<strong>Diretoria de Registro e Controle Acad\u00eamico (DIRCA)<\/strong>, em Mossor\u00f3, quando for o caso.<\/p>\n<p><a href=\"http:\/\/beta.apps.uern.br\/wordpress\/patu\/wp-content\/uploads\/2022\/09\/09601509resolucao_07_2008_expedicao_de_documentos.pdf\">Expedi\u00e7\u00e3o de Documentos &#8211; Resolu\u00e7\u00e3o 07\/2008-CD<\/a><br \/>\n<a href=\"http:\/\/beta.apps.uern.br\/wordpress\/patu\/wp-content\/uploads\/2022\/09\/0960formulario_entrega_documentos_psvnid.pdf\">Formul\u00e1rio de Entrega de Documentos &#8211; PSVNID<\/a><br \/>\nLei n\u00b0 12.089 &#8211; Pro\u00edbe que uma mesma pessoa ocupe 2 (duas) vagas simultaneamente em IES p\u00fablicas *<br \/>\n<a href=\"http:\/\/beta.apps.uern.br\/wordpress\/patu\/wp-content\/uploads\/2022\/09\/096015090113manual_de_monografia_uern_finalizado_para_impressao.pdf\">Manual Normativo de Trabalho de Conclus\u00e3o de Curso da UERN<\/a><br \/>\n<a href=\"http:\/\/beta.apps.uern.br\/wordpress\/patu\/wp-content\/uploads\/2022\/09\/09601509resolucao_11_93_consini_da_avaliacao_de_rendimento_escolar-1.pdf\">Normas da Avalia\u00e7\u00e3o de Rendimento Escolar (Resolu\u00e7\u00e3o n\u00b0 11\/93-CONSUNI)<\/a><br \/>\n<a href=\"http:\/\/beta.apps.uern.br\/wordpress\/patu\/wp-content\/uploads\/2022\/09\/096015090065resolucao_005_2014_consepe_aprova_o_rcg_e_revoga_resolucao_na_52_2013_consepe.pdf\">Regulamento dos Cursos de Gradua\u00e7\u00e3o<\/a><br \/>\nRequerimento de Altera\u00e7\u00e3o de Nome *<br \/>\n<a href=\"http:\/\/beta.apps.uern.br\/wordpress\/patu\/wp-content\/uploads\/2022\/09\/0960requerimento_aluno_especial_portador_de_diploma.pdf\">Requerimento de Aluno Especial &#8211; Portador de Diploma<\/a><br \/>\n<a href=\"http:\/\/beta.apps.uern.br\/wordpress\/patu\/wp-content\/uploads\/2022\/09\/0960requerimento_aluno_especial_vinculado_a_outra_ies_autorizacao.pdf\">Requerimento de Aluno Especial &#8211; Aluno com v\u00ednculo em Outra IES<\/a><br \/>\n<a href=\"http:\/\/beta.apps.uern.br\/wordpress\/patu\/wp-content\/uploads\/2022\/09\/0960requerimento_colacao_grau_extraordinaria.pdf\">Requerimento de Cola\u00e7\u00e3o de Grau Extraordin\u00e1ria<\/a><br \/>\n<a href=\"http:\/\/beta.apps.uern.br\/wordpress\/patu\/wp-content\/uploads\/2022\/09\/0960requerimento_aproveitamento_estudos_uern_automatico.pdf\">Requerimento de Aproveitamento de Estudos &#8211;\u00a0Autom\u00e1tico<\/a><br \/>\n<a href=\"http:\/\/beta.apps.uern.br\/wordpress\/patu\/wp-content\/uploads\/2022\/09\/0960requerimento_aproveitamento_estudo_uern_apreciado_pelo_departamento.pdf\">Requerimento de Aproveitamento de Estudos &#8211;\u00a0Com Aprevia\u00e7\u00e3o Departamental<\/a><br \/>\nRequerimento de Aproveitamento de Estudos &#8211; Outra IES *<br \/>\n<a href=\"http:\/\/beta.apps.uern.br\/wordpress\/patu\/wp-content\/uploads\/2022\/09\/0960requerimento_cancelamento_aproveitamento_de_estudos.pdf\">Requerimento de Cancelamento do Aproveitamento de Estudos &#8211;\u00a0Autom\u00e1tico<\/a><br \/>\n<a href=\"http:\/\/beta.apps.uern.br\/wordpress\/patu\/wp-content\/uploads\/2022\/09\/0960requerimento_desligamento_ato_voluntario.pdf\">Requerimento de Desligamento de Curso por Vontade Pr\u00f3pria<\/a><br \/>\n<a href=\"http:\/\/beta.apps.uern.br\/wordpress\/patu\/wp-content\/uploads\/2022\/09\/0960requerimento_diploma_maio_2017.pdf\">Requerimento de Diploma de Gradua\u00e7\u00e3o<\/a><br \/>\n<a href=\"http:\/\/beta.apps.uern.br\/wordpress\/patu\/wp-content\/uploads\/2022\/09\/0960requerimento_regime_do_exercicio_domiciliar.pdf\">Requerimento do Regime de Exerc\u00edcio Domiciliar &#8211; Licen\u00e7a M\u00e9dica\/Gestante<\/a><br \/>\n<a href=\"http:\/\/beta.apps.uern.br\/wordpress\/patu\/wp-content\/uploads\/2022\/09\/0960requerimento_para_ex_alunos_maio_2017.pdf\">Solicita\u00e7\u00e3o de Documento Acad\u00eamico (Ex-Aluno)<\/a>\u00a0Documentos: Hist\u00f3rico Escolar, Certid\u00e3o de Conclus\u00e3o ou Declara\u00e7\u00e3o de Desligado.<br \/>\n<a href=\"http:\/\/beta.apps.uern.br\/wordpress\/patu\/wp-content\/uploads\/2022\/09\/09601509termo_de_compromisso_de_aluno_monitor_remunerado.pdf\">Termo de Compromisso de Aluno Monitor Remunerado<\/a><br \/>\n<a href=\"http:\/\/beta.apps.uern.br\/wordpress\/patu\/wp-content\/uploads\/2022\/09\/09601509termo_de_compromisso_de_aluno_monitor_nao_remunerado.pdf\">Termo de Compromisso de Aluno Monitor N\u00e3o Remunerado<\/a><\/p>\n<p><strong>Como solicitar o Hist\u00f3rico Escolar?<\/strong><br \/>\nO ex-aluno que deseja solicitar o hist\u00f3rico escolar deve preencher o formul\u00e1rio espec\u00edfico e pagar uma taxa de R$ 8,00 (oito reais) para poder receb\u00ea-lo. O requerente deve pagar a taxa em forma de\u00a0<strong>transfer\u00eancia ou dep\u00f3sito identificado\u00a0em favor da UERN &#8211; FUNDO PROEG (Ag\u00eancia: 4687-6 Conta: 15.160-2)<\/strong>. O formul\u00e1rio preenchido e o comprovante de pagamento devem ser entregues nas Secretarias de Unidade ou no protocolo da DIRCA.\u00a0O prazo de entrega do hist\u00f3rico \u00e9 de 10 dias \u00fateis.<br \/>\nLink para solicita\u00e7\u00e3o de documentos Acad\u00eamicos:<br \/>\n<a href=\"https:\/\/docs.google.com\/forms\/d\/e\/1FAIpQLSd7cC3_7Yk7ib6NDO1bCu9nIxqSMTPsODG8F02t1S__urlcuw\/viewform\">https:\/\/docs.google.com\/forms\/d\/e\/1FAIpQLSd7cC3_7Yk7ib6NDO1bCu9nIxqSMTPsODG8F02t1S__urlcuw\/viewform<\/a><\/p>\n<p><strong>Como solicitar o Diploma?<\/strong><br \/>\nO diploma \u00e9 expedido de forma gratuita para aqueles que colaram grau ap\u00f3s 08\/04\/2008, conforme Resolu\u00e7\u00e3o n\u00ba 07\/2008-CD e \u00e9 entregue no ato da cola\u00e7\u00e3o de grau do formando.<br \/>\nO ex-aluno que deseja solicitar o diploma cuja cola\u00e7\u00e3o de grau ocorreu antes de 08\/04\/2008 deve pagar uma taxa de R$ 30,00 (trinta reais) para poder receb\u00ea-lo. A taxa deve ser paga em forma de\u00a0<strong>transfer\u00eancia ou dep\u00f3sito identificado em favor da UERN &#8211; FUNDO PROEG (Ag\u00eancia: 4687-6 Conta: 15.160-2)<\/strong>. O formul\u00e1rio preenchido e o comprovante de pagamento devem ser entregues nas Secretarias de Unidade ou na DIRCA.\u00a0\u00a0O prazo de entrega \u00e9 de 30 dias \u00fateis.\u00a0<strong>Somente o requerente ou procurador (com procura\u00e7\u00e3o autenticada em cart\u00f3rio) podem resgatar o diploma na DIRCA. O diploma n\u00e3o \u00e9 enviado ao CAP.<\/strong><\/p>\n<p><strong>Observa\u00e7\u00e3o Importante<\/strong><br \/>\nO Campus de Patu n\u00e3o expede nenhum documento acad\u00eamico (Ex.: diploma, hist\u00f3rico, certid\u00e3o de conclus\u00e3o etc), pois isto \u00e9 atribui\u00e7\u00e3o da Diretoria de Registro e Controla Acad\u00eamico (DIRCA), em Mossor\u00f3\/RN, ficando sob a responsabilidade do CAP apenas auxiliar o requerente quanto d\u00favidas sobre a solicita\u00e7\u00e3o e\/ou envio do pedido de documento \u00e0 DIRCA.<\/p>\n<p><strong>Observa\u00e7\u00e3o<\/strong>:\u00a0Os arquivos est\u00e3o no formato PDF, caso n\u00e3o possua o Adobe Reader\u00a0<a href=\"http:\/\/get.adobe.com\/br\/reader\">clique aqui<\/a>\u00a0para instal\u00e1-lo em seu computador.<\/p>\n","protected":false},"excerpt":{"rendered":"<p>A seguir est\u00e3o disponibilizados diversos requerimentos e informa\u00e7\u00f5es necess\u00e1rios aos procedimentos administrativos da vida estudantil, os quais poder\u00e3o ser solicitados pelos discentes dos cursos de gradua\u00e7\u00e3o da UERN. Ap\u00f3s\u00a0imprimir e preencher o formul\u00e1rio, anexe a documenta\u00e7\u00e3o\u00a0solicitada pelo mesmo, e compare\u00e7a\u00a0a\u00a0Secretaria\u00a0do CAP\u00a0ou\u00a0diretamente \u00e0\u00a0Diretoria de Registro e Controle Acad\u00eamico (DIRCA), em Mossor\u00f3, quando for o caso. Expedi\u00e7\u00e3o [&hellip;]<\/p>\n","protected":false},"author":1,"featured_media":0,"parent":0,"menu_order":0,"comment_status":"closed","ping_status":"closed","template":"","meta":{"footnotes":""},"class_list":["post-226","page","type-page","status-publish","hentry"],"_links":{"self":[{"href":"https:\/\/portal.uern.br\/patu\/wp-json\/wp\/v2\/pages\/226","targetHints":{"allow":["GET"]}}],"collection":[{"href":"https:\/\/portal.uern.br\/patu\/wp-json\/wp\/v2\/pages"}],"about":[{"href":"https:\/\/portal.uern.br\/patu\/wp-json\/wp\/v2\/types\/page"}],"author":[{"embeddable":true,"href":"https:\/\/portal.uern.br\/patu\/wp-json\/wp\/v2\/users\/1"}],"replies":[{"embeddable":true,"href":"https:\/\/portal.uern.br\/patu\/wp-json\/wp\/v2\/comments?post=226"}],"version-history":[{"count":3,"href":"https:\/\/portal.uern.br\/patu\/wp-json\/wp\/v2\/pages\/226\/revisions"}],"predecessor-version":[{"id":247,"href":"https:\/\/portal.uern.br\/patu\/wp-json\/wp\/v2\/pages\/226\/revisions\/247"}],"wp:attachment":[{"href":"https:\/\/portal.uern.br\/patu\/wp-json\/wp\/v2\/media?parent=226"}],"curies":[{"name":"wp","href":"https:\/\/api.w.org\/{rel}","templated":true}]}}