{"id":217,"date":"2022-09-21T16:07:00","date_gmt":"2022-09-21T19:07:00","guid":{"rendered":"https:\/\/paisdemossoro.com.br\/wordpress\/patu\/?page_id=217"},"modified":"2023-07-19T16:39:28","modified_gmt":"2023-07-19T19:39:28","slug":"departamentos","status":"publish","type":"page","link":"https:\/\/portal.uern.br\/patu\/departamentos\/","title":{"rendered":"Departamentos"},"content":{"rendered":"<ul>\n<li>\n<h4><a href=\"https:\/\/portal.uern.br\/patu\/dcc\/\">\u00a0Departamento de Ci\u00eancias Cont\u00e1beis<\/a><\/h4>\n<\/li>\n<\/ul>\n<p style=\"padding-left: 80px\"><a href=\"https:\/\/portal.uern.br\/patu\/cienciascontabeis\/\">Curso de Ci\u00eancias Cont\u00e1beis<\/a><\/p>\n<p>&nbsp;<\/p>\n<ul>\n<li>\n<h4><a href=\"https:\/\/portal.uern.br\/patu\/de\/\">\u00a0Departamento de Educa\u00e7\u00e3o<\/a><\/h4>\n<\/li>\n<\/ul>\n<p style=\"padding-left: 80px\"><a href=\"https:\/\/portal.uern.br\/patu\/pedagogia\/\">Curso de Pedagogia<\/a><\/p>\n<p>&nbsp;<\/p>\n<ul>\n<li>\n<h4><a href=\"https:\/\/portal.uern.br\/patu\/dlv\/\">\u00a0Departamento de Letras<\/a><\/h4>\n<\/li>\n<\/ul>\n<p style=\"padding-left: 80px\"><a href=\"https:\/\/portal.uern.br\/patu\/letraslinguaportuguesa\/\">Curso de Letras (L\u00edngua Portuguesa)<\/a><\/p>\n<p>&nbsp;<\/p>\n<ul>\n<li>\n<h4><a href=\"https:\/\/portal.uern.br\/patu\/dme\/\">\u00a0Departamento de Matem\u00e1tica<\/a><\/h4>\n<\/li>\n<\/ul>\n<p style=\"padding-left: 80px\"><a href=\"https:\/\/portal.uern.br\/patu\/matematica\/\">Curso de Matem\u00e1tica<\/a><\/p>\n","protected":false},"excerpt":{"rendered":"<p>\u00a0Departamento de Ci\u00eancias Cont\u00e1beis Curso de Ci\u00eancias Cont\u00e1beis &nbsp; \u00a0Departamento de Educa\u00e7\u00e3o Curso de Pedagogia &nbsp; \u00a0Departamento de Letras Curso de Letras (L\u00edngua Portuguesa) &nbsp; \u00a0Departamento de Matem\u00e1tica Curso de Matem\u00e1tica<\/p>\n","protected":false},"author":1,"featured_media":0,"parent":0,"menu_order":0,"comment_status":"closed","ping_status":"closed","template":"","meta":{"footnotes":""},"class_list":["post-217","page","type-page","status-publish","hentry"],"_links":{"self":[{"href":"https:\/\/portal.uern.br\/patu\/wp-json\/wp\/v2\/pages\/217","targetHints":{"allow":["GET"]}}],"collection":[{"href":"https:\/\/portal.uern.br\/patu\/wp-json\/wp\/v2\/pages"}],"about":[{"href":"https:\/\/portal.uern.br\/patu\/wp-json\/wp\/v2\/types\/page"}],"author":[{"embeddable":true,"href":"https:\/\/portal.uern.br\/patu\/wp-json\/wp\/v2\/users\/1"}],"replies":[{"embeddable":true,"href":"https:\/\/portal.uern.br\/patu\/wp-json\/wp\/v2\/comments?post=217"}],"version-history":[{"count":10,"href":"https:\/\/portal.uern.br\/patu\/wp-json\/wp\/v2\/pages\/217\/revisions"}],"predecessor-version":[{"id":998,"href":"https:\/\/portal.uern.br\/patu\/wp-json\/wp\/v2\/pages\/217\/revisions\/998"}],"wp:attachment":[{"href":"https:\/\/portal.uern.br\/patu\/wp-json\/wp\/v2\/media?parent=217"}],"curies":[{"name":"wp","href":"https:\/\/api.w.org\/{rel}","templated":true}]}}