{"id":212,"date":"2022-09-21T15:47:28","date_gmt":"2022-09-21T18:47:28","guid":{"rendered":"https:\/\/paisdemossoro.com.br\/wordpress\/patu\/?page_id=212"},"modified":"2025-08-08T11:16:28","modified_gmt":"2025-08-08T14:16:28","slug":"apresentacao","status":"publish","type":"page","link":"https:\/\/portal.uern.br\/patu\/apresentacao\/","title":{"rendered":"Apresenta\u00e7\u00e3o"},"content":{"rendered":"<p>No ano de 1979, o m\u00e9dico Ednardo Benigno de Moura, sugeriu a cria\u00e7\u00e3o de uma escola de n\u00edvel superior na cidade de Patu\/RN, quando em reuni\u00e3o no Rotary Club, momento em que era diretor dessa sociedade filantr\u00f3pica. Depois da ideia discutida e consolidada, houve contatos com o deputado federal Vingt Rosado, onde o mesmo demonstrou um enorme interesse pela expans\u00e3o da Universidade Regional do Rio Grande do Norte &#8211; URRN.<\/p>\n<p>No dia 07 de mar\u00e7o de 1980, o presidente da Funda\u00e7\u00e3o Universidade Regional do Rio Grande do Norte &#8211; FURRN, atrav\u00e9s da portaria n\u00ba 080\/80, criou uma comiss\u00e3o de professores para estudar a possibilidade da cria\u00e7\u00e3o do Campus Avan\u00e7ado de Patu.<\/p>\n<p>No dia 01 de setembro de 1980, o CONSUNI aprovou a cria\u00e7\u00e3o do Campus Avan\u00e7ado de Patu, e\u00a0 no dia 04 de setembro de 1980 a cria\u00e7\u00e3o do campus foi consolidada pelo decreto n\u00ba 176\/80.<\/p>\n<p>No m\u00eas de janeiro de 1981 foi realizado o primeiro vestibular para ingresso em\u00a03\u00a0cursos de n\u00edvel superior: Ci\u00eancias (atualmente Matem\u00e1tica), Ci\u00eancias Cont\u00e1beis e Pedagogia. No dia 11 de mar\u00e7o de 1981, ocorreu a aula inaugural do Campus Avan\u00e7ado de Patu.<\/p>\n<p>No ano de 1997, atrav\u00e9s da portaria n\u00ba 1430\/97 &#8211; GR\/URRN de 04 de setembro de 1997, o Campus Avan\u00e7ado de Patu passou a ser denominado Campus Avan\u00e7ado Professor Jo\u00e3o Ismar de Moura &#8211; CAJIM.<\/p>\n<p>No in\u00edcio os cursos funcionaram em uma escola da rede municipal de ensino, a Escola Municipal Francisco Francelino de Moura. Em seguida, foi transferido para uma outra escola municipal, a Escola Municipal Raimundo Rocha. Mais tarde, foi definitivamente transferido para uma escola da rede estadual de ensino, Escola Estadual Dr. Xavier Fernandes. Por aproximadamente 15\u00a0anos, o campus teve um funcionamento com extrema dificuldade, dado que suas instala\u00e7\u00f5es foram divididas com uma escola de ensino b\u00e1sico de 1\u00ba grau. Mas, a partir de 03 de maio de 1999, ap\u00f3s a constru\u00e7\u00e3o de um pr\u00e9dio para sediar a Escola Estadual Dr. Xavier Fernandes, o Campus Avan\u00e7ado Prof. Jo\u00e3o Ismar de Moura, ganhou espa\u00e7o para melhoria de sua infraestrutura, atividades administrativas e pedag\u00f3gicas.<\/p>\n<p>No dia 19 de outubro de 2011, o CONSUNI e o CONSEPE, atrav\u00e9s da resolu\u00e7\u00e3o n\u00ba 37\/2011-CONSEPE, aprovaram a cria\u00e7\u00e3o e funcionamento do Curso de Letras, modalidade Licenciatura,\u00a0 com habilita\u00e7\u00e3o em L\u00edngua Portuguesa e suas respectivas Literaturas, com previs\u00e3o de inicio para o segundo semestre letivo de 2012.<\/p>\n<p>No ano de 2012, por determina\u00e7\u00e3o judicial, atrav\u00e9s da portaria n\u00ba 2234\/2012 \u2013 GR\/UERN de 26 de mar\u00e7o de 2012, com efeito retroativo a 12 de mar\u00e7o de 2012, passa novamente a ser denominado Campus Avan\u00e7ado de Patu \u2013 CAP.<\/p>\n<p>No dia 09 de maio de 2016, atrav\u00e9s do Decreto 8.752 da Presid\u00eancia da Republica (refogando o Decreto N\u00ba 6.755, de 29 de janeiro de 2009), que disp\u00f5e sobre a Pol\u00edtica Nacional de Forma\u00e7\u00e3o dos Profissionais da Educa\u00e7\u00e3o B\u00e1sica, foi institu\u00edda a Pol\u00edtica Nacional de Forma\u00e7\u00e3o dos Profissionais da Educa\u00e7\u00e3o B\u00e1sica (PARFOR). Com isso, a UERN atrav\u00e9s de editais peri\u00f3dicos oferta cursos de gradua\u00e7\u00e3o para os professores da Educa\u00e7\u00e3o B\u00e1sica. Atualmente, o Campus Avan\u00e7ado de Patu oferta o curso de Pedagogia, modalidade 1\u00aa licenciatura.<\/p>\n<p>No dia 22 de agosto de 2018, o CONSUNI e o CONSEPE, atrav\u00e9s da resolu\u00e7\u00e3o n\u00ba 32\/2018-CONSEPE, aprovaram a cria\u00e7\u00e3o e funcionamento do Curso de Licenciatura em Educa\u00e7\u00e3o do Campo, modalidade a dist\u00e2ncia, com previs\u00e3o de inicio para 2019.<\/p>\n<p>No dia 20 de dezembro de 2019, o campus passa a contar com uma unidade do Restaurante Popular, que ir\u00e1 atender a comunidade acad\u00eamica e comunidade em geral. o restaurante ir\u00e1 contemplar o Programa Caf\u00e9 Cidad\u00e3o, oferecendo 200 refei\u00e7\u00f5es di\u00e1rias de caf\u00e9 da manh\u00e3, de segunda a sexta-feira, ao valor simb\u00f3lico de R$ 0,50.<\/p>\n<p>O Campus Avan\u00e7ado de Patu conta atualmente com 36 professores, sendo 29 efetivos e 7 contratados, assim distribu\u00eddos: 9 de Ci\u00eancias Cont\u00e1beis, 8 de Letras L\u00edngua Portuguesa, 7 de Matem\u00e1tica e 12 de Pedagogia.<\/p>\n<p>Conta com uma equipe composta por 19 t\u00e9cnicos, sendo 18 t\u00e9cnicos administrativos: 03 t\u00e9cnicos de n\u00edvel superior e 15 t\u00e9cnicos de n\u00edvel m\u00e9dio; E um t\u00e9cnico especializado de n\u00edvel superior: Bibliotec\u00e1ria.<\/p>\n<p>Possui em 2025, 878 alunos, assim distribu\u00eddos: 101 em Matem\u00e1tica, 163 em Ci\u00eancias Cont\u00e1beis, 154 em Pedagogia, 134 em Letras, 277 em Educa\u00e7\u00e3o do Campo (EaD) e 49 em Pedagogia pelo PARFOR.<\/p>\n<p>A estrutura f\u00edsica do CAP \u00e9 composta por 16 salas de aula, 2 laborat\u00f3rios de inform\u00e1tica (Ci\u00eancias Cont\u00e1beis e acesso \u00e0 internet), laborat\u00f3rios de Letras, Matem\u00e1tica e Pedagogia, museu hist\u00f3rico e tecnol\u00f3gico, 4 gabinetes para os professores, biblioteca, brinquedoteca, Polo EaD, quadra esportiva, audit\u00f3rio e cantina com \u00e1rea de conviv\u00eancia.<\/p>\n<p>O Campus disp\u00f5e ainda de 6 ve\u00edculos, sendo 1 \u00d4nibus Mercedes Gran Micro S2 (21 lugares), 1 Renault Minibus (15 lugares), 1 Ducato (15 lugares), 1 Chevolet Celta, 1 Toyota Etios e 1 Siena.<\/p>\n<p>O Campus Avan\u00e7ado de Patu, em sua \u00e1rea de abrang\u00eancia beneficia alunos provenientes de 32 munic\u00edpios, pois al\u00e9m de Patu, favorece mais 25 munic\u00edpios no Rio Grande do Norte: \u00c1gua Nova, Alexandria, Almino Afonso, Ant\u00f4nio Martins, Cara\u00fabas, Francisco Dantas, Frutuoso Gomes, Jandu\u00eds, Jo\u00e3o Dias, Jos\u00e9 da Penha, Lucr\u00e9cia, Marcelino Vieira, Martins, Messias Targino, Olho D&#8217;\u00e1gua do Borges, Pau dos Ferros, Pil\u00f5es, Rafael Fernandes, Rafael Godeiro, Riacho de Santana, S\u00e3o Miguel, Serrinha dos Pintos, Severiano Melo, Tenente Ananias e Umarizal, e 6 munic\u00edpios na Para\u00edba: Bel\u00e9m do Brejo do Cruz, Bom Sucesso, Brejo do Cruz, Brejo dos Santos, Catol\u00e9 do Rocha e Riacho dos Cavalos.<\/p>\n","protected":false},"excerpt":{"rendered":"<p>No ano de 1979, o m\u00e9dico Ednardo Benigno de Moura, sugeriu a cria\u00e7\u00e3o de uma escola de n\u00edvel superior na cidade de Patu\/RN, quando em reuni\u00e3o no Rotary Club, momento em que era diretor dessa sociedade filantr\u00f3pica. Depois da ideia discutida e consolidada, houve contatos com o deputado federal Vingt Rosado, onde o mesmo demonstrou [&hellip;]<\/p>\n","protected":false},"author":1,"featured_media":0,"parent":0,"menu_order":0,"comment_status":"closed","ping_status":"closed","template":"","meta":{"footnotes":""},"class_list":["post-212","page","type-page","status-publish","hentry"],"_links":{"self":[{"href":"https:\/\/portal.uern.br\/patu\/wp-json\/wp\/v2\/pages\/212","targetHints":{"allow":["GET"]}}],"collection":[{"href":"https:\/\/portal.uern.br\/patu\/wp-json\/wp\/v2\/pages"}],"about":[{"href":"https:\/\/portal.uern.br\/patu\/wp-json\/wp\/v2\/types\/page"}],"author":[{"embeddable":true,"href":"https:\/\/portal.uern.br\/patu\/wp-json\/wp\/v2\/users\/1"}],"replies":[{"embeddable":true,"href":"https:\/\/portal.uern.br\/patu\/wp-json\/wp\/v2\/comments?post=212"}],"version-history":[{"count":15,"href":"https:\/\/portal.uern.br\/patu\/wp-json\/wp\/v2\/pages\/212\/revisions"}],"predecessor-version":[{"id":1386,"href":"https:\/\/portal.uern.br\/patu\/wp-json\/wp\/v2\/pages\/212\/revisions\/1386"}],"wp:attachment":[{"href":"https:\/\/portal.uern.br\/patu\/wp-json\/wp\/v2\/media?parent=212"}],"curies":[{"name":"wp","href":"https:\/\/api.w.org\/{rel}","templated":true}]}}