{"id":1409,"date":"2026-02-11T13:20:49","date_gmt":"2026-02-11T16:20:49","guid":{"rendered":"https:\/\/portal.uern.br\/patu\/?page_id=1409"},"modified":"2026-02-11T13:20:49","modified_gmt":"2026-02-11T16:20:49","slug":"pedidos-de-candidatura-para-a-eleicao-para-diretora-e-vice-diretora-do-cap","status":"publish","type":"page","link":"https:\/\/portal.uern.br\/patu\/pedidos-de-candidatura-para-a-eleicao-para-diretora-e-vice-diretora-do-cap\/","title":{"rendered":"Pedidos de Candidatura para a elei\u00e7\u00e3o para Diretor(a) e Vice-Diretor(a) do CAP"},"content":{"rendered":"<p><img fetchpriority=\"high\" decoding=\"async\" class=\"alignnone size-medium wp-image-1399\" src=\"https:\/\/portal.uern.br\/patu\/wp-content\/uploads\/2025\/12\/Eleicoes-Uern-300x168.png\" alt=\"\" width=\"300\" height=\"168\" srcset=\"https:\/\/portal.uern.br\/patu\/wp-content\/uploads\/2025\/12\/Eleicoes-Uern-300x168.png 300w, https:\/\/portal.uern.br\/patu\/wp-content\/uploads\/2025\/12\/Eleicoes-Uern.png 716w\" sizes=\"(max-width: 300px) 100vw, 300px\" \/><\/p>\n<p>A Comiss\u00e3o Eleitoral do Campus Avan\u00e7ado de Patu, atrav\u00e9s do Edital n\u00ba 1\/2026-Comiss\u00e3o Eleitoral\/CAP\/UERN, publicado no JOUERN em 11 de fevereiro, divulga os pedidos de candidatura para a elei\u00e7\u00e3o de Diretor(a) e Vice-Diretor(a), quadri\u00eanio 2026\/2030:<\/p>\n<p>Diretor(a): <strong>Benedito Manoel do Nascimento Costa<\/strong><\/p>\n<p>Vice-Diretor(a): <strong>Samilly Alexandre de Souza<\/strong><\/p>\n<p>O prazo para pedidos de impugna\u00e7\u00e3o das candidaturas \u00e9 de 12 a 19 de fevereiro de 2026, atrav\u00e9s do e-mail comissaoeleitoral.cap@uern.br.<\/p>\n<p>As demais normas est\u00e3o previstas no <a href=\"https:\/\/portal.uern.br\/patu\/wp-content\/uploads\/2025\/12\/Edital-1.2025-Comissao-Eleitoral-Eleicao-Direcao-e-Vice-do-CAP.pdf\">Edital n\u00ba 1\/2025-Comiss\u00e3o Eleitoral\/CAP\/UERN<\/a>, publicado no dia 5 de dezembro de 2025 no JOUERN.<\/p>\n<p>As elei\u00e7\u00f5es ocorrer\u00e3o no dia 24 de mar\u00e7o, das 8h \u00e0s 22h, de forma remota atrav\u00e9s da Plataforma <a href=\"https:\/\/sigaa.uern.br\/sigeleicao\/\">SIGElei\u00e7\u00e3o<\/a>.<\/p>\n<p>T\u00eam direito a voto docentes, discentes e t\u00e9cnicos do Campus Avan\u00e7ado de Patu, mediante confer\u00eancia da lista dos aptos a votar, expedidas pelos \u00f3rg\u00e3os competentes da Universidade.<\/p>\n<p>&nbsp;<\/p>\n<p>Confira mais detalhes sobre o processo eleitoral no <a href=\"https:\/\/portal.uern.br\/patu\/wp-content\/uploads\/2025\/12\/Edital-1.2025-Comissao-Eleitoral-Eleicao-Direcao-e-Vice-do-CAP.pdf\">EDITAL<\/a>.<\/p>\n","protected":false},"excerpt":{"rendered":"<p>A Comiss\u00e3o Eleitoral do Campus Avan\u00e7ado de Patu, atrav\u00e9s do Edital n\u00ba 1\/2026-Comiss\u00e3o Eleitoral\/CAP\/UERN, publicado no JOUERN em 11 de fevereiro, divulga os pedidos de candidatura para a elei\u00e7\u00e3o de Diretor(a) e Vice-Diretor(a), quadri\u00eanio 2026\/2030: Diretor(a): Benedito Manoel do Nascimento Costa Vice-Diretor(a): Samilly Alexandre de Souza O prazo para pedidos de impugna\u00e7\u00e3o das candidaturas \u00e9 [&hellip;]<\/p>\n","protected":false},"author":2,"featured_media":0,"parent":0,"menu_order":0,"comment_status":"closed","ping_status":"closed","template":"","meta":{"footnotes":""},"class_list":["post-1409","page","type-page","status-publish","hentry"],"_links":{"self":[{"href":"https:\/\/portal.uern.br\/patu\/wp-json\/wp\/v2\/pages\/1409","targetHints":{"allow":["GET"]}}],"collection":[{"href":"https:\/\/portal.uern.br\/patu\/wp-json\/wp\/v2\/pages"}],"about":[{"href":"https:\/\/portal.uern.br\/patu\/wp-json\/wp\/v2\/types\/page"}],"author":[{"embeddable":true,"href":"https:\/\/portal.uern.br\/patu\/wp-json\/wp\/v2\/users\/2"}],"replies":[{"embeddable":true,"href":"https:\/\/portal.uern.br\/patu\/wp-json\/wp\/v2\/comments?post=1409"}],"version-history":[{"count":1,"href":"https:\/\/portal.uern.br\/patu\/wp-json\/wp\/v2\/pages\/1409\/revisions"}],"predecessor-version":[{"id":1411,"href":"https:\/\/portal.uern.br\/patu\/wp-json\/wp\/v2\/pages\/1409\/revisions\/1411"}],"wp:attachment":[{"href":"https:\/\/portal.uern.br\/patu\/wp-json\/wp\/v2\/media?parent=1409"}],"curies":[{"name":"wp","href":"https:\/\/api.w.org\/{rel}","templated":true}]}}