{"id":1367,"date":"2025-06-24T11:11:54","date_gmt":"2025-06-24T14:11:54","guid":{"rendered":"https:\/\/portal.uern.br\/patu\/?page_id=1367"},"modified":"2025-06-25T10:02:07","modified_gmt":"2025-06-25T13:02:07","slug":"seuni","status":"publish","type":"page","link":"https:\/\/portal.uern.br\/patu\/eventos\/seuni\/","title":{"rendered":"XVII SEUNI (2025)"},"content":{"rendered":"<p><img fetchpriority=\"high\" decoding=\"async\" class=\"alignnone wp-image-1368\" src=\"https:\/\/portal.uern.br\/patu\/wp-content\/uploads\/2025\/06\/XVII-SEUNI-250x300.png\" alt=\"\" width=\"482\" height=\"579\" srcset=\"https:\/\/portal.uern.br\/patu\/wp-content\/uploads\/2025\/06\/XVII-SEUNI-250x300.png 250w, https:\/\/portal.uern.br\/patu\/wp-content\/uploads\/2025\/06\/XVII-SEUNI.png 711w\" sizes=\"(max-width: 482px) 100vw, 482px\" \/><\/p>\n<p>\ud83d\udcc5 De 25 a 28 de agosto de 2025<br \/>\n\ud83d\udccd Campus Avan\u00e7ado de Patu \u2013 UERN<\/p>\n<p>\ud83d\ude80 Tema:<br \/>\n&#8220;Transforma\u00e7\u00e3o Digital na Educa\u00e7\u00e3o e no Mercado: converg\u00eancias e desafios&#8221;<\/p>\n<p>Prepare-se para refletir, debater e se atualizar sobre os impactos da transforma\u00e7\u00e3o digital no mundo da educa\u00e7\u00e3o e nas din\u00e2micas do mercado atual.<\/p>\n<p>\u2728 E tem mais! A XVII SEUNI acontecer\u00e1 concomitantemente ao II Semin\u00e1rio de Est\u00e1gios Obrigat\u00f3rios, fortalecendo as discuss\u00f5es sobre forma\u00e7\u00e3o, pr\u00e1tica docente e os novos desafios na era digital.<\/p>\n<p>Fique atento! Em breve, a Primeira Circular com todas as orienta\u00e7\u00f5es para submiss\u00f5es, inscri\u00e7\u00f5es e programa\u00e7\u00e3o.<\/p>\n<p>\ud83d\udd17 Marque na agenda e acompanhe nossos canais!<br \/>\n\ud83d\udc49 De 25 a 28 de agosto!<\/p>\n<p><a href=\"https:\/\/www.instagram.com\/seunicapuern\/\">https:\/\/www.instagram.com\/seunicapuern\/<\/a><\/p>\n<p><a href=\"http:\/\/linktr.ee\/seuni.cap\">http:\/\/linktr.ee\/seuni.cap<\/a><\/p>\n","protected":false},"excerpt":{"rendered":"<p>\ud83d\udcc5 De 25 a 28 de agosto de 2025 \ud83d\udccd Campus Avan\u00e7ado de Patu \u2013 UERN \ud83d\ude80 Tema: &#8220;Transforma\u00e7\u00e3o Digital na Educa\u00e7\u00e3o e no Mercado: converg\u00eancias e desafios&#8221; Prepare-se para refletir, debater e se atualizar sobre os impactos da transforma\u00e7\u00e3o digital no mundo da educa\u00e7\u00e3o e nas din\u00e2micas do mercado atual. \u2728 E tem mais! [&hellip;]<\/p>\n","protected":false},"author":2,"featured_media":0,"parent":1156,"menu_order":0,"comment_status":"closed","ping_status":"closed","template":"","meta":{"footnotes":""},"class_list":["post-1367","page","type-page","status-publish","hentry"],"_links":{"self":[{"href":"https:\/\/portal.uern.br\/patu\/wp-json\/wp\/v2\/pages\/1367","targetHints":{"allow":["GET"]}}],"collection":[{"href":"https:\/\/portal.uern.br\/patu\/wp-json\/wp\/v2\/pages"}],"about":[{"href":"https:\/\/portal.uern.br\/patu\/wp-json\/wp\/v2\/types\/page"}],"author":[{"embeddable":true,"href":"https:\/\/portal.uern.br\/patu\/wp-json\/wp\/v2\/users\/2"}],"replies":[{"embeddable":true,"href":"https:\/\/portal.uern.br\/patu\/wp-json\/wp\/v2\/comments?post=1367"}],"version-history":[{"count":4,"href":"https:\/\/portal.uern.br\/patu\/wp-json\/wp\/v2\/pages\/1367\/revisions"}],"predecessor-version":[{"id":1373,"href":"https:\/\/portal.uern.br\/patu\/wp-json\/wp\/v2\/pages\/1367\/revisions\/1373"}],"up":[{"embeddable":true,"href":"https:\/\/portal.uern.br\/patu\/wp-json\/wp\/v2\/pages\/1156"}],"wp:attachment":[{"href":"https:\/\/portal.uern.br\/patu\/wp-json\/wp\/v2\/media?parent=1367"}],"curies":[{"name":"wp","href":"https:\/\/api.w.org\/{rel}","templated":true}]}}