{"id":947,"date":"2023-11-08T19:51:08","date_gmt":"2023-11-08T22:51:08","guid":{"rendered":"https:\/\/portal.uern.br\/patu\/matematica\/?page_id=947"},"modified":"2026-03-25T18:50:32","modified_gmt":"2026-03-25T21:50:32","slug":"nde","status":"publish","type":"page","link":"https:\/\/portal.uern.br\/patu\/matematica\/nde\/","title":{"rendered":"NDE"},"content":{"rendered":"<p>N\u00facleo Docente Estruturante \u2013 NDE do DME:<\/p>\n<ul>\n<li>Manass\u00e9s Pereira N\u00f3brega (Coordenador)<\/li>\n<li>Antonio Josim\u00e1rio Soares de Oliveira (Vice-coordenador)<\/li>\n<li>Brunno de Castro Trajano (Membro)<\/li>\n<li>Roberto Mariano de Ara\u00fajo Filho\u00a0 (Membro)<\/li>\n<li>Samilly Alexandre de Souza (Membro)<\/li>\n<\/ul>\n<p>&nbsp;<\/p>\n<p><a href=\"https:\/\/portal.uern.br\/patu\/matematica\/wp-content\/uploads\/sites\/2\/2026\/03\/Portaria-SEI-13-2026-NDE.pdf\">PORTARIA NDE<\/a><\/p>\n","protected":false},"excerpt":{"rendered":"<p>N\u00facleo Docente Estruturante \u2013 NDE do DME: Manass\u00e9s Pereira N\u00f3brega (Coordenador) Antonio Josim\u00e1rio Soares de Oliveira (Vice-coordenador) Brunno de Castro Trajano (Membro) Roberto Mariano de Ara\u00fajo Filho\u00a0 (Membro) Samilly Alexandre de Souza (Membro) &nbsp; PORTARIA NDE<\/p>\n","protected":false},"author":12,"featured_media":0,"parent":0,"menu_order":0,"comment_status":"closed","ping_status":"closed","template":"","meta":{"footnotes":""},"class_list":["post-947","page","type-page","status-publish","hentry"],"_links":{"self":[{"href":"https:\/\/portal.uern.br\/patu\/matematica\/wp-json\/wp\/v2\/pages\/947","targetHints":{"allow":["GET"]}}],"collection":[{"href":"https:\/\/portal.uern.br\/patu\/matematica\/wp-json\/wp\/v2\/pages"}],"about":[{"href":"https:\/\/portal.uern.br\/patu\/matematica\/wp-json\/wp\/v2\/types\/page"}],"author":[{"embeddable":true,"href":"https:\/\/portal.uern.br\/patu\/matematica\/wp-json\/wp\/v2\/users\/12"}],"replies":[{"embeddable":true,"href":"https:\/\/portal.uern.br\/patu\/matematica\/wp-json\/wp\/v2\/comments?post=947"}],"version-history":[{"count":8,"href":"https:\/\/portal.uern.br\/patu\/matematica\/wp-json\/wp\/v2\/pages\/947\/revisions"}],"predecessor-version":[{"id":1146,"href":"https:\/\/portal.uern.br\/patu\/matematica\/wp-json\/wp\/v2\/pages\/947\/revisions\/1146"}],"wp:attachment":[{"href":"https:\/\/portal.uern.br\/patu\/matematica\/wp-json\/wp\/v2\/media?parent=947"}],"curies":[{"name":"wp","href":"https:\/\/api.w.org\/{rel}","templated":true}]}}