{"id":916,"date":"2023-11-08T18:34:38","date_gmt":"2023-11-08T21:34:38","guid":{"rendered":"https:\/\/portal.uern.br\/patu\/matematica\/?page_id=916"},"modified":"2024-04-29T19:26:40","modified_gmt":"2024-04-29T22:26:40","slug":"programas-formativos","status":"publish","type":"page","link":"https:\/\/portal.uern.br\/patu\/matematica\/programas-formativos\/","title":{"rendered":"Programas Formativos"},"content":{"rendered":"<p>Atualmente o Departamento de Matem\u00e1tica conta com\u00a001 Bolsa de Monitoria\u00a0Remunerada.<\/p>\n<p>Projetos de Ensino do DME: Usando recursos computacionais e materiais manipulativos para ensinar conceitos matem\u00e1ticos. Coordenador Francin\u00e1rio Oliveira de Araujo. Per\u00edodo 02.10.2017 \u00e0 30.10.2018. Usando as redes sociais para fortalecer os conhecimentos matem\u00e1ticos dos alunos do curso de Matem\u00e1tica do CAP-UERN. Coordenador Francin\u00e1rio Oliveira de Araujo. Per\u00edodo 31\/08\/2020 \u00e0 23\/12\/2020<\/p>\n<p>O SUBPROJETO PIBID \u2013 MATEM\u00c1TICA (2014) O Departamento de Matem\u00e1tica desenvolveu o subprojeto do Programa Institucional 147 de Bolsas de Inicia\u00e7\u00e3o \u00e0 Doc\u00eancia \u2013 PIBID, com atua\u00e7\u00e3o no Ensino Fundamental e M\u00e9dio, que foi coordenado pelo professor Francin\u00e1rio Oliveira de Ara\u00fajo, com 3 (tr\u00eas) supervisores e 35 (trinta e cinco) alunos bolsistas durante o decorrer do andamento do projeto. Atrav\u00e9s desse subprojeto, o Curso de Licenciatura Plena em Matem\u00e1tica \u2013 DME\/CAP\/UERN fortaleceu a forma\u00e7\u00e3o inicial dos estudantes da licenciatura em Matem\u00e1tica do CAP, inserindo tais licenciandos na realidade das escolas p\u00fablicas de educa\u00e7\u00e3o b\u00e1sica parceiras Escola Estadual Dr. Edino Jales (Ensino M\u00e9dio), Escola Municipal Francisco Francelino de Moura (Ensino Fundamental) na cidade de Patu-RN; diagnosticou problemas de ensino-aprendizagem em tal escola, a fim de desenvolver experi\u00eancias metodol\u00f3gicas, tecnol\u00f3gicas e pr\u00e1ticas docentes que busquem a supera\u00e7\u00e3o dos problemas identificados, tais como a diminui\u00e7\u00e3o do \u00edndice de reprova\u00e7\u00e3o em Matem\u00e1tica, bem como o aumento dos \u00edndices do IDEB (\u00cdndice de Desenvolvimento da Educa\u00e7\u00e3o B\u00e1sica), ENEM (Exame Nacional do Ensino M\u00e9dio), OBMEP (Olimp\u00edada Brasileira de Matem\u00e1tica das Escolas P\u00fablicas) n\u00edvel Fundamental e M\u00e9dio; integrando as escolas p\u00fablicas de Educa\u00e7\u00e3o B\u00e1sica como colaboradoras e co-formadoras dos futuros docentes.<\/p>\n<p>O SUBPROJETO PIBID \u2013 MATEM\u00c1TICA (2018) O Departamento de Matem\u00e1tica desenvolveu o subprojeto do Programa Institucional de Bolsas de Inicia\u00e7\u00e3o \u00e0 Doc\u00eancia \u2013 PIBID, de 2014 \u00e0 2017 com atua\u00e7\u00e3o no Ensino M\u00e9dio, que foi coordenado pelo professor Francin\u00e1rio Oliveira de Ara\u00fajo, com 4 (quatro) supervisores e 42 (quarenta e dois) alunos bolsistas durante o decorrer do andamento do projeto. Atrav\u00e9s desse subprojeto, o Curso de Licenciatura Plena em Matem\u00e1tica \u2013 DME\/CAP\/UERN fortaleceu a forma\u00e7\u00e3o inicial dos estudantes da licenciatura em Matem\u00e1tica do CAP, inserindo tais licenciandos na realidade da escola p\u00fablica de educa\u00e7\u00e3o b\u00e1sica parceira Escola Estadual Dr. Edino Jales na cidade de Patu-RN; diagnosticou problemas de ensino-aprendizagem em tal escola, a fim de desenvolver experi\u00eancias metodol\u00f3gicas, tecnol\u00f3gicas e pr\u00e1ticas docentes que busquem a supera\u00e7\u00e3o dos problemas identificados, tais como a 149 diminui\u00e7\u00e3o do \u00edndice de reprova\u00e7\u00e3o em Matem\u00e1tica, bem como o aumento dos \u00edndices do IDEB (\u00cdndice de Desenvolvimento da Educa\u00e7\u00e3o B\u00e1sica), ENEM (Exame Nacional do Ensino M\u00e9dio), OBMEP (Olimp\u00edada Brasileira de Matem\u00e1tica das Escolas P\u00fablicas); integrando as escolas p\u00fablicas de Educa\u00e7\u00e3o B\u00e1sica como colaboradoras e co-formadoras dos futuros docentes.<\/p>\n<p>O SUBPROJETO PIBID \u2013 MATEM\u00c1TICA (2020) Atualmente temos no Departamento de Matem\u00e1tica, mais um projeto PIBID em execu\u00e7\u00e3o. O objetivo deste projeto \u00e9 atender \u00e0 demanda das defici\u00eancias em aprendizagem 151 da Matem\u00e1tica nas escolas da educa\u00e7\u00e3o b\u00e1sica do munic\u00edpio de Patu. Para isso, estamos atuando em uma das escolas selecionadas pela coordena\u00e7\u00e3o institucional do projeto e da CAPES, por meio dos \u00edndices IDEB verificados nos \u00faltimos anos. Pretendemos neste subprojeto desenvolver a\u00e7\u00f5es efetivas com o uso de estrat\u00e9gias did\u00e1ticas para o ensino de Matem\u00e1tica, seguindo as orienta\u00e7\u00f5es da BNCC e com isso, inserir os alunos da licenciatura em Matem\u00e1tica, na realidade das escolas p\u00fablicas. Contamos com 08 alunos bolsistas e 02 volunt\u00e1rios neste subprojeto. Estes alunos cursam desde o 1\u00ba ao 4\u00ba semestre, ou seja, ainda est\u00e3o na primeira metade do curso.<\/p>\n<p>O SUBPROJETO DE RESID\u00caNCIA PEDAG\u00d3GICA (RP) \u2013 2018 O Departamento de Matem\u00e1tica e Estat\u00edstica do Campus Avan\u00e7ado de Patu iniciou o desenvolvimento do subprojeto de Resid\u00eancia Pedag\u00f3gica, promovido pela CAPES, em agosto, cujo docente orientador foi o professor Brunno de Castro Trajano. Esse subprojeto contou com a participa\u00e7\u00e3o de tr\u00eas preceptores, que eram professores das escolas parceira \u00e0 saber, Escola Estadual Rafael Godeiro, localizado no munic\u00edpio de Rafael Godeiro\/RN, Escola Municipal Professor Raimundo Nonato de Lima, localizado no munic\u00edpio de Rafael Godeiro\/RN, e Escola Estadual 20 de Setembro, localizado no munic\u00edpio de Olho D\u2019\u00c1gua dos Borges\/RN. Houve tamb\u00e9m a participa\u00e7\u00e3o de 30 residentes, dos quais 24 eram bolsistas e 6 participavam do subprojeto como volunt\u00e1rios. Os residentes al\u00e9m de desenvolverem atividades de reg\u00eancia, feira de ci\u00eancias, gincanas, planejamento de aulas, os mesmos tamb\u00e9m participaram de eventos como o ENALIC, em Fortaleza\/CE, SEMAT, no pr\u00f3prio campus de Patu, COPRECIS, em Jo\u00e3o Pessoa\/PB, Semana de Ci\u00eancia, Tecnologia e Inova\u00e7\u00e3o, no pr\u00f3prio campus de Patu. Um resultado bastante satisfat\u00f3rio foi que a Escola Estadual Rafael Godeiro obteve uma nota do IDEB, em Matem\u00e1tica, acima da meta do estado do Rio Grande do Norte.<\/p>\n<p>O SUBPROJETO DE RESID\u00caNCIA PEDAG\u00d3GICA (RP) \u2013 2020 O Departamento de Matem\u00e1tica e Estat\u00edstica do Campus Avan\u00e7ado de Patu, mais uma vez, submeteu um subprojeto de Resid\u00eancia Pedag\u00f3gica, promovido pela CAPES, o qual teve iniciou de seus trabalhos em novembro, cujo docente orientador foi, novamente, o professor Brunno de Castro Trajano. Esse subprojeto conta com a participa\u00e7\u00e3o de uma preceptora, que \u00e9 professora da escola parceira da Escola Estadual Dr. Edino Jales, localizado no munic\u00edpio de Patu\/RN. O subprojeto conta com a participa\u00e7\u00e3o de 10 residentes, dos quais 08 s\u00e3o bolsistas 152 e 2 participam do subprojeto como volunt\u00e1rios.<\/p>\n","protected":false},"excerpt":{"rendered":"<p>Atualmente o Departamento de Matem\u00e1tica conta com\u00a001 Bolsa de Monitoria\u00a0Remunerada. Projetos de Ensino do DME: Usando recursos computacionais e materiais manipulativos para ensinar conceitos matem\u00e1ticos. Coordenador Francin\u00e1rio Oliveira de Araujo. Per\u00edodo 02.10.2017 \u00e0 30.10.2018. Usando as redes sociais para fortalecer os conhecimentos matem\u00e1ticos dos alunos do curso de Matem\u00e1tica do CAP-UERN. Coordenador Francin\u00e1rio Oliveira de [&hellip;]<\/p>\n","protected":false},"author":12,"featured_media":0,"parent":0,"menu_order":0,"comment_status":"closed","ping_status":"closed","template":"","meta":{"footnotes":""},"class_list":["post-916","page","type-page","status-publish","hentry"],"_links":{"self":[{"href":"https:\/\/portal.uern.br\/patu\/matematica\/wp-json\/wp\/v2\/pages\/916","targetHints":{"allow":["GET"]}}],"collection":[{"href":"https:\/\/portal.uern.br\/patu\/matematica\/wp-json\/wp\/v2\/pages"}],"about":[{"href":"https:\/\/portal.uern.br\/patu\/matematica\/wp-json\/wp\/v2\/types\/page"}],"author":[{"embeddable":true,"href":"https:\/\/portal.uern.br\/patu\/matematica\/wp-json\/wp\/v2\/users\/12"}],"replies":[{"embeddable":true,"href":"https:\/\/portal.uern.br\/patu\/matematica\/wp-json\/wp\/v2\/comments?post=916"}],"version-history":[{"count":2,"href":"https:\/\/portal.uern.br\/patu\/matematica\/wp-json\/wp\/v2\/pages\/916\/revisions"}],"predecessor-version":[{"id":968,"href":"https:\/\/portal.uern.br\/patu\/matematica\/wp-json\/wp\/v2\/pages\/916\/revisions\/968"}],"wp:attachment":[{"href":"https:\/\/portal.uern.br\/patu\/matematica\/wp-json\/wp\/v2\/media?parent=916"}],"curies":[{"name":"wp","href":"https:\/\/api.w.org\/{rel}","templated":true}]}}