{"id":601,"date":"2023-07-18T16:33:12","date_gmt":"2023-07-18T19:33:12","guid":{"rendered":"https:\/\/portal.uern.br\/patu\/matematica\/?page_id=601"},"modified":"2025-12-19T14:58:21","modified_gmt":"2025-12-19T17:58:21","slug":"projeto-pedagogico","status":"publish","type":"page","link":"https:\/\/portal.uern.br\/patu\/matematica\/projeto-pedagogico\/","title":{"rendered":"PPC"},"content":{"rendered":"<h5><strong><span style=\"font-size: 14pt\">Os cursos de forma\u00e7\u00e3o de professores devem ter como objetivos:<\/span><\/strong><\/h5>\n<ol>\n<li>\n<div>Constituir compet\u00eancias profissionais referentes ao comprometimento com os valores inspiradores da sociedade democr\u00e1tica;<\/div>\n<\/li>\n<li>\n<div>Compreender o papel social da escola, com o dom\u00ednio do conhecimento pedag\u00f3gico;<\/div>\n<\/li>\n<li>\n<div>Conhecer dos processos de investiga\u00e7\u00e3o que possibilitem o aperfei\u00e7oamento da pr\u00e1tica pedag\u00f3gica, ao gerenciamento do pr\u00f3prio desenvolvimento profissional;<\/div>\n<\/li>\n<li>\n<div>Dominar os conte\u00fados a serem socializados e seus significados em diferentes contextos e de sua articula\u00e7\u00e3o interdisciplinar.<\/div>\n<\/li>\n<\/ol>\n<h5><strong><span style=\"font-size: 14pt\">O Curso de Gradua\u00e7\u00e3o em Matem\u00e1tica, na modalidade de licenciatura, tem por objetivo:<\/span><\/strong><\/h5>\n<ol>\n<li>\n<div>Formar profissionais em Matem\u00e1tica aptos para o exerc\u00edcio do magist\u00e9rio nos n\u00edveis do Ensino Fundamental e M\u00e9dio;<\/div>\n<\/li>\n<li>\n<div>Assegurar uma s\u00f3lida forma\u00e7\u00e3o para que, os licenciados sejam capazes de exercer uma lideran\u00e7a intelectual, social e pol\u00edtica e, a partir do conhecimento da nossa realidade social, econ\u00f4mica e cultural, e o conhecimento Matem\u00e1tico nos seus aspectos hist\u00f3rico, filos\u00f3fico, sociol\u00f3gico, psicol\u00f3gico, pol\u00edtico, did\u00e1tico e pedag\u00f3gico, possam atuar efetivamente no sentido de melhorar as condi\u00e7\u00f5es de ensino e aprendizagem vigentes, visando o desenvolvimento de princ\u00edpios \u00e9ticos e de solidariedade para o exerc\u00edcio pleno da cidadania.<\/div>\n<\/li>\n<\/ol>\n<div class=\"elementor-element elementor-element-181e4bd0 elementor-widget elementor-widget-theme-post-title elementor-page-title elementor-widget-heading\" data-id=\"181e4bd0\" data-element_type=\"widget\" data-widget_type=\"theme-post-title.default\">\n<div class=\"elementor-widget-container\">\n<h1 class=\"elementor-heading-title elementor-size-default\"><span style=\"font-size: 14pt\">Perfil do Professor de Matem\u00e1tica que se deseja formar<\/span><\/h1>\n<\/div>\n<\/div>\n<div class=\"elementor-element elementor-element-2a21208a elementor-widget elementor-widget-theme-post-content\" data-id=\"2a21208a\" data-element_type=\"widget\" data-widget_type=\"theme-post-content.default\">\n<div class=\"elementor-widget-container\">\n<p>O professor de Matem\u00e1tica, hoje, precisa ser um profissional com grande compet\u00eancia para formular quest\u00f5es que estimulem a reflex\u00e3o de seus alunos, que possua sensibilidade para apreciar a originalidade e a diversidade na elabora\u00e7\u00e3o de hip\u00f3teses e de proposi\u00e7\u00f5es de solu\u00e7\u00e3o aos problemas.<\/p>\n<p>Al\u00e9m disso, necessita ser capaz de criar ambientes e situa\u00e7\u00f5es de aprendizagem matematicamente rica. Tamb\u00e9m ter\u00e1 que possuir uma ampla capacidade para dar resposta ao imprevisto e para desenhar modelos que se adaptem \u00e0s incertas e mutantes condi\u00e7\u00f5es de aprendizagem que ocorrem nas aulas de Matem\u00e1tica.<\/p>\n<p>Ao delinear o perfil de um professor de Matem\u00e1tica, \u00e9 importante destacar os seguintes pap\u00e9is a serem desempenhados:<\/p>\n<ol>\n<li>Conceber a Matem\u00e1tica como um corpo de conhecimento rigoroso, formal e dedutivo, mas tamb\u00e9m como atividade humana;<\/li>\n<li>Construir modelos matem\u00e1ticos para representar os problemas e suas solu\u00e7\u00f5es;<\/li>\n<li>Criar e desenvolver tarefas e desafios que estimulem os estudantes a coletar, organizar e analisar informa\u00e7\u00f5es, resolver problemas e construir argumenta\u00e7\u00f5es l\u00f3gicas;<\/li>\n<li>Estimular a intera\u00e7\u00e3o entre tr\u00eas componentes b\u00e1sicos da Matem\u00e1tica: o formal, o algor\u00edtmico e o intuitivo;<\/li>\n<li>Estimular seus alunos para o uso natural e rotineiro, da tecnologia nos processos de ensinar, aprender e fazer Matem\u00e1tica;<\/li>\n<li>Estimular seus alunos para que busquem alcan\u00e7ar uma ampla e diversificada compreens\u00e3o do conhecimento matem\u00e1tico e para vincular a Matem\u00e1tica com outras \u00e1reas do conhecimento humano;<\/li>\n<li>Propiciar situa\u00e7\u00f5es ou estrat\u00e9gias para que seus alunos tenham oportunidade de comunicar id\u00e9ias Matem\u00e1ticas;<\/li>\n<li>Relacionar a Matem\u00e1tica com a realidade, a fim de ajudar seus alunos na tarefa de compreender como essa ci\u00eancia permeia nossa vida e como os seus diferentes ramos est\u00e3o interconectados;<\/li>\n<li>Utilizar diferentes representa\u00e7\u00f5es semi\u00f3ticas para uma mesma no\u00e7\u00e3o Matem\u00e1tica, usando e transitando por representa\u00e7\u00f5es simb\u00f3licas, gr\u00e1ficas, num\u00e9ricas, entre outras.<\/li>\n<\/ol>\n<h5><strong><span style=\"font-size: 14pt\">Compet\u00eancias e habilidades a serem desenvolvidas<\/span><\/strong><\/h5>\n<p>As compet\u00eancias e habilidades a serem desenvolvidas pelo curso de Licenciatura em Matem\u00e1tica do campus avan\u00e7ado de Patu, est\u00e3o em conson\u00e2ncia com as Diretrizes Curriculares Nacionais para a forma\u00e7\u00e3o de professores. Nesse sentido, nos pautamos na BNCForma\u00e7\u00e3o e nas compet\u00eancias gerais destacadas no Art. 4\u00ba da Resolu\u00e7\u00e3o CNE\/CP \u2013 02 de dezembro de 2019, que afirma: \u201cAs compet\u00eancias espec\u00edficas referem-se a tr\u00eas dimens\u00f5es fundamentais, as quais, de modo interdependente e sem hierarquia, se integram e se complementam na a\u00e7\u00e3o docente (Brasil, 2019, p.47)\u201d.<\/p>\n<p>Quanto ao conhecimento profissional:<\/p>\n<ul>\n<li>Dominar os objetos de conhecimento e saber como ensin\u00e1-los;<\/li>\n<li>Demonstrar conhecimento sobre os estudantes e como eles aprendem;<\/li>\n<li>Reconhecer os contextos de vida dos estudantes;<\/li>\n<li>Conhecer a estrutura e a governan\u00e7a dos sistemas educacionais.<\/li>\n<\/ul>\n<p>Quanto a pr\u00e1tica profissional:<\/p>\n<ul>\n<li>Planejar as a\u00e7\u00f5es de ensino que resultem em efetivas aprendizagens;<\/li>\n<li>Criar e saber gerir os ambientes de aprendizagem;<\/li>\n<li>Avaliar o desenvolvimento do educando, a aprendizagem e o ensino;<\/li>\n<li>Conduzir as pr\u00e1ticas pedag\u00f3gicas dos objetos de conhecimento, as compet\u00eancias e habilidades.<\/li>\n<\/ul>\n<p>Quanto ao engajamento profissional:<\/p>\n<ul>\n<li>Comprometer-se com o pr\u00f3prio desenvolvimento profissional;<\/li>\n<li>Comprometer-se com a aprendizagem dos estudantes e colocar em pr\u00e1tica o princ\u00edpio de que todos s\u00e3o capazes de aprender;<\/li>\n<li>Participar do projeto pedag\u00f3gico da escola e da constru\u00e7\u00e3o de valores democr\u00e1ticos;<\/li>\n<li>Engajar-se profissionalmente, com as fam\u00edlias e com a comunidade, visando melhorar o ambiente de ensino.<\/li>\n<\/ul>\n<\/div>\n<\/div>\n<p><span style=\"font-size: 14pt\"><strong>O Projeto Pedag\u00f3gico \u00e9 um documento que expressa, em sua ess\u00eancia, a organiza\u00e7\u00e3o e o funcionamento de uma Institui\u00e7\u00e3o de Ensino.<\/strong><\/span><\/p>\n<p><span style=\"font-size: 14pt\"><strong>Veja o\u00a0<\/strong><\/span><strong><span style=\"font-size: 14pt\"><a href=\"https:\/\/portal.uern.br\/patu\/matematica\/wp-content\/uploads\/sites\/2\/2025\/12\/PPC-2022-Matematica-Patu-Homologado-em-18.12.2025-1.pdf\">PPC do Curso.<\/a><\/span><\/strong><\/p>\n","protected":false},"excerpt":{"rendered":"<p>Os cursos de forma\u00e7\u00e3o de professores devem ter como objetivos: Constituir compet\u00eancias profissionais referentes ao comprometimento com os valores inspiradores da sociedade democr\u00e1tica; Compreender o papel social da escola, com o dom\u00ednio do conhecimento pedag\u00f3gico; Conhecer dos processos de investiga\u00e7\u00e3o que possibilitem o aperfei\u00e7oamento da pr\u00e1tica pedag\u00f3gica, ao gerenciamento do pr\u00f3prio desenvolvimento profissional; Dominar os [&hellip;]<\/p>\n","protected":false},"author":1,"featured_media":0,"parent":0,"menu_order":0,"comment_status":"closed","ping_status":"closed","template":"","meta":{"footnotes":""},"class_list":["post-601","page","type-page","status-publish","hentry"],"_links":{"self":[{"href":"https:\/\/portal.uern.br\/patu\/matematica\/wp-json\/wp\/v2\/pages\/601","targetHints":{"allow":["GET"]}}],"collection":[{"href":"https:\/\/portal.uern.br\/patu\/matematica\/wp-json\/wp\/v2\/pages"}],"about":[{"href":"https:\/\/portal.uern.br\/patu\/matematica\/wp-json\/wp\/v2\/types\/page"}],"author":[{"embeddable":true,"href":"https:\/\/portal.uern.br\/patu\/matematica\/wp-json\/wp\/v2\/users\/1"}],"replies":[{"embeddable":true,"href":"https:\/\/portal.uern.br\/patu\/matematica\/wp-json\/wp\/v2\/comments?post=601"}],"version-history":[{"count":16,"href":"https:\/\/portal.uern.br\/patu\/matematica\/wp-json\/wp\/v2\/pages\/601\/revisions"}],"predecessor-version":[{"id":1142,"href":"https:\/\/portal.uern.br\/patu\/matematica\/wp-json\/wp\/v2\/pages\/601\/revisions\/1142"}],"wp:attachment":[{"href":"https:\/\/portal.uern.br\/patu\/matematica\/wp-json\/wp\/v2\/media?parent=601"}],"curies":[{"name":"wp","href":"https:\/\/api.w.org\/{rel}","templated":true}]}}